{"id":73,"date":"2014-05-01T03:01:51","date_gmt":"2014-05-01T01:01:51","guid":{"rendered":"http:\/\/agora.xtec.cat\/escolallagut\/?page_id=73"},"modified":"2026-03-02T10:26:35","modified_gmt":"2026-03-02T09:26:35","slug":"menjador-escolar","status":"publish","type":"page","link":"https:\/\/agora.xtec.cat\/escolallagut\/serveis\/menjador-escolar\/","title":{"rendered":"Menjador escolar"},"content":{"rendered":"\n<hr class=\"wp-block-separator has-alpha-channel-opacity\"\/>\n\n\n<p><span style=\"background-color: #ccffcc;\"><strong>Men\u00fa general mar\u00e7 (curs 2025-26)<\/strong><\/span><\/p>\n\n\n<div data-wp-interactive=\"core\/file\" class=\"wp-block-file\"><object data-wp-bind--hidden=\"!state.hasPdfPreview\" hidden class=\"wp-block-file__embed\" data=\"https:\/\/agora.xtec.cat\/escolallagut\/wp-content\/uploads\/usu795\/2026\/03\/DIETES-MARC-26-LLAGUT-BASAL.pdf\" type=\"application\/pdf\" style=\"width:100%;height:600px\" aria-label=\"Incrustaci\u00f3 del fitxer DIETES MAR\u00c7 26 - LLAGUT-BASAL.\"><\/object><a id=\"wp-block-file--media-494999a1-3372-4b5c-969c-5420878deebb\" href=\"https:\/\/agora.xtec.cat\/escolallagut\/wp-content\/uploads\/usu795\/2026\/03\/DIETES-MARC-26-LLAGUT-BASAL.pdf\">DIETES MAR\u00c7 26 &#8211; LLAGUT-BASAL<\/a><a href=\"https:\/\/agora.xtec.cat\/escolallagut\/wp-content\/uploads\/usu795\/2026\/03\/DIETES-MARC-26-LLAGUT-BASAL.pdf\" class=\"wp-block-file__button wp-element-button\" download aria-describedby=\"wp-block-file--media-494999a1-3372-4b5c-969c-5420878deebb\">Baixa<\/a><\/div>\n\n\n\n<p><strong>Men\u00fa sense porc<\/strong><\/p>\n\n\n\n<div data-wp-interactive=\"core\/file\" class=\"wp-block-file\"><object data-wp-bind--hidden=\"!state.hasPdfPreview\" hidden class=\"wp-block-file__embed\" data=\"https:\/\/agora.xtec.cat\/escolallagut\/wp-content\/uploads\/usu795\/2026\/03\/DIETES-MARC-26-LLAGUT-5.pdf\" type=\"application\/pdf\" style=\"width:100%;height:600px\" aria-label=\"Incrustaci\u00f3 del fitxer DIETES MAR\u00c7 26 - LLAGUT-5.\"><\/object><a id=\"wp-block-file--media-c1ff5c25-3294-49ea-a913-ebc3bc1120b1\" href=\"https:\/\/agora.xtec.cat\/escolallagut\/wp-content\/uploads\/usu795\/2026\/03\/DIETES-MARC-26-LLAGUT-5.pdf\">DIETES MAR\u00c7 26 &#8211; LLAGUT-5<\/a><a href=\"https:\/\/agora.xtec.cat\/escolallagut\/wp-content\/uploads\/usu795\/2026\/03\/DIETES-MARC-26-LLAGUT-5.pdf\" class=\"wp-block-file__button wp-element-button\" download aria-describedby=\"wp-block-file--media-c1ff5c25-3294-49ea-a913-ebc3bc1120b1\">Baixa<\/a><\/div>\n\n\n\n<p><strong>Men\u00fa vegetari\u00e0<\/strong><\/p>\n\n\n\n<div data-wp-interactive=\"core\/file\" class=\"wp-block-file\"><object data-wp-bind--hidden=\"!state.hasPdfPreview\" hidden class=\"wp-block-file__embed\" data=\"https:\/\/agora.xtec.cat\/escolallagut\/wp-content\/uploads\/usu795\/2026\/03\/DIETES-MARC-26-LLAGUT-VEGETARIA.pdf\" type=\"application\/pdf\" style=\"width:100%;height:600px\" aria-label=\"Incrustaci\u00f3 del fitxer DIETES MAR\u00c7 26 - LLAGUT-VEGETARI\u00c0.\"><\/object><a id=\"wp-block-file--media-82a2fbb4-8043-49a4-b762-58d92a50c986\" href=\"https:\/\/agora.xtec.cat\/escolallagut\/wp-content\/uploads\/usu795\/2026\/03\/DIETES-MARC-26-LLAGUT-VEGETARIA.pdf\">DIETES MAR\u00c7 26 &#8211; LLAGUT-VEGETARI\u00c0<\/a><a href=\"https:\/\/agora.xtec.cat\/escolallagut\/wp-content\/uploads\/usu795\/2026\/03\/DIETES-MARC-26-LLAGUT-VEGETARIA.pdf\" class=\"wp-block-file__button wp-element-button\" download aria-describedby=\"wp-block-file--media-82a2fbb4-8043-49a4-b762-58d92a50c986\">Baixa<\/a><\/div>\n\n\n\n<p><strong>Men\u00fa sense lactosa<\/strong><\/p>\n\n\n\n<div data-wp-interactive=\"core\/file\" class=\"wp-block-file\"><object data-wp-bind--hidden=\"!state.hasPdfPreview\" hidden class=\"wp-block-file__embed\" data=\"https:\/\/agora.xtec.cat\/escolallagut\/wp-content\/uploads\/usu795\/2026\/03\/DIETES-MARC-26-LLAGUT-SENSE-LACTOSA.pdf\" type=\"application\/pdf\" style=\"width:100%;height:600px\" aria-label=\"Incrustaci\u00f3 del fitxer DIETES MAR\u00c7 26 - LLAGUT-SENSE LACTOSA.\"><\/object><a id=\"wp-block-file--media-4293d34e-7d2f-4244-9706-ffde658e16e7\" href=\"https:\/\/agora.xtec.cat\/escolallagut\/wp-content\/uploads\/usu795\/2026\/03\/DIETES-MARC-26-LLAGUT-SENSE-LACTOSA.pdf\">DIETES MAR\u00c7 26 &#8211; LLAGUT-SENSE LACTOSA<\/a><a href=\"https:\/\/agora.xtec.cat\/escolallagut\/wp-content\/uploads\/usu795\/2026\/03\/DIETES-MARC-26-LLAGUT-SENSE-LACTOSA.pdf\" class=\"wp-block-file__button wp-element-button\" download aria-describedby=\"wp-block-file--media-4293d34e-7d2f-4244-9706-ffde658e16e7\">Baixa<\/a><\/div>\n\n\n<div class=\"is-default-size aligncenter wp-block-site-logo\"><a href=\"https:\/\/agora.xtec.cat\/escolallagut\/\" class=\"custom-logo-link\" rel=\"home\"><img loading=\"lazy\" decoding=\"async\" width=\"250\" height=\"127\" src=\"https:\/\/agora.xtec.cat\/escolallagut\/wp-content\/uploads\/usu795\/2020\/03\/logocorrecte.jpg\" class=\"custom-logo\" alt=\"Escola Llagut\" \/><\/a><\/div>\n\n\n<p><\/p>\n","protected":false},"excerpt":{"rendered":"<p>Men\u00fa general mar\u00e7 (curs 2025-26)<\/p>\n<p><a id=\"wp-block-file--media-494999a1-3372-4b5c-969c-5420878deebb\" href=\"https:\/\/agora.xtec.cat\/escolallagut\/wp-content\/uploads\/usu795\/2026\/03\/DIETES-MARC-26-LLAGUT-BASAL.pdf\">DIETES MAR\u00c7 26 &#8211; LLAGUT-BASAL<\/a><a href=\"https:\/\/agora.xtec.cat\/escolallagut\/wp-content\/uploads\/usu795\/2026\/03\/DIETES-MARC-26-LLAGUT-BASAL.pdf\" class=\"wp-block-file__button wp-element-button\" download aria-describedby=\"wp-block-file--media-494999a1-3372-4b5c-969c-5420878deebb\">Baixa<\/a><\/p>\n<p>Men\u00fa sense porc<\/p>\n<p><a id=\"wp-block-file--media-c1ff5c25-3294-49ea-a913-ebc3bc1120b1\" href=\"https:\/\/agora.xtec.cat\/escolallagut\/wp-content\/uploads\/usu795\/2026\/03\/DIETES-MARC-26-LLAGUT-5.pdf\">DIETES MAR\u00c7 26 &#8211; LLAGUT-5<\/a><a href=\"https:\/\/agora.xtec.cat\/escolallagut\/wp-content\/uploads\/usu795\/2026\/03\/DIETES-MARC-26-LLAGUT-5.pdf\" class=\"wp-block-file__button wp-element-button\" download aria-describedby=\"wp-block-file--media-c1ff5c25-3294-49ea-a913-ebc3bc1120b1\">Baixa<\/a><\/p>\n<p>Men\u00fa vegetari\u00e0<\/p>\n<p><a id=\"wp-block-file--media-82a2fbb4-8043-49a4-b762-58d92a50c986\" href=\"https:\/\/agora.xtec.cat\/escolallagut\/wp-content\/uploads\/usu795\/2026\/03\/DIETES-MARC-26-LLAGUT-VEGETARIA.pdf\">DIETES MAR\u00c7 26 &#8211; LLAGUT-VEGETARI\u00c0<\/a><a href=\"https:\/\/agora.xtec.cat\/escolallagut\/wp-content\/uploads\/usu795\/2026\/03\/DIETES-MARC-26-LLAGUT-VEGETARIA.pdf\" class=\"wp-block-file__button wp-element-button\" download aria-describedby=\"wp-block-file--media-82a2fbb4-8043-49a4-b762-58d92a50c986\">Baixa<\/a><\/p>\n<p>Men\u00fa sense lactosa<\/p>\n<p><a id=\"wp-block-file--media-4293d34e-7d2f-4244-9706-ffde658e16e7\" href=\"https:\/\/agora.xtec.cat\/escolallagut\/wp-content\/uploads\/usu795\/2026\/03\/DIETES-MARC-26-LLAGUT-SENSE-LACTOSA.pdf\">DIETES&hellip;  <a href=\"https:\/\/agora.xtec.cat\/escolallagut\/serveis\/menjador-escolar\/\" title=\"Read Menjador escolar\">Llegeix m\u00e9s\u00bb<\/a><\/p>\n","protected":false},"author":1,"featured_media":0,"parent":66,"menu_order":30,"comment_status":"closed","ping_status":"closed","template":"page-templates\/side-menu.php","meta":{"_bbp_topic_count":0,"_bbp_reply_count":0,"_bbp_total_topic_count":0,"_bbp_total_reply_count":0,"_bbp_voice_count":0,"_bbp_anonymous_reply_count":0,"_bbp_topic_count_hidden":0,"_bbp_reply_count_hidden":0,"_bbp_forum_subforum_count":0,"footnotes":""},"class_list":["post-73","page","type-page","status-publish","hentry"],"post_mailing_queue_ids":[],"_links":{"self":[{"href":"https:\/\/agora.xtec.cat\/escolallagut\/wp-json\/wp\/v2\/pages\/73","targetHints":{"allow":["GET"]}}],"collection":[{"href":"https:\/\/agora.xtec.cat\/escolallagut\/wp-json\/wp\/v2\/pages"}],"about":[{"href":"https:\/\/agora.xtec.cat\/escolallagut\/wp-json\/wp\/v2\/types\/page"}],"author":[{"embeddable":true,"href":"https:\/\/agora.xtec.cat\/escolallagut\/wp-json\/wp\/v2\/users\/1"}],"replies":[{"embeddable":true,"href":"https:\/\/agora.xtec.cat\/escolallagut\/wp-json\/wp\/v2\/comments?post=73"}],"version-history":[{"count":6,"href":"https:\/\/agora.xtec.cat\/escolallagut\/wp-json\/wp\/v2\/pages\/73\/revisions"}],"predecessor-version":[{"id":15401,"href":"https:\/\/agora.xtec.cat\/escolallagut\/wp-json\/wp\/v2\/pages\/73\/revisions\/15401"}],"up":[{"embeddable":true,"href":"https:\/\/agora.xtec.cat\/escolallagut\/wp-json\/wp\/v2\/pages\/66"}],"wp:attachment":[{"href":"https:\/\/agora.xtec.cat\/escolallagut\/wp-json\/wp\/v2\/media?parent=73"}],"curies":[{"name":"wp","href":"https:\/\/api.w.org\/{rel}","templated":true}]}}