{"id":629,"date":"2019-06-27T13:23:01","date_gmt":"2019-06-27T11:23:01","guid":{"rendered":"https:\/\/agora.xtec.cat\/escolallagut\/?page_id=629"},"modified":"2025-04-16T09:42:05","modified_gmt":"2025-04-16T07:42:05","slug":"rodajoc","status":"publish","type":"page","link":"https:\/\/agora.xtec.cat\/escolallagut\/https-agora-xtec-cat-escolallagut-categoria-cros\/rodajoc\/","title":{"rendered":"Rodajoc"},"content":{"rendered":"\n<p class=\"has-pale-ocean-gradient-background has-background\">Dijous 4 de mar\u00e7 els llagutins i llagutines de 4t vam anar a compartir el Rodajoc amb nens i nenes de les escoles amb els quals es trobaran a l&#8217;etapa de secund\u00e0ria a Castell\u00f3 d&#8217; Emp\u00faries. Aquest any la seu era a l&#8217;Armentera i, per aix\u00f2, hi vam poder anar amb bicicleta. Fant\u00e0stica ruta vora el Fluvi\u00e0. Ens ho vam passar molt b\u00e9 descobrint i gaudint de diversos jocs d&#8217;arreu del m\u00f3n. Alumnes de 4t d&#8217;ESO ens van fer de monitors amb molta il\u00b7lusi\u00f3. Vam concloure la jornada dinant al camp de futbol totes les escoles juntes. Aqu\u00ed en teniu una petita mostra&#8230;<\/p>\n\n\n\n<div style=\"height:20px\" aria-hidden=\"true\" class=\"wp-block-spacer\"><\/div>\n\n\n\n<div class=\"wp-block-getwid-images-stack\"><div class=\"wp-block-getwid-images-stack__wrapper\"><div class=\"wp-block-getwid-images-stack__chunk\"><div class=\"wp-block-getwid-images-stack__media-wrapper\"><div class=\"wp-block-getwid-images-stack__media-inner-wrapper\"><img loading=\"lazy\" decoding=\"async\" width=\"2000\" height=\"1500\" class=\"wp-block-getwid-images-stack__media wp-image-14232\" src=\"https:\/\/agora.xtec.cat\/escolallagut\/wp-content\/uploads\/usu795\/2025\/04\/foto1.jpg\" data-id=\"14232\" data-link=\"https:\/\/agora.xtec.cat\/escolallagut\/portada\/correcull-a-4t\/attachment\/foto1\/\" srcset=\"https:\/\/agora.xtec.cat\/escolallagut\/wp-content\/uploads\/usu795\/2025\/04\/foto1.jpg 2000w, https:\/\/agora.xtec.cat\/escolallagut\/wp-content\/uploads\/usu795\/2025\/04\/foto1-300x225.jpg 300w, https:\/\/agora.xtec.cat\/escolallagut\/wp-content\/uploads\/usu795\/2025\/04\/foto1-1024x768.jpg 1024w, https:\/\/agora.xtec.cat\/escolallagut\/wp-content\/uploads\/usu795\/2025\/04\/foto1-768x576.jpg 768w, https:\/\/agora.xtec.cat\/escolallagut\/wp-content\/uploads\/usu795\/2025\/04\/foto1-1536x1152.jpg 1536w, https:\/\/agora.xtec.cat\/escolallagut\/wp-content\/uploads\/usu795\/2025\/04\/foto1-200x150.jpg 200w\" sizes=\"auto, (max-width: 2000px) 100vw, 2000px\" \/><\/div><\/div><div class=\"wp-block-getwid-images-stack__media-wrapper\"><div class=\"wp-block-getwid-images-stack__media-inner-wrapper\"><img loading=\"lazy\" decoding=\"async\" width=\"1500\" height=\"2000\" class=\"wp-block-getwid-images-stack__media wp-image-14231\" src=\"https:\/\/agora.xtec.cat\/escolallagut\/wp-content\/uploads\/usu795\/2025\/04\/Foto-de-Xavier.jpg\" data-id=\"14231\" data-link=\"https:\/\/agora.xtec.cat\/escolallagut\/portada\/correcull-a-4t\/attachment\/foto-de-xavier-8\/\" srcset=\"https:\/\/agora.xtec.cat\/escolallagut\/wp-content\/uploads\/usu795\/2025\/04\/Foto-de-Xavier.jpg 1500w, https:\/\/agora.xtec.cat\/escolallagut\/wp-content\/uploads\/usu795\/2025\/04\/Foto-de-Xavier-225x300.jpg 225w, https:\/\/agora.xtec.cat\/escolallagut\/wp-content\/uploads\/usu795\/2025\/04\/Foto-de-Xavier-768x1024.jpg 768w, https:\/\/agora.xtec.cat\/escolallagut\/wp-content\/uploads\/usu795\/2025\/04\/Foto-de-Xavier-1152x1536.jpg 1152w\" sizes=\"auto, (max-width: 1500px) 100vw, 1500px\" \/><\/div><\/div><div class=\"wp-block-getwid-images-stack__media-wrapper\"><div class=\"wp-block-getwid-images-stack__media-inner-wrapper\"><img loading=\"lazy\" decoding=\"async\" width=\"1500\" height=\"2000\" class=\"wp-block-getwid-images-stack__media wp-image-14229\" src=\"https:\/\/agora.xtec.cat\/escolallagut\/wp-content\/uploads\/usu795\/2025\/04\/Foto-de-Xavier8.jpg\" data-id=\"14229\" data-link=\"https:\/\/agora.xtec.cat\/escolallagut\/portada\/correcull-a-4t\/attachment\/foto-de-xavier8-5\/\" srcset=\"https:\/\/agora.xtec.cat\/escolallagut\/wp-content\/uploads\/usu795\/2025\/04\/Foto-de-Xavier8.jpg 1500w, https:\/\/agora.xtec.cat\/escolallagut\/wp-content\/uploads\/usu795\/2025\/04\/Foto-de-Xavier8-225x300.jpg 225w, https:\/\/agora.xtec.cat\/escolallagut\/wp-content\/uploads\/usu795\/2025\/04\/Foto-de-Xavier8-768x1024.jpg 768w, https:\/\/agora.xtec.cat\/escolallagut\/wp-content\/uploads\/usu795\/2025\/04\/Foto-de-Xavier8-1152x1536.jpg 1152w\" sizes=\"auto, (max-width: 1500px) 100vw, 1500px\" \/><\/div><\/div><\/div><div class=\"wp-block-getwid-images-stack__chunk\"><div class=\"wp-block-getwid-images-stack__media-wrapper\"><div class=\"wp-block-getwid-images-stack__media-inner-wrapper\"><img loading=\"lazy\" decoding=\"async\" width=\"1500\" height=\"2000\" class=\"wp-block-getwid-images-stack__media wp-image-14228\" src=\"https:\/\/agora.xtec.cat\/escolallagut\/wp-content\/uploads\/usu795\/2025\/04\/Foto-de-Xavier7.jpg\" data-id=\"14228\" data-link=\"https:\/\/agora.xtec.cat\/escolallagut\/portada\/correcull-a-4t\/attachment\/foto-de-xavier7-5\/\" srcset=\"https:\/\/agora.xtec.cat\/escolallagut\/wp-content\/uploads\/usu795\/2025\/04\/Foto-de-Xavier7.jpg 1500w, https:\/\/agora.xtec.cat\/escolallagut\/wp-content\/uploads\/usu795\/2025\/04\/Foto-de-Xavier7-225x300.jpg 225w, https:\/\/agora.xtec.cat\/escolallagut\/wp-content\/uploads\/usu795\/2025\/04\/Foto-de-Xavier7-768x1024.jpg 768w, https:\/\/agora.xtec.cat\/escolallagut\/wp-content\/uploads\/usu795\/2025\/04\/Foto-de-Xavier7-1152x1536.jpg 1152w\" sizes=\"auto, (max-width: 1500px) 100vw, 1500px\" \/><\/div><\/div><div class=\"wp-block-getwid-images-stack__media-wrapper\"><div class=\"wp-block-getwid-images-stack__media-inner-wrapper\"><img loading=\"lazy\" decoding=\"async\" width=\"1500\" height=\"2000\" class=\"wp-block-getwid-images-stack__media wp-image-14227\" src=\"https:\/\/agora.xtec.cat\/escolallagut\/wp-content\/uploads\/usu795\/2025\/04\/Foto-de-Xavier6.jpg\" data-id=\"14227\" data-link=\"https:\/\/agora.xtec.cat\/escolallagut\/portada\/correcull-a-4t\/attachment\/foto-de-xavier6-6\/\" srcset=\"https:\/\/agora.xtec.cat\/escolallagut\/wp-content\/uploads\/usu795\/2025\/04\/Foto-de-Xavier6.jpg 1500w, https:\/\/agora.xtec.cat\/escolallagut\/wp-content\/uploads\/usu795\/2025\/04\/Foto-de-Xavier6-225x300.jpg 225w, https:\/\/agora.xtec.cat\/escolallagut\/wp-content\/uploads\/usu795\/2025\/04\/Foto-de-Xavier6-768x1024.jpg 768w, https:\/\/agora.xtec.cat\/escolallagut\/wp-content\/uploads\/usu795\/2025\/04\/Foto-de-Xavier6-1152x1536.jpg 1152w\" sizes=\"auto, (max-width: 1500px) 100vw, 1500px\" \/><\/div><\/div><div class=\"wp-block-getwid-images-stack__media-wrapper\"><div class=\"wp-block-getwid-images-stack__media-inner-wrapper\"><img loading=\"lazy\" decoding=\"async\" width=\"1500\" height=\"2000\" class=\"wp-block-getwid-images-stack__media wp-image-14226\" src=\"https:\/\/agora.xtec.cat\/escolallagut\/wp-content\/uploads\/usu795\/2025\/04\/Foto-de-Xavier5.jpg\" data-id=\"14226\" data-link=\"https:\/\/agora.xtec.cat\/escolallagut\/portada\/correcull-a-4t\/attachment\/foto-de-xavier5-6\/\" srcset=\"https:\/\/agora.xtec.cat\/escolallagut\/wp-content\/uploads\/usu795\/2025\/04\/Foto-de-Xavier5.jpg 1500w, https:\/\/agora.xtec.cat\/escolallagut\/wp-content\/uploads\/usu795\/2025\/04\/Foto-de-Xavier5-225x300.jpg 225w, https:\/\/agora.xtec.cat\/escolallagut\/wp-content\/uploads\/usu795\/2025\/04\/Foto-de-Xavier5-768x1024.jpg 768w, https:\/\/agora.xtec.cat\/escolallagut\/wp-content\/uploads\/usu795\/2025\/04\/Foto-de-Xavier5-1152x1536.jpg 1152w\" sizes=\"auto, (max-width: 1500px) 100vw, 1500px\" \/><\/div><\/div><\/div><div class=\"wp-block-getwid-images-stack__chunk\"><div class=\"wp-block-getwid-images-stack__media-wrapper\"><div class=\"wp-block-getwid-images-stack__media-inner-wrapper\"><img loading=\"lazy\" decoding=\"async\" width=\"1500\" height=\"2000\" class=\"wp-block-getwid-images-stack__media wp-image-14225\" src=\"https:\/\/agora.xtec.cat\/escolallagut\/wp-content\/uploads\/usu795\/2025\/04\/Foto-de-Xavier4.jpg\" data-id=\"14225\" data-link=\"https:\/\/agora.xtec.cat\/escolallagut\/portada\/correcull-a-4t\/attachment\/foto-de-xavier4-7\/\" srcset=\"https:\/\/agora.xtec.cat\/escolallagut\/wp-content\/uploads\/usu795\/2025\/04\/Foto-de-Xavier4.jpg 1500w, https:\/\/agora.xtec.cat\/escolallagut\/wp-content\/uploads\/usu795\/2025\/04\/Foto-de-Xavier4-225x300.jpg 225w, https:\/\/agora.xtec.cat\/escolallagut\/wp-content\/uploads\/usu795\/2025\/04\/Foto-de-Xavier4-768x1024.jpg 768w, https:\/\/agora.xtec.cat\/escolallagut\/wp-content\/uploads\/usu795\/2025\/04\/Foto-de-Xavier4-1152x1536.jpg 1152w\" sizes=\"auto, (max-width: 1500px) 100vw, 1500px\" \/><\/div><\/div><div class=\"wp-block-getwid-images-stack__media-wrapper\"><div class=\"wp-block-getwid-images-stack__media-inner-wrapper\"><img loading=\"lazy\" decoding=\"async\" width=\"1500\" height=\"2000\" class=\"wp-block-getwid-images-stack__media wp-image-14224\" src=\"https:\/\/agora.xtec.cat\/escolallagut\/wp-content\/uploads\/usu795\/2025\/04\/Foto-de-Xavier3.jpg\" data-id=\"14224\" data-link=\"https:\/\/agora.xtec.cat\/escolallagut\/portada\/correcull-a-4t\/attachment\/foto-de-xavier3-6\/\" srcset=\"https:\/\/agora.xtec.cat\/escolallagut\/wp-content\/uploads\/usu795\/2025\/04\/Foto-de-Xavier3.jpg 1500w, https:\/\/agora.xtec.cat\/escolallagut\/wp-content\/uploads\/usu795\/2025\/04\/Foto-de-Xavier3-225x300.jpg 225w, https:\/\/agora.xtec.cat\/escolallagut\/wp-content\/uploads\/usu795\/2025\/04\/Foto-de-Xavier3-768x1024.jpg 768w, https:\/\/agora.xtec.cat\/escolallagut\/wp-content\/uploads\/usu795\/2025\/04\/Foto-de-Xavier3-1152x1536.jpg 1152w\" sizes=\"auto, (max-width: 1500px) 100vw, 1500px\" \/><\/div><\/div><div class=\"wp-block-getwid-images-stack__media-wrapper\"><div class=\"wp-block-getwid-images-stack__media-inner-wrapper\"><img loading=\"lazy\" decoding=\"async\" width=\"1500\" height=\"2000\" class=\"wp-block-getwid-images-stack__media wp-image-14223\" src=\"https:\/\/agora.xtec.cat\/escolallagut\/wp-content\/uploads\/usu795\/2025\/04\/Foto-de-Xavier2.jpg\" data-id=\"14223\" data-link=\"https:\/\/agora.xtec.cat\/escolallagut\/portada\/correcull-a-4t\/attachment\/foto-de-xavier2-7\/\" srcset=\"https:\/\/agora.xtec.cat\/escolallagut\/wp-content\/uploads\/usu795\/2025\/04\/Foto-de-Xavier2.jpg 1500w, https:\/\/agora.xtec.cat\/escolallagut\/wp-content\/uploads\/usu795\/2025\/04\/Foto-de-Xavier2-225x300.jpg 225w, https:\/\/agora.xtec.cat\/escolallagut\/wp-content\/uploads\/usu795\/2025\/04\/Foto-de-Xavier2-768x1024.jpg 768w, https:\/\/agora.xtec.cat\/escolallagut\/wp-content\/uploads\/usu795\/2025\/04\/Foto-de-Xavier2-1152x1536.jpg 1152w\" sizes=\"auto, (max-width: 1500px) 100vw, 1500px\" \/><\/div><\/div><\/div><div class=\"wp-block-getwid-images-stack__chunk\"><div class=\"wp-block-getwid-images-stack__media-wrapper\"><div class=\"wp-block-getwid-images-stack__media-inner-wrapper\"><img loading=\"lazy\" decoding=\"async\" width=\"1500\" height=\"2000\" class=\"wp-block-getwid-images-stack__media wp-image-14222\" src=\"https:\/\/agora.xtec.cat\/escolallagut\/wp-content\/uploads\/usu795\/2025\/04\/Foto-de-Xavier1.jpg\" data-id=\"14222\" data-link=\"https:\/\/agora.xtec.cat\/escolallagut\/portada\/correcull-a-4t\/attachment\/foto-de-xavier1-7\/\" srcset=\"https:\/\/agora.xtec.cat\/escolallagut\/wp-content\/uploads\/usu795\/2025\/04\/Foto-de-Xavier1.jpg 1500w, https:\/\/agora.xtec.cat\/escolallagut\/wp-content\/uploads\/usu795\/2025\/04\/Foto-de-Xavier1-225x300.jpg 225w, https:\/\/agora.xtec.cat\/escolallagut\/wp-content\/uploads\/usu795\/2025\/04\/Foto-de-Xavier1-768x1024.jpg 768w, https:\/\/agora.xtec.cat\/escolallagut\/wp-content\/uploads\/usu795\/2025\/04\/Foto-de-Xavier1-1152x1536.jpg 1152w\" sizes=\"auto, (max-width: 1500px) 100vw, 1500px\" \/><\/div><\/div><\/div><\/div><\/div>\n\n\n\n<p class=\"has-pale-ocean-gradient-background has-background\"><a href=\"https:\/\/www.cealtemporda.cat\/ca\/rodajoc\" target=\"_blank\" rel=\"noreferrer noopener\">https:\/\/www.cealtemporda.cat\/ca\/rodajoc<\/a><\/p>\n\n\n\n<div style=\"height:18px\" aria-hidden=\"true\" class=\"wp-block-spacer\"><\/div>\n\n\n<div class=\"is-default-size wp-block-site-logo\"><a href=\"https:\/\/agora.xtec.cat\/escolallagut\/\" class=\"custom-logo-link\" rel=\"home\"><img loading=\"lazy\" decoding=\"async\" width=\"250\" height=\"127\" src=\"https:\/\/agora.xtec.cat\/escolallagut\/wp-content\/uploads\/usu795\/2020\/03\/logocorrecte.jpg\" class=\"custom-logo\" alt=\"Escola Llagut\" \/><\/a><\/div>","protected":false},"excerpt":{"rendered":"<p>Dijous 4 de mar\u00e7 els llagutins i llagutines de 4t vam anar a compartir el Rodajoc amb nens i nenes de les escoles amb els quals es trobaran a l&#8217;etapa de secund\u00e0ria a Castell\u00f3 d&#8217; Emp\u00faries. Aquest any la seu era a l&#8217;Armentera i, per&hellip;  <a href=\"https:\/\/agora.xtec.cat\/escolallagut\/https-agora-xtec-cat-escolallagut-categoria-cros\/rodajoc\/\" title=\"Read Rodajoc\">Llegeix m\u00e9s\u00bb<\/a><\/p>\n","protected":false},"author":1,"featured_media":0,"parent":627,"menu_order":0,"comment_status":"closed","ping_status":"closed","template":"","meta":{"_bbp_topic_count":0,"_bbp_reply_count":0,"_bbp_total_topic_count":0,"_bbp_total_reply_count":0,"_bbp_voice_count":0,"_bbp_anonymous_reply_count":0,"_bbp_topic_count_hidden":0,"_bbp_reply_count_hidden":0,"_bbp_forum_subforum_count":0,"footnotes":""},"class_list":["post-629","page","type-page","status-publish","hentry"],"post_mailing_queue_ids":[],"_links":{"self":[{"href":"https:\/\/agora.xtec.cat\/escolallagut\/wp-json\/wp\/v2\/pages\/629","targetHints":{"allow":["GET"]}}],"collection":[{"href":"https:\/\/agora.xtec.cat\/escolallagut\/wp-json\/wp\/v2\/pages"}],"about":[{"href":"https:\/\/agora.xtec.cat\/escolallagut\/wp-json\/wp\/v2\/types\/page"}],"author":[{"embeddable":true,"href":"https:\/\/agora.xtec.cat\/escolallagut\/wp-json\/wp\/v2\/users\/1"}],"replies":[{"embeddable":true,"href":"https:\/\/agora.xtec.cat\/escolallagut\/wp-json\/wp\/v2\/comments?post=629"}],"version-history":[{"count":5,"href":"https:\/\/agora.xtec.cat\/escolallagut\/wp-json\/wp\/v2\/pages\/629\/revisions"}],"predecessor-version":[{"id":14246,"href":"https:\/\/agora.xtec.cat\/escolallagut\/wp-json\/wp\/v2\/pages\/629\/revisions\/14246"}],"up":[{"embeddable":true,"href":"https:\/\/agora.xtec.cat\/escolallagut\/wp-json\/wp\/v2\/pages\/627"}],"wp:attachment":[{"href":"https:\/\/agora.xtec.cat\/escolallagut\/wp-json\/wp\/v2\/media?parent=629"}],"curies":[{"name":"wp","href":"https:\/\/api.w.org\/{rel}","templated":true}]}}