{"id":26,"date":"2014-09-18T12:24:32","date_gmt":"2014-09-18T11:24:32","guid":{"rendered":"http:\/\/agora.xtec.cat\/escolallagut\/?page_id=26"},"modified":"2025-02-27T20:56:53","modified_gmt":"2025-02-27T19:56:53","slug":"historia","status":"publish","type":"page","link":"https:\/\/agora.xtec.cat\/escolallagut\/lescola\/historia\/","title":{"rendered":"Hist\u00f2ria"},"content":{"rendered":"<div id=\"cc-m-4191543761\" class=\"j-module n j-header \">\n<h2 id=\"cc-m-header-4191543761\" class=\"\">Qu\u00e8<strong> \u00e9s un llagut?<\/strong><\/h2>\n<\/div>\n<div id=\"cc-m-4191545161\" class=\"j-module n j-text \">\n<p>Un\u00a0<strong>llagut<\/strong> \u00e9s una barca de fusta, sovint amb aparell de vela llatina. A l&#8217;actualitat moltes d&#8217;aquestes barques han estat motoritzades. Els lla\u00fcts sovint s\u00f3n propulsats tamb\u00e9 amb rems.<\/p>\n<p><img loading=\"lazy\" decoding=\"async\" class=\"wp-image-500 alignleft\" src=\"https:\/\/agora.xtec.cat\/escolallagut\/wp-content\/uploads\/usu795\/2019\/06\/llagut.jpg\" alt=\"\" width=\"348\" height=\"256\" srcset=\"https:\/\/agora.xtec.cat\/escolallagut\/wp-content\/uploads\/usu795\/2019\/06\/llagut.jpg 553w, https:\/\/agora.xtec.cat\/escolallagut\/wp-content\/uploads\/usu795\/2019\/06\/llagut-300x220.jpg 300w\" sizes=\"auto, (max-width: 348px) 100vw, 348px\" \/><strong style=\"color: revert; font-size: revert;\">Qu\u00e8 en sabem de l&#8217;origen del nostre centre:\u00a0<\/strong><\/p>\n<div id=\"cc-m-7710246061\" class=\"j-module n j-header \">\n<h3 style=\"text-align: left;\"><a href=\"https:\/\/ca.wikipedia.org\/wiki\/CEIP_Llagut\" target=\"_blank\" rel=\"noopener\">https:\/\/ca.wikipedia.org\/wiki\/CEIP_Llagut<\/a><\/h3>\n<p id=\"cc-m-header-7710246061\"><strong>Logotip de la nostra escola:<\/strong><\/p>\n<p><img loading=\"lazy\" decoding=\"async\" class=\"size-full wp-image-3033 alignleft\" src=\"https:\/\/agora.xtec.cat\/escolallagut\/wp-content\/uploads\/usu795\/2020\/03\/logobonou2.jpg\" alt=\"\" width=\"196\" height=\"100\" \/><\/p>\n<\/div>\n<\/div>\n<div>\u00a0<\/div>\n<div>\u00a0<\/div>\n<div>\u00a0<\/div>\n<div>\u00a0<\/div>\n<div>\u00a0<\/div>\n<div>\u00a0<\/div>\n\n\n<hr class=\"wp-block-separator has-alpha-channel-opacity\"\/>\n","protected":false},"excerpt":{"rendered":"<p>Qu\u00e8 \u00e9s un llagut?<\/p>\n<p>Un\u00a0llagut \u00e9s una barca de fusta, sovint amb aparell de vela llatina. A l&#8217;actualitat moltes d&#8217;aquestes barques han estat motoritzades. Els lla\u00fcts sovint s\u00f3n propulsats tamb\u00e9 amb rems.<br \/>\nQu\u00e8 en sabem de l&#8217;origen del nostre centre:\u00a0<\/p>\n<p><a href=\"https:\/\/ca.wikipedia.org\/wiki\/CEIP_Llagut\" target=\"_blank\" rel=\"noopener\">https:\/\/ca.wikipedia.org\/wiki\/CEIP_Llagut<\/a><br \/>\nLogotip de la nostra escola:<\/p>\n<p>\u00a0<br \/>\n\u00a0<br \/>\n\u00a0<br \/>\n\u00a0<br \/>\n\u00a0<br \/>\n\u00a0<\/p>\n","protected":false},"author":1,"featured_media":0,"parent":22,"menu_order":20,"comment_status":"closed","ping_status":"closed","template":"page-templates\/side-menu.php","meta":{"_bbp_topic_count":0,"_bbp_reply_count":0,"_bbp_total_topic_count":0,"_bbp_total_reply_count":0,"_bbp_voice_count":0,"_bbp_anonymous_reply_count":0,"_bbp_topic_count_hidden":0,"_bbp_reply_count_hidden":0,"_bbp_forum_subforum_count":0,"footnotes":""},"class_list":["post-26","page","type-page","status-publish","hentry"],"post_mailing_queue_ids":[],"_links":{"self":[{"href":"https:\/\/agora.xtec.cat\/escolallagut\/wp-json\/wp\/v2\/pages\/26","targetHints":{"allow":["GET"]}}],"collection":[{"href":"https:\/\/agora.xtec.cat\/escolallagut\/wp-json\/wp\/v2\/pages"}],"about":[{"href":"https:\/\/agora.xtec.cat\/escolallagut\/wp-json\/wp\/v2\/types\/page"}],"author":[{"embeddable":true,"href":"https:\/\/agora.xtec.cat\/escolallagut\/wp-json\/wp\/v2\/users\/1"}],"replies":[{"embeddable":true,"href":"https:\/\/agora.xtec.cat\/escolallagut\/wp-json\/wp\/v2\/comments?post=26"}],"version-history":[{"count":6,"href":"https:\/\/agora.xtec.cat\/escolallagut\/wp-json\/wp\/v2\/pages\/26\/revisions"}],"predecessor-version":[{"id":13539,"href":"https:\/\/agora.xtec.cat\/escolallagut\/wp-json\/wp\/v2\/pages\/26\/revisions\/13539"}],"up":[{"embeddable":true,"href":"https:\/\/agora.xtec.cat\/escolallagut\/wp-json\/wp\/v2\/pages\/22"}],"wp:attachment":[{"href":"https:\/\/agora.xtec.cat\/escolallagut\/wp-json\/wp\/v2\/media?parent=26"}],"curies":[{"name":"wp","href":"https:\/\/api.w.org\/{rel}","templated":true}]}}