{"id":15329,"date":"2026-02-19T16:04:00","date_gmt":"2026-02-19T15:04:00","guid":{"rendered":"https:\/\/agora.xtec.cat\/escolallagut\/?page_id=15329"},"modified":"2026-03-26T11:04:09","modified_gmt":"2026-03-26T10:04:09","slug":"premsa","status":"publish","type":"page","link":"https:\/\/agora.xtec.cat\/escolallagut\/premsa\/","title":{"rendered":"PREMSA"},"content":{"rendered":"\n<div class=\"wp-block-columns is-layout-flex wp-container-core-columns-is-layout-1 wp-block-columns-is-layout-flex\">\n<div class=\"wp-block-column is-layout-flow wp-block-column-is-layout-flow\">\n<h3 class=\"wp-block-heading has-text-align-center\">DIA DE LA PAU 2026<\/h3>\n\n\n\n<figure class=\"wp-block-image size-large is-resized\"><a href=\"https:\/\/agora.xtec.cat\/escolallagut\/wp-content\/uploads\/usu795\/2026\/02\/Captura-de-pantalla-2026-02-19-161436.png\"><img loading=\"lazy\" decoding=\"async\" width=\"1024\" height=\"580\" src=\"https:\/\/agora.xtec.cat\/escolallagut\/wp-content\/uploads\/usu795\/2026\/02\/Captura-de-pantalla-2026-02-19-161436-1024x580.png\" alt=\"\" class=\"wp-image-15343\" style=\"width:359px;height:auto\" srcset=\"https:\/\/agora.xtec.cat\/escolallagut\/wp-content\/uploads\/usu795\/2026\/02\/Captura-de-pantalla-2026-02-19-161436-1024x580.png 1024w, https:\/\/agora.xtec.cat\/escolallagut\/wp-content\/uploads\/usu795\/2026\/02\/Captura-de-pantalla-2026-02-19-161436-300x170.png 300w, https:\/\/agora.xtec.cat\/escolallagut\/wp-content\/uploads\/usu795\/2026\/02\/Captura-de-pantalla-2026-02-19-161436-768x435.png 768w, https:\/\/agora.xtec.cat\/escolallagut\/wp-content\/uploads\/usu795\/2026\/02\/Captura-de-pantalla-2026-02-19-161436.png 1082w\" sizes=\"auto, (max-width: 1024px) 100vw, 1024px\" \/><\/a><\/figure>\n\n\n\n<p><a href=\"https:\/\/www.horanova.cat\/noticia\/262626\/lescola-llagut-de-sant-pere-pescador-celebra-el-dia-de-la-pau-amb-una-passejada-multicultu?&amp;utm_source=whatsapp&amp;utm_medium=social-media&amp;utm_campaign=addtoany\">Escola Llagut Dia de la Pau 2026 &#8211; Hora Nova<\/a><\/p>\n<\/div>\n\n\n\n<div class=\"wp-block-column is-layout-flow wp-block-column-is-layout-flow\">\n<h3 class=\"wp-block-heading has-text-align-center\">2a TROBADA DE DANSES<\/h3>\n\n\n\n<figure class=\"wp-block-image size-full is-resized\"><a href=\"https:\/\/agora.xtec.cat\/escolallagut\/wp-content\/uploads\/usu795\/2026\/03\/90492_844_474-1.jpg\"><img loading=\"lazy\" decoding=\"async\" width=\"700\" height=\"394\" src=\"https:\/\/agora.xtec.cat\/escolallagut\/wp-content\/uploads\/usu795\/2026\/03\/90492_844_474-1.jpg\" alt=\"\" class=\"wp-image-15537\" style=\"width:357px;height:auto\" srcset=\"https:\/\/agora.xtec.cat\/escolallagut\/wp-content\/uploads\/usu795\/2026\/03\/90492_844_474-1.jpg 700w, https:\/\/agora.xtec.cat\/escolallagut\/wp-content\/uploads\/usu795\/2026\/03\/90492_844_474-1-300x169.jpg 300w\" sizes=\"auto, (max-width: 700px) 100vw, 700px\" \/><\/a><\/figure>\n\n\n\n<p><a href=\"https:\/\/www.horanova.cat\/noticia\/264131\/el-llegat-de-la-dansa-a-castello-dempuries\">El llegat de la dansa a Castell\u00f3 d&#8217;Emp\u00faries &#8211; Hora Nova<\/a><\/p>\n<\/div>\n<\/div>\n\n\n\n<div class=\"wp-block-columns is-layout-flex wp-container-core-columns-is-layout-2 wp-block-columns-is-layout-flex\">\n<div class=\"wp-block-column is-layout-flow wp-block-column-is-layout-flow\">\n<h3 class=\"wp-block-heading has-text-align-center\">CANT\u00c0NIA 2025<\/h3>\n\n\n\n<figure class=\"wp-block-image size-large is-resized\"><a href=\"https:\/\/agora.xtec.cat\/escolallagut\/wp-content\/uploads\/usu795\/2026\/03\/Captura-de-pantalla-2026-03-06-133752.png\"><img loading=\"lazy\" decoding=\"async\" width=\"1024\" height=\"573\" src=\"https:\/\/agora.xtec.cat\/escolallagut\/wp-content\/uploads\/usu795\/2026\/03\/Captura-de-pantalla-2026-03-06-133752-1024x573.png\" alt=\"\" class=\"wp-image-15413\" style=\"width:829px;height:auto\" srcset=\"https:\/\/agora.xtec.cat\/escolallagut\/wp-content\/uploads\/usu795\/2026\/03\/Captura-de-pantalla-2026-03-06-133752-1024x573.png 1024w, https:\/\/agora.xtec.cat\/escolallagut\/wp-content\/uploads\/usu795\/2026\/03\/Captura-de-pantalla-2026-03-06-133752-300x168.png 300w, https:\/\/agora.xtec.cat\/escolallagut\/wp-content\/uploads\/usu795\/2026\/03\/Captura-de-pantalla-2026-03-06-133752-768x430.png 768w, https:\/\/agora.xtec.cat\/escolallagut\/wp-content\/uploads\/usu795\/2026\/03\/Captura-de-pantalla-2026-03-06-133752.png 1056w\" sizes=\"auto, (max-width: 1024px) 100vw, 1024px\" \/><\/a><\/figure>\n\n\n\n<p><a href=\"https:\/\/www.emporda.info\/fotos\/cultura\/2025\/05\/25\/cantania-explora-frontera-realitat-ficcio-117815653.html\">El Cant\u00e0nia explora la frontera entre realitat i ficci\u00f3 al Teatre El Jard\u00ed de Figueres<\/a><\/p>\n<\/div>\n\n\n\n<div class=\"wp-block-column is-layout-flow wp-block-column-is-layout-flow\">\n<h3 class=\"wp-block-heading has-text-align-center\">TROBADA DE DANSES<\/h3>\n\n\n<div class=\"wp-block-image\">\n<figure class=\"aligncenter size-full is-resized\"><a href=\"https:\/\/agora.xtec.cat\/escolallagut\/wp-content\/uploads\/usu795\/2026\/03\/images.jpg\"><img loading=\"lazy\" decoding=\"async\" width=\"189\" height=\"267\" src=\"https:\/\/agora.xtec.cat\/escolallagut\/wp-content\/uploads\/usu795\/2026\/03\/images.jpg\" alt=\"\" class=\"wp-image-15415\" style=\"width:132px;height:auto\"\/><\/a><\/figure><\/div>\n\n\n<p class=\"has-text-align-center\"><strong><a href=\"https:\/\/empordadigital.cat\/index.php?option=com_k2&amp;view=item&amp;id=25847:1&amp;Itemid=1100\">1a Trobada de Danses Tradicionals Catalanes a Castell\u00f3 d\u2019Emp\u00faries<\/a><\/strong><\/p>\n<\/div>\n\n\n\n<div class=\"wp-block-column is-layout-flow wp-block-column-is-layout-flow\"><\/div>\n<\/div>\n\n\n\n<p><\/p>\n\n\n\n<div class=\"wp-block-columns is-layout-flex wp-container-core-columns-is-layout-3 wp-block-columns-is-layout-flex\">\n<div class=\"wp-block-column is-layout-flow wp-block-column-is-layout-flow\">\n<h2 class=\"wp-block-heading has-text-align-center\">ERASMUS+<\/h2>\n\n\n\n<figure class=\"wp-block-image size-full\"><a href=\"https:\/\/agora.xtec.cat\/escolallagut\/wp-content\/uploads\/usu795\/2026\/03\/Captura-de-pantalla-2026-03-06-134500.png\"><img loading=\"lazy\" decoding=\"async\" width=\"440\" height=\"499\" src=\"https:\/\/agora.xtec.cat\/escolallagut\/wp-content\/uploads\/usu795\/2026\/03\/Captura-de-pantalla-2026-03-06-134500.png\" alt=\"\" class=\"wp-image-15416\" srcset=\"https:\/\/agora.xtec.cat\/escolallagut\/wp-content\/uploads\/usu795\/2026\/03\/Captura-de-pantalla-2026-03-06-134500.png 440w, https:\/\/agora.xtec.cat\/escolallagut\/wp-content\/uploads\/usu795\/2026\/03\/Captura-de-pantalla-2026-03-06-134500-265x300.png 265w\" sizes=\"auto, (max-width: 440px) 100vw, 440px\" \/><\/a><\/figure>\n\n\n\n<p><a href=\"https:\/\/www.emporda.info\/educacio\/2019\/10\/07\/l-escola-llagut-exerceix-d-50798076.html\">L&#8217;Escola Llagut exerceix d&#8217;amfitriona en el marc del programa Erasmus+<\/a><\/p>\n<\/div>\n\n\n\n<div class=\"wp-block-column is-layout-flow wp-block-column-is-layout-flow\"><\/div>\n\n\n\n<div class=\"wp-block-column is-layout-flow wp-block-column-is-layout-flow\"><\/div>\n<\/div>\n\n\n\n<div class=\"wp-block-columns is-layout-flex wp-container-core-columns-is-layout-4 wp-block-columns-is-layout-flex\">\n<div class=\"wp-block-column is-layout-flow wp-block-column-is-layout-flow\">\n<h2 class=\"wp-block-heading has-text-align-center\">ERASMUS+ 2018<\/h2>\n\n\n\n<figure class=\"wp-block-image size-full\"><a href=\"https:\/\/agora.xtec.cat\/escolallagut\/wp-content\/uploads\/usu795\/2026\/03\/Captura-de-pantalla-2026-03-06-134824.png\"><img loading=\"lazy\" decoding=\"async\" width=\"769\" height=\"431\" src=\"https:\/\/agora.xtec.cat\/escolallagut\/wp-content\/uploads\/usu795\/2026\/03\/Captura-de-pantalla-2026-03-06-134824.png\" alt=\"\" class=\"wp-image-15417\" srcset=\"https:\/\/agora.xtec.cat\/escolallagut\/wp-content\/uploads\/usu795\/2026\/03\/Captura-de-pantalla-2026-03-06-134824.png 769w, https:\/\/agora.xtec.cat\/escolallagut\/wp-content\/uploads\/usu795\/2026\/03\/Captura-de-pantalla-2026-03-06-134824-300x168.png 300w\" sizes=\"auto, (max-width: 769px) 100vw, 769px\" \/><\/a><\/figure>\n\n\n\n<p><a href=\"https:\/\/www.emporda.info\/comarca\/2018\/12\/24\/comunitat-educativa-llagut-sant-pere-50835921.html\">\u00c9s la primera escola de Prim\u00e0ria de l&#8217;Alt Empord\u00e0 que forma part del programa Erasmus+<\/a><\/p>\n<\/div>\n\n\n\n<div class=\"wp-block-column is-layout-flow wp-block-column-is-layout-flow\"><\/div>\n\n\n\n<div class=\"wp-block-column is-layout-flow wp-block-column-is-layout-flow\"><\/div>\n<\/div>\n","protected":false},"excerpt":{"rendered":"<p>DIA DE LA PAU 2026<\/p>\n<p><a href=\"https:\/\/agora.xtec.cat\/escolallagut\/wp-content\/uploads\/usu795\/2026\/02\/Captura-de-pantalla-2026-02-19-161436.png\"><\/a><\/p>\n<p><a href=\"https:\/\/www.horanova.cat\/noticia\/262626\/lescola-llagut-de-sant-pere-pescador-celebra-el-dia-de-la-pau-amb-una-passejada-multicultu?&amp;utm_source=whatsapp&amp;utm_medium=social-media&amp;utm_campaign=addtoany\">Escola Llagut Dia de la Pau 2026 &#8211; Hora Nova<\/a><\/p>\n<p>2a TROBADA DE DANSES<\/p>\n<p><a href=\"https:\/\/agora.xtec.cat\/escolallagut\/wp-content\/uploads\/usu795\/2026\/03\/90492_844_474-1.jpg\"><\/a><\/p>\n<p><a href=\"https:\/\/www.horanova.cat\/noticia\/264131\/el-llegat-de-la-dansa-a-castello-dempuries\">El llegat de la dansa a Castell\u00f3 d&#8217;Emp\u00faries &#8211; Hora Nova<\/a><\/p>\n<p>CANT\u00c0NIA 2025<\/p>\n<p><a href=\"https:\/\/agora.xtec.cat\/escolallagut\/wp-content\/uploads\/usu795\/2026\/03\/Captura-de-pantalla-2026-03-06-133752.png\"><\/a><\/p>\n<p><a href=\"https:\/\/www.emporda.info\/fotos\/cultura\/2025\/05\/25\/cantania-explora-frontera-realitat-ficcio-117815653.html\">El Cant\u00e0nia explora la frontera entre realitat i ficci\u00f3 al Teatre El&hellip;  <a href=\"https:\/\/agora.xtec.cat\/escolallagut\/premsa\/\" title=\"Read PREMSA\">Llegeix m\u00e9s\u00bb<\/a><\/p>\n","protected":false},"author":1,"featured_media":0,"parent":0,"menu_order":0,"comment_status":"closed","ping_status":"close","template":"","meta":{"_bbp_topic_count":0,"_bbp_reply_count":0,"_bbp_total_topic_count":0,"_bbp_total_reply_count":0,"_bbp_voice_count":0,"_bbp_anonymous_reply_count":0,"_bbp_topic_count_hidden":0,"_bbp_reply_count_hidden":0,"_bbp_forum_subforum_count":0,"footnotes":""},"class_list":["post-15329","page","type-page","status-publish","hentry"],"post_mailing_queue_ids":[],"_links":{"self":[{"href":"https:\/\/agora.xtec.cat\/escolallagut\/wp-json\/wp\/v2\/pages\/15329","targetHints":{"allow":["GET"]}}],"collection":[{"href":"https:\/\/agora.xtec.cat\/escolallagut\/wp-json\/wp\/v2\/pages"}],"about":[{"href":"https:\/\/agora.xtec.cat\/escolallagut\/wp-json\/wp\/v2\/types\/page"}],"author":[{"embeddable":true,"href":"https:\/\/agora.xtec.cat\/escolallagut\/wp-json\/wp\/v2\/users\/1"}],"replies":[{"embeddable":true,"href":"https:\/\/agora.xtec.cat\/escolallagut\/wp-json\/wp\/v2\/comments?post=15329"}],"version-history":[{"count":6,"href":"https:\/\/agora.xtec.cat\/escolallagut\/wp-json\/wp\/v2\/pages\/15329\/revisions"}],"predecessor-version":[{"id":15539,"href":"https:\/\/agora.xtec.cat\/escolallagut\/wp-json\/wp\/v2\/pages\/15329\/revisions\/15539"}],"wp:attachment":[{"href":"https:\/\/agora.xtec.cat\/escolallagut\/wp-json\/wp\/v2\/media?parent=15329"}],"curies":[{"name":"wp","href":"https:\/\/api.w.org\/{rel}","templated":true}]}}