{"id":10131,"date":"2023-05-18T16:40:50","date_gmt":"2023-05-18T14:40:50","guid":{"rendered":"https:\/\/agora.xtec.cat\/escolallagut\/?page_id=10131"},"modified":"2025-07-02T10:26:35","modified_gmt":"2025-07-02T08:26:35","slug":"repositoris","status":"publish","type":"page","link":"https:\/\/agora.xtec.cat\/escolallagut\/estrategia-digital-de-centre\/cultura-digital\/maquinari\/repositoris\/","title":{"rendered":"Repositoris"},"content":{"rendered":"<ul style=\"list-style-type: disc;\">\n<li><span style=\"background-color: #ccffcc;\"><strong>Navegador segur per als m\u00e9s petits:<\/strong><\/span> <a href=\"https:\/\/bunis.org\/\" target=\"_blank\" rel=\"noopener\">https:\/\/bunis.org\/<\/a><br \/>\n<hr \/>\n<\/li>\n<li><span style=\"background-color: #ccffcc;\"><strong>Diccionaris i enciclop\u00e8dies en catal\u00e0:\u00a0<\/strong><\/span><\/li>\n<\/ul>\n<p>&#8211;<em><strong>Optimot:<\/strong><\/em> <a href=\"https:\/\/aplicacions.llengua.gencat.cat\/llc\/AppJava\/index.html\" target=\"_blank\" rel=\"noopener\">https:\/\/aplicacions.llengua.gencat.cat\/llc\/AppJava\/index.html<\/a><\/p>\n<p>&#8211;<strong><em>DIEC2:<\/em><\/strong> <span style=\"font-weight: 400;\">\u00a0<\/span><a href=\"https:\/\/dlc.iec.cat\/\" target=\"_blank\" rel=\"noopener\"><span style=\"font-weight: 400;\">https:\/\/dlc.iec.cat\/<\/span><\/a><span style=\"font-weight: 400;\">\u00a0<\/span><\/p>\n<p><em><strong>-Termcat:<\/strong><\/em> <a href=\"https:\/\/www.termcat.cat\/ca\" target=\"_blank\" rel=\"noopener\">https:\/\/www.termcat.cat\/ca<\/a><\/p>\n<p><em><strong>-Corrector ortogr\u00e0fic i gramatical Softcatal\u00e0:<\/strong><\/em> <a style=\"font-family: inherit; font-size: 1em;\" href=\"https:\/\/www.softcatala.org\/corrector\/\" target=\"_blank\" rel=\"noopener\">https:\/\/www.softcatala.org\/corrector\/<\/a><\/p>\n<p>-l&#8217;<em><strong>Enciclop\u00e8dia:<\/strong><\/em> <a href=\"https:\/\/www.enciclopedia.cat\/\" target=\"_blank\" rel=\"noopener\">https:\/\/www.enciclopedia.cat\/<\/a><\/p>\n<p><em>&#8211;<strong>Diccionari de sin\u00f2nims Albert Jan\u00e9:<\/strong><\/em> <a href=\"https:\/\/sinonims.iec.cat\/\" target=\"_blank\" rel=\"noopener\">https:\/\/sinonims.iec.cat\/<\/a><\/p>\n<p><em><strong>-Diccionari de sin\u00f2nims de frases fetes<\/strong><\/em> (M. Teresa Espinal): <a href=\"https:\/\/dsff.uab.cat\/\" target=\"_blank\" rel=\"noopener\">https:\/\/dsff.uab.cat\/<\/a><\/p>\n<p><em><strong>-Conjugaci\u00f3 dels verbs en catal\u00e0:<\/strong><\/em> <a href=\"https:\/\/www.verbs.cat\/ca\/\" target=\"_blank\" rel=\"noopener\">https:\/\/www.verbs.cat\/ca\/<\/a><\/p>\n<p><em><strong>-Rimador:<\/strong><\/em> <a href=\"https:\/\/www.rimador.net\/index-ca.php\">https:\/\/www.rimador.net\/index-ca.php<\/a><\/p>\n<hr \/>\n<ul style=\"list-style-type: disc;\">\n<li><span style=\"background-color: #ccffcc;\"><strong>Diccionaris i enciclop\u00e8dies en castell\u00e0:\u00a0\u00a0<\/strong><\/span><\/li>\n<\/ul>\n<p>&#8211;<em><strong>Diccionario f\u00e1cil:<\/strong><\/em> <a href=\"http:\/\/diccionariofacil.org\/\" target=\"_blank\" rel=\"noopener\">http:\/\/diccionariofacil.org\/<\/a><\/p>\n<p>&#8211;<em><strong>Diccionario de la lengua espa\u00f1ola:<\/strong><\/em> <a href=\"https:\/\/www.rae.es\/\" target=\"_blank\" rel=\"noopener\">https:\/\/www.rae.es\/<\/a><\/p>\n<hr \/>\n<ul style=\"list-style-type: disc;\">\n<li><span style=\"background-color: #ccffcc;\"><strong>Diccionaris i enciclop\u00e8dies en angl\u00e8s:<\/strong><\/span><\/li>\n<\/ul>\n<p><em><strong>-Diccionari angl\u00e8s-catal\u00e0 de Softcatal\u00e0: <\/strong><\/em><a href=\"https:\/\/www.softcatala.org\/diccionari-angles-catala\/\" target=\"_blank\" rel=\"noopener\">https:\/\/www.softcatala.org\/diccionari-angles-catala\/<\/a><\/p>\n<p><em><strong>\u00a0-Cambridge Dictionary:<\/strong><\/em> <a href=\"https:\/\/dictionary.cambridge.org\/\" target=\"_blank\" rel=\"noopener\">https:\/\/dictionary.cambridge.org\/<\/a><\/p>\n<p><em><strong>-Enciclop\u00e8dia<\/strong><strong> Britannica Kids:<\/strong><\/em> <a href=\"https:\/\/kids.britannica.com\/kids\/\" target=\"_blank\" rel=\"noopener\">https:\/\/kids.britannica.com\/kids\/<\/a><\/p>\n<hr \/>\n<ul style=\"list-style-type: disc;\">\n<li><span style=\"background-color: #ccffcc;\"><strong>Traductors (amb \u00e0udio):<\/strong><\/span><\/li>\n<\/ul>\n<p><em><strong>-Diccionari Pons: <\/strong><\/em><a href=\"https:\/\/es.pons.com\/traducci%C3%B3n\" target=\"_blank\" rel=\"noopener\">https:\/\/es.pons.com\/traducci%C3%B3n<\/a><\/p>\n<p><em><strong>-Traductor del Google:<\/strong><\/em><a href=\"https:\/\/translate.google.es\/?hl=ca\" target=\"_blank\" rel=\"noopener\"> https:\/\/translate.google.es\/?hl=ca<\/a><\/p>\n<hr \/>\n<ul style=\"list-style-type: disc;\">\n<li><em><strong><span style=\"background-color: #ccffcc;\">Banc d&#8217;imatges, v\u00eddeos i \u00e0udios lliures: <\/span><\/strong><\/em><a href=\"https:\/\/procomun.intef.es\/ca\" target=\"_blank\" rel=\"noopener\">https:\/\/procomun.intef.es\/ca<\/a><\/li>\n<li><span style=\"background-color: #ccffcc;\"><em><strong>Banc d&#8217;icones lliures:<\/strong><\/em> <\/span><a href=\"http:\/\/www.xtec.cat\/dnee\/mic\/\" target=\"_blank\" rel=\"noopener\">http:\/\/www.xtec.cat\/dnee\/mic\/<\/a><\/li>\n<\/ul>\n<hr \/>\n<ul style=\"list-style-type: disc;\">\n<li><span style=\"background-color: #ccffcc;\"><em><strong>Canals segurs de v\u00eddeos educatius:<\/strong> <\/em><\/span><\/li>\n<\/ul>\n<p>&#8211;<em><strong>Youtube teachers:<\/strong> <\/em><a href=\"http:\/\/www.youtube.com\/teachers\" target=\"_blank\" rel=\"noopener\">\u00a0-http:\/\/www.youtube.com\/teachers<\/a><\/p>\n<p>&#8211;<em><strong>SX3:<\/strong><\/em><a href=\"https:\/\/www.ccma.cat\/tv3\/sx3\/\" target=\"_blank\" rel=\"noopener\"> https:\/\/www.ccma.cat\/tv3\/sx3\/<\/a><\/p>\n<p>&#8211;<strong>Supercampus-SX3:<\/strong> <a href=\"https:\/\/www.ccma.cat\/tv3\/sx3\/supercampus\" target=\"_blank\" rel=\"noopener\">https:\/\/www.ccma.cat\/tv3\/sx3\/supercampus<\/a><\/p>\n<hr \/>\n<ul style=\"list-style-type: disc;\">\n<li><span style=\"background-color: #ccffcc;\"><strong>Editors de v\u00eddeo semiprofessionals totalment gratu\u00efts i sense restriccions ni marques d&#8217;aigua:<\/strong><\/span><\/li>\n<\/ul>\n<p>&#8211;<em><strong>Kdenlive:<\/strong><\/em><a href=\"https:\/\/kdenlive.org\/en\/\" target=\"_blank\" rel=\"noopener\"><em><strong>\u00a0<\/strong><\/em>https:\/\/kdenlive.org\/en\/<\/a><\/p>\n<p>&#8211;<em><strong>OpenShot:<\/strong> <\/em><a href=\"https:\/\/www.openshot.org\/es\/\" target=\"_blank\" rel=\"noopener\">https:\/\/www.openshot.org\/es\/<\/a><\/p>\n<p>&#8211;<em><strong>Powtoon<\/strong><\/em> (editor online, Premium de pagament): <a href=\"https:\/\/www.powtoon.com\/\" target=\"_blank\" rel=\"noopener\">https:\/\/www.powtoon.com\/<\/a><\/p>\n<hr \/>\n<ul>\n<li><span style=\"background-color: #ccffcc;\"><strong>Suites d&#8217;eines i programes de manteniment d&#8217;ordinadors per solucionar problemes d&#8217;arrencada i altres incid\u00e8ncies:<\/strong><\/span><\/li>\n<\/ul>\n<p>-Administraci\u00f3 de la consola de Google Workspace: <a href=\"https:\/\/ateneu.xtec.cat\/wikiform\/wikiexport\/cmd\/tac\/treballaralnuvol\/administracio\/index\" target=\"_blank\" rel=\"noopener\">https:\/\/ateneu.xtec.cat\/wikiform\/wikiexport\/cmd\/tac\/treballaralnuvol\/administracio\/index<\/a><\/p>\n<p>-DLC Boot: <a href=\"https:\/\/es.taiwebs.com\/windows\/download-dlc-boot-7050.html\" target=\"_blank\" rel=\"noopener\">https:\/\/es.taiwebs.com\/windows\/download-dlc-boot-7050.html<\/a><\/p>\n<hr \/>\n<ul>\n<li><span style=\"background-color: #ccffcc;\"><em><strong>Disseny 3D online:<\/strong> <\/em><\/span><a href=\"https:\/\/www.tinkercad.com\/3d-design\" target=\"_blank\" rel=\"noopener\">https:\/\/www.tinkercad.com\/3d-design<\/a><\/li>\n<\/ul>\n","protected":false},"excerpt":{"rendered":"<ul style=\"list-style-type: disc;\">\n<li>Navegador segur per als m\u00e9s petits: <a href=\"https:\/\/bunis.org\/\" target=\"_blank\" rel=\"noopener\">https:\/\/bunis.org\/<\/a>\n<\/li>\n<li>Diccionaris i enciclop\u00e8dies en catal\u00e0:\u00a0<\/li>\n<\/ul>\n<p>&#8211;Optimot: <a href=\"https:\/\/aplicacions.llengua.gencat.cat\/llc\/AppJava\/index.html\" target=\"_blank\" rel=\"noopener\">https:\/\/aplicacions.llengua.gencat.cat\/llc\/AppJava\/index.html<\/a><br \/>\n&#8211;DIEC2: \u00a0<a href=\"https:\/\/dlc.iec.cat\/\" target=\"_blank\" rel=\"noopener\">https:\/\/dlc.iec.cat\/<\/a>\u00a0<br \/>\n-Termcat: <a href=\"https:\/\/www.termcat.cat\/ca\" target=\"_blank\" rel=\"noopener\">https:\/\/www.termcat.cat\/ca<\/a><br \/>\n-Corrector ortogr\u00e0fic i gramatical Softcatal\u00e0: <a style=\"font-family: inherit; font-size: 1em;\" href=\"https:\/\/www.softcatala.org\/corrector\/\" target=\"_blank\" rel=\"noopener\">https:\/\/www.softcatala.org\/corrector\/<\/a><br \/>\n-l&#8217;Enciclop\u00e8dia: <a href=\"https:\/\/www.enciclopedia.cat\/\" target=\"_blank\" rel=\"noopener\">https:\/\/www.enciclopedia.cat\/<\/a><br \/>\n&#8211;Diccionari de&hellip;  <a href=\"https:\/\/agora.xtec.cat\/escolallagut\/estrategia-digital-de-centre\/cultura-digital\/maquinari\/repositoris\/\" title=\"Read Repositoris\">Llegeix m\u00e9s\u00bb<\/a><\/p>\n","protected":false},"author":1,"featured_media":0,"parent":8581,"menu_order":0,"comment_status":"closed","ping_status":"closed","template":"page-templates\/side-menu.php","meta":{"_bbp_topic_count":0,"_bbp_reply_count":0,"_bbp_total_topic_count":0,"_bbp_total_reply_count":0,"_bbp_voice_count":0,"_bbp_anonymous_reply_count":0,"_bbp_topic_count_hidden":0,"_bbp_reply_count_hidden":0,"_bbp_forum_subforum_count":0,"footnotes":""},"class_list":["post-10131","page","type-page","status-publish","hentry"],"post_mailing_queue_ids":[],"_links":{"self":[{"href":"https:\/\/agora.xtec.cat\/escolallagut\/wp-json\/wp\/v2\/pages\/10131","targetHints":{"allow":["GET"]}}],"collection":[{"href":"https:\/\/agora.xtec.cat\/escolallagut\/wp-json\/wp\/v2\/pages"}],"about":[{"href":"https:\/\/agora.xtec.cat\/escolallagut\/wp-json\/wp\/v2\/types\/page"}],"author":[{"embeddable":true,"href":"https:\/\/agora.xtec.cat\/escolallagut\/wp-json\/wp\/v2\/users\/1"}],"replies":[{"embeddable":true,"href":"https:\/\/agora.xtec.cat\/escolallagut\/wp-json\/wp\/v2\/comments?post=10131"}],"version-history":[{"count":7,"href":"https:\/\/agora.xtec.cat\/escolallagut\/wp-json\/wp\/v2\/pages\/10131\/revisions"}],"predecessor-version":[{"id":14688,"href":"https:\/\/agora.xtec.cat\/escolallagut\/wp-json\/wp\/v2\/pages\/10131\/revisions\/14688"}],"up":[{"embeddable":true,"href":"https:\/\/agora.xtec.cat\/escolallagut\/wp-json\/wp\/v2\/pages\/8581"}],"wp:attachment":[{"href":"https:\/\/agora.xtec.cat\/escolallagut\/wp-json\/wp\/v2\/media?parent=10131"}],"curies":[{"name":"wp","href":"https:\/\/api.w.org\/{rel}","templated":true}]}}