{"id":10129,"date":"2023-05-18T16:39:59","date_gmt":"2023-05-18T14:39:59","guid":{"rendered":"https:\/\/agora.xtec.cat\/escolallagut\/?page_id=10129"},"modified":"2023-11-04T08:41:24","modified_gmt":"2023-11-04T07:41:24","slug":"llibres-digitals","status":"publish","type":"page","link":"https:\/\/agora.xtec.cat\/escolallagut\/estrategia-digital-de-centre\/cultura-digital\/maquinari\/llibres-digitals\/","title":{"rendered":"Llibres digitals"},"content":{"rendered":"<p>Aquest \u00e9s el tercer curs que utilitzem la plataforma digital d&#8217;<strong>Innovamat<\/strong> per a l&#8217;aprenentatge de les matem\u00e0tiques, des dels dispositius del centre i des dels dispositius de les fam\u00edlies amb l&#8217;enlla\u00e7 que es proporciona per correu a cada fam\u00edlia.<\/p>\n<p>Des del curs 2022\/23,\u00a0 a CS es treballa la lectura des de la plataforma de lectura interactiva <strong>Fiction\u00a0 Express<\/strong>.<\/p>\n<p>A CM i CS treballem el pensament computacional des de la plataforma gratu\u00efta <strong>Toolbox Academy,<\/strong> que Integra\u00a0 exemples\u00a0 i els exercicis de dificultat creixent.<\/p>\n","protected":false},"excerpt":{"rendered":"<p>Aquest \u00e9s el tercer curs que utilitzem la plataforma digital d&#8217;Innovamat per a l&#8217;aprenentatge de les matem\u00e0tiques, des dels dispositius del centre i des dels dispositius de les fam\u00edlies amb l&#8217;enlla\u00e7 que es proporciona per correu a cada fam\u00edlia.<br \/>\nDes del curs 2022\/23,\u00a0 a CS es&hellip;  <a href=\"https:\/\/agora.xtec.cat\/escolallagut\/estrategia-digital-de-centre\/cultura-digital\/maquinari\/llibres-digitals\/\" title=\"Read Llibres digitals\">Llegeix m\u00e9s\u00bb<\/a><\/p>\n","protected":false},"author":1,"featured_media":0,"parent":8581,"menu_order":0,"comment_status":"closed","ping_status":"closed","template":"page-templates\/side-menu.php","meta":{"_bbp_topic_count":0,"_bbp_reply_count":0,"_bbp_total_topic_count":0,"_bbp_total_reply_count":0,"_bbp_voice_count":0,"_bbp_anonymous_reply_count":0,"_bbp_topic_count_hidden":0,"_bbp_reply_count_hidden":0,"_bbp_forum_subforum_count":0,"footnotes":""},"class_list":["post-10129","page","type-page","status-publish","hentry"],"post_mailing_queue_ids":[],"_links":{"self":[{"href":"https:\/\/agora.xtec.cat\/escolallagut\/wp-json\/wp\/v2\/pages\/10129","targetHints":{"allow":["GET"]}}],"collection":[{"href":"https:\/\/agora.xtec.cat\/escolallagut\/wp-json\/wp\/v2\/pages"}],"about":[{"href":"https:\/\/agora.xtec.cat\/escolallagut\/wp-json\/wp\/v2\/types\/page"}],"author":[{"embeddable":true,"href":"https:\/\/agora.xtec.cat\/escolallagut\/wp-json\/wp\/v2\/users\/1"}],"replies":[{"embeddable":true,"href":"https:\/\/agora.xtec.cat\/escolallagut\/wp-json\/wp\/v2\/comments?post=10129"}],"version-history":[{"count":5,"href":"https:\/\/agora.xtec.cat\/escolallagut\/wp-json\/wp\/v2\/pages\/10129\/revisions"}],"predecessor-version":[{"id":11059,"href":"https:\/\/agora.xtec.cat\/escolallagut\/wp-json\/wp\/v2\/pages\/10129\/revisions\/11059"}],"up":[{"embeddable":true,"href":"https:\/\/agora.xtec.cat\/escolallagut\/wp-json\/wp\/v2\/pages\/8581"}],"wp:attachment":[{"href":"https:\/\/agora.xtec.cat\/escolallagut\/wp-json\/wp\/v2\/media?parent=10129"}],"curies":[{"name":"wp","href":"https:\/\/api.w.org\/{rel}","templated":true}]}}