{"id":10110,"date":"2023-05-18T16:15:17","date_gmt":"2023-05-18T14:15:17","guid":{"rendered":"https:\/\/agora.xtec.cat\/escolallagut\/?page_id=10110"},"modified":"2023-05-26T16:17:27","modified_gmt":"2023-05-26T14:17:27","slug":"acolliment-digital","status":"publish","type":"page","link":"https:\/\/agora.xtec.cat\/escolallagut\/estrategia-digital-de-centre\/cultura-digital\/acolliment-digital\/","title":{"rendered":"Acolliment digital"},"content":{"rendered":"<p>Els darrers anys i cada vegada m\u00e9s, els recursos tecnol\u00f2gics del centre s\u00f3n eina clau per al bon desenvolupament de les activitats administratives, docents i de comunicaci\u00f3 amb les fam\u00edlies; \u00a0per aix\u00f2 el Departament demana als centres educatius que estableixin uns protocols clars d\u2019acollida a tots els nous membres de la comunitat educativa.<\/p>\n<p>Els objectius principals del\u00a0 Pla d\u2019Acollida Digital s\u00f3n:<\/p>\n<ul>\n<li>Informar a la comunitat educativa de tots els recursos i equipaments disponibles al nostre centre.<\/li>\n<li>Donar acc\u00e9s a aquests recursos donant d\u2019alta als nous usuaris.<\/li>\n<li>Formar als nous usuaris assignant persones de refer\u00e8ncia que dominin l\u2019equipament o serveis, creant tutorials d\u2019ajuda o b\u00e9 facilitant materials de formaci\u00f3.<\/li>\n<li>Assignar les tasques d\u2019acollida a membres concrets de l\u2019Equip Directiu i la Comissi\u00f3 Digital del centre.<\/li>\n<li>Deixar per escrit el Pla d\u2019Acollida Digital amb un redactat prec\u00eds i f\u00e0cil de consultar.<\/li>\n<\/ul>\n<p><a href=\"https:\/\/agora.xtec.cat\/escolallagut\/estrategia-digital-de-centre\/cultura-digital\/acolliment-digital\/families-i-alumnes\/\">Fam\u00edlies i alumnes<\/a><\/p>\n<p><a href=\"https:\/\/agora.xtec.cat\/escolallagut\/estrategia-digital-de-centre\/cultura-digital\/acolliment-digital\/docents\/\">Docents<\/a><\/p>\n<p><a href=\"https:\/\/agora.xtec.cat\/escolallagut\/estrategia-digital-de-centre\/cultura-digital\/acolliment-digital\/convidats\/\">Convidats<\/a><\/p>\n","protected":false},"excerpt":{"rendered":"<p>Els darrers anys i cada vegada m\u00e9s, els recursos tecnol\u00f2gics del centre s\u00f3n eina clau per al bon desenvolupament de les activitats administratives, docents i de comunicaci\u00f3 amb les fam\u00edlies; \u00a0per aix\u00f2 el Departament demana als centres educatius que estableixin uns protocols clars d\u2019acollida a&hellip;  <a href=\"https:\/\/agora.xtec.cat\/escolallagut\/estrategia-digital-de-centre\/cultura-digital\/acolliment-digital\/\" title=\"Read Acolliment digital\">Llegeix m\u00e9s\u00bb<\/a><\/p>\n","protected":false},"author":1,"featured_media":0,"parent":8566,"menu_order":2,"comment_status":"closed","ping_status":"closed","template":"page-templates\/side-menu.php","meta":{"_bbp_topic_count":0,"_bbp_reply_count":0,"_bbp_total_topic_count":0,"_bbp_total_reply_count":0,"_bbp_voice_count":0,"_bbp_anonymous_reply_count":0,"_bbp_topic_count_hidden":0,"_bbp_reply_count_hidden":0,"_bbp_forum_subforum_count":0,"footnotes":""},"class_list":["post-10110","page","type-page","status-publish","hentry"],"post_mailing_queue_ids":[],"_links":{"self":[{"href":"https:\/\/agora.xtec.cat\/escolallagut\/wp-json\/wp\/v2\/pages\/10110","targetHints":{"allow":["GET"]}}],"collection":[{"href":"https:\/\/agora.xtec.cat\/escolallagut\/wp-json\/wp\/v2\/pages"}],"about":[{"href":"https:\/\/agora.xtec.cat\/escolallagut\/wp-json\/wp\/v2\/types\/page"}],"author":[{"embeddable":true,"href":"https:\/\/agora.xtec.cat\/escolallagut\/wp-json\/wp\/v2\/users\/1"}],"replies":[{"embeddable":true,"href":"https:\/\/agora.xtec.cat\/escolallagut\/wp-json\/wp\/v2\/comments?post=10110"}],"version-history":[{"count":3,"href":"https:\/\/agora.xtec.cat\/escolallagut\/wp-json\/wp\/v2\/pages\/10110\/revisions"}],"predecessor-version":[{"id":10268,"href":"https:\/\/agora.xtec.cat\/escolallagut\/wp-json\/wp\/v2\/pages\/10110\/revisions\/10268"}],"up":[{"embeddable":true,"href":"https:\/\/agora.xtec.cat\/escolallagut\/wp-json\/wp\/v2\/pages\/8566"}],"wp:attachment":[{"href":"https:\/\/agora.xtec.cat\/escolallagut\/wp-json\/wp\/v2\/media?parent=10110"}],"curies":[{"name":"wp","href":"https:\/\/api.w.org\/{rel}","templated":true}]}}