{"id":84,"date":"2014-09-18T14:11:31","date_gmt":"2014-09-18T13:11:31","guid":{"rendered":"http:\/\/agora.xtec.cat\/escolalesvinyes\/?page_id=84"},"modified":"2024-11-26T13:53:38","modified_gmt":"2024-11-26T12:53:38","slug":"activitats-extraescolars","status":"publish","type":"page","link":"https:\/\/agora.xtec.cat\/escolalesvinyes\/serveis\/activitats-extraescolars\/","title":{"rendered":"Activitats extraescolars"},"content":{"rendered":"<p>Les activitats extraescolars les organitza l&#8217;AFA Escola Les Vinyes. S\u00f3n activitats destinades exclusivament als socis de l&#8217;AFA Escola Les Vinyes, i cal inscriure&#8217;s pr\u00e8viament.<\/p>\n<h2>Extraescolars curs 2024-2025<\/h2>\n<p>Aquest \u00e9s l<b>\u2019horari definitiu <\/b>despr\u00e9s de finalitzar el per\u00edode d\u2019inscripci\u00f3.<\/p>\n<div><\/div>\n<div>\n<div dir=\"ltr\" align=\"left\">\n<table style=\"width: 64.5699%; height: 384px;\">\n<colgroup>\n<col width=\"91\" \/>\n<col width=\"96\" \/>\n<col width=\"94\" \/>\n<col width=\"96\" \/>\n<col width=\"103\" \/>\n<col width=\"134\" \/><\/colgroup>\n<tbody>\n<tr style=\"height: 57px;\">\n<td style=\"width: 14.4231%; height: 57px;\"><\/td>\n<td style=\"width: 22.5962%; height: 57px;\">\n<p dir=\"ltr\">DILLUNS<\/p>\n<\/td>\n<td style=\"width: 16.129%; height: 57px;\">\n<p dir=\"ltr\">DIMARTS<\/p>\n<\/td>\n<td style=\"width: 19.8733%; height: 57px;\">\n<p dir=\"ltr\">DIMECRES<\/p>\n<\/td>\n<td style=\"width: 14.0845%; height: 57px;\">\n<p dir=\"ltr\">DIJOUS<\/p>\n<\/td>\n<td style=\"width: 31.0084%; height: 57px;\">\n<p dir=\"ltr\">DIVENDRES<\/p>\n<\/td>\n<\/tr>\n<tr style=\"height: 97px;\">\n<td style=\"width: 14.4231%; height: 97px;\">\n<p dir=\"ltr\">12:30 a 13:30<\/p>\n<\/td>\n<td style=\"width: 22.5962%; height: 97px;\">\n<p dir=\"ltr\">\n<\/td>\n<td style=\"width: 16.129%; height: 97px;\">\n<p dir=\"ltr\">Teatre<\/p>\n<\/td>\n<td style=\"width: 19.8733%; height: 97px;\"><\/td>\n<td style=\"width: 14.0845%; height: 88px;\"><\/td>\n<td style=\"width: 31.0084%; height: 88px;\"><\/td>\n<\/tr>\n<tr style=\"height: 88px;\">\n<td style=\"width: 14.4231%; height: 88px;\">12:30 a 13:45<\/td>\n<td style=\"width: 22.5962%; height: 88px;\">Manualitas ZigZag (3r a 6\u00e8)<\/td>\n<td style=\"width: 16.129%; height: 88px;\"><\/td>\n<td style=\"width: 19.8733%; height: 88px;\"><\/td>\n<td style=\"width: 14.0845%; height: 88px;\"><\/td>\n<td style=\"width: 31.0084%; height: 88px;\"><\/td>\n<\/tr>\n<tr style=\"height: 142px;\">\n<td style=\"width: 14.4231%; height: 142px;\">13:45 a 15:00<\/td>\n<td style=\"width: 22.5962%; height: 142px;\">Manualitats ZigZag (I4)<\/td>\n<td style=\"width: 16.129%; height: 142px;\"><\/td>\n<td style=\"width: 19.8733%; height: 142px;\">Manualitats ZigZag (I5 a 2n)<\/td>\n<td style=\"width: 14.0845%; height: 142px;\"><\/td>\n<td style=\"width: 31.0084%; height: 142px;\"><\/td>\n<\/tr>\n<tr>\n<td style=\"width: 14.4231%;\">14:00 a 15:00<\/td>\n<td style=\"width: 22.5962%;\"><\/td>\n<td style=\"width: 16.129%;\"><\/td>\n<td style=\"width: 19.8733%;\"><\/td>\n<td style=\"width: 14.0845%;\"><\/td>\n<td style=\"width: 31.0084%;\">Rob\u00f2tica<\/td>\n<\/tr>\n<\/tbody>\n<\/table>\n<\/div>\n<p>Quotes extraescolars:<\/p>\n<\/div>\n<div>\n<ul>\n<li>Manualitats ZigZag 33\u20ac\/mes<\/li>\n<li>Teatre 22\u20ac\/mes<\/li>\n<li>Rob\u00f2tica, matr\u00edcula 30\u20ac. Infantil 30\u20ac\/mes, prim\u00e0ria 37\u20ac\/mes<\/li>\n<\/ul>\n<\/div>\n<p>&nbsp;<\/p>\n<p><strong>IMPORTANT!!! Les quantitats avan\u00e7ades en forma de bestreta no es retornaran. Nom\u00e9s es retornaran si s\u2019anul\u00b7la el grup per manca d\u2019inscrits o b\u00e9 si un canvi d\u2019horari proposat per l&#8217;AFA no s\u2019ajusta a les necessitats hor\u00e0ries de la fam\u00edlia.<\/strong><\/p>\n<p>&nbsp;<\/p>\n<h2>Altres activitats extraescolars del municipi<\/h2>\n<p>A m\u00e9s a m\u00e9s de les extraescolars que organitza l&#8217;AFA, hi ha altres organitzades per entitats: Coral El R\u00e4im, Escola Esportiva, ajuntament&#8230;<\/p>\n","protected":false},"excerpt":{"rendered":"<p>Les activitats extraescolars les organitza l&#8217;AFA Escola Les Vinyes. S\u00f3n activitats destinades exclusivament als socis de l&#8217;AFA Escola Les Vinyes, i cal inscriure&#8217;s pr\u00e8viament. Extraescolars curs 2024-2025 Aquest \u00e9s l\u2019horari definitiu despr\u00e9s de finalitzar el per\u00edode d\u2019inscripci\u00f3. DILLUNS DIMARTS DIMECRES DIJOUS DIVENDRES 12:30 a 13:30 Teatre 12:30 a 13:45 Manualitas ZigZag (3r a 6\u00e8) 13:45 [&hellip;]<\/p>\n","protected":false},"author":1,"featured_media":0,"parent":66,"menu_order":50,"comment_status":"closed","ping_status":"closed","template":"page-templates\/side-menu.php","meta":{"_bbp_topic_count":0,"_bbp_reply_count":0,"_bbp_total_topic_count":0,"_bbp_total_reply_count":0,"_bbp_voice_count":0,"_bbp_anonymous_reply_count":0,"_bbp_topic_count_hidden":0,"_bbp_reply_count_hidden":0,"_bbp_forum_subforum_count":0,"site-sidebar-layout":"default","site-content-layout":"","ast-site-content-layout":"","site-content-style":"default","site-sidebar-style":"default","ast-global-header-display":"","ast-banner-title-visibility":"","ast-main-header-display":"","ast-hfb-above-header-display":"","ast-hfb-below-header-display":"","ast-hfb-mobile-header-display":"","site-post-title":"","ast-breadcrumbs-content":"","ast-featured-img":"","footer-sml-layout":"","theme-transparent-header-meta":"","adv-header-id-meta":"","stick-header-meta":"","header-above-stick-meta":"","header-main-stick-meta":"","header-below-stick-meta":"","astra-migrate-meta-layouts":"default","ast-page-background-enabled":"default","ast-page-background-meta":{"desktop":{"background-color":"var(--ast-global-color-4)","background-image":"","background-repeat":"repeat","background-position":"center center","background-size":"auto","background-attachment":"scroll","background-type":"","background-media":"","overlay-type":"","overlay-color":"","overlay-opacity":"","overlay-gradient":""},"tablet":{"background-color":"","background-image":"","background-repeat":"repeat","background-position":"center center","background-size":"auto","background-attachment":"scroll","background-type":"","background-media":"","overlay-type":"","overlay-color":"","overlay-opacity":"","overlay-gradient":""},"mobile":{"background-color":"","background-image":"","background-repeat":"repeat","background-position":"center center","background-size":"auto","background-attachment":"scroll","background-type":"","background-media":"","overlay-type":"","overlay-color":"","overlay-opacity":"","overlay-gradient":""}},"ast-content-background-meta":{"desktop":{"background-color":"var(--ast-global-color-5)","background-image":"","background-repeat":"repeat","background-position":"center center","background-size":"auto","background-attachment":"scroll","background-type":"","background-media":"","overlay-type":"","overlay-color":"","overlay-opacity":"","overlay-gradient":""},"tablet":{"background-color":"var(--ast-global-color-5)","background-image":"","background-repeat":"repeat","background-position":"center center","background-size":"auto","background-attachment":"scroll","background-type":"","background-media":"","overlay-type":"","overlay-color":"","overlay-opacity":"","overlay-gradient":""},"mobile":{"background-color":"var(--ast-global-color-5)","background-image":"","background-repeat":"repeat","background-position":"center center","background-size":"auto","background-attachment":"scroll","background-type":"","background-media":"","overlay-type":"","overlay-color":"","overlay-opacity":"","overlay-gradient":""}},"footnotes":""},"class_list":["post-84","page","type-page","status-publish","hentry"],"post_mailing_queue_ids":[],"_links":{"self":[{"href":"https:\/\/agora.xtec.cat\/escolalesvinyes\/wp-json\/wp\/v2\/pages\/84","targetHints":{"allow":["GET"]}}],"collection":[{"href":"https:\/\/agora.xtec.cat\/escolalesvinyes\/wp-json\/wp\/v2\/pages"}],"about":[{"href":"https:\/\/agora.xtec.cat\/escolalesvinyes\/wp-json\/wp\/v2\/types\/page"}],"author":[{"embeddable":true,"href":"https:\/\/agora.xtec.cat\/escolalesvinyes\/wp-json\/wp\/v2\/users\/1"}],"replies":[{"embeddable":true,"href":"https:\/\/agora.xtec.cat\/escolalesvinyes\/wp-json\/wp\/v2\/comments?post=84"}],"version-history":[{"count":7,"href":"https:\/\/agora.xtec.cat\/escolalesvinyes\/wp-json\/wp\/v2\/pages\/84\/revisions"}],"predecessor-version":[{"id":5391,"href":"https:\/\/agora.xtec.cat\/escolalesvinyes\/wp-json\/wp\/v2\/pages\/84\/revisions\/5391"}],"up":[{"embeddable":true,"href":"https:\/\/agora.xtec.cat\/escolalesvinyes\/wp-json\/wp\/v2\/pages\/66"}],"wp:attachment":[{"href":"https:\/\/agora.xtec.cat\/escolalesvinyes\/wp-json\/wp\/v2\/media?parent=84"}],"curies":[{"name":"wp","href":"https:\/\/api.w.org\/{rel}","templated":true}]}}