{"id":73,"date":"2022-09-01T11:01:51","date_gmt":"2022-09-01T09:01:51","guid":{"rendered":"http:\/\/agora.xtec.cat\/escolalesvinyes\/?page_id=73"},"modified":"2025-09-08T09:26:15","modified_gmt":"2025-09-08T07:26:15","slug":"menjador-escolar","status":"publish","type":"page","link":"https:\/\/agora.xtec.cat\/escolalesvinyes\/serveis\/menjador-escolar\/","title":{"rendered":"Menjador escolar"},"content":{"rendered":"<p data-start=\"61\" data-end=\"237\">El servei de menjador i monitoratge de l\u2019Escola Les Vinyes est\u00e0 gestionat per \u00c0gora Col\u00b7lectivitats, empresa contractada per l\u2019AFA.<\/p>\n<p data-start=\"239\" data-end=\"394\">\u00c0gora \u00e9s una empresa especialitzada en restauraci\u00f3 col\u00b7lectiva, amb una \u00e0mplia experi\u00e8ncia en centres educatius, empreses i resid\u00e8ncies de gent gran.<\/p>\n<h2>Men\u00fas<\/h2>\n<p data-start=\"62\" data-end=\"191\">Abans d\u2019iniciar-se cada mes, podeu consultar al web de l\u2019escola tots els men\u00fas del servei de menjador.<\/p>\n<p data-start=\"193\" data-end=\"310\">A m\u00e9s, cada dia a les 9 del mat\u00ed, els alumnes de 2n de Prim\u00e0ria els anuncien per megafonia a tota l\u2019escola.<\/p>\n<h2>Instruccions per fer \u00fas del servei<\/h2>\n<p>Per a fer \u00fas del servei de menjador cal que ho feu a trav\u00e9s de l&#8217;aplicaci\u00f3 TPV Escola.<\/p>\n<h2>Horari del servei de menjador<\/h2>\n<p data-start=\"61\" data-end=\"158\">L\u2019horari habitual del servei de menjador \u00e9s de 12:30 h a 15:00 h.<\/p>\n<p data-start=\"160\" data-end=\"244\">En dies de jornada intensiva, l\u2019horari s\u2019adapta i \u00e9s de 13:00 h a 15:30 h.<\/p>\n<p>&nbsp;<\/p>\n","protected":false},"excerpt":{"rendered":"<p>El servei de menjador i monitoratge de l\u2019Escola Les Vinyes est\u00e0 gestionat per \u00c0gora Col\u00b7lectivitats, empresa contractada per l\u2019AFA. \u00c0gora \u00e9s una empresa especialitzada en restauraci\u00f3 col\u00b7lectiva, amb una \u00e0mplia experi\u00e8ncia en centres educatius, empreses i resid\u00e8ncies de gent gran. Men\u00fas Abans d\u2019iniciar-se cada mes, podeu consultar al web de l\u2019escola tots els men\u00fas del [&hellip;]<\/p>\n","protected":false},"author":1,"featured_media":0,"parent":66,"menu_order":30,"comment_status":"closed","ping_status":"closed","template":"page-templates\/side-menu.php","meta":{"_bbp_topic_count":0,"_bbp_reply_count":0,"_bbp_total_topic_count":0,"_bbp_total_reply_count":0,"_bbp_voice_count":0,"_bbp_anonymous_reply_count":0,"_bbp_topic_count_hidden":0,"_bbp_reply_count_hidden":0,"_bbp_forum_subforum_count":0,"site-sidebar-layout":"default","site-content-layout":"","ast-site-content-layout":"","site-content-style":"default","site-sidebar-style":"default","ast-global-header-display":"","ast-banner-title-visibility":"","ast-main-header-display":"","ast-hfb-above-header-display":"","ast-hfb-below-header-display":"","ast-hfb-mobile-header-display":"","site-post-title":"","ast-breadcrumbs-content":"","ast-featured-img":"","footer-sml-layout":"","theme-transparent-header-meta":"","adv-header-id-meta":"","stick-header-meta":"","header-above-stick-meta":"","header-main-stick-meta":"","header-below-stick-meta":"","astra-migrate-meta-layouts":"default","ast-page-background-enabled":"default","ast-page-background-meta":{"desktop":{"background-color":"var(--ast-global-color-4)","background-image":"","background-repeat":"repeat","background-position":"center center","background-size":"auto","background-attachment":"scroll","background-type":"","background-media":"","overlay-type":"","overlay-color":"","overlay-opacity":"","overlay-gradient":""},"tablet":{"background-color":"","background-image":"","background-repeat":"repeat","background-position":"center center","background-size":"auto","background-attachment":"scroll","background-type":"","background-media":"","overlay-type":"","overlay-color":"","overlay-opacity":"","overlay-gradient":""},"mobile":{"background-color":"","background-image":"","background-repeat":"repeat","background-position":"center center","background-size":"auto","background-attachment":"scroll","background-type":"","background-media":"","overlay-type":"","overlay-color":"","overlay-opacity":"","overlay-gradient":""}},"ast-content-background-meta":{"desktop":{"background-color":"var(--ast-global-color-5)","background-image":"","background-repeat":"repeat","background-position":"center center","background-size":"auto","background-attachment":"scroll","background-type":"","background-media":"","overlay-type":"","overlay-color":"","overlay-opacity":"","overlay-gradient":""},"tablet":{"background-color":"var(--ast-global-color-5)","background-image":"","background-repeat":"repeat","background-position":"center center","background-size":"auto","background-attachment":"scroll","background-type":"","background-media":"","overlay-type":"","overlay-color":"","overlay-opacity":"","overlay-gradient":""},"mobile":{"background-color":"var(--ast-global-color-5)","background-image":"","background-repeat":"repeat","background-position":"center center","background-size":"auto","background-attachment":"scroll","background-type":"","background-media":"","overlay-type":"","overlay-color":"","overlay-opacity":"","overlay-gradient":""}},"footnotes":""},"class_list":["post-73","page","type-page","status-publish","hentry"],"post_mailing_queue_ids":[],"_links":{"self":[{"href":"https:\/\/agora.xtec.cat\/escolalesvinyes\/wp-json\/wp\/v2\/pages\/73","targetHints":{"allow":["GET"]}}],"collection":[{"href":"https:\/\/agora.xtec.cat\/escolalesvinyes\/wp-json\/wp\/v2\/pages"}],"about":[{"href":"https:\/\/agora.xtec.cat\/escolalesvinyes\/wp-json\/wp\/v2\/types\/page"}],"author":[{"embeddable":true,"href":"https:\/\/agora.xtec.cat\/escolalesvinyes\/wp-json\/wp\/v2\/users\/1"}],"replies":[{"embeddable":true,"href":"https:\/\/agora.xtec.cat\/escolalesvinyes\/wp-json\/wp\/v2\/comments?post=73"}],"version-history":[{"count":6,"href":"https:\/\/agora.xtec.cat\/escolalesvinyes\/wp-json\/wp\/v2\/pages\/73\/revisions"}],"predecessor-version":[{"id":6612,"href":"https:\/\/agora.xtec.cat\/escolalesvinyes\/wp-json\/wp\/v2\/pages\/73\/revisions\/6612"}],"up":[{"embeddable":true,"href":"https:\/\/agora.xtec.cat\/escolalesvinyes\/wp-json\/wp\/v2\/pages\/66"}],"wp:attachment":[{"href":"https:\/\/agora.xtec.cat\/escolalesvinyes\/wp-json\/wp\/v2\/media?parent=73"}],"curies":[{"name":"wp","href":"https:\/\/api.w.org\/{rel}","templated":true}]}}