{"id":5606,"date":"2024-11-19T11:53:53","date_gmt":"2024-11-19T10:53:53","guid":{"rendered":"https:\/\/agora.xtec.cat\/escolalesvinyes\/?page_id=5606"},"modified":"2024-11-19T12:04:42","modified_gmt":"2024-11-19T11:04:42","slug":"la-familia-a-lescola","status":"publish","type":"page","link":"https:\/\/agora.xtec.cat\/escolalesvinyes\/families\/la-familia-a-lescola\/","title":{"rendered":"Projecte &#8220;La fam\u00edlia a l&#8217;escola&#8221;"},"content":{"rendered":"<p>A l\u2019escola treballem els seg\u00fcents projectes els quals hi podeu participar les fam\u00edlies. L\u2019objectiu d\u2019aquests \u00e9s que sigueu part\u00edcips de l\u2019educaci\u00f3 dels vostres fills i que compartiu viv\u00e8ncies dins del centre. Tamb\u00e9 pretenem obrir-vos les portes a\u00a0<em>Les Vinyes<\/em>\u00a0perqu\u00e8 pugueu veure com \u00e9s el dia a dia a l\u2019aula.<\/p>\n<p><a href=\"https:\/\/agora.xtec.cat\/escolalesvinyes\/wp-content\/uploads\/usu634\/2024\/11\/La-familia-a-lescola.jpg\"><img loading=\"lazy\" decoding=\"async\" class=\"alignnone size-full wp-image-5601\" src=\"https:\/\/agora.xtec.cat\/escolalesvinyes\/wp-content\/uploads\/usu634\/2024\/11\/La-familia-a-lescola.jpg\" alt=\"\" width=\"800\" height=\"2000\" srcset=\"https:\/\/agora.xtec.cat\/escolalesvinyes\/wp-content\/uploads\/usu634\/2024\/11\/La-familia-a-lescola.jpg 800w, https:\/\/agora.xtec.cat\/escolalesvinyes\/wp-content\/uploads\/usu634\/2024\/11\/La-familia-a-lescola-120x300.jpg 120w, https:\/\/agora.xtec.cat\/escolalesvinyes\/wp-content\/uploads\/usu634\/2024\/11\/La-familia-a-lescola-410x1024.jpg 410w, https:\/\/agora.xtec.cat\/escolalesvinyes\/wp-content\/uploads\/usu634\/2024\/11\/La-familia-a-lescola-768x1920.jpg 768w, https:\/\/agora.xtec.cat\/escolalesvinyes\/wp-content\/uploads\/usu634\/2024\/11\/La-familia-a-lescola-614x1536.jpg 614w\" sizes=\"auto, (max-width: 800px) 100vw, 800px\" \/><\/a><\/p>\n","protected":false},"excerpt":{"rendered":"<p>A l\u2019escola treballem els seg\u00fcents projectes els quals hi podeu participar les fam\u00edlies. L\u2019objectiu d\u2019aquests \u00e9s que sigueu part\u00edcips de l\u2019educaci\u00f3 dels vostres fills i que compartiu viv\u00e8ncies dins del centre. Tamb\u00e9 pretenem obrir-vos les portes a\u00a0Les Vinyes\u00a0perqu\u00e8 pugueu veure com \u00e9s el dia a dia a l\u2019aula.<\/p>\n","protected":false},"author":27,"featured_media":0,"parent":5608,"menu_order":20,"comment_status":"closed","ping_status":"closed","template":"page-templates\/side-menu.php","meta":{"_bbp_topic_count":0,"_bbp_reply_count":0,"_bbp_total_topic_count":0,"_bbp_total_reply_count":0,"_bbp_voice_count":0,"_bbp_anonymous_reply_count":0,"_bbp_topic_count_hidden":0,"_bbp_reply_count_hidden":0,"_bbp_forum_subforum_count":0,"site-sidebar-layout":"default","site-content-layout":"","ast-site-content-layout":"","site-content-style":"default","site-sidebar-style":"default","ast-global-header-display":"","ast-banner-title-visibility":"","ast-main-header-display":"","ast-hfb-above-header-display":"","ast-hfb-below-header-display":"","ast-hfb-mobile-header-display":"","site-post-title":"","ast-breadcrumbs-content":"","ast-featured-img":"","footer-sml-layout":"","theme-transparent-header-meta":"","adv-header-id-meta":"","stick-header-meta":"","header-above-stick-meta":"","header-main-stick-meta":"","header-below-stick-meta":"","astra-migrate-meta-layouts":"default","ast-page-background-enabled":"default","ast-page-background-meta":{"desktop":{"background-color":"var(--ast-global-color-4)","background-image":"","background-repeat":"repeat","background-position":"center center","background-size":"auto","background-attachment":"scroll","background-type":"","background-media":"","overlay-type":"","overlay-color":"","overlay-opacity":"","overlay-gradient":""},"tablet":{"background-color":"","background-image":"","background-repeat":"repeat","background-position":"center center","background-size":"auto","background-attachment":"scroll","background-type":"","background-media":"","overlay-type":"","overlay-color":"","overlay-opacity":"","overlay-gradient":""},"mobile":{"background-color":"","background-image":"","background-repeat":"repeat","background-position":"center center","background-size":"auto","background-attachment":"scroll","background-type":"","background-media":"","overlay-type":"","overlay-color":"","overlay-opacity":"","overlay-gradient":""}},"ast-content-background-meta":{"desktop":{"background-color":"var(--ast-global-color-5)","background-image":"","background-repeat":"repeat","background-position":"center center","background-size":"auto","background-attachment":"scroll","background-type":"","background-media":"","overlay-type":"","overlay-color":"","overlay-opacity":"","overlay-gradient":""},"tablet":{"background-color":"var(--ast-global-color-5)","background-image":"","background-repeat":"repeat","background-position":"center center","background-size":"auto","background-attachment":"scroll","background-type":"","background-media":"","overlay-type":"","overlay-color":"","overlay-opacity":"","overlay-gradient":""},"mobile":{"background-color":"var(--ast-global-color-5)","background-image":"","background-repeat":"repeat","background-position":"center center","background-size":"auto","background-attachment":"scroll","background-type":"","background-media":"","overlay-type":"","overlay-color":"","overlay-opacity":"","overlay-gradient":""}},"footnotes":""},"class_list":["post-5606","page","type-page","status-publish","hentry"],"post_mailing_queue_ids":[],"_links":{"self":[{"href":"https:\/\/agora.xtec.cat\/escolalesvinyes\/wp-json\/wp\/v2\/pages\/5606","targetHints":{"allow":["GET"]}}],"collection":[{"href":"https:\/\/agora.xtec.cat\/escolalesvinyes\/wp-json\/wp\/v2\/pages"}],"about":[{"href":"https:\/\/agora.xtec.cat\/escolalesvinyes\/wp-json\/wp\/v2\/types\/page"}],"author":[{"embeddable":true,"href":"https:\/\/agora.xtec.cat\/escolalesvinyes\/wp-json\/wp\/v2\/users\/27"}],"replies":[{"embeddable":true,"href":"https:\/\/agora.xtec.cat\/escolalesvinyes\/wp-json\/wp\/v2\/comments?post=5606"}],"version-history":[{"count":2,"href":"https:\/\/agora.xtec.cat\/escolalesvinyes\/wp-json\/wp\/v2\/pages\/5606\/revisions"}],"predecessor-version":[{"id":5615,"href":"https:\/\/agora.xtec.cat\/escolalesvinyes\/wp-json\/wp\/v2\/pages\/5606\/revisions\/5615"}],"up":[{"embeddable":true,"href":"https:\/\/agora.xtec.cat\/escolalesvinyes\/wp-json\/wp\/v2\/pages\/5608"}],"wp:attachment":[{"href":"https:\/\/agora.xtec.cat\/escolalesvinyes\/wp-json\/wp\/v2\/media?parent=5606"}],"curies":[{"name":"wp","href":"https:\/\/api.w.org\/{rel}","templated":true}]}}