{"id":4796,"date":"2024-02-15T11:39:58","date_gmt":"2024-02-15T10:39:58","guid":{"rendered":"https:\/\/agora.xtec.cat\/escolalesvinyes\/?page_id=4796"},"modified":"2026-01-09T15:53:04","modified_gmt":"2026-01-09T14:53:04","slug":"estacio-meteorologica","status":"publish","type":"page","link":"https:\/\/agora.xtec.cat\/escolalesvinyes\/estacio-meteorologica\/","title":{"rendered":"Estaci\u00f3 meteorol\u00f2gica"},"content":{"rendered":"<p>Des de fa anys, l\u2019escola desenvolupa el projecte L\u2019Estaci\u00f3 Meteorol\u00f2gica, una iniciativa educativa que fomenta l\u2019observaci\u00f3 de l\u2019entorn, el treball sistem\u00e0tic amb dades reals i l\u2019aprenentatge competencial. A trav\u00e9s d\u2019aquest projecte, diferents grups de l\u2019escola recullen di\u00e0riament les dades meteorol\u00f2giques del centre (temperatura, precipitaci\u00f3, vent, estat del cel, entre d\u2019altres) i en fan el registre i l\u2019an\u00e0lisi.<\/p>\n<p>Fins ara, aquestes dades s\u2019exposaven en un plaf\u00f3 informatiu dins l\u2019escola. A partir d\u2019aquest curs, per\u00f2, i amb l\u2019objectiu de continuar avan\u00e7ant en la compet\u00e8ncia digital, tal com estableix el nou curr\u00edculum, el projecte fa un pas endavant i adopta un format digital.<\/p>\n<p>A partir d\u2019ara, les dades meteorol\u00f2giques es presentaran mitjan\u00e7ant un v\u00eddeo trimestral, elaborat amb la participaci\u00f3 de l\u2019alumnat, que es podr\u00e0 visualitzar a la p\u00e0gina web de l\u2019escola. Aquest nou format ens permetr\u00e0 comunicar la informaci\u00f3 d\u2019una manera m\u00e9s atractiva, competencial i accessible per a tota la comunitat educativa.<\/p>\n<hr \/>\n<p><a href=\"https:\/\/youtu.be\/iYTeXBd3jXo\">1. TARDOR DEL 2025<\/a><\/p>\n","protected":false},"excerpt":{"rendered":"<p>Des de fa anys, l\u2019escola desenvolupa el projecte L\u2019Estaci\u00f3 Meteorol\u00f2gica, una iniciativa educativa que fomenta l\u2019observaci\u00f3 de l\u2019entorn, el treball sistem\u00e0tic amb dades reals i l\u2019aprenentatge competencial. A trav\u00e9s d\u2019aquest projecte, diferents grups de l\u2019escola recullen di\u00e0riament les dades meteorol\u00f2giques del centre (temperatura, precipitaci\u00f3, vent, estat del cel, entre d\u2019altres) i en fan el registre [&hellip;]<\/p>\n","protected":false},"author":27,"featured_media":0,"parent":0,"menu_order":0,"comment_status":"closed","ping_status":"closed","template":"page-templates\/side-menu.php","meta":{"_bbp_topic_count":0,"_bbp_reply_count":0,"_bbp_total_topic_count":0,"_bbp_total_reply_count":0,"_bbp_voice_count":0,"_bbp_anonymous_reply_count":0,"_bbp_topic_count_hidden":0,"_bbp_reply_count_hidden":0,"_bbp_forum_subforum_count":0,"site-sidebar-layout":"default","site-content-layout":"","ast-site-content-layout":"","site-content-style":"default","site-sidebar-style":"default","ast-global-header-display":"","ast-banner-title-visibility":"","ast-main-header-display":"","ast-hfb-above-header-display":"","ast-hfb-below-header-display":"","ast-hfb-mobile-header-display":"","site-post-title":"","ast-breadcrumbs-content":"","ast-featured-img":"","footer-sml-layout":"","theme-transparent-header-meta":"","adv-header-id-meta":"","stick-header-meta":"","header-above-stick-meta":"","header-main-stick-meta":"","header-below-stick-meta":"","astra-migrate-meta-layouts":"default","ast-page-background-enabled":"default","ast-page-background-meta":{"desktop":{"background-color":"var(--ast-global-color-4)","background-image":"","background-repeat":"repeat","background-position":"center center","background-size":"auto","background-attachment":"scroll","background-type":"","background-media":"","overlay-type":"","overlay-color":"","overlay-opacity":"","overlay-gradient":""},"tablet":{"background-color":"","background-image":"","background-repeat":"repeat","background-position":"center center","background-size":"auto","background-attachment":"scroll","background-type":"","background-media":"","overlay-type":"","overlay-color":"","overlay-opacity":"","overlay-gradient":""},"mobile":{"background-color":"","background-image":"","background-repeat":"repeat","background-position":"center center","background-size":"auto","background-attachment":"scroll","background-type":"","background-media":"","overlay-type":"","overlay-color":"","overlay-opacity":"","overlay-gradient":""}},"ast-content-background-meta":{"desktop":{"background-color":"var(--ast-global-color-5)","background-image":"","background-repeat":"repeat","background-position":"center center","background-size":"auto","background-attachment":"scroll","background-type":"","background-media":"","overlay-type":"","overlay-color":"","overlay-opacity":"","overlay-gradient":""},"tablet":{"background-color":"var(--ast-global-color-5)","background-image":"","background-repeat":"repeat","background-position":"center center","background-size":"auto","background-attachment":"scroll","background-type":"","background-media":"","overlay-type":"","overlay-color":"","overlay-opacity":"","overlay-gradient":""},"mobile":{"background-color":"var(--ast-global-color-5)","background-image":"","background-repeat":"repeat","background-position":"center center","background-size":"auto","background-attachment":"scroll","background-type":"","background-media":"","overlay-type":"","overlay-color":"","overlay-opacity":"","overlay-gradient":""}},"footnotes":""},"class_list":["post-4796","page","type-page","status-publish","hentry"],"post_mailing_queue_ids":[],"_links":{"self":[{"href":"https:\/\/agora.xtec.cat\/escolalesvinyes\/wp-json\/wp\/v2\/pages\/4796","targetHints":{"allow":["GET"]}}],"collection":[{"href":"https:\/\/agora.xtec.cat\/escolalesvinyes\/wp-json\/wp\/v2\/pages"}],"about":[{"href":"https:\/\/agora.xtec.cat\/escolalesvinyes\/wp-json\/wp\/v2\/types\/page"}],"author":[{"embeddable":true,"href":"https:\/\/agora.xtec.cat\/escolalesvinyes\/wp-json\/wp\/v2\/users\/27"}],"replies":[{"embeddable":true,"href":"https:\/\/agora.xtec.cat\/escolalesvinyes\/wp-json\/wp\/v2\/comments?post=4796"}],"version-history":[{"count":4,"href":"https:\/\/agora.xtec.cat\/escolalesvinyes\/wp-json\/wp\/v2\/pages\/4796\/revisions"}],"predecessor-version":[{"id":7460,"href":"https:\/\/agora.xtec.cat\/escolalesvinyes\/wp-json\/wp\/v2\/pages\/4796\/revisions\/7460"}],"wp:attachment":[{"href":"https:\/\/agora.xtec.cat\/escolalesvinyes\/wp-json\/wp\/v2\/media?parent=4796"}],"curies":[{"name":"wp","href":"https:\/\/api.w.org\/{rel}","templated":true}]}}