{"id":4445,"date":"2023-10-26T15:18:30","date_gmt":"2023-10-26T13:18:30","guid":{"rendered":"https:\/\/agora.xtec.cat\/escolalesvinyes\/?page_id=4445"},"modified":"2023-10-26T15:50:56","modified_gmt":"2023-10-26T13:50:56","slug":"proteccio-de-dades","status":"publish","type":"page","link":"https:\/\/agora.xtec.cat\/escolalesvinyes\/lescola\/proteccio-de-dades\/","title":{"rendered":"Protecci\u00f3 de dades"},"content":{"rendered":"<p>Totes les dades, el centre les tractar\u00e0 i utilitzar\u00e0 amb finalitats educatives<\/p>\n<p>MARC LEGISLATIU<\/p>\n<p>El model de gesti\u00f3 de la privacitat i la protecci\u00f3 de dades de l&#8217;Escola Les Vinyes es fonamenta en el marc jur\u00eddic seg\u00fcent:<\/p>\n<ul style=\"list-style-type: circle;\">\n<li>Reglament 2016\/679 del Parlament Europeu i del Consell de 27 d&#8217;abril de 2016 (RGPD), relatiu a la protecci\u00f3 de les persones f\u00edsiques pel que fa al tractament de dades personals i a la lliure circulaci\u00f3 d&#8217;aquestes dades, i pel qual es deroga la Directiva 95\/46\/CE.\u00e7<\/li>\n<li>Llei org\u00e0nica 15\/1999, de 13 de desembre, de protecci\u00f3 de dades de car\u00e0cter personal (vigent\u00a0<span class=\"hiddenGrammarError\" style=\"padding-bottom: 2px; background-image: url('..\/..\/..\/..\/..\/images\/squiggle.png'); background-repeat: repeat-x; background-position: left bottom; cursor: default; color: #000000; font-family: 'Open Sans', Helvetica, Arial, sans-serif; font-size: 16px; font-style: normal; font-variant-ligatures: normal; font-variant-caps: normal; font-weight: 300; letter-spacing: normal; orphans: 2; text-align: start; text-indent: 0px; text-transform: none; widows: 2; word-spacing: 0px; -webkit-text-stroke-width: 0px; white-space: normal; text-decoration-thickness: initial; text-decoration-style: initial; text-decoration-color: initial;\">fins<\/span> l&#8217;aprovaci\u00f3 de la nova Llei org\u00e0nica de protecci\u00f3 de dades).<\/li>\n<\/ul>\n<p>En cas que se sol\u00b7licitin dades personals als usuaris, aquestes es tractaran d&#8217;acord amb el principi de protecci\u00f3 de dades personals establert pel marc legislatiu indicat.<\/p>\n<table width=\"812\">\n<tbody>\n<tr>\n<td colspan=\"2\"><strong>Informaci\u00f3 b\u00e0sica sobre protecci\u00f3 de dades<\/strong><\/td>\n<\/tr>\n<tr>\n<td><strong>Responsable del tractament<\/strong><\/td>\n<td>Direcci\u00f3 del centre educatiu<\/td>\n<\/tr>\n<tr>\n<td><strong>Finalitat<\/strong><\/td>\n<td>Gesti\u00f3 de l\u2019acci\u00f3 educativa i orientadora<\/td>\n<\/tr>\n<tr>\n<td><strong>Legitimaci\u00f3<\/strong><\/td>\n<td>Missi\u00f3 d\u2019inter\u00e8s p\u00fablic<\/td>\n<\/tr>\n<tr>\n<td><strong>Destinataris<\/strong><\/td>\n<td>No se cediran les dades a tercers, llevat d\u2019obligaci\u00f3 legal.<\/td>\n<\/tr>\n<tr>\n<td><strong>Drets<\/strong><\/td>\n<td>Accedir a les dades, rectificar-les, suprimir-les, oposar-se al tractament i sol\u00b7licitar-ne la limitaci\u00f3.<\/td>\n<\/tr>\n<tr>\n<td><strong>Informaci\u00f3 addicional<\/strong><\/td>\n<td>Es pot consultar la informaci\u00f3 addicional i detallada sobre protecci\u00f3 de dades a:<a href=\"http:\/\/ensenyament.gencat.cat\/ca\/departament\/proteccio-dades\/informacio-addicional-tractaments\/alumnes-centres-departament.html\"><em>\u00a0http:\/\/ensenyament.gencat.cat\/ca\/Detall\/alumnes-centres-departament<\/em><\/a><\/td>\n<\/tr>\n<\/tbody>\n<\/table>\n","protected":false},"excerpt":{"rendered":"<p>Totes les dades, el centre les tractar\u00e0 i utilitzar\u00e0 amb finalitats educatives MARC LEGISLATIU El model de gesti\u00f3 de la privacitat i la protecci\u00f3 de dades de l&#8217;Escola Les Vinyes es fonamenta en el marc jur\u00eddic seg\u00fcent: Reglament 2016\/679 del Parlament Europeu i del Consell de 27 d&#8217;abril de 2016 (RGPD), relatiu a la protecci\u00f3 [&hellip;]<\/p>\n","protected":false},"author":1,"featured_media":0,"parent":22,"menu_order":90,"comment_status":"closed","ping_status":"closed","template":"page-templates\/side-menu.php","meta":{"_bbp_topic_count":0,"_bbp_reply_count":0,"_bbp_total_topic_count":0,"_bbp_total_reply_count":0,"_bbp_voice_count":0,"_bbp_anonymous_reply_count":0,"_bbp_topic_count_hidden":0,"_bbp_reply_count_hidden":0,"_bbp_forum_subforum_count":0,"site-sidebar-layout":"default","site-content-layout":"","ast-site-content-layout":"","site-content-style":"default","site-sidebar-style":"default","ast-global-header-display":"","ast-banner-title-visibility":"","ast-main-header-display":"","ast-hfb-above-header-display":"","ast-hfb-below-header-display":"","ast-hfb-mobile-header-display":"","site-post-title":"","ast-breadcrumbs-content":"","ast-featured-img":"","footer-sml-layout":"","theme-transparent-header-meta":"","adv-header-id-meta":"","stick-header-meta":"","header-above-stick-meta":"","header-main-stick-meta":"","header-below-stick-meta":"","astra-migrate-meta-layouts":"default","ast-page-background-enabled":"default","ast-page-background-meta":{"desktop":{"background-color":"var(--ast-global-color-4)","background-image":"","background-repeat":"repeat","background-position":"center center","background-size":"auto","background-attachment":"scroll","background-type":"","background-media":"","overlay-type":"","overlay-color":"","overlay-opacity":"","overlay-gradient":""},"tablet":{"background-color":"","background-image":"","background-repeat":"repeat","background-position":"center center","background-size":"auto","background-attachment":"scroll","background-type":"","background-media":"","overlay-type":"","overlay-color":"","overlay-opacity":"","overlay-gradient":""},"mobile":{"background-color":"","background-image":"","background-repeat":"repeat","background-position":"center center","background-size":"auto","background-attachment":"scroll","background-type":"","background-media":"","overlay-type":"","overlay-color":"","overlay-opacity":"","overlay-gradient":""}},"ast-content-background-meta":{"desktop":{"background-color":"var(--ast-global-color-5)","background-image":"","background-repeat":"repeat","background-position":"center center","background-size":"auto","background-attachment":"scroll","background-type":"","background-media":"","overlay-type":"","overlay-color":"","overlay-opacity":"","overlay-gradient":""},"tablet":{"background-color":"var(--ast-global-color-5)","background-image":"","background-repeat":"repeat","background-position":"center center","background-size":"auto","background-attachment":"scroll","background-type":"","background-media":"","overlay-type":"","overlay-color":"","overlay-opacity":"","overlay-gradient":""},"mobile":{"background-color":"var(--ast-global-color-5)","background-image":"","background-repeat":"repeat","background-position":"center center","background-size":"auto","background-attachment":"scroll","background-type":"","background-media":"","overlay-type":"","overlay-color":"","overlay-opacity":"","overlay-gradient":""}},"footnotes":""},"class_list":["post-4445","page","type-page","status-publish","hentry"],"post_mailing_queue_ids":[],"_links":{"self":[{"href":"https:\/\/agora.xtec.cat\/escolalesvinyes\/wp-json\/wp\/v2\/pages\/4445","targetHints":{"allow":["GET"]}}],"collection":[{"href":"https:\/\/agora.xtec.cat\/escolalesvinyes\/wp-json\/wp\/v2\/pages"}],"about":[{"href":"https:\/\/agora.xtec.cat\/escolalesvinyes\/wp-json\/wp\/v2\/types\/page"}],"author":[{"embeddable":true,"href":"https:\/\/agora.xtec.cat\/escolalesvinyes\/wp-json\/wp\/v2\/users\/1"}],"replies":[{"embeddable":true,"href":"https:\/\/agora.xtec.cat\/escolalesvinyes\/wp-json\/wp\/v2\/comments?post=4445"}],"version-history":[{"count":2,"href":"https:\/\/agora.xtec.cat\/escolalesvinyes\/wp-json\/wp\/v2\/pages\/4445\/revisions"}],"predecessor-version":[{"id":4449,"href":"https:\/\/agora.xtec.cat\/escolalesvinyes\/wp-json\/wp\/v2\/pages\/4445\/revisions\/4449"}],"up":[{"embeddable":true,"href":"https:\/\/agora.xtec.cat\/escolalesvinyes\/wp-json\/wp\/v2\/pages\/22"}],"wp:attachment":[{"href":"https:\/\/agora.xtec.cat\/escolalesvinyes\/wp-json\/wp\/v2\/media?parent=4445"}],"curies":[{"name":"wp","href":"https:\/\/api.w.org\/{rel}","templated":true}]}}