{"id":36,"date":"2014-09-18T12:33:11","date_gmt":"2014-09-18T10:33:11","guid":{"rendered":"http:\/\/agora.xtec.cat\/escolalesvinyes\/?page_id=36"},"modified":"2025-07-09T12:50:10","modified_gmt":"2025-07-09T10:50:10","slug":"material-escolar","status":"publish","type":"page","link":"https:\/\/agora.xtec.cat\/escolalesvinyes\/lescola\/material-escolar\/","title":{"rendered":"Material escolar 25-26"},"content":{"rendered":"<p><strong><u>EDUCACI\u00d3 INFANTIL 3 ANYS<\/u><\/strong><\/p>\n<p>Els nens i nenes han de portar a l&#8217;escola:<\/p>\n<ul>\n<li>Una capsa de mocadors de paper<\/li>\n<li>Una bossa de roba amb una muda<\/li>\n<li>Mitjons antilliscants<\/li>\n<li>Sabatilles d\u2019estar per casa, que agafin b\u00e9 el peu<\/li>\n<li>Una bata amb una beta ampla, preferiblement de botons<\/li>\n<\/ul>\n<p>Cada dia a la motxilla han de dur:<\/p>\n<ul>\n<li>Una bossa de roba petita amb l\u2019esmorzar i un tovall\u00f3<\/li>\n<li>Una ampolla plena d\u2019aigua, preferiblement d&#8217;acer o vidre (anir\u00e0 casa-escola cada dia)<\/li>\n<\/ul>\n<p><span style=\"text-decoration: underline;\"><strong>EDUCACI\u00d3 INFANTIL 4 ANYS<\/strong><\/span><\/p>\n<p>Els nens i nenes han de portar a l&#8217;escola:<\/p>\n<ul>\n<li>Una capsa de mocadors de paper<\/li>\n<li>Una bossa de roba amb una muda<\/li>\n<li>La bossa de roba per portar els treballs<\/li>\n<li>Els mitjons antilliscants<\/li>\n<li>Unes sabatilles d\u2019estar per casa, que agafin b\u00e9 el peu<\/li>\n<li>Una bata amb una beta ampla<\/li>\n<li>La llibreta taronja dels espais DAU<\/li>\n<li>Diaris vells<\/li>\n<\/ul>\n<p>Cada dia a la motxilla han de dur:<\/p>\n<ul>\n<li>Una bossa de roba petita amb l\u2019esmorzar i un tovall\u00f3<\/li>\n<li>Una ampolla petita plena d\u2019aigua, preferiblement d&#8217;acer o vidre<\/li>\n<\/ul>\n<p><strong><span style=\"text-decoration: underline;\">EDUCACI\u00d3 INFANTIL 5 ANYS<\/span><\/strong><\/p>\n<p>Els nens i nenes han de portar a l&#8217;escola:<\/p>\n<ul>\n<li>Una capsa de mocadors de paper<\/li>\n<li>Una bossa de roba amb una muda<\/li>\n<li>La bossa de roba per portar els treballs<\/li>\n<li>Els mitjons antilliscants<\/li>\n<li>Unes sabatilles d\u2019estar per casa, que agafin b\u00e9 el peu<\/li>\n<li>Una bata amb una beta ampla<\/li>\n<li>La llibreta taronja dels espais DAU<\/li>\n<li>Diaris vells<\/li>\n<\/ul>\n<p>Cada dia a la motxilla han de dur:<\/p>\n<ul>\n<li>Una bossa de roba petita amb l\u2019esmorzar i un tovall\u00f3<\/li>\n<li>Una ampolla petita plena d\u2019aigua, preferiblement d&#8217;acer o vidre<\/li>\n<\/ul>\n<p><strong><u>1r de PRIM\u00c0RIA<\/u><\/strong><\/p>\n<p>Els nens i nenes han de portar a l&#8217;escola:<\/p>\n<ul>\n<li>Una bata amb una beta de 20 cm de llargada<\/li>\n<li>Una capsa de mocadors i un paquet de tovalloletes humides<\/li>\n<li>Una ampolla petita plena d\u2019aigua, preferiblement d&#8217;acer o vidre<\/li>\n<li>Un estoig lliure, de cremallera, no met\u00e0l\u00b7lic<\/li>\n<li>La bossa de roba per portar els treballs<\/li>\n<li>Unes sabatilles d\u2019estar per casa, que agafin b\u00e9 el peu<\/li>\n<li>Una bossa de roba amb una muda completa<\/li>\n<li>Diaris vells<\/li>\n<li>Auriculars de diadema<\/li>\n<\/ul>\n<p><strong>MATERIAL RECOMANAT PER TENIR A CASA <\/strong><\/p>\n<ul>\n<li>Estoig<\/li>\n<li>Llapis i goma<\/li>\n<li>Colors (o retoladors, ceres, plastidecors, pintura&#8230;)<\/li>\n<li>Regle<\/li>\n<li>Tisores<\/li>\n<li>Cola<\/li>\n<li>Maquineta<\/li>\n<li>Fulls o llibreta<\/li>\n<\/ul>\n<p><strong><u>2n de PRIM\u00c0RIA<\/u><\/strong><\/p>\n<p>Els nens i nenes han de portar a l&#8217;escola:<\/p>\n<ul>\n<li>Una bata amb una beta de 20 cm de llargada<\/li>\n<li>Una capsa de mocadors i un paquet de tovalloletes humides<\/li>\n<li>Diaris vells<\/li>\n<li>Una ampolla petita plena d\u2019aigua, preferiblement d&#8217;acer o vidre<\/li>\n<li>Les tasques d\u2019estiu<\/li>\n<li>Unes sabatilles d\u2019estar per casa, que agafin b\u00e9 el peu<\/li>\n<li>La bossa de roba per portar els treballs<\/li>\n<li>L\u2019estoig lliure, de cremallera, no met\u00e0l\u00b7lic<\/li>\n<li>El sobre verd<\/li>\n<\/ul>\n<p><strong>MATERIAL RECOMANAT PER TENIR A CASA <\/strong><\/p>\n<ul>\n<li>Estoig<\/li>\n<li>Llapis i goma<\/li>\n<li>Colors (o retoladors, ceres, plastidecors, pintura&#8230;)<\/li>\n<li>Regle<\/li>\n<li>Tisores<\/li>\n<li>Cola<\/li>\n<li>Maquineta<\/li>\n<li>Fulls\u00a0 o llibreta<\/li>\n<\/ul>\n<p><strong><u>3r de PRIM\u00c0RIA<\/u><\/strong><\/p>\n<p>Els nens i nenes han de portar a l&#8217;escola:<\/p>\n<ul>\n<li>Una bata amb una beta de 20 cm de llargada<\/li>\n<li>Una capsa de mocadors<\/li>\n<li>Una ampolla petita plena d\u2019aigua, preferiblement d&#8217;acer o vidre<\/li>\n<li>Diaris vells<\/li>\n<li>Uns guants de jardiner<\/li>\n<li>L\u2019estoig lliure, de cremallera, no met\u00e0l\u00b7lic<\/li>\n<li>La bossa de roba per portar els treballs<\/li>\n<li>Unes sabatilles d\u2019estar per casa, que agafin b\u00e9 el peu<\/li>\n<li>Les tasques d\u2019estiu dins el sobre verd<\/li>\n<\/ul>\n<p><strong>MATERIAL RECOMANAT PER TENIR A CASA <\/strong><\/p>\n<ul>\n<li>Llapis<\/li>\n<li>Goma<\/li>\n<li>Maquineta<\/li>\n<li>Bol\u00edgraf blau i negre<\/li>\n<li>Alguns retoladors i colors<\/li>\n<li>Fluorescents<\/li>\n<li>Un regle de 20cm<\/li>\n<li>Un comp\u00e0s<\/li>\n<li>Un transportador d\u2019angles<\/li>\n<li>Un diccionari catal\u00e0<\/li>\n<\/ul>\n<p><strong><u>4t de PRIM\u00c0RIA<\/u><\/strong><\/p>\n<p>Els nens i nenes han de portar a l&#8217;escola:<\/p>\n<ul>\n<li>Una bata amb una beta de 20 cm de llargada<\/li>\n<li>Una capsa de mocadors<\/li>\n<li>Una ampolla petita plena d\u2019aigua, preferiblement d&#8217;acer o vidre<\/li>\n<li>Diaris vells<\/li>\n<li>La flauta dol\u00e7a<\/li>\n<li>Els guants de jardiner<\/li>\n<li>L\u2019estoig lliure, de cremallera, no met\u00e0l\u00b7lic<\/li>\n<li>La bossa de roba per portar els treballs<\/li>\n<li>Unes sabatilles d\u2019estar per casa, que agafin b\u00e9 el peu<\/li>\n<li>Les tasques d\u2019estiu dins del sobre verd<\/li>\n<li>La bossa de l&#8217;hort (aquarel\u00b7les, llibreta versa i estoig)<\/li>\n<\/ul>\n<p><strong>MATERIAL RECOMANAT PER TENIR A CASA <\/strong><\/p>\n<ul>\n<li>Llapis<\/li>\n<li>Goma<\/li>\n<li>Maquineta<\/li>\n<li>Bol\u00edgraf blau i negre<\/li>\n<li>Alguns retoladors i colors<\/li>\n<li>Fluorescents<\/li>\n<li>Un regle de 20cm<\/li>\n<li>Un comp\u00e0s<\/li>\n<li>Un transportador d\u2019angles<\/li>\n<li>Un diccionari catal\u00e0<\/li>\n<\/ul>\n<p><strong><u>5\u00e8 de PRIM\u00c0RIA<\/u><\/strong><\/p>\n<p>Els nens i nenes han de portar a l&#8217;escola:<\/p>\n<ul>\n<li>Una bata amb una beta de 20 cm de llargada<\/li>\n<li>Una capsa de mocadors<\/li>\n<li>La carpeta d&#8217;aprenentatge amb fulls a dins<\/li>\n<li>Una ampolla petita plena d\u2019aigua, preferiblement d&#8217;acer o vidre<\/li>\n<li>El sobre verd dels informes amb les tasques d\u2019estiu<\/li>\n<li>La flauta dol\u00e7a<\/li>\n<li>Diaris vells<\/li>\n<li>L\u2019estoig lliure, de cremallera, no met\u00e0l\u00b7lic<\/li>\n<li>La bossa de roba per portar els treballs<\/li>\n<li>Unes sabatilles d\u2019estar per casa, que agafin b\u00e9 el peu<\/li>\n<li>Necesser amb samarreta de recanvi i tovallola petita<\/li>\n<\/ul>\n<p><strong>MATERIAL RECOMANAT PER TENIR A CASA <\/strong><\/p>\n<ul>\n<li>Diccionaris en Llengua catalana, castellana i anglesa<\/li>\n<li>Comp\u00e0s, regles i transportador d\u2019angles<\/li>\n<li>Calculadora<\/li>\n<li>Bol\u00edgrafs: blau, negre i verd<\/li>\n<li>Llapis i goma<\/li>\n<li>Alguns retoladors i colors<\/li>\n<li>Marcadors fluorescents de colors<\/li>\n<\/ul>\n<p><strong><u>6\u00e8 de PRIM\u00c0RIA<\/u><\/strong><\/p>\n<p>Els nens i nenes han de portar a l&#8217;escola:<\/p>\n<ul>\n<li>Una bata amb una beta de 20 cm de llargada<\/li>\n<li>Una capsa de mocadors<\/li>\n<li>La carpeta d&#8217;aprenentatge amb fulls a dins<\/li>\n<li>Una ampolla petita plena d\u2019aigua, preferiblement d&#8217;acer o vidre<\/li>\n<li>El sobre verd amb les tasques d\u2019estiu<\/li>\n<li>Diaris vells<\/li>\n<li>L\u2019estoig lliure, de cremallera, no met\u00e0l\u00b7lic<\/li>\n<li>La bossa de roba per portar els treballs<\/li>\n<li>Unes sabatilles d\u2019estar per casa, que agafin b\u00e9 el peu<\/li>\n<li>Necesser amb samarreta de recanvi i tovallola petita<\/li>\n<li>El <em>Di\u00e1rio de la Gratitud<\/em> del curs anterior<\/li>\n<\/ul>\n<p><strong>MATERIAL RECOMANAT PER TENIR A CASA <\/strong><\/p>\n<ul>\n<li>Diccionaris en Llengua catalana, castellana i anglesa<\/li>\n<li>Comp\u00e0s, regles i transportador d\u2019angles<\/li>\n<li>Bol\u00edgrafs: blau, negre i verd<\/li>\n<li>Punta fina: negre<\/li>\n<li>Llapis i goma<\/li>\n<li>Alguns retoladors i colors<\/li>\n<li>Marcadors fluorescents de colors<\/li>\n<\/ul>\n<h3>MATERIALS PROPIS DE L&#8217;ESCOLA<\/h3>\n<ul>\n<li><strong>Material d&#8217;INNOVAMAT<\/strong> (prismes, diners, cartes, fitxes, etc.)<\/li>\n<li><strong>Material d&#8217;experimentaci\u00f3<\/strong> (elements de la natura: minimons del bosc, del mar, etc.)<\/li>\n<li><strong>Jocs de taula<\/strong> (parx\u00eds, escacs, puzles, mem\u00f2ries, bingos, baralles de cartes, jocs diversos, etc.)<\/li>\n<li><strong>Jocs de construcci\u00f3<\/strong> (Legos, fustes grans, formes geom\u00e8triques, taps, etc.)<\/li>\n<li><strong>Material psicomotricitat<\/strong> (matalassos, pilotes, cordes, xanques, cercles, peces de psicomotricitat, etc.)<\/li>\n<li><strong>Material esportiu<\/strong> (pilotes de b\u00e0squet, pilotes de futbol, pilotes d&#8217;handbol, pilotes de voleibol, raquetes de b\u00e0dminton, estics d&#8217;hoquei, bats de beisbol, matalassos, cordes, cercles, etc.)<\/li>\n<li><strong>Instruments musicals<\/strong> (xil\u00f2fons, flautes, campanetes, carrill\u00f3, cr\u00f2tals, panderetes, claus, teclat, triangles, caixes xineses, carraques, esquellot, ukeleles, etc.)<\/li>\n<li><strong>Material fungible<\/strong> (bol\u00edgrafs de diferents colors, llibretes, llapis, goma, tisores, cola de barra, retoladors, etc.)<\/li>\n<li><strong>Material pl\u00e0stica<\/strong> (pintures, pinzells, goma eva, cartolines, plastilina, etc.)<\/li>\n<li><strong>Llibres de lectura<\/strong><\/li>\n<\/ul>\n","protected":false},"excerpt":{"rendered":"<p>EDUCACI\u00d3 INFANTIL 3 ANYS Els nens i nenes han de portar a l&#8217;escola: Una capsa de mocadors de paper Una bossa de roba amb una muda Mitjons antilliscants Sabatilles d\u2019estar per casa, que agafin b\u00e9 el peu Una bata amb una beta ampla, preferiblement de botons Cada dia a la motxilla han de dur: Una [&hellip;]<\/p>\n","protected":false},"author":1,"featured_media":0,"parent":22,"menu_order":70,"comment_status":"closed","ping_status":"closed","template":"page-templates\/side-menu.php","meta":{"_bbp_topic_count":0,"_bbp_reply_count":0,"_bbp_total_topic_count":0,"_bbp_total_reply_count":0,"_bbp_voice_count":0,"_bbp_anonymous_reply_count":0,"_bbp_topic_count_hidden":0,"_bbp_reply_count_hidden":0,"_bbp_forum_subforum_count":0,"site-sidebar-layout":"default","site-content-layout":"","ast-site-content-layout":"","site-content-style":"default","site-sidebar-style":"default","ast-global-header-display":"","ast-banner-title-visibility":"","ast-main-header-display":"","ast-hfb-above-header-display":"","ast-hfb-below-header-display":"","ast-hfb-mobile-header-display":"","site-post-title":"","ast-breadcrumbs-content":"","ast-featured-img":"","footer-sml-layout":"","theme-transparent-header-meta":"","adv-header-id-meta":"","stick-header-meta":"","header-above-stick-meta":"","header-main-stick-meta":"","header-below-stick-meta":"","astra-migrate-meta-layouts":"default","ast-page-background-enabled":"default","ast-page-background-meta":{"desktop":{"background-color":"var(--ast-global-color-4)","background-image":"","background-repeat":"repeat","background-position":"center center","background-size":"auto","background-attachment":"scroll","background-type":"","background-media":"","overlay-type":"","overlay-color":"","overlay-opacity":"","overlay-gradient":""},"tablet":{"background-color":"","background-image":"","background-repeat":"repeat","background-position":"center center","background-size":"auto","background-attachment":"scroll","background-type":"","background-media":"","overlay-type":"","overlay-color":"","overlay-opacity":"","overlay-gradient":""},"mobile":{"background-color":"","background-image":"","background-repeat":"repeat","background-position":"center center","background-size":"auto","background-attachment":"scroll","background-type":"","background-media":"","overlay-type":"","overlay-color":"","overlay-opacity":"","overlay-gradient":""}},"ast-content-background-meta":{"desktop":{"background-color":"var(--ast-global-color-5)","background-image":"","background-repeat":"repeat","background-position":"center center","background-size":"auto","background-attachment":"scroll","background-type":"","background-media":"","overlay-type":"","overlay-color":"","overlay-opacity":"","overlay-gradient":""},"tablet":{"background-color":"var(--ast-global-color-5)","background-image":"","background-repeat":"repeat","background-position":"center center","background-size":"auto","background-attachment":"scroll","background-type":"","background-media":"","overlay-type":"","overlay-color":"","overlay-opacity":"","overlay-gradient":""},"mobile":{"background-color":"var(--ast-global-color-5)","background-image":"","background-repeat":"repeat","background-position":"center center","background-size":"auto","background-attachment":"scroll","background-type":"","background-media":"","overlay-type":"","overlay-color":"","overlay-opacity":"","overlay-gradient":""}},"footnotes":""},"class_list":["post-36","page","type-page","status-publish","hentry"],"post_mailing_queue_ids":[],"_links":{"self":[{"href":"https:\/\/agora.xtec.cat\/escolalesvinyes\/wp-json\/wp\/v2\/pages\/36","targetHints":{"allow":["GET"]}}],"collection":[{"href":"https:\/\/agora.xtec.cat\/escolalesvinyes\/wp-json\/wp\/v2\/pages"}],"about":[{"href":"https:\/\/agora.xtec.cat\/escolalesvinyes\/wp-json\/wp\/v2\/types\/page"}],"author":[{"embeddable":true,"href":"https:\/\/agora.xtec.cat\/escolalesvinyes\/wp-json\/wp\/v2\/users\/1"}],"replies":[{"embeddable":true,"href":"https:\/\/agora.xtec.cat\/escolalesvinyes\/wp-json\/wp\/v2\/comments?post=36"}],"version-history":[{"count":7,"href":"https:\/\/agora.xtec.cat\/escolalesvinyes\/wp-json\/wp\/v2\/pages\/36\/revisions"}],"predecessor-version":[{"id":6538,"href":"https:\/\/agora.xtec.cat\/escolalesvinyes\/wp-json\/wp\/v2\/pages\/36\/revisions\/6538"}],"up":[{"embeddable":true,"href":"https:\/\/agora.xtec.cat\/escolalesvinyes\/wp-json\/wp\/v2\/pages\/22"}],"wp:attachment":[{"href":"https:\/\/agora.xtec.cat\/escolalesvinyes\/wp-json\/wp\/v2\/media?parent=36"}],"curies":[{"name":"wp","href":"https:\/\/api.w.org\/{rel}","templated":true}]}}