{"id":3537,"date":"2022-11-26T19:23:40","date_gmt":"2022-11-26T18:23:40","guid":{"rendered":"https:\/\/agora.xtec.cat\/escolalesvinyes\/?page_id=3537"},"modified":"2022-11-26T22:55:19","modified_gmt":"2022-11-26T21:55:19","slug":"la-nostra-historia","status":"publish","type":"page","link":"https:\/\/agora.xtec.cat\/escolalesvinyes\/lescola\/la-nostra-historia\/","title":{"rendered":"Hist\u00f2ria"},"content":{"rendered":"<p style=\"font-weight: 400;\">Molts infants, fam\u00edlies i mestres, fa m\u00e9s d&#8217;un segle que construeixen la hist\u00f2ria d&#8217;aquesta escola p\u00fablica. Una escola que avui en dia es declara catalana, apol\u00edtica i aconfessional i la que, inequ\u00edvocament, defensa els drets i llibertats de totes les persones, independentment del seu lloc d\u2019origen, ra\u00e7a, g\u00e8nere i creen\u00e7a religiosa<\/p>\n<p style=\"font-weight: 400;\">Tant \u00e9s aix\u00ed que, l&#8217;any 1913, es va construir l&#8217;actual edifici de l&#8217;Ajuntament al carrer Sant Antoni, amb la finalitat de donar un doble servei al poble: el d&#8217;ajuntament pr\u00f2piament dit i l&#8217;educatiu. Per aquesta ra\u00f3, a la planta baixa s&#8217;hi van ubicar dues aules unit\u00e0ries per nens i nenes, una a cada cant\u00f3. Les depend\u00e8ncies del consistori ocupaven la part central del primer pis i va quedar a banda i banda dues habitances. Una pel mestre i l&#8217;altra per la mestra, com era costum en aquella \u00e8poca.<\/p>\n<p style=\"font-weight: 400;\">No va ser fins passat mig segle, l&#8217;any 1969, quan es va construir l&#8217;escola actual als afores del poble, concretament al cam\u00ed de la masia. Aquesta no tenia habitatge pels docents, els quals continuaven residint en els pisos de l&#8217;Ajuntament. L&#8217;escola nova constava simplement de dues aules unit\u00e0ries. Els nens i nenes van plantar i fer cr\u00e9ixer dues fileres d&#8217;arbres a la part central, alternant les am\u00e8lies amb els lledoners, que avui encara es conserven, aix\u00f2 s\u00ed, ja molt m\u00e9s grans i sent testimonis del pas del temps. A l&#8217;edifici, el que estava envoltat de vinyes, s&#8217;hi accedia per un cam\u00ed. Cal recordar que en aquella \u00e8poca, la segona etapa de l&#8217;Ensenyament General B\u00e0sic, s&#8217;impartia a l&#8217;escola Balt\u00e0 Elies de Vilafranca, anomenada tamb\u00e9 &#8220;les comarcals&#8221; pel fet de ser l&#8217;escola receptora dels nens i nenes de la comarca.<\/p>\n<p style=\"font-weight: 400;\">M\u00e9s endavant, l&#8217;any 1979, va ser una data remarcable pel centre educatiu del nostre poble. L&#8217;escola deixava de ser unit\u00e0ria de nens i de nenes per passar a ser <em>Graduada Mixta<\/em>. A m\u00e9s, es va incrementar la plantilla de dos a tres mestres, creant-se l&#8217;aula de parvulari, coneguda avui com a infantil. Passaven els anys i el nombre d&#8217;alumnes continuava creixent. Tant, que la manca d&#8217;espai va obligar a habilitar els antics col\u00b7legis de l&#8217;Ajuntament. Aix\u00ed doncs, durant dotze anys, el parvulari quedava separat f\u00edsicament de l&#8217;escola. Per\u00f2 l&#8217;any 79 continuava sent de canvis, i aquell mateix curs, es va sol\u00b7licitar a la &#8220;Comissi\u00f3 Mixta&#8221; formada pel <span class=\"hiddenSpellError\">Ministerio<\/span>\u00a0<span class=\"hiddenGrammarError\">de Educaci\u00f3n<\/span>\u00a0<span class=\"hiddenGrammarError\">y<\/span>\u00a0<span class=\"hiddenSpellError\">Ciencia<\/span>\u00a0i la Generalitat de Catalunya, poder impartir l&#8217;ensenyament en llengua catalana. A principis de desembre, per fi, arrib\u00e0 l&#8217;autoritzaci\u00f3 i l&#8217;escola va passar a ser catalana oficialment.<\/p>\n<p style=\"font-weight: 400;\">Abans d&#8217;iniciar el curs 1986-87, es va veure la conveni\u00e8ncia d&#8217;impartir la segona etapa de l&#8217;Ensenyament General B\u00e0sic en un col\u00b7legi de tipologia similar, ja que per la manca d&#8217;espai que encara hi havia, no es podia fer al mateix poble. Per aquest motiu es va procedir a fer un canvi. El col\u00b7legi m\u00e9s proper on s&#8217;impartia 6\u00e8, 7\u00e8, 8\u00e8 i amb servei de menjador era el de Lavern.<\/p>\n<p style=\"font-weight: 400;\">Un curs m\u00e9s, tard, l&#8217;any 1988, juntament amb Sant Pere\u00a0<span class=\"hiddenSpellError\">Molanta<\/span> i Avinyonet del Pened\u00e8s, es form\u00e0 una zona escolar rural amb la finalitat de treballar conjuntament alguns aspectes i afavorir la conviv\u00e8ncia amb altres nens i nenes, ja que el nombre d&#8217;alumnes de cada centre era redu\u00eft. El Departament d&#8217;Ensenyament, ara dit Departament d&#8217;Educaci\u00f3, va dotar aquell curs a la <span class=\"hiddenSpellError\">ZER<\/span> de les primeres mestres especialistes en llengua anglesa i m\u00fasica. L&#8217;educaci\u00f3 f\u00edsica, aquells anys, encara anava c\u00e0rrec de l&#8217;Ajuntament.<\/p>\n<p style=\"font-weight: 400;\">S&#8217;acostaven les Olimp\u00edades de Barcelona, i amb elles, un canvi tecnol\u00f2gic a tot el pa\u00eds. El curs 1990-91, el Departament d&#8217;Ensenyament va dotar a la\u00a0<em><span class=\"hiddenSpellError\">ZER<\/span>\u00a0Font del Cusc\u00f3<\/em> amb el primer equipament inform\u00e0tic i tamb\u00e9 s&#8217;iniciaven les obres d&#8217;ampliaci\u00f3. Va ser el novembre de 1992 quan aquestes es van inaugurar i aix\u00ed, es configurava una escola m\u00e9s nova, moderna i acollidora.<\/p>\n<p style=\"font-weight: 400;\">Passaven els anys i el 23 d&#8217;abril de 1998, per Sant Jordi, es va publicar el primer n\u00famero de la revista elaborada pels alumnes L&#8217;amic de l&#8217;escola. Un any abans, per\u00f2, va haver-hi canvis a la\u00a0<span class=\"hiddenSpellError\">ZER<\/span>. El centre de Sant Pere se&#8217;n desvincularia i s&#8217;hi va integrar el d&#8217;Olesa de Bonesvalls.<\/p>\n<p style=\"font-weight: 400;\">Aquell mateix curs, amb tres nenes i dos nens, es posava en marxa la llar d&#8217;infants en una aula i el 9 de novembre, per iniciativa i voluntat de les mestres i l&#8217;associaci\u00f3 de pares, salvant molts contratemps i entrebancs, va comen\u00e7ar el servei de menjador.<\/p>\n<p style=\"font-weight: 400;\">Entrant ja al segle XXI, concretament el curs 1999-2000, es va iniciar el servei d&#8217;acollida per part de l&#8217;Ajuntament. Aix\u00f2 va permetre que els pares poguessin portar els seus fills a l&#8217;escola abans de l&#8217;horari establert, que aleshores era a dos quarts de deu del mat\u00ed. Els mestres d&#8217;aleshores, els del curs 2000-01 van arrencar dos projectes nous d&#8217;escola: l&#8217;estaci\u00f3 meteorol\u00f2gica i l&#8217;hort. A m\u00e9s, tamb\u00e9 si va habilitar un sorral pels m\u00e9s menuts.<\/p>\n<p style=\"font-weight: 400;\">Ara si, amb l&#8217;entrada del nou segle i amb la desaparici\u00f3 de la Pesseta, exactament el 14 de desembre del 2002, es va inaugurar la nova Llar d&#8217;Infants, batejada amb el nom de La Balena a causa de la singular forma de l&#8217;edifici. L&#8217;expansi\u00f3 seguiria i tan sols un any despr\u00e9s, es va construir el nou menjador, annex a la llar d&#8217;infants, i on avui dia hi ha ubicada la sala de mestres i un petit magatzem. I per finalitzar aquesta ampliaci\u00f3 de l&#8217;escola, justament el mar\u00e7 de 2005, s&#8217;inauguraren dues aules noves, afegides a la part Nord- Oest de l&#8217;edifici amb la pres\u00e8ncia de la consellera d&#8217;Ensenyament Marta Cid.<\/p>\n<p style=\"font-weight: 400;\">El temps avan\u00e7ava de la mateixa manera que ho feien els canvis i \u00e9s que el curs 2006-07 comen\u00e7a amb un canvi substancial: s&#8217;implanta, com a la resta del pa\u00eds, la sisena hora. A m\u00e9s, l&#8217;escola canvia de nom i passa a ser de manera oficial <em>Les Vinyes<\/em>. Al centre, \u00e9s reconeguda la figura de Cap d&#8217;Estudis i els alumnes comencen a treballar a l&#8217;aula d&#8217;inform\u00e0tica a l&#8217;horari d&#8217;estiu. L&#8217;ajuntament cobreix la pista poliesportiva i, per altra banda, s&#8217;acorda junt amb el Departament d&#8217;Ensenyament, instal\u00b7lar dues aules prefabricades al pati, en espera d&#8217;una futura <span style=\"font-family: inherit; font-size: 1em;\">ampliaci\u00f3 de l&#8217;escola.<\/span><\/p>\n<p style=\"font-weight: 400;\">De mica en mica, la poblaci\u00f3 de Sant Cugat va creixent, i aix\u00f2 esdev\u00e9 a qu\u00e8 el curs 2011-12, l&#8217;escola passi a ser d&#8217;una l\u00ednia. El mes de juliol del mateix any, s&#8217;inicia la construcci\u00f3 de la primera fase del nou projecte d&#8217;ampliaci\u00f3 d&#8217;escola que preveu la construcci\u00f3 de dues aules adjacents a l&#8217;edifici. El mes de novembre l&#8217;alumnat de cicle mitj\u00e0 es trasllada a les noves aules.<\/p>\n<p style=\"font-weight: 400;\">Ja al passat curs 2016-17 s&#8217;instal\u00b7la un m\u00f2dul de menjador a la zona que hi ha entre l&#8217;escola i la zona esportiva que facilita que tot l&#8217;alumnat pugui dinar en un sol torn. Nom\u00e9s passat un any, es fa realitat la primera fase de transformaci\u00f3 de l&#8217;espai de la nova biblioteca escolar, partint del projecte de biblioteca i aconseguint un espai c\u00e0lid, amb la col\u00b7locaci\u00f3 de parquet i el disseny d&#8217;un bosc encantat creat per l&#8217;artista Joan Ram\u00f3n Buisan.<\/p>\n<p>A principis de l&#8217;any 2020, l&#8217;escola es va trobar davant d&#8217;un fet extraordinari i nom\u00e9s precedit per moments hist\u00f2rics de la nostra societat. Una pand\u00e8mia a escala mundial va afectar tamb\u00e9 a Catalunya i per indicacions de la Conselleria de Salut, tots els centres educatius del pa\u00eds van tancar les portes el 13 de mar\u00e7 d&#8217;aquell mateix any i, per tant, les classes van quedar suspeses de facto. No va ser fins al setembre del curs seg\u00fcent que l&#8217;escola va tornar a obrir, aix\u00f2 s\u00ed, amb unes mesures de prevenci\u00f3 de contagi mai vistes i que van ser tot un repte organitzatiu per alumnes i mestres.<\/p>\n<p>Avui en dia, l&#8217;escola continua prestant un servei p\u00fablic als infants del poble i els alumnes i docents que en formen part, aspirem a contribuir, de manera positiva, a la seva hist\u00f2ria.<\/p>\n","protected":false},"excerpt":{"rendered":"<p>Molts infants, fam\u00edlies i mestres, fa m\u00e9s d&#8217;un segle que construeixen la hist\u00f2ria d&#8217;aquesta escola p\u00fablica. Una escola que avui en dia es declara catalana, apol\u00edtica i aconfessional i la que, inequ\u00edvocament, defensa els drets i llibertats de totes les persones, independentment del seu lloc d\u2019origen, ra\u00e7a, g\u00e8nere i creen\u00e7a religiosa Tant \u00e9s aix\u00ed que, [&hellip;]<\/p>\n","protected":false},"author":27,"featured_media":0,"parent":22,"menu_order":10,"comment_status":"closed","ping_status":"closed","template":"page-templates\/side-menu.php","meta":{"_bbp_topic_count":0,"_bbp_reply_count":0,"_bbp_total_topic_count":0,"_bbp_total_reply_count":0,"_bbp_voice_count":0,"_bbp_anonymous_reply_count":0,"_bbp_topic_count_hidden":0,"_bbp_reply_count_hidden":0,"_bbp_forum_subforum_count":0,"site-sidebar-layout":"default","site-content-layout":"","ast-site-content-layout":"","site-content-style":"default","site-sidebar-style":"default","ast-global-header-display":"","ast-banner-title-visibility":"","ast-main-header-display":"","ast-hfb-above-header-display":"","ast-hfb-below-header-display":"","ast-hfb-mobile-header-display":"","site-post-title":"","ast-breadcrumbs-content":"","ast-featured-img":"","footer-sml-layout":"","theme-transparent-header-meta":"","adv-header-id-meta":"","stick-header-meta":"","header-above-stick-meta":"","header-main-stick-meta":"","header-below-stick-meta":"","astra-migrate-meta-layouts":"default","ast-page-background-enabled":"default","ast-page-background-meta":{"desktop":{"background-color":"var(--ast-global-color-4)","background-image":"","background-repeat":"repeat","background-position":"center center","background-size":"auto","background-attachment":"scroll","background-type":"","background-media":"","overlay-type":"","overlay-color":"","overlay-opacity":"","overlay-gradient":""},"tablet":{"background-color":"","background-image":"","background-repeat":"repeat","background-position":"center center","background-size":"auto","background-attachment":"scroll","background-type":"","background-media":"","overlay-type":"","overlay-color":"","overlay-opacity":"","overlay-gradient":""},"mobile":{"background-color":"","background-image":"","background-repeat":"repeat","background-position":"center center","background-size":"auto","background-attachment":"scroll","background-type":"","background-media":"","overlay-type":"","overlay-color":"","overlay-opacity":"","overlay-gradient":""}},"ast-content-background-meta":{"desktop":{"background-color":"var(--ast-global-color-5)","background-image":"","background-repeat":"repeat","background-position":"center center","background-size":"auto","background-attachment":"scroll","background-type":"","background-media":"","overlay-type":"","overlay-color":"","overlay-opacity":"","overlay-gradient":""},"tablet":{"background-color":"var(--ast-global-color-5)","background-image":"","background-repeat":"repeat","background-position":"center center","background-size":"auto","background-attachment":"scroll","background-type":"","background-media":"","overlay-type":"","overlay-color":"","overlay-opacity":"","overlay-gradient":""},"mobile":{"background-color":"var(--ast-global-color-5)","background-image":"","background-repeat":"repeat","background-position":"center center","background-size":"auto","background-attachment":"scroll","background-type":"","background-media":"","overlay-type":"","overlay-color":"","overlay-opacity":"","overlay-gradient":""}},"footnotes":""},"class_list":["post-3537","page","type-page","status-publish","hentry"],"post_mailing_queue_ids":[],"_links":{"self":[{"href":"https:\/\/agora.xtec.cat\/escolalesvinyes\/wp-json\/wp\/v2\/pages\/3537","targetHints":{"allow":["GET"]}}],"collection":[{"href":"https:\/\/agora.xtec.cat\/escolalesvinyes\/wp-json\/wp\/v2\/pages"}],"about":[{"href":"https:\/\/agora.xtec.cat\/escolalesvinyes\/wp-json\/wp\/v2\/types\/page"}],"author":[{"embeddable":true,"href":"https:\/\/agora.xtec.cat\/escolalesvinyes\/wp-json\/wp\/v2\/users\/27"}],"replies":[{"embeddable":true,"href":"https:\/\/agora.xtec.cat\/escolalesvinyes\/wp-json\/wp\/v2\/comments?post=3537"}],"version-history":[{"count":3,"href":"https:\/\/agora.xtec.cat\/escolalesvinyes\/wp-json\/wp\/v2\/pages\/3537\/revisions"}],"predecessor-version":[{"id":3541,"href":"https:\/\/agora.xtec.cat\/escolalesvinyes\/wp-json\/wp\/v2\/pages\/3537\/revisions\/3541"}],"up":[{"embeddable":true,"href":"https:\/\/agora.xtec.cat\/escolalesvinyes\/wp-json\/wp\/v2\/pages\/22"}],"wp:attachment":[{"href":"https:\/\/agora.xtec.cat\/escolalesvinyes\/wp-json\/wp\/v2\/media?parent=3537"}],"curies":[{"name":"wp","href":"https:\/\/api.w.org\/{rel}","templated":true}]}}