{"id":3473,"date":"2022-11-10T15:50:53","date_gmt":"2022-11-10T14:50:53","guid":{"rendered":"https:\/\/agora.xtec.cat\/escolalesvinyes\/?page_id=3473"},"modified":"2026-02-20T14:44:05","modified_gmt":"2026-02-20T13:44:05","slug":"consell-dinfants","status":"publish","type":"page","link":"https:\/\/agora.xtec.cat\/escolalesvinyes\/consell-dinfants\/","title":{"rendered":"Consell d&#8217;Infants"},"content":{"rendered":"<p>Un 25 d&#8217;octubre, concretament del 2022, el Consell d&#8217;Infants de Sant Cugat Sesgarrigues, va proposar-nos tenir a la p\u00e0gina web de l&#8217;escola un espai propi i aix\u00ed fer una major difusi\u00f3 dels seus acords i actes. Nosaltres, encantats amb aquesta iniciativa, obrim aquest p\u00e0gina on podreu estar al corrent de tot el que decideixen les nenes i nens del poble a trav\u00e9s dels seus representats.<\/p>\n<hr \/>\n<p>30. Us fem arribar el resum de la reuni\u00f3 que el Consell d\u2019Infants va celebrar el passat 17 de febrer al Centre C\u00edvic. Vam sortir a visitar la pla\u00e7a de l\u2019Era per proposar millores!<\/p>\n<p><a href=\"https:\/\/agora.xtec.cat\/escolalesvinyes\/wp-content\/uploads\/usu634\/2026\/02\/Acta-SCS-febrer-26.pdf\">Acta SCS febrer 26<\/a><\/p>\n<hr \/>\n<p>29. Us fem arribar el resum de la reuni\u00f3 que el Consell d\u2019Infants va celebrar el passat 20 de gener al Centre C\u00edvic. Durant la sessi\u00f3 van debatre sobre quin projecte creien que caldria fer aquest curs, i van decidir proposar millores pels parcs.<\/p>\n<p><a href=\"https:\/\/agora.xtec.cat\/escolalesvinyes\/wp-content\/uploads\/usu634\/2026\/01\/Acta-SCS-gener-26.pdf\">Acta SCS gener 26<\/a><\/p>\n<hr \/>\n<p>28. Us fem arribar el resum de la reuni\u00f3 que el Consell d\u2019Infants va celebrar el passat 16 de desembre al Centre C\u00edvic. Durant la sessi\u00f3 van revisar i validar els c\u00e0rrecs del Consell, i van posar en com\u00fa les necessitats de millora del municipi des del seu punt de vista.<\/p>\n<p><a href=\"https:\/\/agora.xtec.cat\/escolalesvinyes\/wp-content\/uploads\/usu634\/2025\/12\/Acta-SCS-desembre-25.pdf\">Acta SCS desembre 25<\/a><\/p>\n<hr \/>\n<p>27. Us fem arribar el resum de la reuni\u00f3 que el Consell d\u2019Infants va celebrar el passat 18 de novembre al Centre C\u00edvic. Va ser una sessi\u00f3 molt interessant, on les conselleres van debatre sobre els drets dels infants, i van elaborar el seu manifest.<\/p>\n<p><a href=\"https:\/\/agora.xtec.cat\/escolalesvinyes\/wp-content\/uploads\/usu634\/2025\/11\/Acta-SCS-novembre-25.pdf\">Acta SCS novembre 25<\/a><\/p>\n<hr \/>\n<p>26. Us fem arribar el resum de la reuni\u00f3 que el Consell d\u2019Infants va celebrar el passat 10 de juny a l\u2019Espai Jove. Van acabar de triar el logo definitiu pel Consell, i van poder triar qu\u00e8 els hi agradaria explicar al ple.<\/p>\n<p><a href=\"https:\/\/agora.xtec.cat\/escolalesvinyes\/wp-content\/uploads\/usu634\/2025\/06\/Acta-SCS-juny-25.pdf\">Acta SCS juny 25<\/a><\/p>\n<hr \/>\n<p>25. Us fem arribar el resum de la reuni\u00f3 que el Consell d\u2019Infants va celebrar el passat 20 de maig a l\u2019Espai Jove. Vam poder veure les propostes de logo definitiu que ens ha fet la dissenyadora, i vam proposar algunes modificacions.<\/p>\n<p><a href=\"https:\/\/agora.xtec.cat\/escolalesvinyes\/wp-content\/uploads\/usu634\/2025\/05\/Acta-SCS-maig-25.pdf\">Acta SCS maig 25<\/a><\/p>\n<hr \/>\n<p>24. Us fem arribar el resum de la reuni\u00f3 que el Consell d\u2019Infants va celebrar el passat 22 d\u2019abril a l\u2019Espai Jove. Com que el dissenyador encara est\u00e0 treballant en el logo, vam dedicar la sessi\u00f3 a fer unes din\u00e0miques per veure qu\u00e8 es podria millorar del Consell.<\/p>\n<p><a href=\"https:\/\/agora.xtec.cat\/escolalesvinyes\/wp-content\/uploads\/usu634\/2025\/04\/Acta-SCS-abril-25.pdf\">Acta SCS abril 25<\/a><\/p>\n<hr \/>\n<p>23. Us fem arribar el resum de la reuni\u00f3 que el Consell d\u2019Infants va celebrar el passat 18 de mar\u00e7 al Centre C\u00edvic. Vam poder posar en com\u00fa les propostes de logo recollides, les van valorar i van triar les 3 que m\u00e9s els agradaven.<\/p>\n<p style=\"font-weight: 400;\">Volem agrair la feina i l\u2019acompanyament que heu fet tant les fam\u00edlies com des de l\u2019escola als infants. Creiem que han fet una gran feina, i el nou logo del Consell va prenent forma gr\u00e0cies a l\u2019esfor\u00e7 de Consellers i Conselleres i la resta de companys de l\u2019escola. MOLTES GR\u00c0CIES A TOTHOM!<\/p>\n<p><a href=\"https:\/\/agora.xtec.cat\/escolalesvinyes\/wp-content\/uploads\/usu634\/2025\/03\/Acta-SCS-marc-25.pdf\">Acta SCS mar\u00e7 25<\/a><\/p>\n<hr \/>\n<p>22. Us fem arribar l\u2019acta de la sessi\u00f3 del Consell de dimarts passat. Les Conselleres no van aconseguir gaire participaci\u00f3 dels companys de l\u2019escola pel que fa a propostes de logo. Aix\u00ed que van estar fent esbossos pel logo durant la reuni\u00f3.<\/p>\n<p><a href=\"https:\/\/agora.xtec.cat\/escolalesvinyes\/wp-content\/uploads\/usu634\/2025\/02\/Acta-SCS-febrer-25.pdf\">Acta SCS febrer 25<\/a><\/p>\n<hr \/>\n<p>21. Us fem arribar el resum de la reuni\u00f3 que el Consell d\u2019Infants va celebrar el passat 21 de gener a l\u2019Espai Jove. Van comen\u00e7ar a treballar en la renovaci\u00f3 del logo.<\/p>\n<p style=\"font-weight: 400;\">Per fer la renovaci\u00f3 del logo comptaran amb la participaci\u00f3 de la resta d\u2019infants del municipi que estan fent\u00a0<strong>cicle mitj\u00e0 i cicle superior<\/strong>. Per aix\u00f2, d\u2019ara fins la propera reuni\u00f3 del Consell, s\u2019encarregaran d\u2019explicar als companys i companyes que\u00a0<strong>poden presentar propostes de logo<\/strong>. Els Consellers i Conselleres recolliran les propostes, les portaran el proper dia a la reuni\u00f3, i les valoraran i decidiran quins s\u00f3n els que m\u00e9s els agraden.<\/p>\n<p><a href=\"https:\/\/agora.xtec.cat\/escolalesvinyes\/wp-content\/uploads\/usu634\/2025\/01\/Acta-SCS-gener-25.pdf\">Acta SCS gener 25<\/a><\/p>\n<hr \/>\n<p>20. Des del Consell d\u2019Infants de Sant Cugat Sesgarrigues us desitgem unes Bones Festes i un Feli\u00e7 Any Nou! Que aquest per\u00edode nadalenc estigui ple d\u2019alegria i moments compartits amb els vostres \u00e9ssers estimats. Aprofitem per fer-vos arribar el resum de la reuni\u00f3 del passat 17 de desembre, on els infants van decidir renovar el logo del Consell.<\/p>\n<p><a href=\"https:\/\/agora.xtec.cat\/escolalesvinyes\/wp-content\/uploads\/usu634\/2025\/01\/Resum-sessio-17-desembre-SCS.pdf\">Resum sessi\u00f3 17 desembre SCS<\/a><\/p>\n<hr \/>\n<p>19. Us fem arribar el resum de la reuni\u00f3 que el Consell d\u2019Infants va celebrar el passat 12 de novembre a l\u2019Espai Jove. Va ser una sessi\u00f3 molt interessant, on els infants van debatre sobre els drets dels infants, i van elaborar el seu manifest. Tamb\u00e9 us fem arribar un resum de les col\u00f2nies del passat 9-10 de novembre. Podeu veure un recull d\u2019imatges en el <a href=\"https:\/\/drive.google.com\/drive\/folders\/1UjXivzzVPss35gyn2GdVVa0ofKqyfSKS?usp=drive_link\" target=\"_blank\" rel=\"noopener\" data-saferedirecturl=\"https:\/\/www.google.com\/url?q=https:\/\/drive.google.com\/drive\/folders\/1UjXivzzVPss35gyn2GdVVa0ofKqyfSKS?usp%3Ddrive_link&amp;source=gmail&amp;ust=1732349598044000&amp;usg=AOvVaw0UG45-wjvhMxDX0grhZ9Qj\">seg\u00fcent enlla\u00e7.<\/a><\/p>\n<p><a href=\"https:\/\/agora.xtec.cat\/escolalesvinyes\/wp-content\/uploads\/usu634\/2024\/11\/Resum-colonies-9-10-novembre-SCS.pdf\">Resum col\u00f2nies 9-10 novembre SCS<\/a><\/p>\n<p><a href=\"https:\/\/agora.xtec.cat\/escolalesvinyes\/wp-content\/uploads\/usu634\/2024\/11\/Resum-sessio-12-novembre-SCS.pdf\">Resum sessi\u00f3 12 novembre SCS<\/a><\/p>\n<hr \/>\n<p>18. Us fem arribar el resum de la reuni\u00f3 que el Consell d\u2019Infants va celebrar el passat 15 d\u2019octubre a l\u2019Espai Jove. Va ser una sessi\u00f3 molt intensa on ens vam poder con\u00e8ixer i decidir les activitats de les col\u00f2nies dels propers 9-10 de novembre, aix\u00ed com donar idees per fer una activitat el proper 2 de novembre per tots els infants del municipi.<\/p>\n<p><a href=\"https:\/\/agora.xtec.cat\/escolalesvinyes\/wp-content\/uploads\/usu634\/2024\/10\/Resum-sessio-15-octubre-SCS.pdf\">Resum sessi\u00f3 15 octubre SCS<\/a><\/p>\n<hr \/>\n<p>17. Ha estat un curs molt bonic, on hem pogut compartir motles coses amb els infants, i creiem que ha estat profit\u00f3s per ells i per elles.<\/p>\n<p style=\"font-weight: 400;\">Esperem poder comptar amb la participaci\u00f3 dels infants que el curs que ve faran 6\u00e8, i les que ja faran 1rESO ja saben que, si volen, poden proposar seguir un any m\u00e9s al Consell. Ens posarem en contacte amb vosaltres a inicis del curs que ve.<\/p>\n<p style=\"font-weight: 400;\">Us recordem que ens aniria molt b\u00e9 que ens f\u00e9ssiu arribar les vostres impressions i propostes de millora al Consell.<\/p>\n<p><a href=\"https:\/\/agora.xtec.cat\/escolalesvinyes\/wp-content\/uploads\/usu634\/2024\/06\/Resum-ple-18-juny-SCS.pdf\">Resum ple 18 juny SCS<\/a><\/p>\n<hr \/>\n<p>16. Us fem arribar el resum de la reuni\u00f3 que el Consell d\u2019Infants va celebrar el passat 21 de maig a l\u2019Espai Jove. Va ser una sessi\u00f3 molt interessant, on van acabar de preparar la pintada del mural. Tamb\u00e9 han fet un petit resum i fotos de la pintada del mural.<\/p>\n<p><a href=\"https:\/\/agora.xtec.cat\/escolalesvinyes\/wp-content\/uploads\/usu634\/2024\/06\/Resum-sessio-21-maig-SCS.pdf\">Resum sessi\u00f3 21 maig SCS<\/a><\/p>\n<hr \/>\n<p>15. Us fem arribar el resum de la reuni\u00f3 que el Consell d\u2019Infants va celebrar el passat 16 d\u2019abril a l\u2019Espai Jove. Veureu que\u00a0<strong><u>hi ha hagut un canvi de data per la pintada del mural<\/u><\/strong>. Aprofitem per informar-vos que la\u00a0<strong><u>nova data per pintar el mural ser\u00e0:<\/u> <\/strong>Dissabte 25 de maig \/ De 17h a 20h aprox. \/ A la Zona Esportiva.<\/p>\n<p><a href=\"https:\/\/agora.xtec.cat\/escolalesvinyes\/wp-content\/uploads\/usu634\/2024\/04\/Resum-sessio-16-abril-SCS.pdf\">Resum sessi\u00f3 16 abril SCS<\/a><\/p>\n<hr \/>\n<p>14. Us fem arribar el resum de la reuni\u00f3 que el Consell d\u2019Infants va celebrar el passat 19 de mar\u00e7 a l\u2019Espai Jove. Veureu que\u00a0<b><u>els infants estan convocats el proper 18 de maig per la tarda per pintar el mural de la zona esportiva.<\/u><\/b>\u00a0Esteu tots i totes convidades, aix\u00ed com la resta de ve\u00efns i ve\u00efnes que vulguin venir a fer un cop de m\u00e0!<\/p>\n<p><a href=\"https:\/\/agora.xtec.cat\/escolalesvinyes\/wp-content\/uploads\/usu634\/2024\/04\/Resum-sessio-19-marc-2024-SCS.pdf\">Resum sessi\u00f3 19 mar\u00e7 2024 SCS<\/a><\/p>\n<hr \/>\n<p>13. Us fem arribar el resum de la reuni\u00f3 que el Consell d\u2019Infants va celebrar el passat 20 de febrer a l\u2019Espai Jove. Va ser una sessi\u00f3 molt profitosa, on van poder pactar amb el Joan Ramon, il\u00b7lustrador del mural que faran a la zona esportiva, com els agradaria que fos.<\/p>\n<p><a href=\"https:\/\/agora.xtec.cat\/escolalesvinyes\/wp-content\/uploads\/usu634\/2024\/02\/Resum-sessio-20-febrer-2024-SCS.pdf\">Resum sessi\u00f3 20 febrer 2024 SCS<\/a><\/p>\n<hr \/>\n<p>12. Us fem arribar el resum de la reuni\u00f3 que el Consell d\u2019Infants va celebrar el passat 16 de gener a l\u2019Espai Jove. Vam visitar la zona esportiva per mirar de definir a on els agradaria situar un cartell identificatiu de la zona esportiva.<\/p>\n<p><a href=\"https:\/\/agora.xtec.cat\/escolalesvinyes\/wp-content\/uploads\/usu634\/2024\/01\/Resum-sessio-16-gener-2024-SCS.pdf\">Resum sessi\u00f3 16 gener 2024 SCS<\/a><\/p>\n<hr \/>\n<p>11. Bon any! Esperem que hagueu pogut gaudir d\u2019unes bones festes i una bona entrada d\u2019any. Us fem arribar el resum de la reuni\u00f3 del passat mes de desembre que us dev\u00edem.<\/p>\n<p><a href=\"https:\/\/agora.xtec.cat\/escolalesvinyes\/wp-content\/uploads\/usu634\/2024\/01\/Resum-sessio-19-desembre-2023-SCS.pdf\">Resum sessi\u00f3 19 desembre 2023 SCS<\/a><\/p>\n<hr \/>\n<p>10. Aqu\u00ed teniu\u00a0el resum de la reuni\u00f3 que el Consell d\u2019Infants va celebrar el passat 14 de novembre a l\u2019Espai Jove. Va ser una sessi\u00f3 molt interessant, on els infants van debatre sobre els drets dels infants, i van elaborar el seu manifest.<\/p>\n<p><a href=\"https:\/\/agora.xtec.cat\/escolalesvinyes\/wp-content\/uploads\/usu634\/2023\/11\/Resum-sessio-14-nov-2023-SCS.pdf\">Resum sessi\u00f3 14 nov 2023 SCS<\/a><\/p>\n<hr \/>\n<p>9. Us fem arribar el resum de la reuni\u00f3 que el Consell d\u2019Infants va celebrar el passat 17 d\u2019octubre a l\u2019Espai Jove. Va ser una sessi\u00f3 molt divertida que va servir per donar el tret d\u2019inici del Consell d\u2019enguany.<\/p>\n<p>I aprofitem per recordar-vos que\u00a0<b><u>l\u2019\u00faltim dia per fer la inscripci\u00f3 de les col\u00f2nies previstes pel proper cap de setmana \u00e9s aquest dijous 26 d\u2019octubre.<\/u><\/b><\/p>\n<p><a href=\"https:\/\/agora.xtec.cat\/escolalesvinyes\/wp-content\/uploads\/usu634\/2023\/10\/Resum-sessio-17-oct-2023-SCS.pdf\">Resum sessi\u00f3 17 oct 2023 SCS<\/a><\/p>\n<hr \/>\n<p>8. Us fem arribar el resum del plenari del passat 27 de juny, on les representants del Consell van presentar la feina feta i es va aprovar el nom per la zona esportiva municipal.<\/p>\n<p style=\"font-weight: 400;\">Donem per finalitzat un nou curs del Consell d\u2019Infants, i des de l\u2019equip dinamitzador volem agrair als infants i les seves fam\u00edlies el seu comprom\u00eds i participaci\u00f3. Comptem amb els representants que aquest curs han fet 5\u00e8 pel curs vinent, sempre que vulguin, i a inici de curs farem el relleu de c\u00e0rrecs amb el nou alumnat que far\u00e0 5\u00e8.<\/p>\n<p style=\"font-weight: 400;\">Tamb\u00e9 acomiadem amb molt d\u2019afecte a les representants que han fet 6\u00e8 enguany, i queda pendent veure si podrien, i com, participar del Consell en un futur, sempre i quan vulguin, \u00e9s clar.\u00a0<strong>UNA ABRA\u00c7ADA GEGANT NOIES, BONA FEINA!!!!!<\/strong><\/p>\n<p><a href=\"https:\/\/agora.xtec.cat\/escolalesvinyes\/wp-content\/uploads\/usu634\/2023\/07\/Resum-PLE-23-juny-2023-SCS.pdf\">Resum PLE 23 juny 2023 SCS<\/a><\/p>\n<hr \/>\n<p>7. S&#8217;apropa final de curs i els infants del municipi encara fan feina i treballant de valent pel poble. Us deixem a continuaci\u00f3 com els hi va anar a l&#8217;\u00faltima reuni\u00f3.<\/p>\n<p><a href=\"https:\/\/agora.xtec.cat\/escolalesvinyes\/wp-content\/uploads\/usu634\/2023\/05\/Resum-sessio-16-maig-2023-SCS.pdf\">Resum sessi\u00f3 16 maig 2023 SCS<\/a><\/p>\n<hr \/>\n<p>6. Passen les setmanes volant i ja no queda gaire d&#8217;aquest curs. Mentrestant, els infants del poble continuen treballant de valent i fent molt bona feina. Aqu\u00ed podeu veure que van fer a l&#8217;\u00faltima reuni\u00f3. Genial!<\/p>\n<p><a href=\"https:\/\/agora.xtec.cat\/escolalesvinyes\/wp-content\/uploads\/usu634\/2023\/04\/Resum-sessio-18-abril-2023-SCS.pdf\">Resum sessi\u00f3 18 abril 2023 SCS<\/a><\/p>\n<hr \/>\n<p>5. Voleu saber la proposta que els hi hem fet des de l&#8217;escola al Consell d&#8217;Infants? Doncs llegiu com els hi va anar a l&#8217;\u00faltima reuni\u00f3 i que van fer una bona pila de feina. Endavant!<\/p>\n<p><a href=\"https:\/\/agora.xtec.cat\/escolalesvinyes\/wp-content\/uploads\/usu634\/2023\/03\/Resum-sessio-21-febrer-2023-SCS.pdf\">Resum sessi\u00f3 21 febrer 2023 SCS<\/a><\/p>\n<hr \/>\n<p>4. Ei! Ja ha comen\u00e7at l&#8217;any 2023 i la comissi\u00f3 d&#8217;infants continua treballant amb tots els seus projectes. Un d&#8217;ells \u00e9s impulsar un proc\u00e9s participatiu per posar-li nom a la zona esportiva del poble. Entreu al seg\u00fcent enlla\u00e7 i veureu tota la feina que estan fent.<\/p>\n<p><a href=\"https:\/\/agora.xtec.cat\/escolalesvinyes\/wp-content\/uploads\/usu634\/2023\/01\/Resum-sessio-17-gener-2023-SCS.pdf\">Resum sessi\u00f3 17 gener 2023 SCS<\/a><\/p>\n<hr \/>\n<p>3. El consell d&#8217;infants ha fet la darrera reuni\u00f3 de l&#8217;any i ja tenen present com comen\u00e7aran el 2023. Llegeix el resum de la sessi\u00f3 i posa&#8217;t el dia!<\/p>\n<p><a href=\"https:\/\/agora.xtec.cat\/escolalesvinyes\/wp-content\/uploads\/usu634\/2022\/12\/Resum-sessio-13-desembre-2022-SCS.pdf\">Resum sessi\u00f3 13 desembre 2022 SCS<\/a><\/p>\n<hr \/>\n<p>2. A banda de fer una feina important pel municipi, sembla que s&#8217;ho passen molt b\u00e9 les nenes i els nens de la comissi\u00f3 d&#8217;infants. I \u00e9s que hi ha temps per tot, si no, que us ho expliquin. Aqu\u00ed trobareu el resum de la segona sessi\u00f3 del consell i tamb\u00e9 de les col\u00f2nies que van fer. Molt bona feina!<\/p>\n<p><a href=\"https:\/\/agora.xtec.cat\/escolalesvinyes\/wp-content\/uploads\/usu634\/2022\/11\/Resum-sessio-15-novembre-2022-SCS.pdf\">Resum sessi\u00f3 15 novembre 2022 SCS<\/a><\/p>\n<hr \/>\n<ol>\n<li>El consell ja ha posat fil a l&#8217;agulla. Podeu llegir-ho en el resum de la primera sessi\u00f3.<\/li>\n<\/ol>\n<p><a href=\"https:\/\/agora.xtec.cat\/escolalesvinyes\/wp-content\/uploads\/usu634\/2022\/11\/Resum-sessio-25-octubre-2022-SCS.pdf\">Resum sessi\u00f3 25 octubre 2022 SCS<\/a><\/p>\n<p>&nbsp;<\/p>\n<p><a href=\"https:\/\/agora.xtec.cat\/escolalesvinyes\/wp-content\/uploads\/usu634\/2022\/11\/Imatge2.png\"><img loading=\"lazy\" decoding=\"async\" class=\"alignnone size-full wp-image-3481\" src=\"https:\/\/agora.xtec.cat\/escolalesvinyes\/wp-content\/uploads\/usu634\/2022\/11\/Imatge2.png\" alt=\"\" width=\"925\" height=\"694\" srcset=\"https:\/\/agora.xtec.cat\/escolalesvinyes\/wp-content\/uploads\/usu634\/2022\/11\/Imatge2.png 925w, https:\/\/agora.xtec.cat\/escolalesvinyes\/wp-content\/uploads\/usu634\/2022\/11\/Imatge2-300x225.png 300w, https:\/\/agora.xtec.cat\/escolalesvinyes\/wp-content\/uploads\/usu634\/2022\/11\/Imatge2-768x576.png 768w, https:\/\/agora.xtec.cat\/escolalesvinyes\/wp-content\/uploads\/usu634\/2022\/11\/Imatge2-200x150.png 200w\" sizes=\"auto, (max-width: 925px) 100vw, 925px\" \/><\/a><\/p>\n","protected":false},"excerpt":{"rendered":"<p>Un 25 d&#8217;octubre, concretament del 2022, el Consell d&#8217;Infants de Sant Cugat Sesgarrigues, va proposar-nos tenir a la p\u00e0gina web de l&#8217;escola un espai propi i aix\u00ed fer una major difusi\u00f3 dels seus acords i actes. Nosaltres, encantats amb aquesta iniciativa, obrim aquest p\u00e0gina on podreu estar al corrent de tot el que decideixen les [&hellip;]<\/p>\n","protected":false},"author":1,"featured_media":0,"parent":0,"menu_order":0,"comment_status":"open","ping_status":"closed","template":"","meta":{"_bbp_topic_count":0,"_bbp_reply_count":0,"_bbp_total_topic_count":0,"_bbp_total_reply_count":0,"_bbp_voice_count":0,"_bbp_anonymous_reply_count":0,"_bbp_topic_count_hidden":0,"_bbp_reply_count_hidden":0,"_bbp_forum_subforum_count":0,"site-sidebar-layout":"default","site-content-layout":"","ast-site-content-layout":"default","site-content-style":"default","site-sidebar-style":"default","ast-global-header-display":"","ast-banner-title-visibility":"","ast-main-header-display":"","ast-hfb-above-header-display":"","ast-hfb-below-header-display":"","ast-hfb-mobile-header-display":"","site-post-title":"","ast-breadcrumbs-content":"","ast-featured-img":"","footer-sml-layout":"","theme-transparent-header-meta":"default","adv-header-id-meta":"","stick-header-meta":"","header-above-stick-meta":"","header-main-stick-meta":"","header-below-stick-meta":"","astra-migrate-meta-layouts":"set","ast-page-background-enabled":"default","ast-page-background-meta":{"desktop":{"background-color":"var(--ast-global-color-4)","background-image":"","background-repeat":"repeat","background-position":"center center","background-size":"auto","background-attachment":"scroll","background-type":"","background-media":"","overlay-type":"","overlay-color":"","overlay-opacity":"","overlay-gradient":""},"tablet":{"background-color":"","background-image":"","background-repeat":"repeat","background-position":"center center","background-size":"auto","background-attachment":"scroll","background-type":"","background-media":"","overlay-type":"","overlay-color":"","overlay-opacity":"","overlay-gradient":""},"mobile":{"background-color":"","background-image":"","background-repeat":"repeat","background-position":"center center","background-size":"auto","background-attachment":"scroll","background-type":"","background-media":"","overlay-type":"","overlay-color":"","overlay-opacity":"","overlay-gradient":""}},"ast-content-background-meta":{"desktop":{"background-color":"var(--ast-global-color-5)","background-image":"","background-repeat":"repeat","background-position":"center center","background-size":"auto","background-attachment":"scroll","background-type":"","background-media":"","overlay-type":"","overlay-color":"","overlay-opacity":"","overlay-gradient":""},"tablet":{"background-color":"var(--ast-global-color-5)","background-image":"","background-repeat":"repeat","background-position":"center center","background-size":"auto","background-attachment":"scroll","background-type":"","background-media":"","overlay-type":"","overlay-color":"","overlay-opacity":"","overlay-gradient":""},"mobile":{"background-color":"var(--ast-global-color-5)","background-image":"","background-repeat":"repeat","background-position":"center center","background-size":"auto","background-attachment":"scroll","background-type":"","background-media":"","overlay-type":"","overlay-color":"","overlay-opacity":"","overlay-gradient":""}},"footnotes":""},"class_list":["post-3473","page","type-page","status-publish","hentry"],"post_mailing_queue_ids":[],"_links":{"self":[{"href":"https:\/\/agora.xtec.cat\/escolalesvinyes\/wp-json\/wp\/v2\/pages\/3473","targetHints":{"allow":["GET"]}}],"collection":[{"href":"https:\/\/agora.xtec.cat\/escolalesvinyes\/wp-json\/wp\/v2\/pages"}],"about":[{"href":"https:\/\/agora.xtec.cat\/escolalesvinyes\/wp-json\/wp\/v2\/types\/page"}],"author":[{"embeddable":true,"href":"https:\/\/agora.xtec.cat\/escolalesvinyes\/wp-json\/wp\/v2\/users\/1"}],"replies":[{"embeddable":true,"href":"https:\/\/agora.xtec.cat\/escolalesvinyes\/wp-json\/wp\/v2\/comments?post=3473"}],"version-history":[{"count":6,"href":"https:\/\/agora.xtec.cat\/escolalesvinyes\/wp-json\/wp\/v2\/pages\/3473\/revisions"}],"predecessor-version":[{"id":7751,"href":"https:\/\/agora.xtec.cat\/escolalesvinyes\/wp-json\/wp\/v2\/pages\/3473\/revisions\/7751"}],"wp:attachment":[{"href":"https:\/\/agora.xtec.cat\/escolalesvinyes\/wp-json\/wp\/v2\/media?parent=3473"}],"curies":[{"name":"wp","href":"https:\/\/api.w.org\/{rel}","templated":true}]}}