{"id":3073,"date":"2022-08-09T13:59:24","date_gmt":"2022-08-09T11:59:24","guid":{"rendered":"https:\/\/agora.xtec.cat\/escolalesvinyes\/?page_id=3073"},"modified":"2025-10-29T23:26:18","modified_gmt":"2025-10-29T22:26:18","slug":"pla-anual","status":"publish","type":"page","link":"https:\/\/agora.xtec.cat\/escolalesvinyes\/projecte-educatiu\/pla-anual\/","title":{"rendered":"PGA 25-26"},"content":{"rendered":"<p><strong>Programaci\u00f3 general anual 2025-2026<\/strong><\/p>\n<p>La PGA \u00e9s el document normatiu que concreta les actuacions per aquest curs 2025-2026. Explica les prioritats i els aspectes relatius al funcionament de la nostra escola per al curs escolar, fent \u00e8mfasi en els seg\u00fcents aspectes:<\/p>\n<ul>\n<li><em>Prioritats del curs: concrecions d\u2019objectius, actuacions <\/em><em>i indicadors d&#8217;assoliment.<\/em><\/li>\n<li><em>Funcionament i organitzaci\u00f3 del curs: informacions m\u00e9s rellevants que<\/em><br \/>\n<em>conformen la planificaci\u00f3 de l\u2019any escolar.<\/em><\/li>\n<\/ul>\n<p>La PGA ser\u00e0 valorada al final del curs a partir dels indicadors d&#8217;assoliment previstos a l\u2019inici. La Mem\u00f2ria del curs recollir\u00e0 la valoraci\u00f3 de les actuacions fetes i pendents.<\/p>\n<p><a href=\"https:\/\/agora.xtec.cat\/escolalesvinyes\/wp-content\/uploads\/usu634\/2025\/10\/PGA-25-26_web.pdf\">PGA 25-26_web<\/a><\/p>\n","protected":false},"excerpt":{"rendered":"<p>Programaci\u00f3 general anual 2025-2026 La PGA \u00e9s el document normatiu que concreta les actuacions per aquest curs 2025-2026. Explica les prioritats i els aspectes relatius al funcionament de la nostra escola per al curs escolar, fent \u00e8mfasi en els seg\u00fcents aspectes: Prioritats del curs: concrecions d\u2019objectius, actuacions i indicadors d&#8217;assoliment. Funcionament i organitzaci\u00f3 del curs: [&hellip;]<\/p>\n","protected":false},"author":1,"featured_media":0,"parent":64,"menu_order":40,"comment_status":"closed","ping_status":"closed","template":"page-templates\/side-menu.php","meta":{"_bbp_topic_count":0,"_bbp_reply_count":0,"_bbp_total_topic_count":0,"_bbp_total_reply_count":0,"_bbp_voice_count":0,"_bbp_anonymous_reply_count":0,"_bbp_topic_count_hidden":0,"_bbp_reply_count_hidden":0,"_bbp_forum_subforum_count":0,"site-sidebar-layout":"default","site-content-layout":"","ast-site-content-layout":"","site-content-style":"default","site-sidebar-style":"default","ast-global-header-display":"","ast-banner-title-visibility":"","ast-main-header-display":"","ast-hfb-above-header-display":"","ast-hfb-below-header-display":"","ast-hfb-mobile-header-display":"","site-post-title":"","ast-breadcrumbs-content":"","ast-featured-img":"","footer-sml-layout":"","theme-transparent-header-meta":"","adv-header-id-meta":"","stick-header-meta":"","header-above-stick-meta":"","header-main-stick-meta":"","header-below-stick-meta":"","astra-migrate-meta-layouts":"default","ast-page-background-enabled":"default","ast-page-background-meta":{"desktop":{"background-color":"var(--ast-global-color-4)","background-image":"","background-repeat":"repeat","background-position":"center center","background-size":"auto","background-attachment":"scroll","background-type":"","background-media":"","overlay-type":"","overlay-color":"","overlay-opacity":"","overlay-gradient":""},"tablet":{"background-color":"","background-image":"","background-repeat":"repeat","background-position":"center center","background-size":"auto","background-attachment":"scroll","background-type":"","background-media":"","overlay-type":"","overlay-color":"","overlay-opacity":"","overlay-gradient":""},"mobile":{"background-color":"","background-image":"","background-repeat":"repeat","background-position":"center center","background-size":"auto","background-attachment":"scroll","background-type":"","background-media":"","overlay-type":"","overlay-color":"","overlay-opacity":"","overlay-gradient":""}},"ast-content-background-meta":{"desktop":{"background-color":"var(--ast-global-color-5)","background-image":"","background-repeat":"repeat","background-position":"center center","background-size":"auto","background-attachment":"scroll","background-type":"","background-media":"","overlay-type":"","overlay-color":"","overlay-opacity":"","overlay-gradient":""},"tablet":{"background-color":"var(--ast-global-color-5)","background-image":"","background-repeat":"repeat","background-position":"center center","background-size":"auto","background-attachment":"scroll","background-type":"","background-media":"","overlay-type":"","overlay-color":"","overlay-opacity":"","overlay-gradient":""},"mobile":{"background-color":"var(--ast-global-color-5)","background-image":"","background-repeat":"repeat","background-position":"center center","background-size":"auto","background-attachment":"scroll","background-type":"","background-media":"","overlay-type":"","overlay-color":"","overlay-opacity":"","overlay-gradient":""}},"footnotes":""},"class_list":["post-3073","page","type-page","status-publish","hentry"],"post_mailing_queue_ids":[],"_links":{"self":[{"href":"https:\/\/agora.xtec.cat\/escolalesvinyes\/wp-json\/wp\/v2\/pages\/3073","targetHints":{"allow":["GET"]}}],"collection":[{"href":"https:\/\/agora.xtec.cat\/escolalesvinyes\/wp-json\/wp\/v2\/pages"}],"about":[{"href":"https:\/\/agora.xtec.cat\/escolalesvinyes\/wp-json\/wp\/v2\/types\/page"}],"author":[{"embeddable":true,"href":"https:\/\/agora.xtec.cat\/escolalesvinyes\/wp-json\/wp\/v2\/users\/1"}],"replies":[{"embeddable":true,"href":"https:\/\/agora.xtec.cat\/escolalesvinyes\/wp-json\/wp\/v2\/comments?post=3073"}],"version-history":[{"count":6,"href":"https:\/\/agora.xtec.cat\/escolalesvinyes\/wp-json\/wp\/v2\/pages\/3073\/revisions"}],"predecessor-version":[{"id":6983,"href":"https:\/\/agora.xtec.cat\/escolalesvinyes\/wp-json\/wp\/v2\/pages\/3073\/revisions\/6983"}],"up":[{"embeddable":true,"href":"https:\/\/agora.xtec.cat\/escolalesvinyes\/wp-json\/wp\/v2\/pages\/64"}],"wp:attachment":[{"href":"https:\/\/agora.xtec.cat\/escolalesvinyes\/wp-json\/wp\/v2\/media?parent=3073"}],"curies":[{"name":"wp","href":"https:\/\/api.w.org\/{rel}","templated":true}]}}