{"id":2907,"date":"2022-08-08T16:34:51","date_gmt":"2022-08-08T14:34:51","guid":{"rendered":"https:\/\/agora.xtec.cat\/escolalesvinyes\/?page_id=2907"},"modified":"2023-10-26T15:47:12","modified_gmt":"2023-10-26T13:47:12","slug":"nivells","status":"publish","type":"page","link":"https:\/\/agora.xtec.cat\/escolalesvinyes\/nivells\/","title":{"rendered":"Nivells"},"content":{"rendered":"<header class=\"entry-header\">\n<p class=\"entry-title\">\u00a0L\u2019oferta formativa del nostre centre consta de les seg\u00fcents tipologies d\u2019estudis:<\/p>\n<\/header>\n<div class=\"entry-content\">\n<ul>\n<li><span style=\"font-family: inherit; font-size: 1em;\">2n cicle d&#8217;educaci\u00f3 infantil<\/span><\/li>\n<li>Educaci\u00f3 prim\u00e0ria<\/li>\n<\/ul>\n<p>Trobareu m\u00e9s informaci\u00f3\u00a0fent clic sobre els enlla\u00e7os del men\u00fa lateral.<\/p>\n<\/div>\n","protected":false},"excerpt":{"rendered":"<p>\u00a0L\u2019oferta formativa del nostre centre consta de les seg\u00fcents tipologies d\u2019estudis: 2n cicle d&#8217;educaci\u00f3 infantil Educaci\u00f3 prim\u00e0ria Trobareu m\u00e9s informaci\u00f3\u00a0fent clic sobre els enlla\u00e7os del men\u00fa lateral.<\/p>\n","protected":false},"author":1,"featured_media":0,"parent":0,"menu_order":0,"comment_status":"closed","ping_status":"closed","template":"page-templates\/side-menu.php","meta":{"_bbp_topic_count":0,"_bbp_reply_count":0,"_bbp_total_topic_count":0,"_bbp_total_reply_count":0,"_bbp_voice_count":0,"_bbp_anonymous_reply_count":0,"_bbp_topic_count_hidden":0,"_bbp_reply_count_hidden":0,"_bbp_forum_subforum_count":0,"site-sidebar-layout":"default","site-content-layout":"","ast-site-content-layout":"","site-content-style":"default","site-sidebar-style":"default","ast-global-header-display":"","ast-banner-title-visibility":"","ast-main-header-display":"","ast-hfb-above-header-display":"","ast-hfb-below-header-display":"","ast-hfb-mobile-header-display":"","site-post-title":"","ast-breadcrumbs-content":"","ast-featured-img":"","footer-sml-layout":"","theme-transparent-header-meta":"","adv-header-id-meta":"","stick-header-meta":"","header-above-stick-meta":"","header-main-stick-meta":"","header-below-stick-meta":"","astra-migrate-meta-layouts":"default","ast-page-background-enabled":"default","ast-page-background-meta":{"desktop":{"background-color":"var(--ast-global-color-4)","background-image":"","background-repeat":"repeat","background-position":"center center","background-size":"auto","background-attachment":"scroll","background-type":"","background-media":"","overlay-type":"","overlay-color":"","overlay-opacity":"","overlay-gradient":""},"tablet":{"background-color":"","background-image":"","background-repeat":"repeat","background-position":"center center","background-size":"auto","background-attachment":"scroll","background-type":"","background-media":"","overlay-type":"","overlay-color":"","overlay-opacity":"","overlay-gradient":""},"mobile":{"background-color":"","background-image":"","background-repeat":"repeat","background-position":"center center","background-size":"auto","background-attachment":"scroll","background-type":"","background-media":"","overlay-type":"","overlay-color":"","overlay-opacity":"","overlay-gradient":""}},"ast-content-background-meta":{"desktop":{"background-color":"var(--ast-global-color-5)","background-image":"","background-repeat":"repeat","background-position":"center center","background-size":"auto","background-attachment":"scroll","background-type":"","background-media":"","overlay-type":"","overlay-color":"","overlay-opacity":"","overlay-gradient":""},"tablet":{"background-color":"var(--ast-global-color-5)","background-image":"","background-repeat":"repeat","background-position":"center center","background-size":"auto","background-attachment":"scroll","background-type":"","background-media":"","overlay-type":"","overlay-color":"","overlay-opacity":"","overlay-gradient":""},"mobile":{"background-color":"var(--ast-global-color-5)","background-image":"","background-repeat":"repeat","background-position":"center center","background-size":"auto","background-attachment":"scroll","background-type":"","background-media":"","overlay-type":"","overlay-color":"","overlay-opacity":"","overlay-gradient":""}},"footnotes":""},"class_list":["post-2907","page","type-page","status-publish","hentry"],"post_mailing_queue_ids":[],"_links":{"self":[{"href":"https:\/\/agora.xtec.cat\/escolalesvinyes\/wp-json\/wp\/v2\/pages\/2907","targetHints":{"allow":["GET"]}}],"collection":[{"href":"https:\/\/agora.xtec.cat\/escolalesvinyes\/wp-json\/wp\/v2\/pages"}],"about":[{"href":"https:\/\/agora.xtec.cat\/escolalesvinyes\/wp-json\/wp\/v2\/types\/page"}],"author":[{"embeddable":true,"href":"https:\/\/agora.xtec.cat\/escolalesvinyes\/wp-json\/wp\/v2\/users\/1"}],"replies":[{"embeddable":true,"href":"https:\/\/agora.xtec.cat\/escolalesvinyes\/wp-json\/wp\/v2\/comments?post=2907"}],"version-history":[{"count":5,"href":"https:\/\/agora.xtec.cat\/escolalesvinyes\/wp-json\/wp\/v2\/pages\/2907\/revisions"}],"predecessor-version":[{"id":4459,"href":"https:\/\/agora.xtec.cat\/escolalesvinyes\/wp-json\/wp\/v2\/pages\/2907\/revisions\/4459"}],"wp:attachment":[{"href":"https:\/\/agora.xtec.cat\/escolalesvinyes\/wp-json\/wp\/v2\/media?parent=2907"}],"curies":[{"name":"wp","href":"https:\/\/api.w.org\/{rel}","templated":true}]}}