{"id":2873,"date":"2022-07-22T00:28:39","date_gmt":"2022-07-21T22:28:39","guid":{"rendered":"https:\/\/agora.xtec.cat\/escolalesvinyes\/?page_id=2873"},"modified":"2023-10-26T15:40:21","modified_gmt":"2023-10-26T13:40:21","slug":"matriculacio","status":"publish","type":"page","link":"https:\/\/agora.xtec.cat\/escolalesvinyes\/secretaria\/matriculacio\/","title":{"rendered":"Matriculaci\u00f3"},"content":{"rendered":"<header class=\"entry-header\">\n<h5><\/h5>\n<h5 class=\"entry-title\"><b style=\"font-size: 1.125em;\">Documentaci\u00f3 a aportar al centre educatiu<\/b><\/h5>\n<\/header>\n<div class=\"entry-content\">\n<p>Cal diferenciar si la matr\u00edcula es produeix com a resultat del proc\u00e9s de preinscripci\u00f3 o no s\u2019ha pogut fer dins del proc\u00e9s (per exemple: un trasllat familiar des d\u2019una altra ciutat al desembre).<\/p>\n<h4><\/h4>\n<h4><b>Documentaci\u00f3 necess\u00e0ria en el cas d&#8217;una matr\u00edcula resultant de proc\u00e9s de preinscripci\u00f3<\/b><\/h4>\n<ul>\n<li>1 foto tipus carnet.<\/li>\n<li>Targeta sanit\u00e0ria.<\/li>\n<li>Carnet o llibre de vacunacions.<\/li>\n<\/ul>\n<h4><\/h4>\n<h4><b>Documentaci\u00f3 necess\u00e0ria per matricular fora del per\u00edode de preinscripci\u00f3<\/b><\/h4>\n<p>Un cop que el Consorci d\u2019Educaci\u00f3 de Barcelona us hagi assignat al nostre centre caldr\u00e0 aportar:<\/p>\n<ul>\n<li>Document d\u2019identitat de l\u2019alumne\/a (si en t\u00e9).<\/li>\n<li>Documents d\u2019identitat de pare\/mare\/tutor legal.<\/li>\n<li>Llibre de fam\u00edlia, o en cas de no tenir-ne, certificat de naixement.<\/li>\n<li>1 foto tipus carnet.<\/li>\n<li>Targeta sanit\u00e0ria.<\/li>\n<li>Carnet o llibre de vacunacions.<\/li>\n<\/ul>\n<\/div>\n","protected":false},"excerpt":{"rendered":"<p>Documentaci\u00f3 a aportar al centre educatiu Cal diferenciar si la matr\u00edcula es produeix com a resultat del proc\u00e9s de preinscripci\u00f3 o no s\u2019ha pogut fer dins del proc\u00e9s (per exemple: un trasllat familiar des d\u2019una altra ciutat al desembre). Documentaci\u00f3 necess\u00e0ria en el cas d&#8217;una matr\u00edcula resultant de proc\u00e9s de preinscripci\u00f3 1 foto tipus carnet. [&hellip;]<\/p>\n","protected":false},"author":1,"featured_media":0,"parent":3316,"menu_order":40,"comment_status":"closed","ping_status":"closed","template":"page-templates\/side-menu.php","meta":{"_bbp_topic_count":0,"_bbp_reply_count":0,"_bbp_total_topic_count":0,"_bbp_total_reply_count":0,"_bbp_voice_count":0,"_bbp_anonymous_reply_count":0,"_bbp_topic_count_hidden":0,"_bbp_reply_count_hidden":0,"_bbp_forum_subforum_count":0,"site-sidebar-layout":"default","site-content-layout":"","ast-site-content-layout":"","site-content-style":"default","site-sidebar-style":"default","ast-global-header-display":"","ast-banner-title-visibility":"","ast-main-header-display":"","ast-hfb-above-header-display":"","ast-hfb-below-header-display":"","ast-hfb-mobile-header-display":"","site-post-title":"","ast-breadcrumbs-content":"","ast-featured-img":"","footer-sml-layout":"","theme-transparent-header-meta":"","adv-header-id-meta":"","stick-header-meta":"","header-above-stick-meta":"","header-main-stick-meta":"","header-below-stick-meta":"","astra-migrate-meta-layouts":"default","ast-page-background-enabled":"default","ast-page-background-meta":{"desktop":{"background-color":"var(--ast-global-color-4)","background-image":"","background-repeat":"repeat","background-position":"center center","background-size":"auto","background-attachment":"scroll","background-type":"","background-media":"","overlay-type":"","overlay-color":"","overlay-opacity":"","overlay-gradient":""},"tablet":{"background-color":"","background-image":"","background-repeat":"repeat","background-position":"center center","background-size":"auto","background-attachment":"scroll","background-type":"","background-media":"","overlay-type":"","overlay-color":"","overlay-opacity":"","overlay-gradient":""},"mobile":{"background-color":"","background-image":"","background-repeat":"repeat","background-position":"center center","background-size":"auto","background-attachment":"scroll","background-type":"","background-media":"","overlay-type":"","overlay-color":"","overlay-opacity":"","overlay-gradient":""}},"ast-content-background-meta":{"desktop":{"background-color":"var(--ast-global-color-5)","background-image":"","background-repeat":"repeat","background-position":"center center","background-size":"auto","background-attachment":"scroll","background-type":"","background-media":"","overlay-type":"","overlay-color":"","overlay-opacity":"","overlay-gradient":""},"tablet":{"background-color":"var(--ast-global-color-5)","background-image":"","background-repeat":"repeat","background-position":"center center","background-size":"auto","background-attachment":"scroll","background-type":"","background-media":"","overlay-type":"","overlay-color":"","overlay-opacity":"","overlay-gradient":""},"mobile":{"background-color":"var(--ast-global-color-5)","background-image":"","background-repeat":"repeat","background-position":"center center","background-size":"auto","background-attachment":"scroll","background-type":"","background-media":"","overlay-type":"","overlay-color":"","overlay-opacity":"","overlay-gradient":""}},"footnotes":""},"class_list":["post-2873","page","type-page","status-publish","hentry"],"post_mailing_queue_ids":[],"_links":{"self":[{"href":"https:\/\/agora.xtec.cat\/escolalesvinyes\/wp-json\/wp\/v2\/pages\/2873","targetHints":{"allow":["GET"]}}],"collection":[{"href":"https:\/\/agora.xtec.cat\/escolalesvinyes\/wp-json\/wp\/v2\/pages"}],"about":[{"href":"https:\/\/agora.xtec.cat\/escolalesvinyes\/wp-json\/wp\/v2\/types\/page"}],"author":[{"embeddable":true,"href":"https:\/\/agora.xtec.cat\/escolalesvinyes\/wp-json\/wp\/v2\/users\/1"}],"replies":[{"embeddable":true,"href":"https:\/\/agora.xtec.cat\/escolalesvinyes\/wp-json\/wp\/v2\/comments?post=2873"}],"version-history":[{"count":3,"href":"https:\/\/agora.xtec.cat\/escolalesvinyes\/wp-json\/wp\/v2\/pages\/2873\/revisions"}],"predecessor-version":[{"id":3325,"href":"https:\/\/agora.xtec.cat\/escolalesvinyes\/wp-json\/wp\/v2\/pages\/2873\/revisions\/3325"}],"up":[{"embeddable":true,"href":"https:\/\/agora.xtec.cat\/escolalesvinyes\/wp-json\/wp\/v2\/pages\/3316"}],"wp:attachment":[{"href":"https:\/\/agora.xtec.cat\/escolalesvinyes\/wp-json\/wp\/v2\/media?parent=2873"}],"curies":[{"name":"wp","href":"https:\/\/api.w.org\/{rel}","templated":true}]}}