{"id":2854,"date":"2022-07-21T23:49:18","date_gmt":"2022-07-21T21:49:18","guid":{"rendered":"https:\/\/agora.xtec.cat\/escolalesvinyes\/?page_id=2854"},"modified":"2023-10-26T15:40:41","modified_gmt":"2023-10-26T13:40:41","slug":"preinscripcio","status":"publish","type":"page","link":"https:\/\/agora.xtec.cat\/escolalesvinyes\/secretaria\/preinscripcio\/","title":{"rendered":"Preinscripci\u00f3"},"content":{"rendered":"<p>Benvolgudes fam\u00edlies, si esteu interessades a presentar la sol\u00b7licitud a l&#8217;Escola Les Vinyes, posem a la vostra disposici\u00f3 l&#8217;enlla\u00e7 a la p\u00e0gina web que el Departament d\u2019Educaci\u00f3 ha creat per informar-vos.<\/p>\n<p><a href=\"https:\/\/preinscripcio.gencat.cat\/ca\/inici\"><img loading=\"lazy\" decoding=\"async\" class=\"wp-image-2862 aligncenter\" src=\"https:\/\/agora.xtec.cat\/escolalesvinyes\/wp-content\/uploads\/usu634\/2022\/07\/noguera-tv-una-seixantena-de-docents-i-professionals-densenyament-es-formen-per-assessorar-sobre-lelaboracio-del-projecte-de-convivencia-692-med.gif\" alt=\"\" width=\"342\" height=\"114\" \/><\/a><\/p>\n<p>A m\u00e9s, us facilitem un p\u00f2dcast per escoltar, pas a pas, el que necessiteu saber per preinscriure el vostre fill o filla.<\/p>\n<p><a href=\"https:\/\/open.spotify.com\/show\/1FmEnAGmA8krm6Ebm1oNLU?si=09a070949f9a4951&amp;nd=1\"><img loading=\"lazy\" decoding=\"async\" class=\"wp-image-2861 aligncenter\" src=\"https:\/\/agora.xtec.cat\/escolalesvinyes\/wp-content\/uploads\/usu634\/2022\/07\/jOLrKK0P_400x400.jpg\" alt=\"\" width=\"135\" height=\"135\" srcset=\"https:\/\/agora.xtec.cat\/escolalesvinyes\/wp-content\/uploads\/usu634\/2022\/07\/jOLrKK0P_400x400.jpg 400w, https:\/\/agora.xtec.cat\/escolalesvinyes\/wp-content\/uploads\/usu634\/2022\/07\/jOLrKK0P_400x400-300x300.jpg 300w, https:\/\/agora.xtec.cat\/escolalesvinyes\/wp-content\/uploads\/usu634\/2022\/07\/jOLrKK0P_400x400-150x150.jpg 150w\" sizes=\"auto, (max-width: 135px) 100vw, 135px\" \/><\/a><\/p>\n<p>Aqu\u00ed teniu l&#8217;acc\u00e9s directe per fer la vostra sol\u00b7licitud i per consultar el vostre IDALU:<\/p>\n<p><a href=\"https:\/\/educacio.gencat.cat\/ca\/tramits\/tramits-temes\/20483-obligatoris?category=\"><img loading=\"lazy\" decoding=\"async\" class=\"wp-image-2865 aligncenter\" src=\"https:\/\/agora.xtec.cat\/escolalesvinyes\/wp-content\/uploads\/usu634\/2022\/07\/CEB_banners_Preinscripcio_748x250.jpg\" alt=\"\" width=\"349\" height=\"117\" srcset=\"https:\/\/agora.xtec.cat\/escolalesvinyes\/wp-content\/uploads\/usu634\/2022\/07\/CEB_banners_Preinscripcio_748x250.jpg 744w, https:\/\/agora.xtec.cat\/escolalesvinyes\/wp-content\/uploads\/usu634\/2022\/07\/CEB_banners_Preinscripcio_748x250-300x101.jpg 300w\" sizes=\"auto, (max-width: 349px) 100vw, 349px\" \/><\/a><\/p>\n<p><a href=\"https:\/\/educacio.gencat.cat\/ca\/tramits\/tramits-temes\/identificador-alumne\"><img loading=\"lazy\" decoding=\"async\" class=\"wp-image-2866 aligncenter\" src=\"https:\/\/agora.xtec.cat\/escolalesvinyes\/wp-content\/uploads\/usu634\/2022\/07\/8.png\" alt=\"\" width=\"138\" height=\"139\" srcset=\"https:\/\/agora.xtec.cat\/escolalesvinyes\/wp-content\/uploads\/usu634\/2022\/07\/8.png 256w, https:\/\/agora.xtec.cat\/escolalesvinyes\/wp-content\/uploads\/usu634\/2022\/07\/8-150x150.png 150w\" sizes=\"auto, (max-width: 138px) 100vw, 138px\" \/><\/a><\/p>\n<p>Si en emplenar la sol\u00b7licitud necessiteu el codi de la nostra escola, \u00e9s aquest: <strong>08026099<\/strong><\/p>\n<p>&nbsp;<\/p>\n","protected":false},"excerpt":{"rendered":"<p>Benvolgudes fam\u00edlies, si esteu interessades a presentar la sol\u00b7licitud a l&#8217;Escola Les Vinyes, posem a la vostra disposici\u00f3 l&#8217;enlla\u00e7 a la p\u00e0gina web que el Departament d\u2019Educaci\u00f3 ha creat per informar-vos. A m\u00e9s, us facilitem un p\u00f2dcast per escoltar, pas a pas, el que necessiteu saber per preinscriure el vostre fill o filla. Aqu\u00ed teniu [&hellip;]<\/p>\n","protected":false},"author":1,"featured_media":0,"parent":3316,"menu_order":30,"comment_status":"closed","ping_status":"closed","template":"page-templates\/side-menu.php","meta":{"_bbp_topic_count":0,"_bbp_reply_count":0,"_bbp_total_topic_count":0,"_bbp_total_reply_count":0,"_bbp_voice_count":0,"_bbp_anonymous_reply_count":0,"_bbp_topic_count_hidden":0,"_bbp_reply_count_hidden":0,"_bbp_forum_subforum_count":0,"site-sidebar-layout":"default","site-content-layout":"","ast-site-content-layout":"","site-content-style":"default","site-sidebar-style":"default","ast-global-header-display":"","ast-banner-title-visibility":"","ast-main-header-display":"","ast-hfb-above-header-display":"","ast-hfb-below-header-display":"","ast-hfb-mobile-header-display":"","site-post-title":"","ast-breadcrumbs-content":"","ast-featured-img":"","footer-sml-layout":"","theme-transparent-header-meta":"","adv-header-id-meta":"","stick-header-meta":"","header-above-stick-meta":"","header-main-stick-meta":"","header-below-stick-meta":"","astra-migrate-meta-layouts":"default","ast-page-background-enabled":"default","ast-page-background-meta":{"desktop":{"background-color":"var(--ast-global-color-4)","background-image":"","background-repeat":"repeat","background-position":"center center","background-size":"auto","background-attachment":"scroll","background-type":"","background-media":"","overlay-type":"","overlay-color":"","overlay-opacity":"","overlay-gradient":""},"tablet":{"background-color":"","background-image":"","background-repeat":"repeat","background-position":"center center","background-size":"auto","background-attachment":"scroll","background-type":"","background-media":"","overlay-type":"","overlay-color":"","overlay-opacity":"","overlay-gradient":""},"mobile":{"background-color":"","background-image":"","background-repeat":"repeat","background-position":"center center","background-size":"auto","background-attachment":"scroll","background-type":"","background-media":"","overlay-type":"","overlay-color":"","overlay-opacity":"","overlay-gradient":""}},"ast-content-background-meta":{"desktop":{"background-color":"var(--ast-global-color-5)","background-image":"","background-repeat":"repeat","background-position":"center center","background-size":"auto","background-attachment":"scroll","background-type":"","background-media":"","overlay-type":"","overlay-color":"","overlay-opacity":"","overlay-gradient":""},"tablet":{"background-color":"var(--ast-global-color-5)","background-image":"","background-repeat":"repeat","background-position":"center center","background-size":"auto","background-attachment":"scroll","background-type":"","background-media":"","overlay-type":"","overlay-color":"","overlay-opacity":"","overlay-gradient":""},"mobile":{"background-color":"var(--ast-global-color-5)","background-image":"","background-repeat":"repeat","background-position":"center center","background-size":"auto","background-attachment":"scroll","background-type":"","background-media":"","overlay-type":"","overlay-color":"","overlay-opacity":"","overlay-gradient":""}},"footnotes":""},"class_list":["post-2854","page","type-page","status-publish","hentry"],"post_mailing_queue_ids":[],"_links":{"self":[{"href":"https:\/\/agora.xtec.cat\/escolalesvinyes\/wp-json\/wp\/v2\/pages\/2854","targetHints":{"allow":["GET"]}}],"collection":[{"href":"https:\/\/agora.xtec.cat\/escolalesvinyes\/wp-json\/wp\/v2\/pages"}],"about":[{"href":"https:\/\/agora.xtec.cat\/escolalesvinyes\/wp-json\/wp\/v2\/types\/page"}],"author":[{"embeddable":true,"href":"https:\/\/agora.xtec.cat\/escolalesvinyes\/wp-json\/wp\/v2\/users\/1"}],"replies":[{"embeddable":true,"href":"https:\/\/agora.xtec.cat\/escolalesvinyes\/wp-json\/wp\/v2\/comments?post=2854"}],"version-history":[{"count":4,"href":"https:\/\/agora.xtec.cat\/escolalesvinyes\/wp-json\/wp\/v2\/pages\/2854\/revisions"}],"predecessor-version":[{"id":3319,"href":"https:\/\/agora.xtec.cat\/escolalesvinyes\/wp-json\/wp\/v2\/pages\/2854\/revisions\/3319"}],"up":[{"embeddable":true,"href":"https:\/\/agora.xtec.cat\/escolalesvinyes\/wp-json\/wp\/v2\/pages\/3316"}],"wp:attachment":[{"href":"https:\/\/agora.xtec.cat\/escolalesvinyes\/wp-json\/wp\/v2\/media?parent=2854"}],"curies":[{"name":"wp","href":"https:\/\/api.w.org\/{rel}","templated":true}]}}