{"id":2364,"date":"2022-07-21T17:05:44","date_gmt":"2022-07-21T15:05:44","guid":{"rendered":"https:\/\/agora.xtec.cat\/escolalesvinyes\/?page_id=2364"},"modified":"2024-01-11T11:57:11","modified_gmt":"2024-01-11T10:57:11","slug":"les-colonies-al-moli-de-la-riera","status":"publish","type":"page","link":"https:\/\/agora.xtec.cat\/escolalesvinyes\/salut\/les-colonies-al-moli-de-la-riera\/","title":{"rendered":"Protocol sanitari"},"content":{"rendered":"<p style=\"text-align: left;\">L\u2019escola ha de vetllar per tal que els alumnes portin a terme l\u2019activitat acad\u00e8mica en condicions de seguretat i higiene adequades. Per tant, el centre estableix mesures de seguretat, per evitar, de manera preventiva, la propagaci\u00f3 de malalties infecto contagioses i alhora per procurar que l\u2019alumnat assisteixi a la jornada escolar amb salut.<\/p>\n<p style=\"text-align: left;\">El curs 2023\/2024 s&#8217;ha definit un nou protocol sanitari, aprovat de forma un\u00e0nime pel Consell Escolar, el qual \u00e9s d&#8217;obligatori compliment. Traslladem a les fam\u00edlies la responsabilitat de complir-lo, ja que aquest document compte amb el m\u00e0xim consens de tot el context escolar.<\/p>\n<p><a href=\"https:\/\/agora.xtec.cat\/escolalesvinyes\/wp-content\/uploads\/usu634\/2023\/12\/Protocol-sanitari-Les-Vinyes.pdf\">Protocol sanitari Les Vinyes<\/a><\/p>\n<p><a href=\"https:\/\/agora.xtec.cat\/escolalesvinyes\/wp-content\/uploads\/usu634\/2024\/01\/Protocol-sanitari-Escola-Les-Vinyes-2.png\"><img loading=\"lazy\" decoding=\"async\" class=\"alignnone size-full wp-image-4678\" src=\"https:\/\/agora.xtec.cat\/escolalesvinyes\/wp-content\/uploads\/usu634\/2024\/01\/Protocol-sanitari-Escola-Les-Vinyes-2.png\" alt=\"\" width=\"800\" height=\"2000\" srcset=\"https:\/\/agora.xtec.cat\/escolalesvinyes\/wp-content\/uploads\/usu634\/2024\/01\/Protocol-sanitari-Escola-Les-Vinyes-2.png 800w, https:\/\/agora.xtec.cat\/escolalesvinyes\/wp-content\/uploads\/usu634\/2024\/01\/Protocol-sanitari-Escola-Les-Vinyes-2-120x300.png 120w, https:\/\/agora.xtec.cat\/escolalesvinyes\/wp-content\/uploads\/usu634\/2024\/01\/Protocol-sanitari-Escola-Les-Vinyes-2-410x1024.png 410w, https:\/\/agora.xtec.cat\/escolalesvinyes\/wp-content\/uploads\/usu634\/2024\/01\/Protocol-sanitari-Escola-Les-Vinyes-2-768x1920.png 768w, https:\/\/agora.xtec.cat\/escolalesvinyes\/wp-content\/uploads\/usu634\/2024\/01\/Protocol-sanitari-Escola-Les-Vinyes-2-614x1536.png 614w\" sizes=\"auto, (max-width: 800px) 100vw, 800px\" \/><\/a><\/p>\n","protected":false},"excerpt":{"rendered":"<p>L\u2019escola ha de vetllar per tal que els alumnes portin a terme l\u2019activitat acad\u00e8mica en condicions de seguretat i higiene adequades. Per tant, el centre estableix mesures de seguretat, per evitar, de manera preventiva, la propagaci\u00f3 de malalties infecto contagioses i alhora per procurar que l\u2019alumnat assisteixi a la jornada escolar amb salut. El curs [&hellip;]<\/p>\n","protected":false},"author":10,"featured_media":0,"parent":38,"menu_order":10,"comment_status":"closed","ping_status":"closed","template":"page-templates\/side-menu.php","meta":{"_bbp_topic_count":0,"_bbp_reply_count":0,"_bbp_total_topic_count":0,"_bbp_total_reply_count":0,"_bbp_voice_count":0,"_bbp_anonymous_reply_count":0,"_bbp_topic_count_hidden":0,"_bbp_reply_count_hidden":0,"_bbp_forum_subforum_count":0,"site-sidebar-layout":"default","site-content-layout":"","ast-site-content-layout":"","site-content-style":"default","site-sidebar-style":"default","ast-global-header-display":"","ast-banner-title-visibility":"","ast-main-header-display":"","ast-hfb-above-header-display":"","ast-hfb-below-header-display":"","ast-hfb-mobile-header-display":"","site-post-title":"","ast-breadcrumbs-content":"","ast-featured-img":"","footer-sml-layout":"","theme-transparent-header-meta":"","adv-header-id-meta":"","stick-header-meta":"","header-above-stick-meta":"","header-main-stick-meta":"","header-below-stick-meta":"","astra-migrate-meta-layouts":"default","ast-page-background-enabled":"default","ast-page-background-meta":{"desktop":{"background-color":"var(--ast-global-color-4)","background-image":"","background-repeat":"repeat","background-position":"center center","background-size":"auto","background-attachment":"scroll","background-type":"","background-media":"","overlay-type":"","overlay-color":"","overlay-opacity":"","overlay-gradient":""},"tablet":{"background-color":"","background-image":"","background-repeat":"repeat","background-position":"center center","background-size":"auto","background-attachment":"scroll","background-type":"","background-media":"","overlay-type":"","overlay-color":"","overlay-opacity":"","overlay-gradient":""},"mobile":{"background-color":"","background-image":"","background-repeat":"repeat","background-position":"center center","background-size":"auto","background-attachment":"scroll","background-type":"","background-media":"","overlay-type":"","overlay-color":"","overlay-opacity":"","overlay-gradient":""}},"ast-content-background-meta":{"desktop":{"background-color":"var(--ast-global-color-5)","background-image":"","background-repeat":"repeat","background-position":"center center","background-size":"auto","background-attachment":"scroll","background-type":"","background-media":"","overlay-type":"","overlay-color":"","overlay-opacity":"","overlay-gradient":""},"tablet":{"background-color":"var(--ast-global-color-5)","background-image":"","background-repeat":"repeat","background-position":"center center","background-size":"auto","background-attachment":"scroll","background-type":"","background-media":"","overlay-type":"","overlay-color":"","overlay-opacity":"","overlay-gradient":""},"mobile":{"background-color":"var(--ast-global-color-5)","background-image":"","background-repeat":"repeat","background-position":"center center","background-size":"auto","background-attachment":"scroll","background-type":"","background-media":"","overlay-type":"","overlay-color":"","overlay-opacity":"","overlay-gradient":""}},"footnotes":""},"class_list":["post-2364","page","type-page","status-publish","hentry"],"post_mailing_queue_ids":[],"_links":{"self":[{"href":"https:\/\/agora.xtec.cat\/escolalesvinyes\/wp-json\/wp\/v2\/pages\/2364","targetHints":{"allow":["GET"]}}],"collection":[{"href":"https:\/\/agora.xtec.cat\/escolalesvinyes\/wp-json\/wp\/v2\/pages"}],"about":[{"href":"https:\/\/agora.xtec.cat\/escolalesvinyes\/wp-json\/wp\/v2\/types\/page"}],"author":[{"embeddable":true,"href":"https:\/\/agora.xtec.cat\/escolalesvinyes\/wp-json\/wp\/v2\/users\/10"}],"replies":[{"embeddable":true,"href":"https:\/\/agora.xtec.cat\/escolalesvinyes\/wp-json\/wp\/v2\/comments?post=2364"}],"version-history":[{"count":6,"href":"https:\/\/agora.xtec.cat\/escolalesvinyes\/wp-json\/wp\/v2\/pages\/2364\/revisions"}],"predecessor-version":[{"id":4680,"href":"https:\/\/agora.xtec.cat\/escolalesvinyes\/wp-json\/wp\/v2\/pages\/2364\/revisions\/4680"}],"up":[{"embeddable":true,"href":"https:\/\/agora.xtec.cat\/escolalesvinyes\/wp-json\/wp\/v2\/pages\/38"}],"wp:attachment":[{"href":"https:\/\/agora.xtec.cat\/escolalesvinyes\/wp-json\/wp\/v2\/media?parent=2364"}],"curies":[{"name":"wp","href":"https:\/\/api.w.org\/{rel}","templated":true}]}}