{"id":87,"date":"2014-09-18T14:28:12","date_gmt":"2014-09-18T13:28:12","guid":{"rendered":"http:\/\/agora.xtec.cat\/escolalestany\/?page_id=87"},"modified":"2026-02-12T08:22:07","modified_gmt":"2026-02-12T07:22:07","slug":"blogs","status":"publish","type":"page","link":"https:\/\/agora.xtec.cat\/escolalestany\/blogs\/","title":{"rendered":"Blogs"},"content":{"rendered":"<p>Des de primer cicle d&#8217;Educaci\u00f3 Infantil fins a 6\u00e8 cada nivell t\u00e9 una p\u00e0gina pr\u00f2pia, que es creen mitjan\u00e7ant les categories.<\/p>\n<p>Les categories es defineixen des del men\u00fa de les entrades del blog. Paral\u00b7lelament als nivells tamb\u00e9 es poden definir m\u00e9s categories.<\/p>\n<p>Ja estan definides les categories:<\/p>\n<p>Primer cicle d&#8217;Educaci\u00f3 Infantil: Llar de Minis<\/p>\n<p>Segon cicle d&#8217;Educaci\u00f3 Infantil, P3, P4, P5<\/p>\n<p>Educaci\u00f3 prim\u00e0ria:<\/p>\n<p>Mitjans: 1r curs, 2n curs, 3r curs<\/p>\n<p>Grans: 4t curs, 5\u00e8 curs, 6\u00e8 curs.<\/p>\n","protected":false},"excerpt":{"rendered":"<p>Des de primer cicle d&#8217;Educaci\u00f3 Infantil fins a 6\u00e8 cada nivell t\u00e9 una p\u00e0gina pr\u00f2pia, que es creen mitjan\u00e7ant les categories.<br \/>\nLes categories es defineixen des del men\u00fa de les entrades del blog. Paral\u00b7lelament als nivells tamb\u00e9 es poden definir m\u00e9s categories.<br \/>\nJa estan definides les categories:<br \/>\nPrimer&hellip;  <a href=\"https:\/\/agora.xtec.cat\/escolalestany\/blogs\/\" title=\"Read Blogs\">Llegeix m\u00e9s\u00bb<\/a><\/p>\n","protected":false},"author":1,"featured_media":0,"parent":0,"menu_order":0,"comment_status":"closed","ping_status":"closed","template":"","meta":{"_bbp_topic_count":0,"_bbp_reply_count":0,"_bbp_total_topic_count":0,"_bbp_total_reply_count":0,"_bbp_voice_count":0,"_bbp_anonymous_reply_count":0,"_bbp_topic_count_hidden":0,"_bbp_reply_count_hidden":0,"_bbp_forum_subforum_count":0,"footnotes":""},"class_list":["post-87","page","type-page","status-publish","hentry"],"post_mailing_queue_ids":[],"_links":{"self":[{"href":"https:\/\/agora.xtec.cat\/escolalestany\/wp-json\/wp\/v2\/pages\/87","targetHints":{"allow":["GET"]}}],"collection":[{"href":"https:\/\/agora.xtec.cat\/escolalestany\/wp-json\/wp\/v2\/pages"}],"about":[{"href":"https:\/\/agora.xtec.cat\/escolalestany\/wp-json\/wp\/v2\/types\/page"}],"author":[{"embeddable":true,"href":"https:\/\/agora.xtec.cat\/escolalestany\/wp-json\/wp\/v2\/users\/1"}],"replies":[{"embeddable":true,"href":"https:\/\/agora.xtec.cat\/escolalestany\/wp-json\/wp\/v2\/comments?post=87"}],"version-history":[{"count":4,"href":"https:\/\/agora.xtec.cat\/escolalestany\/wp-json\/wp\/v2\/pages\/87\/revisions"}],"predecessor-version":[{"id":13215,"href":"https:\/\/agora.xtec.cat\/escolalestany\/wp-json\/wp\/v2\/pages\/87\/revisions\/13215"}],"wp:attachment":[{"href":"https:\/\/agora.xtec.cat\/escolalestany\/wp-json\/wp\/v2\/media?parent=87"}],"curies":[{"name":"wp","href":"https:\/\/api.w.org\/{rel}","templated":true}]}}