{"id":7138,"date":"2018-02-22T21:52:17","date_gmt":"2018-02-22T20:52:17","guid":{"rendered":"http:\/\/agora.xtec.cat\/escolalestany\/?page_id=7138"},"modified":"2022-11-27T23:12:35","modified_gmt":"2022-11-27T22:12:35","slug":"qui-som","status":"publish","type":"page","link":"https:\/\/agora.xtec.cat\/escolalestany\/lescola\/qui-som\/","title":{"rendered":"Qui som?"},"content":{"rendered":"<p>L\u2019escola de L\u2019Estany \u00e9s una escola rural que forma part de la ZER El Moian\u00e8s Llevant, aix\u00f2 fa que l\u2019organitzaci\u00f3 i el funcionament de l\u2019escola estiguin emmarcats dins l\u2019estructura de la ZER i compartint projecte educatiu.<\/p>\n<p><b>MISSI\u00d3<\/b><\/p>\n<p>Volem que l\u2019escola de l\u2019Estany sigui un centre on compleixi les tres &#8220;p&#8221; d&#8217;una escola rural; sigui petita, de poble i p\u00fablica (<em>Joan Soler, UVic<\/em>) i esdevingui un referent en la comunitat educativa de Catalunya. D\u2019aquesta manera creiem que el millor \u00e9s oferir una formaci\u00f3 integral oberta a la comunitat educativa amb la voluntat de millorar la societat i pretendre que les persones siguin felices.<\/p>\n<p><strong>VISI\u00d3<\/strong><\/p>\n<p>El nostre centre aposta per un model de treball cooperatiu amb una filosofia d\u2019escola inclusiva i amb un model pedag\u00f2gic competencial on cada alumne aconsegueixi l\u2019excel\u00b7l\u00e8ncia en els seus resultats acad\u00e8mics i poder esdevenir un centre referent en la comunitat educativa de Catalunya.<\/p>\n<p>Nosaltres proposem un lema per l\u2019escola: <strong>participa educant, educa&#8217;t participant<\/strong>. Aquest joc de paraules ens inspira que per una banda la comunitat educativa \u00e9s convidada a participar de l\u2019escola i al mateix temps hi \u00e9s educada; sempre demanant la participaci\u00f3.<\/p>\n<p><strong>VALORS<\/strong><\/p>\n<p>L&#8217;escola es viu de manera harm\u00f2nica. Vol dir que s&#8217;hi respira una pau col\u00b7lectiva que al llarg dels anys s&#8217;ha creat una confian\u00e7a m\u00fatua entre educadores, alumnes i fam\u00edlies. El dia a dia al centre s\u00f3n moments privilegiats pels que hi som.<\/p>\n<p>Cada dia \u00e9s una aprenentatge per totes i seguim pensant que aquesta \u00e9s la for\u00e7a de l&#8217;escola i tot un poble. Aix\u00f2 \u00e9s l&#8217;escola de L&#8217;Estany!<\/p>\n<p><strong>OBJECTIUS<\/strong><\/p>\n<p>Els objectius del centre es concreten en el seg\u00fcent:<\/p>\n<p><strong>\u00c0mbit pedag\u00f2gic<\/strong><\/p>\n<ul>\n<li>Millorar els resultats de l\u2019alumnat al finalitzar educaci\u00f3 prim\u00e0ria<\/li>\n<\/ul>\n<p><strong>\u00c0mbit social<\/strong><\/p>\n<ul>\n<li>Millorar la cohesi\u00f3 social de la comunitat educativa<\/li>\n<\/ul>\n<p><strong>\u00c0mbit tecnol\u00f2gic<\/strong><\/p>\n<ul>\n<li>Fomentar l\u2019\u00fas de les TAC a les alumnes i mestres<\/li>\n<\/ul>\n<p><strong>ORGANIGRAMA DEL CENTRE<\/strong><\/p>\n<p>El centre tindr\u00e0 com a m\u00e0xim \u00f2rgan regulador el consell escolar presidit pel director de l\u2019escola.\u00a0 Aquest \u00f2rgan delegar\u00e0 les funcions a l\u2019equip directiu que amb un lideratge distributiu delegar\u00e0 funcions al claustre i alumnes, i a les diferents comissions de la nostra comunitat educativa.<\/p>\n<p>&nbsp;<\/p>\n<p><strong>\u00a0<\/strong><\/p>\n","protected":false},"excerpt":{"rendered":"<p>L\u2019escola de L\u2019Estany \u00e9s una escola rural que forma part de la ZER El Moian\u00e8s Llevant, aix\u00f2 fa que l\u2019organitzaci\u00f3 i el funcionament de l\u2019escola estiguin emmarcats dins l\u2019estructura de la ZER i compartint projecte educatiu.<br \/>\nMISSI\u00d3<br \/>\nVolem que l\u2019escola de l\u2019Estany sigui un centre on compleixi&hellip;  <a href=\"https:\/\/agora.xtec.cat\/escolalestany\/lescola\/qui-som\/\" title=\"Read Qui som?\">Llegeix m\u00e9s\u00bb<\/a><\/p>\n","protected":false},"author":1,"featured_media":0,"parent":22,"menu_order":0,"comment_status":"closed","ping_status":"closed","template":"","meta":{"_bbp_topic_count":0,"_bbp_reply_count":0,"_bbp_total_topic_count":0,"_bbp_total_reply_count":0,"_bbp_voice_count":0,"_bbp_anonymous_reply_count":0,"_bbp_topic_count_hidden":0,"_bbp_reply_count_hidden":0,"_bbp_forum_subforum_count":0,"footnotes":""},"class_list":["post-7138","page","type-page","status-publish","hentry"],"post_mailing_queue_ids":[],"_links":{"self":[{"href":"https:\/\/agora.xtec.cat\/escolalestany\/wp-json\/wp\/v2\/pages\/7138","targetHints":{"allow":["GET"]}}],"collection":[{"href":"https:\/\/agora.xtec.cat\/escolalestany\/wp-json\/wp\/v2\/pages"}],"about":[{"href":"https:\/\/agora.xtec.cat\/escolalestany\/wp-json\/wp\/v2\/types\/page"}],"author":[{"embeddable":true,"href":"https:\/\/agora.xtec.cat\/escolalestany\/wp-json\/wp\/v2\/users\/1"}],"replies":[{"embeddable":true,"href":"https:\/\/agora.xtec.cat\/escolalestany\/wp-json\/wp\/v2\/comments?post=7138"}],"version-history":[{"count":4,"href":"https:\/\/agora.xtec.cat\/escolalestany\/wp-json\/wp\/v2\/pages\/7138\/revisions"}],"predecessor-version":[{"id":11165,"href":"https:\/\/agora.xtec.cat\/escolalestany\/wp-json\/wp\/v2\/pages\/7138\/revisions\/11165"}],"up":[{"embeddable":true,"href":"https:\/\/agora.xtec.cat\/escolalestany\/wp-json\/wp\/v2\/pages\/22"}],"wp:attachment":[{"href":"https:\/\/agora.xtec.cat\/escolalestany\/wp-json\/wp\/v2\/media?parent=7138"}],"curies":[{"name":"wp","href":"https:\/\/api.w.org\/{rel}","templated":true}]}}