{"id":6261,"date":"2017-01-27T12:03:18","date_gmt":"2017-01-27T11:03:18","guid":{"rendered":"http:\/\/agora.xtec.cat\/escolalestany\/?page_id=6261"},"modified":"2024-03-02T20:40:45","modified_gmt":"2024-03-02T19:40:45","slug":"cicle-mitja","status":"publish","type":"page","link":"https:\/\/agora.xtec.cat\/escolalestany\/ecologia-emocional\/cicle-mitja\/","title":{"rendered":"GUIA DE L&#8217;ESTANY. LA MINA DE DESGU\u00c0S"},"content":{"rendered":"<p><img loading=\"lazy\" decoding=\"async\" class=\"size-medium wp-image-10893 alignleft\" src=\"https:\/\/agora.xtec.cat\/escolalestany\/wp-content\/uploads\/usu937\/2022\/06\/web-titol-300x118.png\" alt=\"\" width=\"300\" height=\"118\" srcset=\"https:\/\/agora.xtec.cat\/escolalestany\/wp-content\/uploads\/usu937\/2022\/06\/web-titol-300x118.png 300w, https:\/\/agora.xtec.cat\/escolalestany\/wp-content\/uploads\/usu937\/2022\/06\/web-titol.png 694w\" sizes=\"auto, (max-width: 300px) 100vw, 300px\" \/><img loading=\"lazy\" decoding=\"async\" class=\"size-full wp-image-10896 alignleft\" src=\"https:\/\/agora.xtec.cat\/escolalestany\/wp-content\/uploads\/usu937\/2022\/06\/mina.png\" alt=\"\" width=\"153\" height=\"133\" \/><\/p>\n<p>&nbsp;<\/p>\n<p>&nbsp;<\/p>\n<p>&nbsp;<\/p>\n<p class=\"_04xlpA direction-ltr align-justify para-style-body\"><span class=\"JsGRdQ\">La mina va ser creada per drenar l&#8217;aigua de l&#8217;estany i aconseguir dessecar-lo, per tal d&#8217;evitar malalties i obtenir camps de conreus.<\/span><\/p>\n<ul>\n<li><span class=\"JsGRdQ\">Va ser constru\u00efda entre el 1734 al 1737.<\/span><\/li>\n<li><span class=\"JsGRdQ\">T\u00e9 una llargada de 425 metres i est\u00e0 feta amb volta de can\u00f3 utilitzant la t\u00e8cnica de pedra seca.<\/span><\/li>\n<\/ul>\n<p>Voleu escoltar abans d&#8217;entrar a la mina un conte creat pel grup dels mitjans de l&#8217;escola? Cliqueu a sobre el t\u00edtol i prepareu-vos per escolar el misteri de la mina!<\/p>\n<p><strong><a href=\"https:\/\/drive.google.com\/file\/d\/1E1jIXeEMpArYfoihRIBjS8FeJHda1_iM\/view?usp=sharing\">EL MISTERI DE LA MINA<\/a><\/strong><\/p>\n<p>&nbsp;<\/p>\n<p>&nbsp;<\/p>\n<ul>\n<li style=\"list-style-type: none;\"><\/li>\n<\/ul>\n","protected":false},"excerpt":{"rendered":"<p>&nbsp;<br \/>\n&nbsp;<br \/>\n&nbsp;<br \/>\nLa mina va ser creada per drenar l&#8217;aigua de l&#8217;estany i aconseguir dessecar-lo, per tal d&#8217;evitar malalties i obtenir camps de conreus.<\/p>\n<ul>\n<li>Va ser constru\u00efda entre el 1734 al 1737.<\/li>\n<li>T\u00e9 una llargada de 425 metres i est\u00e0 feta amb volta de can\u00f3 utilitzant la t\u00e8cnica de&hellip;  <a href=\"https:\/\/agora.xtec.cat\/escolalestany\/ecologia-emocional\/cicle-mitja\/\" title=\"Read GUIA DE L&#8217;ESTANY. LA MINA DE DESGU\u00c0S\">Llegeix m\u00e9s\u00bb<\/a><br \/>\n","protected":false},"author":1,"featured_media":0,"parent":6128,"menu_order":2,"comment_status":"closed","ping_status":"closed","template":"page-templates\/side-menu.php","meta":{"_bbp_topic_count":0,"_bbp_reply_count":0,"_bbp_total_topic_count":0,"_bbp_total_reply_count":0,"_bbp_voice_count":0,"_bbp_anonymous_reply_count":0,"_bbp_topic_count_hidden":0,"_bbp_reply_count_hidden":0,"_bbp_forum_subforum_count":0,"footnotes":""},"class_list":["post-6261","page","type-page","status-publish","hentry"],"post_mailing_queue_ids":[],"_links":{"self":[{"href":"https:\/\/agora.xtec.cat\/escolalestany\/wp-json\/wp\/v2\/pages\/6261","targetHints":{"allow":["GET"]}}],"collection":[{"href":"https:\/\/agora.xtec.cat\/escolalestany\/wp-json\/wp\/v2\/pages"}],"about":[{"href":"https:\/\/agora.xtec.cat\/escolalestany\/wp-json\/wp\/v2\/types\/page"}],"author":[{"embeddable":true,"href":"https:\/\/agora.xtec.cat\/escolalestany\/wp-json\/wp\/v2\/users\/1"}],"replies":[{"embeddable":true,"href":"https:\/\/agora.xtec.cat\/escolalestany\/wp-json\/wp\/v2\/comments?post=6261"}],"version-history":[{"count":3,"href":"https:\/\/agora.xtec.cat\/escolalestany\/wp-json\/wp\/v2\/pages\/6261\/revisions"}],"predecessor-version":[{"id":10968,"href":"https:\/\/agora.xtec.cat\/escolalestany\/wp-json\/wp\/v2\/pages\/6261\/revisions\/10968"}],"up":[{"embeddable":true,"href":"https:\/\/agora.xtec.cat\/escolalestany\/wp-json\/wp\/v2\/pages\/6128"}],"wp:attachment":[{"href":"https:\/\/agora.xtec.cat\/escolalestany\/wp-json\/wp\/v2\/media?parent=6261"}],"curies":[{"name":"wp","href":"https:\/\/api.w.org\/{rel}","templated":true}]}}