{"id":6132,"date":"2016-03-02T23:21:19","date_gmt":"2016-03-02T22:21:19","guid":{"rendered":"http:\/\/agora.xtec.cat\/escolalestany\/?page_id=6132"},"modified":"2018-01-21T22:59:40","modified_gmt":"2018-01-21T21:59:40","slug":"revista-de-lestany","status":"publish","type":"page","link":"https:\/\/agora.xtec.cat\/escolalestany\/revista-de-lestany\/","title":{"rendered":"Revista de l&#8217;Estany"},"content":{"rendered":"<p>Des de l&#8217;escola editem la Revista de L&#8217;Estany, que resta oberta a tothom que vulgui participar amb articles, preguntes, fotos, etc. amb la intenci\u00f3 que sigui la revista de tothom del nostre poble.<\/p>\n<p>Des del curs 2017-18 els encarregats de gestionar la revista s\u00f3n les alumnes de 4t, 5\u00e8 i 6\u00e8 de l&#8217;escola.<\/p>\n<p>S&#8217;edita en paper i digital\u00a0cada trimestre.<\/p>\n<p><a href=\"https:\/\/revistadel-estany.blogspot.com.es\/\">VERSI\u00d3 DIGITAL<\/a><\/p>\n<p>Arxiu:<br \/>\n<iframe loading=\"lazy\" src=\"\/\/e.issuu.com\/embed.html#0\/33854125\" width=\"650\" height=\"460\" frameborder=\"0\" allowfullscreen=\"allowfullscreen\"><\/iframe><\/p>\n","protected":false},"excerpt":{"rendered":"<p>Des de l&#8217;escola editem la Revista de L&#8217;Estany, que resta oberta a tothom que vulgui participar amb articles, preguntes, fotos, etc. amb la intenci\u00f3 que sigui la revista de tothom del nostre poble.<br \/>\nDes del curs 2017-18 els encarregats de gestionar la revista s\u00f3n les alumnes&hellip;  <a href=\"https:\/\/agora.xtec.cat\/escolalestany\/revista-de-lestany\/\" title=\"Read Revista de l&#8217;Estany\">Llegeix m\u00e9s\u00bb<\/a><\/p>\n","protected":false},"author":1,"featured_media":0,"parent":0,"menu_order":0,"comment_status":"closed","ping_status":"closed","template":"page-templates\/side-menu.php","meta":{"_bbp_topic_count":0,"_bbp_reply_count":0,"_bbp_total_topic_count":0,"_bbp_total_reply_count":0,"_bbp_voice_count":0,"_bbp_anonymous_reply_count":0,"_bbp_topic_count_hidden":0,"_bbp_reply_count_hidden":0,"_bbp_forum_subforum_count":0,"footnotes":""},"class_list":["post-6132","page","type-page","status-publish","hentry"],"post_mailing_queue_ids":[],"_links":{"self":[{"href":"https:\/\/agora.xtec.cat\/escolalestany\/wp-json\/wp\/v2\/pages\/6132","targetHints":{"allow":["GET"]}}],"collection":[{"href":"https:\/\/agora.xtec.cat\/escolalestany\/wp-json\/wp\/v2\/pages"}],"about":[{"href":"https:\/\/agora.xtec.cat\/escolalestany\/wp-json\/wp\/v2\/types\/page"}],"author":[{"embeddable":true,"href":"https:\/\/agora.xtec.cat\/escolalestany\/wp-json\/wp\/v2\/users\/1"}],"replies":[{"embeddable":true,"href":"https:\/\/agora.xtec.cat\/escolalestany\/wp-json\/wp\/v2\/comments?post=6132"}],"version-history":[{"count":3,"href":"https:\/\/agora.xtec.cat\/escolalestany\/wp-json\/wp\/v2\/pages\/6132\/revisions"}],"predecessor-version":[{"id":6916,"href":"https:\/\/agora.xtec.cat\/escolalestany\/wp-json\/wp\/v2\/pages\/6132\/revisions\/6916"}],"wp:attachment":[{"href":"https:\/\/agora.xtec.cat\/escolalestany\/wp-json\/wp\/v2\/media?parent=6132"}],"curies":[{"name":"wp","href":"https:\/\/api.w.org\/{rel}","templated":true}]}}