{"id":38,"date":"2014-09-18T12:34:08","date_gmt":"2014-09-18T11:34:08","guid":{"rendered":"http:\/\/agora.xtec.cat\/escolalestany\/?page_id=38"},"modified":"2025-02-10T11:08:23","modified_gmt":"2025-02-10T10:08:23","slug":"salut","status":"publish","type":"page","link":"https:\/\/agora.xtec.cat\/escolalestany\/lescola\/salut\/","title":{"rendered":"Documents"},"content":{"rendered":"<p><a href=\"https:\/\/agora.xtec.cat\/escolalestany\/wp-content\/uploads\/usu937\/2024\/07\/Calendari-2024-25.jpg\">CALENDARI ESCOLAR CURS 2024-25<\/a><\/p>\n<p><strong>PGA I MEM\u00d2RIA D&#8217;ESCOLA<\/strong><\/p>\n<p><a href=\"https:\/\/agora.xtec.cat\/escolalestany\/wp-content\/uploads\/usu937\/2024\/10\/PGA-de-ZER-curs-24-25-presentada-i-aprovada-a-CEZ-amb-esmenes.pdf\">PROGRAMACI\u00d3 ANUAL 24-25<\/a><\/p>\n<p><a href=\"https:\/\/agora.xtec.cat\/escolalestany\/wp-content\/uploads\/usu937\/2024\/07\/PGA-ZER-23-24.pdf\">PROGRAMACI\u00d3 ANUAL 2023-24<\/a><\/p>\n<p><a href=\"https:\/\/agora.xtec.cat\/escolalestany\/wp-content\/uploads\/usu937\/2024\/07\/Memoria-Anual-2023-24.pdf\">MEM\u00d2RIA ANUAL 2023-24<\/a><\/p>\n<p><a href=\"https:\/\/agora.xtec.cat\/escolalestany\/wp-content\/uploads\/usu937\/2022\/11\/PGA-ZER-22-23.pdf\">PROGRAMACI\u00d3 GENERAL ANUAL 2022-23<\/a><\/p>\n<p><a href=\"https:\/\/agora.xtec.cat\/escolalestany\/wp-content\/uploads\/usu937\/2024\/07\/Memoria-2022-23.pdf\">MEM\u00d2RIA 2022-23<\/a><\/p>\n<p><a href=\"https:\/\/agora.xtec.cat\/escolalestany\/wp-content\/uploads\/usu937\/2023\/01\/Memoria-PdD-escola-de-LEstany.pdf\">MEM\u00d2RIA PdD ESCOLA DE L&#8217;ESTANY 2018-22<\/a><\/p>\n<p><strong>RESULTATS COMPET\u00c8NCIES B\u00c0SIQUES 6\u00c8<\/strong><\/p>\n<p><a href=\"https:\/\/agora.xtec.cat\/escolalestany\/wp-content\/uploads\/usu937\/2024\/07\/resultats-escola-c.b.-6e-23-24.pdf\">RESULTATS COMPET\u00c8NCIES B\u00c0SIQUES CURS 23-24<\/a><\/p>\n<p><a href=\"https:\/\/agora.xtec.cat\/escolalestany\/wp-content\/uploads\/usu937\/2023\/09\/resultats-cc-basiques-2023.pdf\">RESULTATS COMPET\u00c8NCIES B\u00c0SIQUES CURS 22-23<\/a><\/p>\n<p><a href=\"https:\/\/agora.xtec.cat\/escolalestany\/wp-content\/uploads\/usu937\/2022\/07\/CB21-22.pdf\">RESULTATS COMPET\u00c8NCIES B\u00c0SIQUES CURS 21-22<\/a><\/p>\n<p><strong>AUTORITZACIONS<\/strong><\/p>\n<p><a href=\"https:\/\/agora.xtec.cat\/escolalestany\/wp-content\/uploads\/usu937\/2019\/09\/Carta-de-comprom\u00eds.pdf\">CARTA DE COMPROM\u00cdS EDUCATIU<\/a><\/p>\n<p><a href=\"https:\/\/agora.xtec.cat\/escolalestany\/wp-content\/uploads\/usu937\/2019\/09\/FULL-ACTUALITZACI\u00d3-DE-DADES-ALUMNES.pdf\">FULL ACTUALITZACI\u00d3 DE DADES ALUMNES<\/a><\/p>\n<p><a href=\"https:\/\/agora.xtec.cat\/escolalestany\/wp-content\/uploads\/usu937\/2019\/09\/LECTURES-EN-FAM\u00cdLIA.pdf\">FULL COL\u00b7LABORACI\u00d3 LECTURES EN FAM\u00cdLIA<\/a><\/p>\n<p><a href=\"https:\/\/agora.xtec.cat\/escolalestany\/wp-content\/uploads\/usu937\/2019\/09\/PROTECCI\u00d3-DADES.pdf\">\u00daS D&#8217;IMATGES I PROTECCI\u00d3 DE DADES<\/a><\/p>\n<p><a href=\"https:\/\/agora.xtec.cat\/escolalestany\/wp-content\/uploads\/usu937\/2019\/09\/\u00daS-DE-RECURSOS-DIGITALS.pdf\">\u00daS DE RECURSOS DIGITALS<\/a><\/p>\n<p><a href=\"https:\/\/agora.xtec.cat\/escolalestany\/wp-content\/uploads\/usu937\/2019\/09\/SORTIDES-LOCALS.pdf\">SORTIDES LOCALS<\/a><\/p>\n<p><a href=\"http:\/\/agora.xtec.cat\/escolalestany\/wp-content\/uploads\/usu937\/2014\/09\/circular-medicament-1.pdf\">ADMINISTRACI\u00d3 DE MEDICAMENTS<\/a><\/p>\n<p><strong>DOCUMENTS AFA<\/strong><\/p>\n<p><a href=\"https:\/\/agora.xtec.cat\/escolalestany\/wp-content\/uploads\/usu937\/2020\/09\/MEM\u00d2RIA-AMPA-2019-2020.pdf\">MEM\u00d2RIA AMPA 2019-2020<\/a><\/p>\n<p><strong>ALTRES<\/strong><\/p>\n<p><a href=\"https:\/\/agora.xtec.cat\/escolalestany\/wp-content\/uploads\/usu937\/2023\/01\/PLA-NEVADES-copia-1.pdf\">PLA NEVADES 2022-23<\/a><\/p>\n<p><a href=\"https:\/\/agora.xtec.cat\/escolalestany\/wp-content\/uploads\/usu937\/2025\/02\/PLA-DE-FUNCIONAMENT-24-25-LEstanyC-pdf.pdf\">PLA DE FUNCIONAMENT MENJADOR 24-25<\/a><\/p>\n<p>MANUAL D&#8217;ACOLLIDA FAMILIES NOVES (En revisi\u00f3)<\/p>\n<p>NOFZ (En revisi\u00f3)<\/p>\n<p><strong>DOCUMENTS ZER<\/strong><\/p>\n<p><img loading=\"lazy\" decoding=\"async\" class=\" wp-image-9925 alignleft\" src=\"https:\/\/agora.xtec.cat\/escolalestany\/wp-content\/uploads\/usu937\/2020\/09\/Copia-de-Copia-Pilars-de-la-ZER-410x1024.jpg\" alt=\"\" width=\"282\" height=\"704\" srcset=\"https:\/\/agora.xtec.cat\/escolalestany\/wp-content\/uploads\/usu937\/2020\/09\/Copia-de-Copia-Pilars-de-la-ZER-410x1024.jpg 410w, https:\/\/agora.xtec.cat\/escolalestany\/wp-content\/uploads\/usu937\/2020\/09\/Copia-de-Copia-Pilars-de-la-ZER-120x300.jpg 120w, https:\/\/agora.xtec.cat\/escolalestany\/wp-content\/uploads\/usu937\/2020\/09\/Copia-de-Copia-Pilars-de-la-ZER-768x1920.jpg 768w, https:\/\/agora.xtec.cat\/escolalestany\/wp-content\/uploads\/usu937\/2020\/09\/Copia-de-Copia-Pilars-de-la-ZER.jpg 800w\" sizes=\"auto, (max-width: 282px) 100vw, 282px\" \/><\/p>\n<p>&nbsp;<\/p>\n<p>&nbsp;<\/p>\n<p>&nbsp;<\/p>\n<p>&nbsp;<\/p>\n<p>&nbsp;<\/p>\n<p>&nbsp;<\/p>\n<p>&nbsp;<\/p>\n<p>&nbsp;<\/p>\n<p>&nbsp;<\/p>\n<p>&nbsp;<\/p>\n<p>&nbsp;<\/p>\n<p>&nbsp;<\/p>\n<p>&nbsp;<\/p>\n<p>&nbsp;<\/p>\n<p>&nbsp;<\/p>\n<p>&nbsp;<\/p>\n<p><a href=\"https:\/\/agora.xtec.cat\/escolalestany\/wp-content\/uploads\/usu937\/2020\/09\/Info-pilars-de-la-ZER-3-1.pdf\">VERSI\u00d3 PDF<\/a><\/p>\n<p><strong><a href=\"https:\/\/agora.xtec.cat\/zermoianesllevant\/steam\/\">STEAM\u00a0<\/a><\/strong><\/p>\n<p>&nbsp;<\/p>\n<p>&nbsp;<\/p>\n<p>&nbsp;<\/p>\n","protected":false},"excerpt":{"rendered":"<p><a href=\"https:\/\/agora.xtec.cat\/escolalestany\/wp-content\/uploads\/usu937\/2024\/07\/Calendari-2024-25.jpg\">CALENDARI ESCOLAR CURS 2024-25<\/a><br \/>\nPGA I MEM\u00d2RIA D&#8217;ESCOLA<br \/>\n<a href=\"https:\/\/agora.xtec.cat\/escolalestany\/wp-content\/uploads\/usu937\/2024\/10\/PGA-de-ZER-curs-24-25-presentada-i-aprovada-a-CEZ-amb-esmenes.pdf\">PROGRAMACI\u00d3 ANUAL 24-25<\/a><br \/>\n<a href=\"https:\/\/agora.xtec.cat\/escolalestany\/wp-content\/uploads\/usu937\/2024\/07\/PGA-ZER-23-24.pdf\">PROGRAMACI\u00d3 ANUAL 2023-24<\/a><br \/>\n<a href=\"https:\/\/agora.xtec.cat\/escolalestany\/wp-content\/uploads\/usu937\/2024\/07\/Memoria-Anual-2023-24.pdf\">MEM\u00d2RIA ANUAL 2023-24<\/a><br \/>\n<a href=\"https:\/\/agora.xtec.cat\/escolalestany\/wp-content\/uploads\/usu937\/2022\/11\/PGA-ZER-22-23.pdf\">PROGRAMACI\u00d3 GENERAL ANUAL 2022-23<\/a><br \/>\n<a href=\"https:\/\/agora.xtec.cat\/escolalestany\/wp-content\/uploads\/usu937\/2024\/07\/Memoria-2022-23.pdf\">MEM\u00d2RIA 2022-23<\/a><br \/>\n<a href=\"https:\/\/agora.xtec.cat\/escolalestany\/wp-content\/uploads\/usu937\/2023\/01\/Memoria-PdD-escola-de-LEstany.pdf\">MEM\u00d2RIA PdD ESCOLA DE L&#8217;ESTANY 2018-22<\/a><br \/>\nRESULTATS COMPET\u00c8NCIES B\u00c0SIQUES 6\u00c8<br \/>\n<a href=\"https:\/\/agora.xtec.cat\/escolalestany\/wp-content\/uploads\/usu937\/2024\/07\/resultats-escola-c.b.-6e-23-24.pdf\">RESULTATS COMPET\u00c8NCIES B\u00c0SIQUES CURS 23-24<\/a><br \/>\n<a href=\"https:\/\/agora.xtec.cat\/escolalestany\/wp-content\/uploads\/usu937\/2023\/09\/resultats-cc-basiques-2023.pdf\">RESULTATS COMPET\u00c8NCIES B\u00c0SIQUES CURS 22-23<\/a><br \/>\n<a href=\"https:\/\/agora.xtec.cat\/escolalestany\/wp-content\/uploads\/usu937\/2022\/07\/CB21-22.pdf\">RESULTATS COMPET\u00c8NCIES B\u00c0SIQUES&hellip;  <a href=\"https:\/\/agora.xtec.cat\/escolalestany\/lescola\/salut\/\" title=\"Read Documents\">Llegeix m\u00e9s\u00bb<\/a><\/p>\n","protected":false},"author":1,"featured_media":0,"parent":22,"menu_order":80,"comment_status":"closed","ping_status":"closed","template":"page-templates\/side-menu.php","meta":{"_bbp_topic_count":0,"_bbp_reply_count":0,"_bbp_total_topic_count":0,"_bbp_total_reply_count":0,"_bbp_voice_count":0,"_bbp_anonymous_reply_count":0,"_bbp_topic_count_hidden":0,"_bbp_reply_count_hidden":0,"_bbp_forum_subforum_count":0,"footnotes":""},"class_list":["post-38","page","type-page","status-publish","hentry"],"post_mailing_queue_ids":[],"_links":{"self":[{"href":"https:\/\/agora.xtec.cat\/escolalestany\/wp-json\/wp\/v2\/pages\/38","targetHints":{"allow":["GET"]}}],"collection":[{"href":"https:\/\/agora.xtec.cat\/escolalestany\/wp-json\/wp\/v2\/pages"}],"about":[{"href":"https:\/\/agora.xtec.cat\/escolalestany\/wp-json\/wp\/v2\/types\/page"}],"author":[{"embeddable":true,"href":"https:\/\/agora.xtec.cat\/escolalestany\/wp-json\/wp\/v2\/users\/1"}],"replies":[{"embeddable":true,"href":"https:\/\/agora.xtec.cat\/escolalestany\/wp-json\/wp\/v2\/comments?post=38"}],"version-history":[{"count":6,"href":"https:\/\/agora.xtec.cat\/escolalestany\/wp-json\/wp\/v2\/pages\/38\/revisions"}],"predecessor-version":[{"id":12728,"href":"https:\/\/agora.xtec.cat\/escolalestany\/wp-json\/wp\/v2\/pages\/38\/revisions\/12728"}],"up":[{"embeddable":true,"href":"https:\/\/agora.xtec.cat\/escolalestany\/wp-json\/wp\/v2\/pages\/22"}],"wp:attachment":[{"href":"https:\/\/agora.xtec.cat\/escolalestany\/wp-json\/wp\/v2\/media?parent=38"}],"curies":[{"name":"wp","href":"https:\/\/api.w.org\/{rel}","templated":true}]}}