{"id":22,"date":"2014-09-18T12:19:57","date_gmt":"2014-09-18T11:19:57","guid":{"rendered":"http:\/\/agora.xtec.cat\/escolalestany\/?page_id=22"},"modified":"2019-08-26T23:56:08","modified_gmt":"2019-08-26T21:56:08","slug":"lescola","status":"publish","type":"page","link":"https:\/\/agora.xtec.cat\/escolalestany\/lescola\/","title":{"rendered":"L&#8217;escola"},"content":{"rendered":"<p>L\u2019escola de l\u2019Estany \u00e9s una escola rural p\u00fablica d\u2019educaci\u00f3 infantil i prim\u00e0ria que at\u00e9n alumnes a partir d&#8217;1 any fins a 12 anys. La nostra escola forma part de la Zona Escolar Rural (ZER) el Moian\u00e8s Llevant, que compr\u00e8n les escoles de Collsuspina, l&#8217;Estany i Sant Quirze Safaja.<\/p>\n\r\n\t<div class=\"slideshow_container slideshow_container_style-light\" style=\"height: 300px; \" data-slideshow-id=\"6114\" data-style-name=\"style-light\" data-style-version=\"2.3.1\" >\r\n\r\n\t\t\t\t\t<div class=\"slideshow_loading_icon\"><\/div>\r\n\t\t\r\n\t\t<div class=\"slideshow_content\" style=\"display: none;\">\r\n\r\n\t\t\t<div class=\"slideshow_view\">\r\n\t\t\t\t<div class=\"slideshow_slide slideshow_slide_image\">\r\n\t\t\t\t\t\t\t\t\t\t\t<img src=\"https:\/\/agora.xtec.cat\/escolalestany\/wp-content\/uploads\/usu937\/2018\/02\/photocool-c\u00f2pia.jpg\" alt=\"photocool - c\u00f2pia\" width=\"5670\" height=\"1890\" \/>\r\n\t\t\t\t\t\t\t\t\t\t<div class=\"slideshow_description_box slideshow_transparent\">\r\n\t\t\t\t\t\t<div class=\"slideshow_title\">photocool - c\u00f2pia<\/div>\t\t\t\t\t\t\t\t\t\t\t<\/div>\r\n\t\t\t\t<\/div>\r\n\r\n\t\t\t\t\t\t<div style=\"clear: both;\"><\/div><\/div><div class=\"slideshow_view\">\r\n\t\t\t\t<div class=\"slideshow_slide slideshow_slide_image\">\r\n\t\t\t\t\t\t\t\t\t\t\t<img src=\"https:\/\/agora.xtec.cat\/escolalestany\/wp-content\/uploads\/usu937\/2018\/11\/181002-ZER-moian\u00e8s27652-copia.jpg\" alt=\"181002 ZER moian\u00e8s27652 - copia\" width=\"1689\" height=\"1267\" \/>\r\n\t\t\t\t\t\t\t\t\t\t<div class=\"slideshow_description_box slideshow_transparent\">\r\n\t\t\t\t\t\t<div class=\"slideshow_title\">181002 ZER moian\u00e8s27652 - copia<\/div>\t\t\t\t\t\t\t\t\t\t\t<\/div>\r\n\t\t\t\t<\/div>\r\n\r\n\t\t\t\t\t\t<div style=\"clear: both;\"><\/div><\/div><div class=\"slideshow_view\">\r\n\t\t\t\t<div class=\"slideshow_slide slideshow_slide_image\">\r\n\t\t\t\t\t\t\t\t\t\t\t<img src=\"https:\/\/agora.xtec.cat\/escolalestany\/wp-content\/uploads\/usu937\/2018\/11\/181002-ZER-moian\u00e8s27649-copia.jpg\" alt=\"181002 ZER moian\u00e8s27649 - copia\" width=\"1689\" height=\"1267\" \/>\r\n\t\t\t\t\t\t\t\t\t\t<div class=\"slideshow_description_box slideshow_transparent\">\r\n\t\t\t\t\t\t<div class=\"slideshow_title\">181002 ZER moian\u00e8s27649 - copia<\/div>\t\t\t\t\t\t\t\t\t\t\t<\/div>\r\n\t\t\t\t<\/div>\r\n\r\n\t\t\t\t\t\t<div style=\"clear: both;\"><\/div><\/div><div class=\"slideshow_view\">\r\n\t\t\t\t<div class=\"slideshow_slide slideshow_slide_image\">\r\n\t\t\t\t\t\t\t\t\t\t\t<img src=\"https:\/\/agora.xtec.cat\/escolalestany\/wp-content\/uploads\/usu937\/2018\/11\/181002-ZER-moian\u00e8s27611.jpg\" alt=\"181002 ZER moian\u00e8s27611\" width=\"1689\" height=\"1267\" \/>\r\n\t\t\t\t\t\t\t\t\t\t<div class=\"slideshow_description_box slideshow_transparent\">\r\n\t\t\t\t\t\t<div class=\"slideshow_title\">181002 ZER moian\u00e8s27611<\/div>\t\t\t\t\t\t\t\t\t\t\t<\/div>\r\n\t\t\t\t<\/div>\r\n\r\n\t\t\t\t\t\t<div style=\"clear: both;\"><\/div><\/div><div class=\"slideshow_view\">\r\n\t\t\t\t<div class=\"slideshow_slide slideshow_slide_image\">\r\n\t\t\t\t\t\t\t\t\t\t\t<img src=\"https:\/\/agora.xtec.cat\/escolalestany\/wp-content\/uploads\/usu937\/2018\/11\/ESCOLA-DE-LESTANY-copia-1.jpg\" alt=\"ESCOLA DE L&#039;ESTANY - copia\" width=\"1689\" height=\"1267\" \/>\r\n\t\t\t\t\t\t\t\t\t\t<div class=\"slideshow_description_box slideshow_transparent\">\r\n\t\t\t\t\t\t<div class=\"slideshow_title\">ESCOLA DE L&#039;ESTANY - copia<\/div>\t\t\t\t\t\t\t\t\t\t\t<\/div>\r\n\t\t\t\t<\/div>\r\n\r\n\t\t\t\t\t\t<div style=\"clear: both;\"><\/div><\/div><div class=\"slideshow_view\">\r\n\t\t\t\t<div class=\"slideshow_slide slideshow_slide_image\">\r\n\t\t\t\t\t\t\t\t\t\t\t<img src=\"https:\/\/agora.xtec.cat\/escolalestany\/wp-content\/uploads\/usu937\/2018\/11\/ESCOLA-DE-LESTANY-2-copia.jpg\" alt=\"ESCOLA DE L&#039;ESTANY 2 - copia\" width=\"1689\" height=\"1267\" \/>\r\n\t\t\t\t\t\t\t\t\t\t<div class=\"slideshow_description_box slideshow_transparent\">\r\n\t\t\t\t\t\t<div class=\"slideshow_title\">ESCOLA DE L&#039;ESTANY 2 - copia<\/div>\t\t\t\t\t\t\t\t\t\t\t<\/div>\r\n\t\t\t\t<\/div>\r\n\r\n\t\t\t\t\t\t<div style=\"clear: both;\"><\/div><\/div><div class=\"slideshow_view\">\r\n\t\t\t\t<div class=\"slideshow_slide slideshow_slide_image\">\r\n\t\t\t\t\t\t\t\t\t\t\t<img src=\"https:\/\/agora.xtec.cat\/escolalestany\/wp-content\/uploads\/usu937\/2018\/11\/ESCOLA-DE-LESTANY-3-copia-copia.jpg\" alt=\"ESCOLA DE L&#039;ESTANY 3 - copia - copia\" width=\"1689\" height=\"1267\" \/>\r\n\t\t\t\t\t\t\t\t\t\t<div class=\"slideshow_description_box slideshow_transparent\">\r\n\t\t\t\t\t\t<div class=\"slideshow_title\">ESCOLA DE L&#039;ESTANY 3 - copia - copia<\/div>\t\t\t\t\t\t\t\t\t\t\t<\/div>\r\n\t\t\t\t<\/div>\r\n\r\n\t\t\t\t\t\t<div style=\"clear: both;\"><\/div><\/div>\r\n\t\t<\/div>\r\n\r\n\t\t<div class=\"slideshow_controlPanel slideshow_transparent\" style=\"display: none;\"><ul><li class=\"slideshow_togglePlay\" data-play-text=\"Visualitza\" data-pause-text=\"Pausa\"><\/li><\/ul><\/div>\r\n\r\n\t\t<div class=\"slideshow_button slideshow_previous slideshow_transparent\" role=\"button\" data-previous-text=\"Anterior\" style=\"display: none;\"><\/div>\r\n\t\t<div class=\"slideshow_button slideshow_next slideshow_transparent\" role=\"button\" data-next-text=\"Seg\u00fcent\" style=\"display: none;\"><\/div>\r\n\r\n\t\t<div class=\"slideshow_pagination\" style=\"display: none;\" data-go-to-text=\"V\u00e9s a la diapositiva\"><div class=\"slideshow_pagination_center\"><\/div><\/div>\r\n\r\n\t\t<!-- WordPress Slideshow Version 2.3.1 -->\r\n\r\n\t\t\t<\/div>\r\n\r\n\n<p>Fotografies:<a href=\"http:\/\/www.jordifoto.cat\/\"> jordifoto.com<\/a><\/p>\n","protected":false},"excerpt":{"rendered":"<p>L\u2019escola de l\u2019Estany \u00e9s una escola rural p\u00fablica d\u2019educaci\u00f3 infantil i prim\u00e0ria que at\u00e9n alumnes a partir d&#8217;1 any fins a 12 anys. La nostra escola forma part de la Zona Escolar Rural (ZER) el Moian\u00e8s Llevant, que compr\u00e8n les escoles de Collsuspina, l&#8217;Estany i&hellip;  <a href=\"https:\/\/agora.xtec.cat\/escolalestany\/lescola\/\" title=\"Read L&#8217;escola\">Llegeix m\u00e9s\u00bb<\/a><\/p>\n","protected":false},"author":1,"featured_media":0,"parent":0,"menu_order":0,"comment_status":"closed","ping_status":"closed","template":"page-templates\/side-menu.php","meta":{"_bbp_topic_count":0,"_bbp_reply_count":0,"_bbp_total_topic_count":0,"_bbp_total_reply_count":0,"_bbp_voice_count":0,"_bbp_anonymous_reply_count":0,"_bbp_topic_count_hidden":0,"_bbp_reply_count_hidden":0,"_bbp_forum_subforum_count":0,"footnotes":""},"class_list":["post-22","page","type-page","status-publish","hentry"],"post_mailing_queue_ids":[],"_links":{"self":[{"href":"https:\/\/agora.xtec.cat\/escolalestany\/wp-json\/wp\/v2\/pages\/22","targetHints":{"allow":["GET"]}}],"collection":[{"href":"https:\/\/agora.xtec.cat\/escolalestany\/wp-json\/wp\/v2\/pages"}],"about":[{"href":"https:\/\/agora.xtec.cat\/escolalestany\/wp-json\/wp\/v2\/types\/page"}],"author":[{"embeddable":true,"href":"https:\/\/agora.xtec.cat\/escolalestany\/wp-json\/wp\/v2\/users\/1"}],"replies":[{"embeddable":true,"href":"https:\/\/agora.xtec.cat\/escolalestany\/wp-json\/wp\/v2\/comments?post=22"}],"version-history":[{"count":3,"href":"https:\/\/agora.xtec.cat\/escolalestany\/wp-json\/wp\/v2\/pages\/22\/revisions"}],"predecessor-version":[{"id":8849,"href":"https:\/\/agora.xtec.cat\/escolalestany\/wp-json\/wp\/v2\/pages\/22\/revisions\/8849"}],"wp:attachment":[{"href":"https:\/\/agora.xtec.cat\/escolalestany\/wp-json\/wp\/v2\/media?parent=22"}],"curies":[{"name":"wp","href":"https:\/\/api.w.org\/{rel}","templated":true}]}}