{"id":2,"date":"2014-09-12T11:10:47","date_gmt":"2014-09-12T09:10:47","guid":{"rendered":"http:\/\/agora.xtec.cat\/escolalestany\/?page_id=2"},"modified":"2024-02-22T20:52:17","modified_gmt":"2024-02-22T19:52:17","slug":"pagina-exemple","status":"publish","type":"page","link":"https:\/\/agora.xtec.cat\/escolalestany\/ecologia-emocional\/pagina-exemple\/","title":{"rendered":"GUIA DE L&#8217;ESTANY. EL MONESTIR"},"content":{"rendered":"<p><img loading=\"lazy\" decoding=\"async\" class=\"size-medium wp-image-10893 alignleft\" src=\"https:\/\/agora.xtec.cat\/escolalestany\/wp-content\/uploads\/usu937\/2022\/06\/web-titol-300x118.png\" alt=\"\" width=\"300\" height=\"118\" srcset=\"https:\/\/agora.xtec.cat\/escolalestany\/wp-content\/uploads\/usu937\/2022\/06\/web-titol-300x118.png 300w, https:\/\/agora.xtec.cat\/escolalestany\/wp-content\/uploads\/usu937\/2022\/06\/web-titol.png 694w\" sizes=\"auto, (max-width: 300px) 100vw, 300px\" \/><img loading=\"lazy\" decoding=\"async\" class=\"size-full wp-image-10910 alignleft\" src=\"https:\/\/agora.xtec.cat\/escolalestany\/wp-content\/uploads\/usu937\/2022\/06\/poble-1.png\" alt=\"\" width=\"125\" height=\"118\" \/><\/p>\n<p>&nbsp;<\/p>\n<p>&nbsp;<\/p>\n<p>&nbsp;<\/p>\n<ul>\n<li><span class=\"JsGRdQ\">Fundat l&#8217;any 1080 \u00e9s una de les joies del rom\u00e0nic catal\u00e0 i una de les principals abadies canonicals del pa\u00eds on hi resid\u00ed una comunitat de canonges agustinians.<\/span><\/li>\n<li><span class=\"JsGRdQ\">El claustre \u00e9s l&#8217;element m\u00e9s interessant on destaquen<\/span> <span class=\"JsGRdQ\">les columnes dobles i els 72 capitells .<\/span><\/li>\n<\/ul>\n<p><img loading=\"lazy\" decoding=\"async\" class=\"size-medium wp-image-10953 alignleft\" src=\"https:\/\/agora.xtec.cat\/escolalestany\/wp-content\/uploads\/usu937\/2022\/06\/Unai-218x300.jpg\" alt=\"\" width=\"218\" height=\"300\" srcset=\"https:\/\/agora.xtec.cat\/escolalestany\/wp-content\/uploads\/usu937\/2022\/06\/Unai-218x300.jpg 218w, https:\/\/agora.xtec.cat\/escolalestany\/wp-content\/uploads\/usu937\/2022\/06\/Unai.jpg 638w\" sizes=\"auto, (max-width: 218px) 100vw, 218px\" \/><\/p>\n<p><img loading=\"lazy\" decoding=\"async\" class=\"size-medium wp-image-10955 alignleft\" src=\"https:\/\/agora.xtec.cat\/escolalestany\/wp-content\/uploads\/usu937\/2022\/06\/Lulu-218x300.jpg\" alt=\"\" width=\"218\" height=\"300\" srcset=\"https:\/\/agora.xtec.cat\/escolalestany\/wp-content\/uploads\/usu937\/2022\/06\/Lulu-218x300.jpg 218w, https:\/\/agora.xtec.cat\/escolalestany\/wp-content\/uploads\/usu937\/2022\/06\/Lulu.jpg 638w\" sizes=\"auto, (max-width: 218px) 100vw, 218px\" \/><\/p>\n<p><img loading=\"lazy\" decoding=\"async\" class=\"size-medium wp-image-10958 alignleft\" src=\"https:\/\/agora.xtec.cat\/escolalestany\/wp-content\/uploads\/usu937\/2022\/06\/Biel-218x300.jpg\" alt=\"\" width=\"218\" height=\"300\" srcset=\"https:\/\/agora.xtec.cat\/escolalestany\/wp-content\/uploads\/usu937\/2022\/06\/Biel-218x300.jpg 218w, https:\/\/agora.xtec.cat\/escolalestany\/wp-content\/uploads\/usu937\/2022\/06\/Biel.jpg 636w\" sizes=\"auto, (max-width: 218px) 100vw, 218px\" \/><\/p>\n<p>&nbsp;<\/p>\n<p>&nbsp;<\/p>\n<p>&nbsp;<\/p>\n<p>&nbsp;<\/p>\n<p>&nbsp;<\/p>\n<p>&nbsp;<\/p>\n<p>&nbsp;<\/p>\n<p><a href=\"https:\/\/photos.app.goo.gl\/J7Rsu2JgVuj2z9gy5\">CLICA AQU\u00cd PER VEURE TOTS ELS DIBUIXOS DE LES POSTALS<\/a><\/p>\n<ul style=\"text-align: left;\">\n<li>Voleu passar una estona divertida dins el claustre del monestir? Doncs aneu cap all\u00e0. Demaneu El joc de l&#8217;\u00e0liga i&#8230; a jugar!<\/li>\n<\/ul>\n<p style=\"text-align: left;\"><a href=\"https:\/\/agora.xtec.cat\/escolalestany\/joc-del-monestir\/\"><img loading=\"lazy\" decoding=\"async\" class=\"aligncenter wp-image-10962 \" src=\"https:\/\/agora.xtec.cat\/escolalestany\/wp-content\/uploads\/usu937\/2022\/06\/Tapa_page-0001-300x219.jpg\" alt=\"\" width=\"407\" height=\"297\" data-wp-editing=\"1\" srcset=\"https:\/\/agora.xtec.cat\/escolalestany\/wp-content\/uploads\/usu937\/2022\/06\/Tapa_page-0001-300x219.jpg 300w, https:\/\/agora.xtec.cat\/escolalestany\/wp-content\/uploads\/usu937\/2022\/06\/Tapa_page-0001-1024x748.jpg 1024w, https:\/\/agora.xtec.cat\/escolalestany\/wp-content\/uploads\/usu937\/2022\/06\/Tapa_page-0001-768x561.jpg 768w, https:\/\/agora.xtec.cat\/escolalestany\/wp-content\/uploads\/usu937\/2022\/06\/Tapa_page-0001-1536x1121.jpg 1536w, https:\/\/agora.xtec.cat\/escolalestany\/wp-content\/uploads\/usu937\/2022\/06\/Tapa_page-0001-2048x1495.jpg 2048w\" sizes=\"auto, (max-width: 407px) 100vw, 407px\" \/><\/a><\/p>\n<p>\u00a0 \u00a0 \u00a0 \u00a0 \u00a0 \u00a0 \u00a0 \u00a0 \u00a0 \u00a0 \u00a0 \u00a0 \u00a0 \u00a0 \u00a0 \u00a0 \u00a0 \u00a0 \u00a0 \u00a0 \u00a0 \u00a0 \u00a0 \u00a0 \u00a0 \u00a0 CLICA LA CAPSA I T&#8217;ENSENYAREM COM S&#8217;HI JUGA<\/p>\n","protected":false},"excerpt":{"rendered":"<p>&nbsp;<br \/>\n&nbsp;<br \/>\n&nbsp;<\/p>\n<ul>\n<li>Fundat l&#8217;any 1080 \u00e9s una de les joies del rom\u00e0nic catal\u00e0 i una de les principals abadies canonicals del pa\u00eds on hi resid\u00ed una comunitat de canonges agustinians.<\/li>\n<li>El claustre \u00e9s l&#8217;element m\u00e9s interessant on destaquen les columnes dobles i els 72 capitells .<\/li>\n<\/ul>\n<p>&nbsp;<br \/>\n&nbsp;<br \/>\n&nbsp;<br \/>\n&nbsp;<br \/>\n&nbsp;<br \/>\n&nbsp;<br \/>\n&nbsp;<br \/>\n<a href=\"https:\/\/photos.app.goo.gl\/J7Rsu2JgVuj2z9gy5\">CLICA AQU\u00cd&hellip;  <a href=\"https:\/\/agora.xtec.cat\/escolalestany\/ecologia-emocional\/pagina-exemple\/\" title=\"Read GUIA DE L&#8217;ESTANY. EL MONESTIR\">Llegeix m\u00e9s\u00bb<\/a><\/p>\n","protected":false},"author":1,"featured_media":0,"parent":6128,"menu_order":3,"comment_status":"closed","ping_status":"closed","template":"page-templates\/side-menu.php","meta":{"_bbp_topic_count":0,"_bbp_reply_count":0,"_bbp_total_topic_count":0,"_bbp_total_reply_count":0,"_bbp_voice_count":0,"_bbp_anonymous_reply_count":0,"_bbp_topic_count_hidden":0,"_bbp_reply_count_hidden":0,"_bbp_forum_subforum_count":0,"footnotes":""},"class_list":["post-2","page","type-page","status-publish","hentry"],"post_mailing_queue_ids":[],"_links":{"self":[{"href":"https:\/\/agora.xtec.cat\/escolalestany\/wp-json\/wp\/v2\/pages\/2","targetHints":{"allow":["GET"]}}],"collection":[{"href":"https:\/\/agora.xtec.cat\/escolalestany\/wp-json\/wp\/v2\/pages"}],"about":[{"href":"https:\/\/agora.xtec.cat\/escolalestany\/wp-json\/wp\/v2\/types\/page"}],"author":[{"embeddable":true,"href":"https:\/\/agora.xtec.cat\/escolalestany\/wp-json\/wp\/v2\/users\/1"}],"replies":[{"embeddable":true,"href":"https:\/\/agora.xtec.cat\/escolalestany\/wp-json\/wp\/v2\/comments?post=2"}],"version-history":[{"count":6,"href":"https:\/\/agora.xtec.cat\/escolalestany\/wp-json\/wp\/v2\/pages\/2\/revisions"}],"predecessor-version":[{"id":12126,"href":"https:\/\/agora.xtec.cat\/escolalestany\/wp-json\/wp\/v2\/pages\/2\/revisions\/12126"}],"up":[{"embeddable":true,"href":"https:\/\/agora.xtec.cat\/escolalestany\/wp-json\/wp\/v2\/pages\/6128"}],"wp:attachment":[{"href":"https:\/\/agora.xtec.cat\/escolalestany\/wp-json\/wp\/v2\/media?parent=2"}],"curies":[{"name":"wp","href":"https:\/\/api.w.org\/{rel}","templated":true}]}}