{"id":12041,"date":"2024-02-03T21:03:48","date_gmt":"2024-02-03T20:03:48","guid":{"rendered":"https:\/\/agora.xtec.cat\/escolalestany\/?page_id=12041"},"modified":"2024-05-09T20:33:44","modified_gmt":"2024-05-09T18:33:44","slug":"capitell-bou-music","status":"publish","type":"page","link":"https:\/\/agora.xtec.cat\/escolalestany\/capitell-bou-music\/","title":{"rendered":"CAPITELL DEL BOU M\u00daSIC"},"content":{"rendered":"<p><span style=\"font-weight: 400;\"><strong>CAPITELL DEL BOU M\u00daSIC<\/strong>\u00a0<\/span><\/p>\n<p><span style=\"font-weight: 400;\">Al capitell del bou m\u00fasic hi trobem representada la curiosa escena d\u2019un bou que presenta el cos ratllat, i que al\u00e7at sobre les potes de darrera, toca un instrument de corda fregada, que per l&#8217;\u00e8poca en que es va fer el capitell havia de ser un rabec.\u00a0<\/span><span style=\"font-weight: 400;\">L\u2019angle esquerra del capitell s\u2019ha resolt esculpint un home que balla i el de la dreta amb un espiral puntejat de foradets.\u00a0<\/span><\/p>\n<p><strong>CAPITEL DEL BUEY M\u00daSICO<\/strong><\/p>\n<p>En el capitel del buey m\u00fasico encontramos representada la curiosa escena de un buey que presenta el cuerpo rayado, y que levantado sobre las patas traseras, toca un instrumento de cuerda, que por la \u00e9poca en que se hizo el capitel deb\u00eda ser un rabec. El \u00e1ngulo izquierdo del capitel se ha resuelto esculpiendo a un hombre que baila y el<br \/>\nde la derecha con una espiral punteada de agujeritos.<\/p>\n<p><img loading=\"lazy\" decoding=\"async\" class=\"wp-image-11966 alignleft\" src=\"https:\/\/agora.xtec.cat\/escolalestany\/wp-content\/uploads\/usu937\/2024\/01\/1705924342030-768x1024.jpg\" alt=\"\" width=\"372\" height=\"496\" srcset=\"https:\/\/agora.xtec.cat\/escolalestany\/wp-content\/uploads\/usu937\/2024\/01\/1705924342030-768x1024.jpg 768w, https:\/\/agora.xtec.cat\/escolalestany\/wp-content\/uploads\/usu937\/2024\/01\/1705924342030-225x300.jpg 225w, https:\/\/agora.xtec.cat\/escolalestany\/wp-content\/uploads\/usu937\/2024\/01\/1705924342030-1152x1536.jpg 1152w, https:\/\/agora.xtec.cat\/escolalestany\/wp-content\/uploads\/usu937\/2024\/01\/1705924342030.jpg 1200w\" sizes=\"auto, (max-width: 372px) 100vw, 372px\" \/><\/p>\n<p>&nbsp;<\/p>\n<p><img loading=\"lazy\" decoding=\"async\" class=\"wp-image-12049 alignnone\" src=\"https:\/\/agora.xtec.cat\/escolalestany\/wp-content\/uploads\/usu937\/2024\/02\/\u2014Pngtree\u2014vector-high-volume-icon_4101436.png\" alt=\"\" width=\"39\" height=\"39\" srcset=\"https:\/\/agora.xtec.cat\/escolalestany\/wp-content\/uploads\/usu937\/2024\/02\/\u2014Pngtree\u2014vector-high-volume-icon_4101436.png 1024w, https:\/\/agora.xtec.cat\/escolalestany\/wp-content\/uploads\/usu937\/2024\/02\/\u2014Pngtree\u2014vector-high-volume-icon_4101436-300x300.png 300w, https:\/\/agora.xtec.cat\/escolalestany\/wp-content\/uploads\/usu937\/2024\/02\/\u2014Pngtree\u2014vector-high-volume-icon_4101436-150x150.png 150w, https:\/\/agora.xtec.cat\/escolalestany\/wp-content\/uploads\/usu937\/2024\/02\/\u2014Pngtree\u2014vector-high-volume-icon_4101436-768x768.png 768w\" sizes=\"auto, (max-width: 39px) 100vw, 39px\" \/><a href=\"https:\/\/agora.xtec.cat\/escolalestany\/wp-content\/uploads\/usu937\/2024\/05\/el-bon-music.mp3\">AUDIO CATAL\u00c0<\/a><\/p>\n<p><img loading=\"lazy\" decoding=\"async\" class=\"alignnone\" src=\"https:\/\/agora.xtec.cat\/escolalestany\/wp-content\/uploads\/usu937\/2024\/02\/%E2%80%94Pngtree%E2%80%94vector-high-volume-icon_4101436.png\" width=\"35\" height=\"35\" \/> <a href=\"https:\/\/agora.xtec.cat\/escolalestany\/wp-content\/uploads\/usu937\/2024\/05\/el-buey-musico.mp3\">AUDIO CASTELL\u00c0<\/a><\/p>\n<p><a href=\"https:\/\/agora.xtec.cat\/escolalestany\/wp-content\/uploads\/usu937\/2024\/02\/The-gifted-musician-ox-capital-2.mp3\"><img loading=\"lazy\" decoding=\"async\" class=\"alignnone\" src=\"https:\/\/agora.xtec.cat\/escolalestany\/wp-content\/uploads\/usu937\/2024\/02\/%E2%80%94Pngtree%E2%80%94vector-high-volume-icon_4101436.png\" width=\"35\" height=\"35\" \/>AUDIO ANGL\u00c8S<\/a><\/p>\n","protected":false},"excerpt":{"rendered":"<p>CAPITELL DEL BOU M\u00daSIC\u00a0<br \/>\nAl capitell del bou m\u00fasic hi trobem representada la curiosa escena d\u2019un bou que presenta el cos ratllat, i que al\u00e7at sobre les potes de darrera, toca un instrument de corda fregada, que per l&#8217;\u00e8poca en que es va fer el capitell&hellip;  <a href=\"https:\/\/agora.xtec.cat\/escolalestany\/capitell-bou-music\/\" title=\"Read CAPITELL DEL BOU M\u00daSIC\">Llegeix m\u00e9s\u00bb<\/a><\/p>\n","protected":false},"author":1,"featured_media":0,"parent":0,"menu_order":4,"comment_status":"closed","ping_status":"closed","template":"page-templates\/side-menu.php","meta":{"_bbp_topic_count":0,"_bbp_reply_count":0,"_bbp_total_topic_count":0,"_bbp_total_reply_count":0,"_bbp_voice_count":0,"_bbp_anonymous_reply_count":0,"_bbp_topic_count_hidden":0,"_bbp_reply_count_hidden":0,"_bbp_forum_subforum_count":0,"footnotes":""},"class_list":["post-12041","page","type-page","status-publish","hentry"],"post_mailing_queue_ids":[],"_links":{"self":[{"href":"https:\/\/agora.xtec.cat\/escolalestany\/wp-json\/wp\/v2\/pages\/12041","targetHints":{"allow":["GET"]}}],"collection":[{"href":"https:\/\/agora.xtec.cat\/escolalestany\/wp-json\/wp\/v2\/pages"}],"about":[{"href":"https:\/\/agora.xtec.cat\/escolalestany\/wp-json\/wp\/v2\/types\/page"}],"author":[{"embeddable":true,"href":"https:\/\/agora.xtec.cat\/escolalestany\/wp-json\/wp\/v2\/users\/1"}],"replies":[{"embeddable":true,"href":"https:\/\/agora.xtec.cat\/escolalestany\/wp-json\/wp\/v2\/comments?post=12041"}],"version-history":[{"count":6,"href":"https:\/\/agora.xtec.cat\/escolalestany\/wp-json\/wp\/v2\/pages\/12041\/revisions"}],"predecessor-version":[{"id":12301,"href":"https:\/\/agora.xtec.cat\/escolalestany\/wp-json\/wp\/v2\/pages\/12041\/revisions\/12301"}],"wp:attachment":[{"href":"https:\/\/agora.xtec.cat\/escolalestany\/wp-json\/wp\/v2\/media?parent=12041"}],"curies":[{"name":"wp","href":"https:\/\/api.w.org\/{rel}","templated":true}]}}