{"id":12036,"date":"2024-02-03T20:46:52","date_gmt":"2024-02-03T19:46:52","guid":{"rendered":"https:\/\/agora.xtec.cat\/escolalestany\/?page_id=12036"},"modified":"2024-05-09T20:32:38","modified_gmt":"2024-05-09T18:32:38","slug":"capitell-sant-sopar","status":"publish","type":"page","link":"https:\/\/agora.xtec.cat\/escolalestany\/capitell-sant-sopar\/","title":{"rendered":"CAPITELL SANT SOPAR"},"content":{"rendered":"<p><strong>CAPITELL DEL SANT SOPAR<\/strong><\/p>\n<p><span style=\"font-weight: 400;\">El capitell il\u00b7lustra el Dijous Sant. Hi apareix Jes\u00fas amb sis deixebles per banda. El de m\u00e9s a la dreta nom\u00e9s t\u00e9 el perfil de la cara, ja que la resta s\u2019ha trencat. A la taula hi ha pans, peixos i calzes.\u00a0<\/span><\/p>\n<p><span style=\"font-weight: 400;\">Dos ap\u00f2stols s\u00f3n f\u00e0cilment identificables en aquesta escena: Joan, que amb el cap lleugerament inclinat i posant-se la m\u00e0 a la galta, mostra un gest afligit i Judes Iscariot, a qui Jes\u00fas dona el pa, reproduint amb precisi\u00f3 els Evangelis \u201cUn que suca amb mi al mateix plat \u00e9s el qui em trair\u00e0\u201d.<\/span><\/p>\n<p>&nbsp;<\/p>\n<p><strong>CAPITEL DE LA SANTA CENA<\/strong><br \/>\nEl capitel ilustra el Jueves Santo, y aparece Jes\u00fas con seis disc\u00edpulos por lado. El de<br \/>\nm\u00e1s a la derecha s\u00f3lo tiene el perfil de la cara, puesto que el resto se ha roto.<\/p>\n<p>En la mesa hay panes, peces y c\u00e1lices.<br \/>\nDos ap\u00f3stoles son f\u00e1cilmente identificables en esta escena: Juan, que con la cabeza<br \/>\nligeramente inclinada y poni\u00e9ndose la mano en la mejilla, muestra un gesto afligido y<br \/>\nJudas Iscariote, a quien Jes\u00fas da el pan, reproduciendo con precisi\u00f3n los Evangelios<br \/>\n\u201cEl que moja conmigo en el mismo plato es el que me traicionar\u00e1\u201d<\/p>\n<p><img loading=\"lazy\" decoding=\"async\" class=\"alignleft\" src=\"https:\/\/agora.xtec.cat\/escolalestany\/wp-content\/uploads\/usu937\/2024\/01\/1705924342050-768x1024.jpg\" width=\"358\" height=\"477\" \/><\/p>\n<p>&nbsp;<\/p>\n<p><img loading=\"lazy\" decoding=\"async\" class=\"wp-image-12049 alignnone\" src=\"https:\/\/agora.xtec.cat\/escolalestany\/wp-content\/uploads\/usu937\/2024\/02\/\u2014Pngtree\u2014vector-high-volume-icon_4101436.png\" alt=\"\" width=\"39\" height=\"39\" srcset=\"https:\/\/agora.xtec.cat\/escolalestany\/wp-content\/uploads\/usu937\/2024\/02\/\u2014Pngtree\u2014vector-high-volume-icon_4101436.png 1024w, https:\/\/agora.xtec.cat\/escolalestany\/wp-content\/uploads\/usu937\/2024\/02\/\u2014Pngtree\u2014vector-high-volume-icon_4101436-300x300.png 300w, https:\/\/agora.xtec.cat\/escolalestany\/wp-content\/uploads\/usu937\/2024\/02\/\u2014Pngtree\u2014vector-high-volume-icon_4101436-150x150.png 150w, https:\/\/agora.xtec.cat\/escolalestany\/wp-content\/uploads\/usu937\/2024\/02\/\u2014Pngtree\u2014vector-high-volume-icon_4101436-768x768.png 768w\" sizes=\"auto, (max-width: 39px) 100vw, 39px\" \/><a href=\"https:\/\/agora.xtec.cat\/escolalestany\/wp-content\/uploads\/usu937\/2024\/05\/El-Sant-Sopar.mp3\">AUDIO CATAL\u00c0<\/a><\/p>\n<p><img loading=\"lazy\" decoding=\"async\" class=\"alignnone\" src=\"https:\/\/agora.xtec.cat\/escolalestany\/wp-content\/uploads\/usu937\/2024\/02\/%E2%80%94Pngtree%E2%80%94vector-high-volume-icon_4101436.png\" width=\"35\" height=\"35\" \/> <a href=\"https:\/\/agora.xtec.cat\/escolalestany\/wp-content\/uploads\/usu937\/2024\/05\/La-santa-cena.mp3\">AUDIO CASTELL\u00c0<\/a><\/p>\n<p><a href=\"https:\/\/agora.xtec.cat\/escolalestany\/wp-content\/uploads\/usu937\/2024\/02\/The-last-supper-capital-1.mp3\"><img loading=\"lazy\" decoding=\"async\" class=\"alignnone\" src=\"https:\/\/agora.xtec.cat\/escolalestany\/wp-content\/uploads\/usu937\/2024\/02\/%E2%80%94Pngtree%E2%80%94vector-high-volume-icon_4101436.png\" width=\"35\" height=\"35\" \/>AUDIO ANGL\u00c8S<\/a><\/p>\n","protected":false},"excerpt":{"rendered":"<p>CAPITELL DEL SANT SOPAR<br \/>\nEl capitell il\u00b7lustra el Dijous Sant. Hi apareix Jes\u00fas amb sis deixebles per banda. El de m\u00e9s a la dreta nom\u00e9s t\u00e9 el perfil de la cara, ja que la resta s\u2019ha trencat. A la taula hi ha pans, peixos i calzes.\u00a0<br \/>\nDos&hellip;  <a href=\"https:\/\/agora.xtec.cat\/escolalestany\/capitell-sant-sopar\/\" title=\"Read CAPITELL SANT SOPAR\">Llegeix m\u00e9s\u00bb<\/a><\/p>\n","protected":false},"author":1,"featured_media":0,"parent":0,"menu_order":1,"comment_status":"closed","ping_status":"closed","template":"page-templates\/side-menu.php","meta":{"_bbp_topic_count":0,"_bbp_reply_count":0,"_bbp_total_topic_count":0,"_bbp_total_reply_count":0,"_bbp_voice_count":0,"_bbp_anonymous_reply_count":0,"_bbp_topic_count_hidden":0,"_bbp_reply_count_hidden":0,"_bbp_forum_subforum_count":0,"footnotes":""},"class_list":["post-12036","page","type-page","status-publish","hentry"],"post_mailing_queue_ids":[],"_links":{"self":[{"href":"https:\/\/agora.xtec.cat\/escolalestany\/wp-json\/wp\/v2\/pages\/12036","targetHints":{"allow":["GET"]}}],"collection":[{"href":"https:\/\/agora.xtec.cat\/escolalestany\/wp-json\/wp\/v2\/pages"}],"about":[{"href":"https:\/\/agora.xtec.cat\/escolalestany\/wp-json\/wp\/v2\/types\/page"}],"author":[{"embeddable":true,"href":"https:\/\/agora.xtec.cat\/escolalestany\/wp-json\/wp\/v2\/users\/1"}],"replies":[{"embeddable":true,"href":"https:\/\/agora.xtec.cat\/escolalestany\/wp-json\/wp\/v2\/comments?post=12036"}],"version-history":[{"count":6,"href":"https:\/\/agora.xtec.cat\/escolalestany\/wp-json\/wp\/v2\/pages\/12036\/revisions"}],"predecessor-version":[{"id":12300,"href":"https:\/\/agora.xtec.cat\/escolalestany\/wp-json\/wp\/v2\/pages\/12036\/revisions\/12300"}],"wp:attachment":[{"href":"https:\/\/agora.xtec.cat\/escolalestany\/wp-json\/wp\/v2\/media?parent=12036"}],"curies":[{"name":"wp","href":"https:\/\/api.w.org\/{rel}","templated":true}]}}