{"id":11993,"date":"2024-01-30T20:01:19","date_gmt":"2024-01-30T19:01:19","guid":{"rendered":"https:\/\/agora.xtec.cat\/escolalestany\/?page_id=11993"},"modified":"2024-03-04T17:08:56","modified_gmt":"2024-03-04T16:08:56","slug":"joc-del-monestir","status":"publish","type":"page","link":"https:\/\/agora.xtec.cat\/escolalestany\/joc-del-monestir\/","title":{"rendered":"JOC DEL MONESTIR"},"content":{"rendered":"<p>Dins del projecte de promoci\u00f3 tur\u00edstica del poble, el grup de grans van estar treballant el Monestir que \u00e9s un dels principals elements tur\u00edstics del poble. Van pensar en fer un joc per tal que els nens que venen de visita amb les seves fam\u00edlies poguessin aprendre coses del monestir tot jugant mentre la seva fam\u00edlia feia la visita guiada. El joc est\u00e0 basat en el joc de l&#8217;oca. Els seus elements estan inspirats en imatges dels capitells del Monestir. El taulell \u00e9s un laberint on tamb\u00e9 hi ha caselles amb reptes per fer dins del claustre.\u00a0 Un dels jugadors ha de fer de &#8220;Abad&#8221; i vigilar que els reptes es facin correctament. El joc es va editar i es troba a la venda a la casa de cultura i al mateix Monestir.<\/p>\n<p><img loading=\"lazy\" decoding=\"async\" class=\"wp-image-11998 alignleft\" src=\"https:\/\/agora.xtec.cat\/escolalestany\/wp-content\/uploads\/usu937\/2024\/01\/pagina-1-1-1024x724.jpg\" alt=\"\" width=\"374\" height=\"264\" srcset=\"https:\/\/agora.xtec.cat\/escolalestany\/wp-content\/uploads\/usu937\/2024\/01\/pagina-1-1-1024x724.jpg 1024w, https:\/\/agora.xtec.cat\/escolalestany\/wp-content\/uploads\/usu937\/2024\/01\/pagina-1-1-300x212.jpg 300w, https:\/\/agora.xtec.cat\/escolalestany\/wp-content\/uploads\/usu937\/2024\/01\/pagina-1-1-768x543.jpg 768w, https:\/\/agora.xtec.cat\/escolalestany\/wp-content\/uploads\/usu937\/2024\/01\/pagina-1-1-1536x1086.jpg 1536w, https:\/\/agora.xtec.cat\/escolalestany\/wp-content\/uploads\/usu937\/2024\/01\/pagina-1-1.jpg 2000w\" sizes=\"auto, (max-width: 374px) 100vw, 374px\" \/><\/p>\n<p><img loading=\"lazy\" decoding=\"async\" class=\"wp-image-11999 alignleft\" src=\"https:\/\/agora.xtec.cat\/escolalestany\/wp-content\/uploads\/usu937\/2024\/01\/pagina-2-1-1024x724.jpg\" alt=\"\" width=\"371\" height=\"262\" srcset=\"https:\/\/agora.xtec.cat\/escolalestany\/wp-content\/uploads\/usu937\/2024\/01\/pagina-2-1-1024x724.jpg 1024w, https:\/\/agora.xtec.cat\/escolalestany\/wp-content\/uploads\/usu937\/2024\/01\/pagina-2-1-300x212.jpg 300w, https:\/\/agora.xtec.cat\/escolalestany\/wp-content\/uploads\/usu937\/2024\/01\/pagina-2-1-768x543.jpg 768w, https:\/\/agora.xtec.cat\/escolalestany\/wp-content\/uploads\/usu937\/2024\/01\/pagina-2-1-1536x1086.jpg 1536w, https:\/\/agora.xtec.cat\/escolalestany\/wp-content\/uploads\/usu937\/2024\/01\/pagina-2-1.jpg 2000w\" sizes=\"auto, (max-width: 371px) 100vw, 371px\" \/><\/p>\n<p>&nbsp;<\/p>\n<p>&nbsp;<\/p>\n<p>&nbsp;<\/p>\n<p>&nbsp;<\/p>\n<p>&nbsp;<\/p>\n<p>&nbsp;<\/p>\n<p>&nbsp;<\/p>\n<h3><strong><a href=\"https:\/\/agora.xtec.cat\/escolalestany\/wp-content\/uploads\/usu937\/2024\/01\/Presentacio-JOC-1.pdf\">Presentaci\u00f3 JOC <\/a><\/strong><\/h3>\n<p>NOT\u00cdCIES DEL JOC PUBLICADES EN DIFERENTS MITJANS DE COMUNICACI\u00d3:<\/p>\n<blockquote class=\"wp-embedded-content\" data-secret=\"JmyDaYFIFA\"><p><a href=\"https:\/\/www.territorirural.cat\/40273\/\">Els alumnes de l&#8217;escola rural de l&#8217;Estany creen una guia del poble per descobrir el seu patrimoni del poble<\/a><\/p><\/blockquote>\n<p><iframe loading=\"lazy\" class=\"wp-embedded-content\" sandbox=\"allow-scripts\" security=\"restricted\" style=\"position: absolute; clip: rect(1px, 1px, 1px, 1px);\" title=\"&#8220;Els alumnes de l&#8217;escola rural de l&#8217;Estany creen una guia del poble per descobrir el seu patrimoni del poble&#8221; &#8212; Benvinguts a Territori Rural\" src=\"https:\/\/www.territorirural.cat\/40273\/embed\/#?secret=5h6eXgxJli#?secret=JmyDaYFIFA\" data-secret=\"JmyDaYFIFA\" width=\"500\" height=\"282\" frameborder=\"0\" marginwidth=\"0\" marginheight=\"0\" scrolling=\"no\"><\/iframe><\/p>\n<ul>\n<li><a href=\"https:\/\/www.ccma.cat\/324\/una-guia-de-lestany-feta-pels-alumnes-de-lescola-convida-les-families-a-descobrir-el-patrimoni-del-poble\/noticia\/3173033\/\">https:\/\/www.ccma.cat\/324\/una-guia-de-lestany-feta-pels-alumnes-de-lescola-convida-les-families-a-descobrir-el-patrimoni-del-poble\/noticia\/3173033\/<\/a><\/li>\n<li><a href=\"https:\/\/www.acn.cat\/new\/94c00b55-6f43-4c5d-851c-0d024ca79917\/texts\">https:\/\/www.acn.cat\/new\/94c00b55-6f43-4c5d-851c-0d024ca79917\/texts<\/a><\/li>\n<li><a href=\"https:\/\/www.regio7.cat\/moianes\/2022\/07\/03\/els-alumnes-l-escola-l-67920718.html\">https:\/\/www.regio7.cat\/moianes\/2022\/07\/03\/els-alumnes-l-escola-l-67920718.html<\/a><\/li>\n<\/ul>\n<p>&nbsp;<\/p>\n","protected":false},"excerpt":{"rendered":"<p>Dins del projecte de promoci\u00f3 tur\u00edstica del poble, el grup de grans van estar treballant el Monestir que \u00e9s un dels principals elements tur\u00edstics del poble. Van pensar en fer un joc per tal que els nens que venen de visita amb les seves fam\u00edlies&hellip;  <a href=\"https:\/\/agora.xtec.cat\/escolalestany\/joc-del-monestir\/\" title=\"Read JOC DEL MONESTIR\">Llegeix m\u00e9s\u00bb<\/a><\/p>\n","protected":false},"author":1,"featured_media":0,"parent":0,"menu_order":2,"comment_status":"closed","ping_status":"closed","template":"page-templates\/side-menu.php","meta":{"_bbp_topic_count":0,"_bbp_reply_count":0,"_bbp_total_topic_count":0,"_bbp_total_reply_count":0,"_bbp_voice_count":0,"_bbp_anonymous_reply_count":0,"_bbp_topic_count_hidden":0,"_bbp_reply_count_hidden":0,"_bbp_forum_subforum_count":0,"footnotes":""},"class_list":["post-11993","page","type-page","status-publish","hentry"],"post_mailing_queue_ids":[],"_links":{"self":[{"href":"https:\/\/agora.xtec.cat\/escolalestany\/wp-json\/wp\/v2\/pages\/11993","targetHints":{"allow":["GET"]}}],"collection":[{"href":"https:\/\/agora.xtec.cat\/escolalestany\/wp-json\/wp\/v2\/pages"}],"about":[{"href":"https:\/\/agora.xtec.cat\/escolalestany\/wp-json\/wp\/v2\/types\/page"}],"author":[{"embeddable":true,"href":"https:\/\/agora.xtec.cat\/escolalestany\/wp-json\/wp\/v2\/users\/1"}],"replies":[{"embeddable":true,"href":"https:\/\/agora.xtec.cat\/escolalestany\/wp-json\/wp\/v2\/comments?post=11993"}],"version-history":[{"count":4,"href":"https:\/\/agora.xtec.cat\/escolalestany\/wp-json\/wp\/v2\/pages\/11993\/revisions"}],"predecessor-version":[{"id":12000,"href":"https:\/\/agora.xtec.cat\/escolalestany\/wp-json\/wp\/v2\/pages\/11993\/revisions\/12000"}],"wp:attachment":[{"href":"https:\/\/agora.xtec.cat\/escolalestany\/wp-json\/wp\/v2\/media?parent=11993"}],"curies":[{"name":"wp","href":"https:\/\/api.w.org\/{rel}","templated":true}]}}