{"id":11962,"date":"2024-01-22T12:59:49","date_gmt":"2024-01-22T11:59:49","guid":{"rendered":"https:\/\/agora.xtec.cat\/escolalestany\/?page_id=11962"},"modified":"2024-05-14T10:10:29","modified_gmt":"2024-05-14T08:10:29","slug":"capitells","status":"publish","type":"page","link":"https:\/\/agora.xtec.cat\/escolalestany\/capitells\/","title":{"rendered":"CAPITELLS"},"content":{"rendered":"<p><span style=\"font-weight: 400;\">Els alumnes de l\u2019escola L\u2019Estany, durant el curs 2023-2024 han treballat en un projecte de gamificaci\u00f3 del patrimoni cultural del poble. <\/span><span style=\"font-weight: 400;\">Un dels apartats l\u2019han dedicat a apropar uns quants capitells del Claustre de l\u2019Estany a les persones amb dificultats visuals. Han triat quatre capitells representatius del Claustre i amb l\u2019ajuda de Steam4all han preparat unes reproduccions en gran format en pl\u00e0stic. La idea es que aquests capitells es puguin tocar sense problemes, per poder recon\u00e8ixer les formes que contenen.<\/span><\/p>\n<p><img loading=\"lazy\" decoding=\"async\" class=\"aligncenter  wp-image-12326\" src=\"https:\/\/agora.xtec.cat\/escolalestany\/wp-content\/uploads\/usu937\/2024\/05\/1715672961940-1024x768.jpg\" alt=\"\" width=\"534\" height=\"401\" srcset=\"https:\/\/agora.xtec.cat\/escolalestany\/wp-content\/uploads\/usu937\/2024\/05\/1715672961940-1024x768.jpg 1024w, https:\/\/agora.xtec.cat\/escolalestany\/wp-content\/uploads\/usu937\/2024\/05\/1715672961940-300x225.jpg 300w, https:\/\/agora.xtec.cat\/escolalestany\/wp-content\/uploads\/usu937\/2024\/05\/1715672961940-768x576.jpg 768w, https:\/\/agora.xtec.cat\/escolalestany\/wp-content\/uploads\/usu937\/2024\/05\/1715672961940-1536x1152.jpg 1536w, https:\/\/agora.xtec.cat\/escolalestany\/wp-content\/uploads\/usu937\/2024\/05\/1715672961940-200x150.jpg 200w, https:\/\/agora.xtec.cat\/escolalestany\/wp-content\/uploads\/usu937\/2024\/05\/1715672961940.jpg 1600w\" sizes=\"auto, (max-width: 534px) 100vw, 534px\" \/><\/p>\n<p><a href=\"https:\/\/agora.xtec.cat\/escolalestany\/wp-content\/uploads\/usu937\/2024\/05\/claustro.mp3\"><img loading=\"lazy\" decoding=\"async\" class=\"wp-image-12049 alignnone\" src=\"https:\/\/agora.xtec.cat\/escolalestany\/wp-content\/uploads\/usu937\/2024\/02\/\u2014Pngtree\u2014vector-high-volume-icon_4101436.png\" alt=\"\" width=\"39\" height=\"39\" srcset=\"https:\/\/agora.xtec.cat\/escolalestany\/wp-content\/uploads\/usu937\/2024\/02\/\u2014Pngtree\u2014vector-high-volume-icon_4101436.png 1024w, https:\/\/agora.xtec.cat\/escolalestany\/wp-content\/uploads\/usu937\/2024\/02\/\u2014Pngtree\u2014vector-high-volume-icon_4101436-300x300.png 300w, https:\/\/agora.xtec.cat\/escolalestany\/wp-content\/uploads\/usu937\/2024\/02\/\u2014Pngtree\u2014vector-high-volume-icon_4101436-150x150.png 150w, https:\/\/agora.xtec.cat\/escolalestany\/wp-content\/uploads\/usu937\/2024\/02\/\u2014Pngtree\u2014vector-high-volume-icon_4101436-768x768.png 768w\" sizes=\"auto, (max-width: 39px) 100vw, 39px\" \/>AUDIO EXPLICATIVO<\/a><\/p>\n<p><span style=\"font-weight: 400;\">Per ajudar en el reconeixement dels capitells han gravat uns audios en catal\u00e0, castell\u00e0 i angl\u00e8s amb les descripcions d\u2019aquests quatre capitells. <\/span><\/p>\n<p><span style=\"font-weight: 400;\">Si cliqueu les imatges podreu escoltar els audios. <\/span><span style=\"font-weight: 400;\">El quatre capitells triats son:<\/span><\/p>\n<p><strong>CAPITELL DEL SANT SOPAR<\/strong><\/p>\n<p><span style=\"font-weight: 400;\">Aquest capitell representa el darrer sopar de Jesucrist amb els dotze ap\u00f2stols. S\u2019ha triat pel seu simbolisme religi\u00f3s, que representa prou b\u00e9 el sentit del claustre.<\/span><\/p>\n<p><a href=\"https:\/\/agora.xtec.cat\/escolalestany\/capitell-sant-sopar\/\"><img loading=\"lazy\" decoding=\"async\" class=\"wp-image-11963 alignleft\" src=\"https:\/\/agora.xtec.cat\/escolalestany\/wp-content\/uploads\/usu937\/2024\/01\/1705924342050-768x1024.jpg\" alt=\"\" width=\"138\" height=\"184\" srcset=\"https:\/\/agora.xtec.cat\/escolalestany\/wp-content\/uploads\/usu937\/2024\/01\/1705924342050-768x1024.jpg 768w, https:\/\/agora.xtec.cat\/escolalestany\/wp-content\/uploads\/usu937\/2024\/01\/1705924342050-225x300.jpg 225w, https:\/\/agora.xtec.cat\/escolalestany\/wp-content\/uploads\/usu937\/2024\/01\/1705924342050-1152x1536.jpg 1152w, https:\/\/agora.xtec.cat\/escolalestany\/wp-content\/uploads\/usu937\/2024\/01\/1705924342050.jpg 1200w\" sizes=\"auto, (max-width: 138px) 100vw, 138px\" \/><\/a><\/p>\n<p>&nbsp;<\/p>\n<p>&nbsp;<\/p>\n<p>&nbsp;<\/p>\n<p>&nbsp;<\/p>\n<p>&nbsp;<\/p>\n<p>&nbsp;<\/p>\n<p><strong>CAPITELL DE LA NOIA QUE ES PENTINA<\/strong><\/p>\n<p><span style=\"font-weight: 400;\">Aquest capitell, de tipus costumista, ens presenta dues escena quotidianes dels vilatans de l&#8217;\u00e8poca. A l\u2019esquerra una noia pentina els seus cabells i a la dreta dos enamorats s\u2019abracen.<\/span><\/p>\n<p><a href=\"https:\/\/agora.xtec.cat\/escolalestany\/capitell-de-la-noia-que-es-pentina\/\"><img loading=\"lazy\" decoding=\"async\" class=\"wp-image-11964 alignnone\" src=\"https:\/\/agora.xtec.cat\/escolalestany\/wp-content\/uploads\/usu937\/2024\/01\/1705924342005-822x1024.jpg\" alt=\"\" width=\"148\" height=\"184\" srcset=\"https:\/\/agora.xtec.cat\/escolalestany\/wp-content\/uploads\/usu937\/2024\/01\/1705924342005-822x1024.jpg 822w, https:\/\/agora.xtec.cat\/escolalestany\/wp-content\/uploads\/usu937\/2024\/01\/1705924342005-241x300.jpg 241w, https:\/\/agora.xtec.cat\/escolalestany\/wp-content\/uploads\/usu937\/2024\/01\/1705924342005-768x957.jpg 768w, https:\/\/agora.xtec.cat\/escolalestany\/wp-content\/uploads\/usu937\/2024\/01\/1705924342005.jpg 878w\" sizes=\"auto, (max-width: 148px) 100vw, 148px\" \/><\/a><\/p>\n<p>&nbsp;<\/p>\n<p><strong>CAPITELL DEL LOGOTIP<\/strong><\/p>\n<p><span style=\"font-weight: 400;\">Aquest capitell es un dibuix geom\u00e8tric d\u2019un nus creuat. Al claustre hi ha molts capitells amb formes geom\u00e8triques o de fulles. \u00c9s el dibuix que va inspirar el logotip de la Casa de Cultura de L\u2019Estany.<\/span><\/p>\n<p><a href=\"https:\/\/agora.xtec.cat\/escolalestany\/capitell-del-logotip\/\"><img loading=\"lazy\" decoding=\"async\" class=\"wp-image-11965 alignleft\" src=\"https:\/\/agora.xtec.cat\/escolalestany\/wp-content\/uploads\/usu937\/2024\/01\/1705924342072-768x1024.jpg\" alt=\"\" width=\"140\" height=\"186\" srcset=\"https:\/\/agora.xtec.cat\/escolalestany\/wp-content\/uploads\/usu937\/2024\/01\/1705924342072-768x1024.jpg 768w, https:\/\/agora.xtec.cat\/escolalestany\/wp-content\/uploads\/usu937\/2024\/01\/1705924342072-225x300.jpg 225w, https:\/\/agora.xtec.cat\/escolalestany\/wp-content\/uploads\/usu937\/2024\/01\/1705924342072-1152x1536.jpg 1152w, https:\/\/agora.xtec.cat\/escolalestany\/wp-content\/uploads\/usu937\/2024\/01\/1705924342072.jpg 1200w\" sizes=\"auto, (max-width: 140px) 100vw, 140px\" \/><\/a><\/p>\n<p>&nbsp;<\/p>\n<p>&nbsp;<\/p>\n<p>&nbsp;<\/p>\n<p>&nbsp;<\/p>\n<p>&nbsp;<\/p>\n<p>&nbsp;<\/p>\n<p><strong>CAPITELL DEL BOU M\u00daSIC<\/strong><\/p>\n<p><span style=\"font-weight: 400;\">Aquest capitell \u00e9s una forma al\u00b7leg\u00f2rica que mostra un bou tocant un rabec, instrument de m\u00fasica de l&#8217; \u00e8poca, que recorda un viol\u00ed.<\/span><\/p>\n<p><a href=\"https:\/\/agora.xtec.cat\/escolalestany\/capitell-bou-music\/\"><img loading=\"lazy\" decoding=\"async\" class=\"wp-image-11966 alignleft\" src=\"https:\/\/agora.xtec.cat\/escolalestany\/wp-content\/uploads\/usu937\/2024\/01\/1705924342030-768x1024.jpg\" alt=\"\" width=\"140\" height=\"186\" srcset=\"https:\/\/agora.xtec.cat\/escolalestany\/wp-content\/uploads\/usu937\/2024\/01\/1705924342030-768x1024.jpg 768w, https:\/\/agora.xtec.cat\/escolalestany\/wp-content\/uploads\/usu937\/2024\/01\/1705924342030-225x300.jpg 225w, https:\/\/agora.xtec.cat\/escolalestany\/wp-content\/uploads\/usu937\/2024\/01\/1705924342030-1152x1536.jpg 1152w, https:\/\/agora.xtec.cat\/escolalestany\/wp-content\/uploads\/usu937\/2024\/01\/1705924342030.jpg 1200w\" sizes=\"auto, (max-width: 140px) 100vw, 140px\" \/><\/a><\/p>\n<p>&nbsp;<\/p>\n<p>&nbsp;<\/p>\n<p>&nbsp;<\/p>\n<p>&nbsp;<\/p>\n<p>&nbsp;<\/p>\n<p>&nbsp;<\/p>\n<p>&nbsp;<\/p>\n<p>&nbsp;<\/p>\n<p>&nbsp;<\/p>\n<p>&nbsp;<\/p>\n","protected":false},"excerpt":{"rendered":"<p>Els alumnes de l\u2019escola L\u2019Estany, durant el curs 2023-2024 han treballat en un projecte de gamificaci\u00f3 del patrimoni cultural del poble. Un dels apartats l\u2019han dedicat a apropar uns quants capitells del Claustre de l\u2019Estany a les persones amb dificultats visuals. Han triat quatre capitells&hellip;  <a href=\"https:\/\/agora.xtec.cat\/escolalestany\/capitells\/\" title=\"Read CAPITELLS\">Llegeix m\u00e9s\u00bb<\/a><\/p>\n","protected":false},"author":1,"featured_media":0,"parent":0,"menu_order":2,"comment_status":"closed","ping_status":"closed","template":"page-templates\/side-menu.php","meta":{"_bbp_topic_count":0,"_bbp_reply_count":0,"_bbp_total_topic_count":0,"_bbp_total_reply_count":0,"_bbp_voice_count":0,"_bbp_anonymous_reply_count":0,"_bbp_topic_count_hidden":0,"_bbp_reply_count_hidden":0,"_bbp_forum_subforum_count":0,"footnotes":""},"class_list":["post-11962","page","type-page","status-publish","hentry"],"post_mailing_queue_ids":[],"_links":{"self":[{"href":"https:\/\/agora.xtec.cat\/escolalestany\/wp-json\/wp\/v2\/pages\/11962","targetHints":{"allow":["GET"]}}],"collection":[{"href":"https:\/\/agora.xtec.cat\/escolalestany\/wp-json\/wp\/v2\/pages"}],"about":[{"href":"https:\/\/agora.xtec.cat\/escolalestany\/wp-json\/wp\/v2\/types\/page"}],"author":[{"embeddable":true,"href":"https:\/\/agora.xtec.cat\/escolalestany\/wp-json\/wp\/v2\/users\/1"}],"replies":[{"embeddable":true,"href":"https:\/\/agora.xtec.cat\/escolalestany\/wp-json\/wp\/v2\/comments?post=11962"}],"version-history":[{"count":6,"href":"https:\/\/agora.xtec.cat\/escolalestany\/wp-json\/wp\/v2\/pages\/11962\/revisions"}],"predecessor-version":[{"id":12329,"href":"https:\/\/agora.xtec.cat\/escolalestany\/wp-json\/wp\/v2\/pages\/11962\/revisions\/12329"}],"wp:attachment":[{"href":"https:\/\/agora.xtec.cat\/escolalestany\/wp-json\/wp\/v2\/media?parent=11962"}],"curies":[{"name":"wp","href":"https:\/\/api.w.org\/{rel}","templated":true}]}}