{"id":11649,"date":"2023-12-18T09:58:48","date_gmt":"2023-12-18T08:58:48","guid":{"rendered":"https:\/\/agora.xtec.cat\/escolalestany\/?page_id=11649"},"modified":"2024-05-02T16:29:14","modified_gmt":"2024-05-02T14:29:14","slug":"busca-els-tresors","status":"publish","type":"page","link":"https:\/\/agora.xtec.cat\/escolalestany\/busca-els-tresors\/","title":{"rendered":"BUSCA ELS TRESORS"},"content":{"rendered":"<p><img loading=\"lazy\" decoding=\"async\" class=\"wp-image-11650 alignnone\" src=\"https:\/\/agora.xtec.cat\/escolalestany\/wp-content\/uploads\/usu937\/2023\/11\/logo2-683x1024.png\" alt=\"\" width=\"124\" height=\"186\" srcset=\"https:\/\/agora.xtec.cat\/escolalestany\/wp-content\/uploads\/usu937\/2023\/11\/logo2-683x1024.png 683w, https:\/\/agora.xtec.cat\/escolalestany\/wp-content\/uploads\/usu937\/2023\/11\/logo2-200x300.png 200w, https:\/\/agora.xtec.cat\/escolalestany\/wp-content\/uploads\/usu937\/2023\/11\/logo2-768x1152.png 768w, https:\/\/agora.xtec.cat\/escolalestany\/wp-content\/uploads\/usu937\/2023\/11\/logo2.png 826w\" sizes=\"auto, (max-width: 124px) 100vw, 124px\" \/><img loading=\"lazy\" decoding=\"async\" class=\"wp-image-11980 alignnone\" src=\"https:\/\/agora.xtec.cat\/escolalestany\/wp-content\/uploads\/usu937\/2024\/01\/2-1024x585.jpg\" alt=\"\" width=\"329\" height=\"188\" srcset=\"https:\/\/agora.xtec.cat\/escolalestany\/wp-content\/uploads\/usu937\/2024\/01\/2-1024x585.jpg 1024w, https:\/\/agora.xtec.cat\/escolalestany\/wp-content\/uploads\/usu937\/2024\/01\/2-300x171.jpg 300w, https:\/\/agora.xtec.cat\/escolalestany\/wp-content\/uploads\/usu937\/2024\/01\/2-768x439.jpg 768w, https:\/\/agora.xtec.cat\/escolalestany\/wp-content\/uploads\/usu937\/2024\/01\/2.jpg 1050w\" sizes=\"auto, (max-width: 329px) 100vw, 329px\" \/><\/p>\n<p><span style=\"font-weight: 400;\">Els nens i nenes de l\u2019escola de l\u2019Estany de 4rt, 5<\/span><span style=\"font-weight: 400;\">e <\/span><span style=\"font-weight: 400;\">i 6\u00e8 hem fet un projecte de geocaching. L&#8217;ajuntament ens va proposar de fer un projecte que pugues atreure persones de tot al m\u00f3n perqu\u00e8 visitessin i coneguessin el nostre poble. Nosaltres vam pensar en fer un grup: &#8220;Els Estanyencusgreen&#8221; i amagar tresors de geocaching.\u00a0<\/span><\/p>\n<p><span style=\"font-weight: 400;\">Per poder participar heu d&#8217;anar\u00a0 a la casa de cultura del poble i all\u00e0 us donaran una postal com aquesta. A cada tresor trobareu una pin\u00e7a per poder timbrar la postal. Si torneu la postal amb els 4 timbres us donaran un regal.<\/span><\/p>\n<p><img loading=\"lazy\" decoding=\"async\" class=\"aligncenter wp-image-11986\" src=\"https:\/\/agora.xtec.cat\/escolalestany\/wp-content\/uploads\/usu937\/2024\/01\/1-1024x585.jpg\" alt=\"\" width=\"406\" height=\"232\" srcset=\"https:\/\/agora.xtec.cat\/escolalestany\/wp-content\/uploads\/usu937\/2024\/01\/1-1024x585.jpg 1024w, https:\/\/agora.xtec.cat\/escolalestany\/wp-content\/uploads\/usu937\/2024\/01\/1-300x171.jpg 300w, https:\/\/agora.xtec.cat\/escolalestany\/wp-content\/uploads\/usu937\/2024\/01\/1-768x439.jpg 768w, https:\/\/agora.xtec.cat\/escolalestany\/wp-content\/uploads\/usu937\/2024\/01\/1.jpg 1050w\" sizes=\"auto, (max-width: 406px) 100vw, 406px\" \/><\/p>\n<p>&nbsp;<\/p>\n<p><span style=\"font-weight: 400;\">Hi ha 4 tresors. Aqu\u00ed teniu les coordenades on els podreu trobar. En els enlla\u00e7os podreu anar a la web del geocaching on hi trobareu m\u00e9s informaci\u00f3:<\/span><\/p>\n<p><strong>Tresor del Rec de les Nogueres\u00a0<\/strong><\/p>\n<p>41\u00b051&#8217;45.9&#8243;N 2\u00b007&#8217;00.6&#8243;E<br \/>\n41.862750, 2.116833<\/p>\n<p><strong>Tresor de la Mina<\/strong><\/p>\n<p>41\u00b052&#8217;01.1&#8243;N 2\u00b006&#8217;50.0&#8243;E<\/p>\n<p class=\"bwoZTb\">41.866977, 2.113884<\/p>\n<p><strong>Tresor del Monestir<\/strong><\/p>\n<p>41\u00b052&#8217;09.9&#8243;N 2\u00b006&#8217;45.8&#8243;E<br \/>\n41.869417, 2.112722<\/p>\n<p><strong>Multitresor de les fonts<\/strong><\/p>\n<p><span style=\"font-weight: 400;\">Per saber les coordenades d&#8217;aquest tresor us caldr\u00e0 anar a 4 fonts del poble i contestar els enigmes seg\u00fcents. Amb les respostes podreu confegir les coordenades:<\/span><\/p>\n<p><strong>1- Font vella o font de les Eres<\/strong><br \/>\nQuin any es va construir la font de les Eres?<br \/>\nResta la desena amb les unitats de miler (X) i la centena amb les unitats (W).<\/p>\n<p><strong>2- Font Vilardell (font del bar)<\/strong><br \/>\nN\u00famero de lletres del cognom? (J)<\/p>\n<p><em>*Alerta que la LL compta com a 1 lletra<\/em><\/p>\n<p><strong>3- Font de l\u2019avi Ferreret<\/strong><br \/>\nQuin any van portar l\u2019aigua potable a l\u2019Estany?<br \/>\nUM C + D U=RT<\/p>\n<p><strong>4- Font dels jardins del monestir<\/strong><br \/>\nQuants rosaris hi ha a la imatge de la font? Y<\/p>\n<p>Si resoleu correctament les preguntes podreu substituir les lletres i tindreu les coordenades del tresor<\/p>\n<p>XW.J7374R\u00a0 \u00a0 \u00a0Y.T09R97<\/p>\n<p>_ _._7374_\u00a0 \u00a0 \u00a0 _._09_97<\/p>\n<p><span style=\"font-weight: 400;\">Aqu\u00ed us deixem l\u2019adre\u00e7a per anar a buscar la postal. <\/span><\/p>\n<p><span style=\"font-weight: 400;\">BONA SORT !<\/span><span style=\"font-weight: 400;\">\u00a0 \u00a0 \u00a0 \u00a0 \u00a0 <\/span><\/p>\n<p><span style=\"font-weight: 400;\">\u00a0 \u00a0 \u00a0 \u00a0 \u00a0 \u00a0 \u00a0 \u00a0 \u00a0 \u00a0 \u00a0 \u00a0 \u00a0 \u00a0 \u00a0 \u00a0 \u00a0 \u00a0 \u00a0 \u00a0<\/span><br \/>\n<iframe loading=\"lazy\" style=\"border: 0;\" src=\"https:\/\/www.google.com\/maps\/embed?pb=!1m18!1m12!1m3!1d2971.106594961257!2d2.112267!3d41.869053!2m3!1f0!2f0!3f0!3m2!1i1024!2i768!4f13.1!3m3!1m2!1s0x12a4e1503a6895eb%3A0xbd37d7b18c786dcc!2sCasa%20de%20Cultura%20-%20Ajuntament%20de%20l'Estany!5e0!3m2!1sca!2ses!4v1709233026586!5m2!1sca!2ses\" width=\"600\" height=\"450\" allowfullscreen=\"allowfullscreen\"><\/iframe><\/p>\n","protected":false},"excerpt":{"rendered":"<p>Els nens i nenes de l\u2019escola de l\u2019Estany de 4rt, 5e i 6\u00e8 hem fet un projecte de geocaching. L&#8217;ajuntament ens va proposar de fer un projecte que pugues atreure persones de tot al m\u00f3n perqu\u00e8 visitessin i coneguessin el nostre poble. Nosaltres vam pensar&hellip;  <a href=\"https:\/\/agora.xtec.cat\/escolalestany\/busca-els-tresors\/\" title=\"Read BUSCA ELS TRESORS\">Llegeix m\u00e9s\u00bb<\/a><\/p>\n","protected":false},"author":1,"featured_media":0,"parent":0,"menu_order":4,"comment_status":"closed","ping_status":"closed","template":"page-templates\/side-menu.php","meta":{"_bbp_topic_count":0,"_bbp_reply_count":0,"_bbp_total_topic_count":0,"_bbp_total_reply_count":0,"_bbp_voice_count":0,"_bbp_anonymous_reply_count":0,"_bbp_topic_count_hidden":0,"_bbp_reply_count_hidden":0,"_bbp_forum_subforum_count":0,"footnotes":""},"class_list":["post-11649","page","type-page","status-publish","hentry"],"post_mailing_queue_ids":[],"_links":{"self":[{"href":"https:\/\/agora.xtec.cat\/escolalestany\/wp-json\/wp\/v2\/pages\/11649","targetHints":{"allow":["GET"]}}],"collection":[{"href":"https:\/\/agora.xtec.cat\/escolalestany\/wp-json\/wp\/v2\/pages"}],"about":[{"href":"https:\/\/agora.xtec.cat\/escolalestany\/wp-json\/wp\/v2\/types\/page"}],"author":[{"embeddable":true,"href":"https:\/\/agora.xtec.cat\/escolalestany\/wp-json\/wp\/v2\/users\/1"}],"replies":[{"embeddable":true,"href":"https:\/\/agora.xtec.cat\/escolalestany\/wp-json\/wp\/v2\/comments?post=11649"}],"version-history":[{"count":7,"href":"https:\/\/agora.xtec.cat\/escolalestany\/wp-json\/wp\/v2\/pages\/11649\/revisions"}],"predecessor-version":[{"id":12270,"href":"https:\/\/agora.xtec.cat\/escolalestany\/wp-json\/wp\/v2\/pages\/11649\/revisions\/12270"}],"wp:attachment":[{"href":"https:\/\/agora.xtec.cat\/escolalestany\/wp-json\/wp\/v2\/media?parent=11649"}],"curies":[{"name":"wp","href":"https:\/\/api.w.org\/{rel}","templated":true}]}}