{"id":546,"date":"2021-03-04T13:38:38","date_gmt":"2021-03-04T12:38:38","guid":{"rendered":"https:\/\/agora.xtec.cat\/escolalesplanes\/?page_id=546"},"modified":"2025-10-09T12:01:48","modified_gmt":"2025-10-09T10:01:48","slug":"treball-emocional","status":"publish","type":"page","link":"https:\/\/agora.xtec.cat\/escolalesplanes\/que-fem\/treball-emocional\/","title":{"rendered":"Treball Socioemocional"},"content":{"rendered":"<p><span style=\"color: #000000;\">A l\u2019escola li donem molta import\u00e0ncia al treball socioemocional. A m\u00e9s a m\u00e9s de ser-hi present a les aules, es van crear uns espais on poder treballar les dificultats a nivell de comunicaci\u00f3, de relaci\u00f3, d\u2019habilitats socials i de regulaci\u00f3 de les emocions i\/o de la conducta.<\/span><\/p>\n<p><span style=\"color: #000000;\">La creaci\u00f3 d\u2019aquest espais permet atendre l\u2019alumnat de manera m\u00e9s individual i es pot treballar aquests aspectes d\u2019una manera m\u00e9s globalitzada.<\/span><\/p>\n<p><span style=\"color: #000000;\">Aquests espais s\u00f3n:<\/span><\/p>\n<ul>\n<li><span style=\"color: #000000;\">Treball Socioemocional<\/span><\/li>\n<li><span style=\"color: #000000;\">Estimulaci\u00f3 Musical<\/span><\/li>\n<li><span style=\"color: #000000;\">Estimulaci\u00f3 Multisensorial<\/span><\/li>\n<\/ul>\n<p><span style=\"color: #000000;\"><strong>El treball socioemocional<\/strong> com un proc\u00e9s a partir del qual les persones adquireixen i utilitzen de forma efectiva el coneixement, les actituds i les habilitats necess\u00e0ries per entendre i gestionar les seves emocions, l\u2019empatia i les relacions socials positives amb els altres.<\/span><\/p>\n<p><span style=\"color: #000000;\"><strong>L\u2019estimulaci\u00f3 musical<\/strong> \u00e9s una gran eina que t\u00e9 propietats terap\u00e8utiques, l\u00fadiques, afectives i educatives. I per si sola \u00e9s una activitat inclusiva, en qu\u00e8 tots els membres d\u2019un grup hi tenen lloc i cabuda.<\/span><\/p>\n<p><span style=\"color: #000000;\"><strong>L\u2019estimulaci\u00f3 multisensorial.<\/strong> Els sistemes sensorials s\u00f3n els que aporten informaci\u00f3 i permeten assimilar-la per convertir-la en aprenentatge i poder anar adquirint els diferents estadis de desenvolupament.<\/span><\/p>\n","protected":false},"excerpt":{"rendered":"<p>A l\u2019escola li donem molta import\u00e0ncia al treball socioemocional. A m\u00e9s a m\u00e9s de ser-hi present a les aules, es van crear uns espais on poder treballar les dificultats a nivell de comunicaci\u00f3, de relaci\u00f3, d\u2019habilitats socials i de regulaci\u00f3 de les emocions i\/o de la conducta. La creaci\u00f3 d\u2019aquest espais permet atendre l\u2019alumnat de [&hellip;]<\/p>\n","protected":false},"author":1,"featured_media":0,"parent":537,"menu_order":10,"comment_status":"closed","ping_status":"closed","template":"","meta":{"_bbp_topic_count":0,"_bbp_reply_count":0,"_bbp_total_topic_count":0,"_bbp_total_reply_count":0,"_bbp_voice_count":0,"_bbp_anonymous_reply_count":0,"_bbp_topic_count_hidden":0,"_bbp_reply_count_hidden":0,"_bbp_forum_subforum_count":0,"site-sidebar-layout":"default","site-content-layout":"","ast-site-content-layout":"default","site-content-style":"default","site-sidebar-style":"default","ast-global-header-display":"","ast-banner-title-visibility":"","ast-main-header-display":"","ast-hfb-above-header-display":"","ast-hfb-below-header-display":"","ast-hfb-mobile-header-display":"","site-post-title":"","ast-breadcrumbs-content":"","ast-featured-img":"","footer-sml-layout":"","theme-transparent-header-meta":"default","adv-header-id-meta":"","stick-header-meta":"","header-above-stick-meta":"","header-main-stick-meta":"","header-below-stick-meta":"","astra-migrate-meta-layouts":"set","ast-page-background-enabled":"default","ast-page-background-meta":{"desktop":{"background-color":"var(--ast-global-color-4)","background-image":"","background-repeat":"repeat","background-position":"center center","background-size":"auto","background-attachment":"scroll","background-type":"","background-media":"","overlay-type":"","overlay-color":"","overlay-opacity":"","overlay-gradient":""},"tablet":{"background-color":"","background-image":"","background-repeat":"repeat","background-position":"center center","background-size":"auto","background-attachment":"scroll","background-type":"","background-media":"","overlay-type":"","overlay-color":"","overlay-opacity":"","overlay-gradient":""},"mobile":{"background-color":"","background-image":"","background-repeat":"repeat","background-position":"center center","background-size":"auto","background-attachment":"scroll","background-type":"","background-media":"","overlay-type":"","overlay-color":"","overlay-opacity":"","overlay-gradient":""}},"ast-content-background-meta":{"desktop":{"background-color":"var(--ast-global-color-5)","background-image":"","background-repeat":"repeat","background-position":"center center","background-size":"auto","background-attachment":"scroll","background-type":"","background-media":"","overlay-type":"","overlay-color":"","overlay-opacity":"","overlay-gradient":""},"tablet":{"background-color":"var(--ast-global-color-5)","background-image":"","background-repeat":"repeat","background-position":"center center","background-size":"auto","background-attachment":"scroll","background-type":"","background-media":"","overlay-type":"","overlay-color":"","overlay-opacity":"","overlay-gradient":""},"mobile":{"background-color":"var(--ast-global-color-5)","background-image":"","background-repeat":"repeat","background-position":"center center","background-size":"auto","background-attachment":"scroll","background-type":"","background-media":"","overlay-type":"","overlay-color":"","overlay-opacity":"","overlay-gradient":""}},"footnotes":""},"class_list":["post-546","page","type-page","status-publish","hentry"],"post_mailing_queue_ids":[],"_links":{"self":[{"href":"https:\/\/agora.xtec.cat\/escolalesplanes\/wp-json\/wp\/v2\/pages\/546","targetHints":{"allow":["GET"]}}],"collection":[{"href":"https:\/\/agora.xtec.cat\/escolalesplanes\/wp-json\/wp\/v2\/pages"}],"about":[{"href":"https:\/\/agora.xtec.cat\/escolalesplanes\/wp-json\/wp\/v2\/types\/page"}],"author":[{"embeddable":true,"href":"https:\/\/agora.xtec.cat\/escolalesplanes\/wp-json\/wp\/v2\/users\/1"}],"replies":[{"embeddable":true,"href":"https:\/\/agora.xtec.cat\/escolalesplanes\/wp-json\/wp\/v2\/comments?post=546"}],"version-history":[{"count":5,"href":"https:\/\/agora.xtec.cat\/escolalesplanes\/wp-json\/wp\/v2\/pages\/546\/revisions"}],"predecessor-version":[{"id":4185,"href":"https:\/\/agora.xtec.cat\/escolalesplanes\/wp-json\/wp\/v2\/pages\/546\/revisions\/4185"}],"up":[{"embeddable":true,"href":"https:\/\/agora.xtec.cat\/escolalesplanes\/wp-json\/wp\/v2\/pages\/537"}],"wp:attachment":[{"href":"https:\/\/agora.xtec.cat\/escolalesplanes\/wp-json\/wp\/v2\/media?parent=546"}],"curies":[{"name":"wp","href":"https:\/\/api.w.org\/{rel}","templated":true}]}}