{"id":4716,"date":"2026-03-05T10:06:22","date_gmt":"2026-03-05T09:06:22","guid":{"rendered":"https:\/\/agora.xtec.cat\/escolalesplanes\/?page_id=4716"},"modified":"2026-03-05T10:06:22","modified_gmt":"2026-03-05T09:06:22","slug":"lenglish-day","status":"publish","type":"page","link":"https:\/\/agora.xtec.cat\/escolalesplanes\/lenglish-day\/","title":{"rendered":"L&#8217;English day"},"content":{"rendered":"<p><img loading=\"lazy\" decoding=\"async\" class=\"aligncenter wp-image-4717\" src=\"https:\/\/agora.xtec.cat\/escolalesplanes\/wp-content\/uploads\/usu2441\/2026\/03\/LOGO-ENGLISH-DAY-LES-PLANES-1024x683.png\" alt=\"\" width=\"811\" height=\"541\" srcset=\"https:\/\/agora.xtec.cat\/escolalesplanes\/wp-content\/uploads\/usu2441\/2026\/03\/LOGO-ENGLISH-DAY-LES-PLANES-1024x683.png 1024w, https:\/\/agora.xtec.cat\/escolalesplanes\/wp-content\/uploads\/usu2441\/2026\/03\/LOGO-ENGLISH-DAY-LES-PLANES-300x200.png 300w, https:\/\/agora.xtec.cat\/escolalesplanes\/wp-content\/uploads\/usu2441\/2026\/03\/LOGO-ENGLISH-DAY-LES-PLANES-768x512.png 768w, https:\/\/agora.xtec.cat\/escolalesplanes\/wp-content\/uploads\/usu2441\/2026\/03\/LOGO-ENGLISH-DAY-LES-PLANES.png 1536w\" sizes=\"auto, (max-width: 811px) 100vw, 811px\" \/><\/p>\n<p>La nostra escola participa des de fa molts anys en la celebraci\u00f3 de l\u2019<strong>English Day<\/strong>, una jornada educativa compartida amb escoles d\u2019altres municipis que t\u00e9 com a objectiu potenciar l\u2019aprenentatge de la llengua anglesa a trav\u00e9s d\u2019experi\u00e8ncies reals de comunicaci\u00f3 i conviv\u00e8ncia.<\/p>\n<p>Al llarg de tot el curs escolar, l\u2019alumnat participant i els mestres especialistes d\u2019angl\u00e8s dels diferents centres es comuniquen i es coordinen per preparar conjuntament les activitats que culminen en una trobada final d\u2019un dia sencer. Aquesta jornada t\u00e9 lloc cada any en una escola amfitriona diferent, que va rotant entre els centres participants.<\/p>\n<p>L\u2019English Day ofereix a l\u2019alumnat una oportunitat \u00fanica per posar en pr\u00e0ctica l\u2019angl\u00e8s en contextos significatius i vivencials, mitjan\u00e7ant activitats cooperatives, din\u00e0miques comunicatives i propostes l\u00fadiques compartides amb infants d\u2019altres escoles.<\/p>\n<p>Aquesta experi\u00e8ncia afavoreix especialment:<\/p>\n<ul>\n<li>l\u2019\u00fas real i funcional de la llengua anglesa;<\/li>\n<li>la confian\u00e7a comunicativa de l\u2019alumnat;<\/li>\n<li>l\u2019aprenentatge cooperatiu entre centres;<\/li>\n<li>la conviv\u00e8ncia i l\u2019intercanvi d\u2019experi\u00e8ncies educatives.<\/li>\n<\/ul>\n<p>La participaci\u00f3 continuada en l\u2019English Day refor\u00e7a el comprom\u00eds del centre amb un aprenentatge de lleng\u00fces viu, motivador i significatiu, que permet a l\u2019alumnat aprendre a trav\u00e9s de l\u2019experi\u00e8ncia directa i del contacte amb altres realitats educatives.<\/p>\n","protected":false},"excerpt":{"rendered":"<p>La nostra escola participa des de fa molts anys en la celebraci\u00f3 de l\u2019English Day, una jornada educativa compartida amb escoles d\u2019altres municipis que t\u00e9 com a objectiu potenciar l\u2019aprenentatge de la llengua anglesa a trav\u00e9s d\u2019experi\u00e8ncies reals de comunicaci\u00f3 i conviv\u00e8ncia. Al llarg de tot el curs escolar, l\u2019alumnat participant i els mestres especialistes [&hellip;]<\/p>\n","protected":false},"author":1,"featured_media":0,"parent":0,"menu_order":0,"comment_status":"closed","ping_status":"closed","template":"","meta":{"_bbp_topic_count":0,"_bbp_reply_count":0,"_bbp_total_topic_count":0,"_bbp_total_reply_count":0,"_bbp_voice_count":0,"_bbp_anonymous_reply_count":0,"_bbp_topic_count_hidden":0,"_bbp_reply_count_hidden":0,"_bbp_forum_subforum_count":0,"site-sidebar-layout":"default","site-content-layout":"","ast-site-content-layout":"default","site-content-style":"default","site-sidebar-style":"default","ast-global-header-display":"","ast-banner-title-visibility":"","ast-main-header-display":"","ast-hfb-above-header-display":"","ast-hfb-below-header-display":"","ast-hfb-mobile-header-display":"","site-post-title":"","ast-breadcrumbs-content":"","ast-featured-img":"","footer-sml-layout":"","theme-transparent-header-meta":"default","adv-header-id-meta":"","stick-header-meta":"","header-above-stick-meta":"","header-main-stick-meta":"","header-below-stick-meta":"","astra-migrate-meta-layouts":"set","ast-page-background-enabled":"default","ast-page-background-meta":{"desktop":{"background-color":"var(--ast-global-color-4)","background-image":"","background-repeat":"repeat","background-position":"center center","background-size":"auto","background-attachment":"scroll","background-type":"","background-media":"","overlay-type":"","overlay-color":"","overlay-opacity":"","overlay-gradient":""},"tablet":{"background-color":"","background-image":"","background-repeat":"repeat","background-position":"center center","background-size":"auto","background-attachment":"scroll","background-type":"","background-media":"","overlay-type":"","overlay-color":"","overlay-opacity":"","overlay-gradient":""},"mobile":{"background-color":"","background-image":"","background-repeat":"repeat","background-position":"center center","background-size":"auto","background-attachment":"scroll","background-type":"","background-media":"","overlay-type":"","overlay-color":"","overlay-opacity":"","overlay-gradient":""}},"ast-content-background-meta":{"desktop":{"background-color":"var(--ast-global-color-5)","background-image":"","background-repeat":"repeat","background-position":"center center","background-size":"auto","background-attachment":"scroll","background-type":"","background-media":"","overlay-type":"","overlay-color":"","overlay-opacity":"","overlay-gradient":""},"tablet":{"background-color":"var(--ast-global-color-5)","background-image":"","background-repeat":"repeat","background-position":"center center","background-size":"auto","background-attachment":"scroll","background-type":"","background-media":"","overlay-type":"","overlay-color":"","overlay-opacity":"","overlay-gradient":""},"mobile":{"background-color":"var(--ast-global-color-5)","background-image":"","background-repeat":"repeat","background-position":"center center","background-size":"auto","background-attachment":"scroll","background-type":"","background-media":"","overlay-type":"","overlay-color":"","overlay-opacity":"","overlay-gradient":""}},"footnotes":""},"class_list":["post-4716","page","type-page","status-publish","hentry"],"post_mailing_queue_ids":[],"_links":{"self":[{"href":"https:\/\/agora.xtec.cat\/escolalesplanes\/wp-json\/wp\/v2\/pages\/4716","targetHints":{"allow":["GET"]}}],"collection":[{"href":"https:\/\/agora.xtec.cat\/escolalesplanes\/wp-json\/wp\/v2\/pages"}],"about":[{"href":"https:\/\/agora.xtec.cat\/escolalesplanes\/wp-json\/wp\/v2\/types\/page"}],"author":[{"embeddable":true,"href":"https:\/\/agora.xtec.cat\/escolalesplanes\/wp-json\/wp\/v2\/users\/1"}],"replies":[{"embeddable":true,"href":"https:\/\/agora.xtec.cat\/escolalesplanes\/wp-json\/wp\/v2\/comments?post=4716"}],"version-history":[{"count":1,"href":"https:\/\/agora.xtec.cat\/escolalesplanes\/wp-json\/wp\/v2\/pages\/4716\/revisions"}],"predecessor-version":[{"id":4718,"href":"https:\/\/agora.xtec.cat\/escolalesplanes\/wp-json\/wp\/v2\/pages\/4716\/revisions\/4718"}],"wp:attachment":[{"href":"https:\/\/agora.xtec.cat\/escolalesplanes\/wp-json\/wp\/v2\/media?parent=4716"}],"curies":[{"name":"wp","href":"https:\/\/api.w.org\/{rel}","templated":true}]}}