{"id":1200,"date":"2022-11-06T21:58:04","date_gmt":"2022-11-06T20:58:04","guid":{"rendered":"https:\/\/agora.xtec.cat\/escolalesplanes\/?page_id=1200"},"modified":"2023-01-22T11:04:16","modified_gmt":"2023-01-22T10:04:16","slug":"dinantia-plataforma-de-comunicacio","status":"publish","type":"page","link":"https:\/\/agora.xtec.cat\/escolalesplanes\/pagines-dinici\/informacions-generals-curs-23-24\/dinantia-plataforma-de-comunicacio\/","title":{"rendered":"Dinantia &#8211; plataforma de comunicaci\u00f3"},"content":{"rendered":"<p>PLATAFORMA DE COMUNICACI\u00d3 DINANTIA<\/p>\n<p>Benvolgudes fam\u00edlies<\/p>\n<p>A l&#8217;escola tenim una aplicaci\u00f3 per poder comunicar-nos amb les fam\u00edlies i que es diu <strong>DINANTIA<\/strong>.<\/p>\n<p>Recordeu que <strong>totes les informacions les enviarem per aquesta aplicaci\u00f3<\/strong> i que, donada les circumst\u00e0ncies que estem vivint, \u00e9s important poder estar connectats. Recomanem tenir fet el canvi el dia 1 de setembre i aix\u00ed podreu rebre totes les informacions.<\/p>\n<p>Per activar la nova aplicaci\u00f3 cal utilitzar el mail que ens veu donar al fer la matriculaci\u00f3. Us enviem les instruccions en el PDF i est\u00e0 penjat al web de l\u2019escola.<\/p>\n<p>Cal descarregar l\u2019aplicaci\u00f3 de DINANTIA al vostre m\u00f2bil. Si teniu algun dubte o problema podeu passar per secretaria i us ajudarem.<\/p>\n<p>En aquest enlla\u00e7 podeu trobar m\u00e9s informaci\u00f3:\u00a0\u00a0<a href=\"https:\/\/www.dinantia.com\/es\/funcionalidades\/familias\" target=\"_blank\" rel=\"noopener\">https:\/\/www.dinantia.com\/es\/funcionalidades\/familias<\/a><\/p>\n<p><span style=\"color: #000080;\"><strong>Instruccions per instal\u00b7lar Dinantia al m\u00f2vil cliqueu <span style=\"color: #ff0000;\"><a style=\"color: #ff0000;\" href=\"https:\/\/agora.xtec.cat\/escolalesplanes\/wp-content\/uploads\/usu2441\/2022\/11\/Dinantia_instalacio-catala-i-castella.pdf\" target=\"_blank\" rel=\"noopener\">Dinantia_instalacio catala i castell\u00e0<\/a><\/span><\/strong><\/span><\/p>\n<p><img loading=\"lazy\" decoding=\"async\" class=\"alignnone size-full wp-image-1202\" src=\"https:\/\/agora.xtec.cat\/escolalesplanes\/wp-content\/uploads\/usu2441\/2022\/11\/Dinantia-1-2.jpg\" alt=\"\" width=\"300\" height=\"179\" \/><\/p>\n<p><img loading=\"lazy\" decoding=\"async\" class=\"alignnone size-full wp-image-1203\" src=\"https:\/\/agora.xtec.cat\/escolalesplanes\/wp-content\/uploads\/usu2441\/2022\/11\/Dinantia-3-4.png\" alt=\"\" width=\"300\" height=\"109\" \/><\/p>\n<p><img loading=\"lazy\" decoding=\"async\" class=\"alignnone size-full wp-image-1205\" src=\"https:\/\/agora.xtec.cat\/escolalesplanes\/wp-content\/uploads\/usu2441\/2022\/11\/Dinantia-5.png\" alt=\"\" width=\"300\" height=\"150\" \/><\/p>\n","protected":false},"excerpt":{"rendered":"<p>PLATAFORMA DE COMUNICACI\u00d3 DINANTIA Benvolgudes fam\u00edlies A l&#8217;escola tenim una aplicaci\u00f3 per poder comunicar-nos amb les fam\u00edlies i que es diu DINANTIA. Recordeu que totes les informacions les enviarem per aquesta aplicaci\u00f3 i que, donada les circumst\u00e0ncies que estem vivint, \u00e9s important poder estar connectats. Recomanem tenir fet el canvi el dia 1 de setembre [&hellip;]<\/p>\n","protected":false},"author":1,"featured_media":0,"parent":996,"menu_order":0,"comment_status":"closed","ping_status":"closed","template":"","meta":{"_bbp_topic_count":0,"_bbp_reply_count":0,"_bbp_total_topic_count":0,"_bbp_total_reply_count":0,"_bbp_voice_count":0,"_bbp_anonymous_reply_count":0,"_bbp_topic_count_hidden":0,"_bbp_reply_count_hidden":0,"_bbp_forum_subforum_count":0,"site-sidebar-layout":"default","site-content-layout":"","ast-site-content-layout":"","site-content-style":"default","site-sidebar-style":"default","ast-global-header-display":"","ast-banner-title-visibility":"","ast-main-header-display":"","ast-hfb-above-header-display":"","ast-hfb-below-header-display":"","ast-hfb-mobile-header-display":"","site-post-title":"","ast-breadcrumbs-content":"","ast-featured-img":"","footer-sml-layout":"","theme-transparent-header-meta":"","adv-header-id-meta":"","stick-header-meta":"","header-above-stick-meta":"","header-main-stick-meta":"","header-below-stick-meta":"","astra-migrate-meta-layouts":"default","ast-page-background-enabled":"default","ast-page-background-meta":{"desktop":{"background-color":"var(--ast-global-color-4)","background-image":"","background-repeat":"repeat","background-position":"center center","background-size":"auto","background-attachment":"scroll","background-type":"","background-media":"","overlay-type":"","overlay-color":"","overlay-opacity":"","overlay-gradient":""},"tablet":{"background-color":"","background-image":"","background-repeat":"repeat","background-position":"center center","background-size":"auto","background-attachment":"scroll","background-type":"","background-media":"","overlay-type":"","overlay-color":"","overlay-opacity":"","overlay-gradient":""},"mobile":{"background-color":"","background-image":"","background-repeat":"repeat","background-position":"center center","background-size":"auto","background-attachment":"scroll","background-type":"","background-media":"","overlay-type":"","overlay-color":"","overlay-opacity":"","overlay-gradient":""}},"ast-content-background-meta":{"desktop":{"background-color":"var(--ast-global-color-5)","background-image":"","background-repeat":"repeat","background-position":"center center","background-size":"auto","background-attachment":"scroll","background-type":"","background-media":"","overlay-type":"","overlay-color":"","overlay-opacity":"","overlay-gradient":""},"tablet":{"background-color":"var(--ast-global-color-5)","background-image":"","background-repeat":"repeat","background-position":"center center","background-size":"auto","background-attachment":"scroll","background-type":"","background-media":"","overlay-type":"","overlay-color":"","overlay-opacity":"","overlay-gradient":""},"mobile":{"background-color":"var(--ast-global-color-5)","background-image":"","background-repeat":"repeat","background-position":"center center","background-size":"auto","background-attachment":"scroll","background-type":"","background-media":"","overlay-type":"","overlay-color":"","overlay-opacity":"","overlay-gradient":""}},"footnotes":""},"class_list":["post-1200","page","type-page","status-publish","hentry"],"post_mailing_queue_ids":[],"_links":{"self":[{"href":"https:\/\/agora.xtec.cat\/escolalesplanes\/wp-json\/wp\/v2\/pages\/1200","targetHints":{"allow":["GET"]}}],"collection":[{"href":"https:\/\/agora.xtec.cat\/escolalesplanes\/wp-json\/wp\/v2\/pages"}],"about":[{"href":"https:\/\/agora.xtec.cat\/escolalesplanes\/wp-json\/wp\/v2\/types\/page"}],"author":[{"embeddable":true,"href":"https:\/\/agora.xtec.cat\/escolalesplanes\/wp-json\/wp\/v2\/users\/1"}],"replies":[{"embeddable":true,"href":"https:\/\/agora.xtec.cat\/escolalesplanes\/wp-json\/wp\/v2\/comments?post=1200"}],"version-history":[{"count":3,"href":"https:\/\/agora.xtec.cat\/escolalesplanes\/wp-json\/wp\/v2\/pages\/1200\/revisions"}],"predecessor-version":[{"id":1337,"href":"https:\/\/agora.xtec.cat\/escolalesplanes\/wp-json\/wp\/v2\/pages\/1200\/revisions\/1337"}],"up":[{"embeddable":true,"href":"https:\/\/agora.xtec.cat\/escolalesplanes\/wp-json\/wp\/v2\/pages\/996"}],"wp:attachment":[{"href":"https:\/\/agora.xtec.cat\/escolalesplanes\/wp-json\/wp\/v2\/media?parent=1200"}],"curies":[{"name":"wp","href":"https:\/\/api.w.org\/{rel}","templated":true}]}}