{"id":773,"date":"2020-10-22T10:58:29","date_gmt":"2020-10-22T08:58:29","guid":{"rendered":"https:\/\/agora.xtec.cat\/escolalespigol\/?page_id=773"},"modified":"2020-10-22T10:58:29","modified_gmt":"2020-10-22T08:58:29","slug":"aula-virtual","status":"publish","type":"page","link":"https:\/\/agora.xtec.cat\/escolalespigol\/aula-virtual\/","title":{"rendered":"Aula Virtual"},"content":{"rendered":"<p>Al Seg\u00fcent enlla\u00e7 podreu accedir a l&#8217;aula virtual de l&#8217;escola l&#8217;Esp\u00edgol.<\/p>\n<p><a href=\"http:\/\/meet.google.com\/rxi-itha-yeo\" target=\"_blank\" rel=\"noopener noreferrer\"><img loading=\"lazy\" decoding=\"async\" class=\"alignnone size-medium wp-image-774\" src=\"https:\/\/agora.xtec.cat\/escolalespigol\/wp-content\/uploads\/usu1470\/2020\/10\/aula-300x125.png\" alt=\"\" width=\"300\" height=\"125\" srcset=\"https:\/\/agora.xtec.cat\/escolalespigol\/wp-content\/uploads\/usu1470\/2020\/10\/aula-300x125.png 300w, https:\/\/agora.xtec.cat\/escolalespigol\/wp-content\/uploads\/usu1470\/2020\/10\/aula-768x320.png 768w, https:\/\/agora.xtec.cat\/escolalespigol\/wp-content\/uploads\/usu1470\/2020\/10\/aula.png 1013w\" sizes=\"auto, (max-width: 300px) 100vw, 300px\" \/><\/a><\/p>\n","protected":false},"excerpt":{"rendered":"<p>Al Seg\u00fcent enlla\u00e7 podreu accedir a l&#8217;aula virtual de l&#8217;escola l&#8217;Esp\u00edgol.<br \/>\n<a href=\"http:\/\/meet.google.com\/rxi-itha-yeo\" target=\"_blank\" rel=\"noopener noreferrer\"><\/a><\/p>\n","protected":false},"author":1,"featured_media":0,"parent":0,"menu_order":0,"comment_status":"closed","ping_status":"closed","template":"","meta":{"_bbp_topic_count":0,"_bbp_reply_count":0,"_bbp_total_topic_count":0,"_bbp_total_reply_count":0,"_bbp_voice_count":0,"_bbp_anonymous_reply_count":0,"_bbp_topic_count_hidden":0,"_bbp_reply_count_hidden":0,"_bbp_forum_subforum_count":0,"footnotes":""},"class_list":["post-773","page","type-page","status-publish","hentry"],"post_mailing_queue_ids":[],"_links":{"self":[{"href":"https:\/\/agora.xtec.cat\/escolalespigol\/wp-json\/wp\/v2\/pages\/773","targetHints":{"allow":["GET"]}}],"collection":[{"href":"https:\/\/agora.xtec.cat\/escolalespigol\/wp-json\/wp\/v2\/pages"}],"about":[{"href":"https:\/\/agora.xtec.cat\/escolalespigol\/wp-json\/wp\/v2\/types\/page"}],"author":[{"embeddable":true,"href":"https:\/\/agora.xtec.cat\/escolalespigol\/wp-json\/wp\/v2\/users\/1"}],"replies":[{"embeddable":true,"href":"https:\/\/agora.xtec.cat\/escolalespigol\/wp-json\/wp\/v2\/comments?post=773"}],"version-history":[{"count":1,"href":"https:\/\/agora.xtec.cat\/escolalespigol\/wp-json\/wp\/v2\/pages\/773\/revisions"}],"predecessor-version":[{"id":776,"href":"https:\/\/agora.xtec.cat\/escolalespigol\/wp-json\/wp\/v2\/pages\/773\/revisions\/776"}],"wp:attachment":[{"href":"https:\/\/agora.xtec.cat\/escolalespigol\/wp-json\/wp\/v2\/media?parent=773"}],"curies":[{"name":"wp","href":"https:\/\/api.w.org\/{rel}","templated":true}]}}