{"id":588,"date":"2019-10-31T10:35:17","date_gmt":"2019-10-31T09:35:17","guid":{"rendered":"https:\/\/agora.xtec.cat\/escolalespigol\/?page_id=588"},"modified":"2023-09-26T20:17:54","modified_gmt":"2023-09-26T18:17:54","slug":"material-escolar","status":"publish","type":"page","link":"https:\/\/agora.xtec.cat\/escolalespigol\/lescola\/material-escolar\/","title":{"rendered":"Material Escolar"},"content":{"rendered":"<p>Detall del material escolar que els alumnes necessiten per aquest curs:<\/p>\n<ul style=\"list-style-type: disc;\">\n<li>Educaci\u00f3 Infantil. El material escolar el proporciona el centre.Els alumnes porten una bata per la classe, una bata per fer pintura, un got, dues capses de mocadors i una de tovalloletes humides.<\/li>\n<li>Prim\u00e0ria. \u00a0 \u00a0Alumnes de<strong>\u00a0C.Inicial<\/strong> porten: Carpeta un estoig amb: llapis, goma, colors (plastidecors) i maquineta,una bata per la\u00a0 classe, una bata per pintura, una ampolla petita d\u2019aigua, dos capses de mocadors, un paquet de tovalloletes humides, auriculars i necesser per educaci\u00f3 f\u00edsica.\u00a0 <span style=\"font-family: inherit; font-size: 1em;\">Alumnes de <strong>C. Mitj\u00e0 i Superior<\/strong> porten: <\/span>Una bata per la\u00a0 classe, una bata per pintura, una ampolla petita d\u2019aigua, dos capses de mocadors, un paquet de tovalloletes humides, un estoig amb llapis, goma, un bol\u00edgraf\u00a0 blau i un de vermell <strong>que siguin borrables<\/strong>, colors i retoladors i un comp\u00e0s i un estoig de regles.<\/li>\n<\/ul>\n<p>Per tal de sufragar les despeses de material\u00a0 que assumeix el centre, les fam\u00edlies fan una aportaci\u00f3 de 100 euros pel que fa als alumnes d&#8217;infantil i de 50 euros pels alumnes de prim\u00e0ria.A part del material fungible (cartolines, pega, llibretes, pintura, pinzells, folis, colors, retoladors, llapis, gomes&#8230;), tamb\u00e9 cobreix el pagament de les agendes, llic\u00e8ncies digitals i fotoc\u00f2pies. Per altra banda l&#8217;AFA fa una subvenci\u00f3 del 30% de la quota de material.<\/p>\n<p><a href=\"https:\/\/agora.xtec.cat\/escolalespigol\/wp-content\/uploads\/usu1470\/2023\/09\/libres-text-2023-2024.doc\">libres text 2023-2024<\/a><\/p>\n","protected":false},"excerpt":{"rendered":"<p>Detall del material escolar que els alumnes necessiten per aquest curs:<\/p>\n<ul style=\"list-style-type: disc;\">\n<li>Educaci\u00f3 Infantil. El material escolar el proporciona el centre.Els alumnes porten una bata per la classe, una bata per fer pintura, un got, dues capses de mocadors i una de tovalloletes humides.<\/li>\n<li>Prim\u00e0ria. \u00a0&hellip;  <a href=\"https:\/\/agora.xtec.cat\/escolalespigol\/lescola\/material-escolar\/\" title=\"Read Material Escolar\">Llegeix m\u00e9s\u00bb<\/a><br \/>\n","protected":false},"author":1,"featured_media":0,"parent":22,"menu_order":0,"comment_status":"closed","ping_status":"closed","template":"page-templates\/side-menu.php","meta":{"_bbp_topic_count":0,"_bbp_reply_count":0,"_bbp_total_topic_count":0,"_bbp_total_reply_count":0,"_bbp_voice_count":0,"_bbp_anonymous_reply_count":0,"_bbp_topic_count_hidden":0,"_bbp_reply_count_hidden":0,"_bbp_forum_subforum_count":0,"footnotes":""},"class_list":["post-588","page","type-page","status-publish","hentry"],"post_mailing_queue_ids":[],"_links":{"self":[{"href":"https:\/\/agora.xtec.cat\/escolalespigol\/wp-json\/wp\/v2\/pages\/588","targetHints":{"allow":["GET"]}}],"collection":[{"href":"https:\/\/agora.xtec.cat\/escolalespigol\/wp-json\/wp\/v2\/pages"}],"about":[{"href":"https:\/\/agora.xtec.cat\/escolalespigol\/wp-json\/wp\/v2\/types\/page"}],"author":[{"embeddable":true,"href":"https:\/\/agora.xtec.cat\/escolalespigol\/wp-json\/wp\/v2\/users\/1"}],"replies":[{"embeddable":true,"href":"https:\/\/agora.xtec.cat\/escolalespigol\/wp-json\/wp\/v2\/comments?post=588"}],"version-history":[{"count":4,"href":"https:\/\/agora.xtec.cat\/escolalespigol\/wp-json\/wp\/v2\/pages\/588\/revisions"}],"predecessor-version":[{"id":1056,"href":"https:\/\/agora.xtec.cat\/escolalespigol\/wp-json\/wp\/v2\/pages\/588\/revisions\/1056"}],"up":[{"embeddable":true,"href":"https:\/\/agora.xtec.cat\/escolalespigol\/wp-json\/wp\/v2\/pages\/22"}],"wp:attachment":[{"href":"https:\/\/agora.xtec.cat\/escolalespigol\/wp-json\/wp\/v2\/media?parent=588"}],"curies":[{"name":"wp","href":"https:\/\/api.w.org\/{rel}","templated":true}]}}