{"id":30,"date":"2014-09-18T12:30:23","date_gmt":"2014-09-18T11:30:23","guid":{"rendered":"http:\/\/agora.xtec.cat\/escolalespigol\/?page_id=30"},"modified":"2023-08-18T13:44:51","modified_gmt":"2023-08-18T11:44:51","slug":"instal%c2%b7lacions","status":"publish","type":"page","link":"https:\/\/agora.xtec.cat\/escolalespigol\/lescola\/instal%c2%b7lacions\/","title":{"rendered":"Instal\u00b7lacions"},"content":{"rendered":"<p>L&#8217;escola l&#8217; Esp\u00edgol \u00e9s un edifici d&#8217;una planta i compta amb els seg\u00fcents espais:<\/p>\n<ul>\n<li>4 classes una per infantil, una per cicle Inicial, una per cicle Mitj\u00e0 i una altra per cicle Superior.<\/li>\n<li>2 lavabos per les nenes.<\/li>\n<li>2 lavabos pels nens.<\/li>\n<li>1 lavabo pels mestres.<\/li>\n<li>Un despatx per la direcci\u00f3<\/li>\n<li>Una sala de mestres.<\/li>\n<li>Una classe per l&#8217;escola bressol rural.<\/li>\n<li>Una aula d&#8217;inform\u00e0tica i\/o classe de desdoblament.<\/li>\n<li>Un quartet per guardar el material fungible.<\/li>\n<li>Una aula de desdoblament (menjador).<\/li>\n<li>Una cuina.<\/li>\n<li>Un quartet per guardar el material d&#8217;educaci\u00f3 f\u00edsica.<\/li>\n<li>Un porxo que \u00e9s la zona per relaxar-nos, on es fan jocs tranquils i tert\u00falia a l&#8217;hora del pati.<\/li>\n<li>Un pati molt gran amb diferents espais: sorral, hort, zones amb gespa artificial, hamaques, pista per jugar a b\u00e0squet i futbol, taula de ping-pong, zona per jugar a bitlles i a la petanca.<\/li>\n<\/ul>\n<p><a href=\"https:\/\/agora.xtec.cat\/escolalespigol\/wp-content\/uploads\/usu1470\/2019\/11\/escola-nova.pdf\">escola nova<\/a><\/p>\n","protected":false},"excerpt":{"rendered":"<p>L&#8217;escola l&#8217; Esp\u00edgol \u00e9s un edifici d&#8217;una planta i compta amb els seg\u00fcents espais:<\/p>\n<ul>\n<li>4 classes una per infantil, una per cicle Inicial, una per cicle Mitj\u00e0 i una altra per cicle Superior.<\/li>\n<li>2 lavabos per les nenes.<\/li>\n<li>2 lavabos pels nens.<\/li>\n<li>1 lavabo pels mestres.<\/li>\n<li>Un despatx per la&hellip;  <a href=\"https:\/\/agora.xtec.cat\/escolalespigol\/lescola\/instal%c2%b7lacions\/\" title=\"Read Instal\u00b7lacions\">Llegeix m\u00e9s\u00bb<\/a><br \/>\n","protected":false},"author":1,"featured_media":0,"parent":22,"menu_order":40,"comment_status":"closed","ping_status":"closed","template":"page-templates\/side-menu.php","meta":{"_bbp_topic_count":0,"_bbp_reply_count":0,"_bbp_total_topic_count":0,"_bbp_total_reply_count":0,"_bbp_voice_count":0,"_bbp_anonymous_reply_count":0,"_bbp_topic_count_hidden":0,"_bbp_reply_count_hidden":0,"_bbp_forum_subforum_count":0,"footnotes":""},"class_list":["post-30","page","type-page","status-publish","hentry"],"post_mailing_queue_ids":[],"_links":{"self":[{"href":"https:\/\/agora.xtec.cat\/escolalespigol\/wp-json\/wp\/v2\/pages\/30","targetHints":{"allow":["GET"]}}],"collection":[{"href":"https:\/\/agora.xtec.cat\/escolalespigol\/wp-json\/wp\/v2\/pages"}],"about":[{"href":"https:\/\/agora.xtec.cat\/escolalespigol\/wp-json\/wp\/v2\/types\/page"}],"author":[{"embeddable":true,"href":"https:\/\/agora.xtec.cat\/escolalespigol\/wp-json\/wp\/v2\/users\/1"}],"replies":[{"embeddable":true,"href":"https:\/\/agora.xtec.cat\/escolalespigol\/wp-json\/wp\/v2\/comments?post=30"}],"version-history":[{"count":4,"href":"https:\/\/agora.xtec.cat\/escolalespigol\/wp-json\/wp\/v2\/pages\/30\/revisions"}],"predecessor-version":[{"id":1043,"href":"https:\/\/agora.xtec.cat\/escolalespigol\/wp-json\/wp\/v2\/pages\/30\/revisions\/1043"}],"up":[{"embeddable":true,"href":"https:\/\/agora.xtec.cat\/escolalespigol\/wp-json\/wp\/v2\/pages\/22"}],"wp:attachment":[{"href":"https:\/\/agora.xtec.cat\/escolalespigol\/wp-json\/wp\/v2\/media?parent=30"}],"curies":[{"name":"wp","href":"https:\/\/api.w.org\/{rel}","templated":true}]}}