{"id":22,"date":"2014-09-18T12:19:57","date_gmt":"2014-09-18T11:19:57","guid":{"rendered":"http:\/\/agora.xtec.cat\/escolalespigol\/?page_id=22"},"modified":"2019-11-03T00:27:40","modified_gmt":"2019-11-02T23:27:40","slug":"lescola","status":"publish","type":"page","link":"https:\/\/agora.xtec.cat\/escolalespigol\/lescola\/","title":{"rendered":"L&#8217;escola"},"content":{"rendered":"<p>L&#8217;escola l&#8217; Esp\u00edgol de Gerb, est\u00e0 integrada dins la ZER El Montsec. \u00c9s una escola que ha anat canviant d&#8217;ubicaci\u00f3 al llarg dels anys.<\/p>\n<p>Actualment, \u00e9s un edifici de nova construcci\u00f3 a base de m\u00f2duls i va ser constru\u00efda l&#8217;any 2011.<\/p>\n<p>\u00c9s un edifici de planta baixa for\u00e7a espai\u00f3s.<\/p>\n<p><a href=\"https:\/\/agora.xtec.cat\/escolalespigol\/wp-content\/uploads\/usu1470\/2019\/11\/escola-nova.pdf\">escola nova<\/a><\/p>\n<p>&nbsp;<\/p>\n","protected":false},"excerpt":{"rendered":"<p>L&#8217;escola l&#8217; Esp\u00edgol de Gerb, est\u00e0 integrada dins la ZER El Montsec. \u00c9s una escola que ha anat canviant d&#8217;ubicaci\u00f3 al llarg dels anys.<br \/>\nActualment, \u00e9s un edifici de nova construcci\u00f3 a base de m\u00f2duls i va ser constru\u00efda l&#8217;any 2011.<br \/>\n\u00c9s un edifici de planta baixa&hellip;  <a href=\"https:\/\/agora.xtec.cat\/escolalespigol\/lescola\/\" title=\"Read L&#8217;escola\">Llegeix m\u00e9s\u00bb<\/a><\/p>\n","protected":false},"author":1,"featured_media":0,"parent":0,"menu_order":0,"comment_status":"closed","ping_status":"closed","template":"page-templates\/side-menu.php","meta":{"_bbp_topic_count":0,"_bbp_reply_count":0,"_bbp_total_topic_count":0,"_bbp_total_reply_count":0,"_bbp_voice_count":0,"_bbp_anonymous_reply_count":0,"_bbp_topic_count_hidden":0,"_bbp_reply_count_hidden":0,"_bbp_forum_subforum_count":0,"footnotes":""},"class_list":["post-22","page","type-page","status-publish","hentry"],"post_mailing_queue_ids":[],"_links":{"self":[{"href":"https:\/\/agora.xtec.cat\/escolalespigol\/wp-json\/wp\/v2\/pages\/22","targetHints":{"allow":["GET"]}}],"collection":[{"href":"https:\/\/agora.xtec.cat\/escolalespigol\/wp-json\/wp\/v2\/pages"}],"about":[{"href":"https:\/\/agora.xtec.cat\/escolalespigol\/wp-json\/wp\/v2\/types\/page"}],"author":[{"embeddable":true,"href":"https:\/\/agora.xtec.cat\/escolalespigol\/wp-json\/wp\/v2\/users\/1"}],"replies":[{"embeddable":true,"href":"https:\/\/agora.xtec.cat\/escolalespigol\/wp-json\/wp\/v2\/comments?post=22"}],"version-history":[{"count":1,"href":"https:\/\/agora.xtec.cat\/escolalespigol\/wp-json\/wp\/v2\/pages\/22\/revisions"}],"predecessor-version":[{"id":632,"href":"https:\/\/agora.xtec.cat\/escolalespigol\/wp-json\/wp\/v2\/pages\/22\/revisions\/632"}],"wp:attachment":[{"href":"https:\/\/agora.xtec.cat\/escolalespigol\/wp-json\/wp\/v2\/media?parent=22"}],"curies":[{"name":"wp","href":"https:\/\/api.w.org\/{rel}","templated":true}]}}