{"id":3710,"date":"2026-01-21T21:25:03","date_gmt":"2026-01-21T20:25:03","guid":{"rendered":"https:\/\/agora.xtec.cat\/escolalesmelies\/?page_id=3710"},"modified":"2026-03-02T12:09:23","modified_gmt":"2026-03-02T11:09:23","slug":"assemblees-daula","status":"publish","type":"page","link":"https:\/\/agora.xtec.cat\/escolalesmelies\/assemblees-daula\/","title":{"rendered":"Assemblees d&#8217;aula i assemblees de delegats"},"content":{"rendered":"<p><span style=\"font-weight: 400;\"><a href=\"https:\/\/agora.xtec.cat\/escolalesmelies\/wp-content\/uploads\/usu2179\/2026\/01\/ec51d998-6078-4c53-a593-63a57f9dab48.jpg\"><img loading=\"lazy\" decoding=\"async\" class=\"alignright wp-image-3742\" src=\"https:\/\/agora.xtec.cat\/escolalesmelies\/wp-content\/uploads\/usu2179\/2026\/01\/ec51d998-6078-4c53-a593-63a57f9dab48-1024x768.jpg\" alt=\"\" width=\"660\" height=\"495\" srcset=\"https:\/\/agora.xtec.cat\/escolalesmelies\/wp-content\/uploads\/usu2179\/2026\/01\/ec51d998-6078-4c53-a593-63a57f9dab48-1024x768.jpg 1024w, https:\/\/agora.xtec.cat\/escolalesmelies\/wp-content\/uploads\/usu2179\/2026\/01\/ec51d998-6078-4c53-a593-63a57f9dab48-300x225.jpg 300w, https:\/\/agora.xtec.cat\/escolalesmelies\/wp-content\/uploads\/usu2179\/2026\/01\/ec51d998-6078-4c53-a593-63a57f9dab48-768x576.jpg 768w, https:\/\/agora.xtec.cat\/escolalesmelies\/wp-content\/uploads\/usu2179\/2026\/01\/ec51d998-6078-4c53-a593-63a57f9dab48-1536x1152.jpg 1536w, https:\/\/agora.xtec.cat\/escolalesmelies\/wp-content\/uploads\/usu2179\/2026\/01\/ec51d998-6078-4c53-a593-63a57f9dab48-200x150.jpg 200w, https:\/\/agora.xtec.cat\/escolalesmelies\/wp-content\/uploads\/usu2179\/2026\/01\/ec51d998-6078-4c53-a593-63a57f9dab48.jpg 1600w\" sizes=\"auto, (max-width: 660px) 100vw, 660px\" \/><\/a>El curs 2022\/23, la comissi\u00f3 de conviv\u00e8ncia de l\u2019Escola les M\u00e8lies va iniciar la construcci\u00f3 d\u2019unes primeres estructures per tal d\u2019impulsar la participaci\u00f3 i implicaci\u00f3 de l\u2019alumnat en la gesti\u00f3, funcionament i presa de decisions del centre. La proposta d\u2019iniciar mecanismes i din\u00e0miques on l\u2019alumnat pogu\u00e9s expressar desitjos de canvi va ser aprovada pel claustre. Aix\u00ed, el gener de 2023 s\u2019iniciava a l\u2019escola el <\/span><b>\u201cProjecte de Participaci\u00f3 Educativa: les Assemblees d\u2019aula\u201d <\/b><span style=\"font-weight: 400;\">\u00a0tot creant la figura de la delegada i delegat d\u2019aula, les assemblees d\u2019aula i les assemblees de delegats amb l\u2019objectiu d\u2019educar en\u00a0 una cultura democr\u00e0tica.\u00a0<\/span><\/p>\n<p><b>Els delegats i delegades: <\/b><span style=\"font-weight: 400;\">A prim\u00e0ria cada aula tria, per votaci\u00f3, dos delegats d\u2019aula. La f\u00f3rmula utilitzada per tal d\u2019aconseguir una mirada de lideratge compartit tant mascul\u00ed com femen\u00ed, es fa demanant que, en les votacions, cada alumne\/a esculli quatre candidats: dos nens i dues nenes.\u00a0<\/span><\/p>\n<p><b>Les eleccions: <\/b><span style=\"font-weight: 400;\">TOT l\u2019alumnat de cada classe es presenta a les eleccions. Nom\u00e9s els nens i nenes que exposin que no volen ser delegat\/da no apareixeran al llistat. Aquest funcionament afavoreix la participaci\u00f3 i es trenca una llan\u00e7a a favor de la idea de qu\u00e8 tothom pot ser delegat\/da i que \u00e9s una oportunitat de descoberta i de creixement personal.\u00a0<\/span><\/p>\n<p><b>Assemblees d\u2019aula: <\/b><span style=\"font-weight: 400;\">Amb l\u2019ajuda del tutor\/a,<\/span> <span style=\"font-weight: 400;\">el delegat\/da exposar\u00e0 el tema, pregunta o b\u00e9 punt a tractar a l\u2019assemblea. Cal vetllar perqu\u00e8 tots l\u2019alumnat participi i faci aportacions. Cada aula disposa d\u2019una llibreta on recollir els temes tractats, els acords o b\u00e9 demandes de l\u2019alumnat.\u00a0<\/span><\/p>\n<p><b>Assemblees de delegats:\u00a0 <\/b><span style=\"font-weight: 400;\">Els delegats de cada classe es reuneixen quatre cops l\u2019any juntament amb dos membres de l\u2019equip docent i un de l\u2019equip directiu per compartir les seves valoracions o propostes. Aquestes s\u00f3n recollides en acta, es classifiquen les propostes segons hagin de ser adre\u00e7ades al claustre, a l\u2019equip directiu, a l\u2019ajuntament o als altres companys de l\u2019escola.\u00a0<\/span><\/p>\n<p><span style=\"font-weight: 400;\">Els delegats i delegades faran un retorn del parlat a l\u2019assemblea de delegats als seus companys d\u2019aula<\/span><\/p>\n","protected":false},"excerpt":{"rendered":"<p><a href=\"https:\/\/agora.xtec.cat\/escolalesmelies\/wp-content\/uploads\/usu2179\/2026\/01\/ec51d998-6078-4c53-a593-63a57f9dab48.jpg\"><\/a>El curs 2022\/23, la comissi\u00f3 de conviv\u00e8ncia de l\u2019Escola les M\u00e8lies va iniciar la construcci\u00f3 d\u2019unes primeres estructures per tal d\u2019impulsar la participaci\u00f3 i implicaci\u00f3 de l\u2019alumnat en la gesti\u00f3, funcionament i presa de decisions del centre. La proposta d\u2019iniciar mecanismes i din\u00e0miques on&hellip;  <a href=\"https:\/\/agora.xtec.cat\/escolalesmelies\/assemblees-daula\/\" title=\"Read Assemblees d&#8217;aula i assemblees de delegats\">Llegeix m\u00e9s\u00bb<\/a><\/p>\n","protected":false},"author":1,"featured_media":0,"parent":0,"menu_order":0,"comment_status":"closed","ping_status":"closed","template":"","meta":{"_bbp_topic_count":0,"_bbp_reply_count":0,"_bbp_total_topic_count":0,"_bbp_total_reply_count":0,"_bbp_voice_count":0,"_bbp_anonymous_reply_count":0,"_bbp_topic_count_hidden":0,"_bbp_reply_count_hidden":0,"_bbp_forum_subforum_count":0,"footnotes":""},"class_list":["post-3710","page","type-page","status-publish","hentry"],"post_mailing_queue_ids":[],"_links":{"self":[{"href":"https:\/\/agora.xtec.cat\/escolalesmelies\/wp-json\/wp\/v2\/pages\/3710","targetHints":{"allow":["GET"]}}],"collection":[{"href":"https:\/\/agora.xtec.cat\/escolalesmelies\/wp-json\/wp\/v2\/pages"}],"about":[{"href":"https:\/\/agora.xtec.cat\/escolalesmelies\/wp-json\/wp\/v2\/types\/page"}],"author":[{"embeddable":true,"href":"https:\/\/agora.xtec.cat\/escolalesmelies\/wp-json\/wp\/v2\/users\/1"}],"replies":[{"embeddable":true,"href":"https:\/\/agora.xtec.cat\/escolalesmelies\/wp-json\/wp\/v2\/comments?post=3710"}],"version-history":[{"count":6,"href":"https:\/\/agora.xtec.cat\/escolalesmelies\/wp-json\/wp\/v2\/pages\/3710\/revisions"}],"predecessor-version":[{"id":3784,"href":"https:\/\/agora.xtec.cat\/escolalesmelies\/wp-json\/wp\/v2\/pages\/3710\/revisions\/3784"}],"wp:attachment":[{"href":"https:\/\/agora.xtec.cat\/escolalesmelies\/wp-json\/wp\/v2\/media?parent=3710"}],"curies":[{"name":"wp","href":"https:\/\/api.w.org\/{rel}","templated":true}]}}