{"id":26,"date":"2014-09-18T12:24:32","date_gmt":"2014-09-18T11:24:32","guid":{"rendered":"http:\/\/agora.xtec.cat\/escolalesmelies\/?page_id=26"},"modified":"2020-08-25T16:15:40","modified_gmt":"2020-08-25T14:15:40","slug":"historia","status":"publish","type":"page","link":"https:\/\/agora.xtec.cat\/escolalesmelies\/lescola\/historia\/","title":{"rendered":"Hist\u00f2ria"},"content":{"rendered":"<p><span style=\"font-weight: 400;\">L\u2019escola Les M\u00e8lies va sorgir com un annexa de l\u2019escola Sol i Vent de Vilafant el setembre de 1998 amb tres grups d\u2019educaci\u00f3 infantil, p3, p4 i p5, fins que\u00a0 el curs 2000-2001\u00a0 es va constituir com a escola. Va ser en el 2004-2005 quan va completar l\u2019oferta de tots els nivells d\u2019infantil i prim\u00e0ria.<\/span><\/p>\n<p><span style=\"font-weight: 400;\">En els seus inicis s\u2019ubicava en aules prefabricades i el gener del 2004 es va traslladar a l\u2019edifici actual.\u00a0<\/span><\/p>\n<p><span style=\"font-weight: 400;\">Tot i que en un principi es va projectar com a escola d\u2019una l\u00ednia, l\u2019augment de la poblaci\u00f3, especialment a la zona del camps dels enginyers, va fer replantejar el projecte i es va projectar l\u2019ampliaci\u00f3 mentre es duien a terme les obres,\u00a0 per poder acollir una escola de dues l\u00ednies a partir del 2005.<\/span><\/p>\n<p><span style=\"font-weight: 400;\">Oferir una educaci\u00f3 integral que desenvolupi totes les capacitats del nostre alumnat per esdevenir persones aut\u00f2nomes i ciutadans i ciutadanes responsables,que\u00a0 es<a href=\"https:\/\/agora.xtec.cat\/escolalesmelies\/wp-content\/uploads\/usu2179\/2020\/08\/Foto-escola.jpg\"><img loading=\"lazy\" decoding=\"async\" class=\"aligncenter size-large wp-image-592\" src=\"https:\/\/agora.xtec.cat\/escolalesmelies\/wp-content\/uploads\/usu2179\/2020\/08\/Foto-escola-1024x235.jpg\" alt=\"\" width=\"1024\" height=\"235\" srcset=\"https:\/\/agora.xtec.cat\/escolalesmelies\/wp-content\/uploads\/usu2179\/2020\/08\/Foto-escola-1024x235.jpg 1024w, https:\/\/agora.xtec.cat\/escolalesmelies\/wp-content\/uploads\/usu2179\/2020\/08\/Foto-escola-300x69.jpg 300w, https:\/\/agora.xtec.cat\/escolalesmelies\/wp-content\/uploads\/usu2179\/2020\/08\/Foto-escola-768x176.jpg 768w, https:\/\/agora.xtec.cat\/escolalesmelies\/wp-content\/uploads\/usu2179\/2020\/08\/Foto-escola.jpg 1920w\" sizes=\"auto, (max-width: 1024px) 100vw, 1024px\" \/><\/a> comprometin en la millora de l\u2019entorn social i natural. <\/span><span style=\"font-weight: 400;\">Tenim com a pilars b\u00e0sics de la nostra acci\u00f3 educativa els valors del di\u00e0leg, de la just\u00edcia i el respecte pels drets humans, la solidaritat i promovem la cultura de la pau<\/span><\/p>\n<ul>\n<li style=\"font-weight: 400;\"><span style=\"font-weight: 400;\">Volem un model participatiu<\/span><\/li>\n<li style=\"font-weight: 400;\"><span style=\"font-weight: 400;\">Volem que els nens i les nenes siguin els protagonistes<\/span><\/li>\n<li style=\"font-weight: 400;\"><span style=\"font-weight: 400;\">Volem apostar per la qualitat per sobre de la quantitat \u00a0<\/span><\/li>\n<li style=\"font-weight: 400;\"><span style=\"font-weight: 400;\">Volem una escola inclusiva<\/span><\/li>\n<li style=\"font-weight: 400;\"><span style=\"font-weight: 400;\">Volem una escola oberta al m\u00f3n<\/span><\/li>\n<li style=\"font-weight: 400;\"><span style=\"font-weight: 400;\">\u00a0Volem una escola tolerant amb la diversitat i respectuosa amb el medi<\/span><\/li>\n<li style=\"font-weight: 400;\"><span style=\"font-weight: 400;\">Volem despertar la curiositat i les ganes de saber<\/span><\/li>\n<li style=\"font-weight: 400;\"><span style=\"font-weight: 400;\">Volem una escola que forma persones<\/span><\/li>\n<\/ul>\n<p><a href=\"https:\/\/agora.xtec.cat\/escolalesmelies\/wp-content\/uploads\/usu2179\/2020\/08\/Captura-de-pantalla-2020-08-21-a-las-8.21.44.png\"><img loading=\"lazy\" decoding=\"async\" class=\"aligncenter size-full wp-image-589\" src=\"https:\/\/agora.xtec.cat\/escolalesmelies\/wp-content\/uploads\/usu2179\/2020\/08\/Captura-de-pantalla-2020-08-21-a-las-8.21.44.png\" alt=\"\" width=\"560\" height=\"426\" srcset=\"https:\/\/agora.xtec.cat\/escolalesmelies\/wp-content\/uploads\/usu2179\/2020\/08\/Captura-de-pantalla-2020-08-21-a-las-8.21.44.png 560w, https:\/\/agora.xtec.cat\/escolalesmelies\/wp-content\/uploads\/usu2179\/2020\/08\/Captura-de-pantalla-2020-08-21-a-las-8.21.44-300x228.png 300w\" sizes=\"auto, (max-width: 560px) 100vw, 560px\" \/><\/a><\/p>\n<p>&nbsp;<\/p>\n","protected":false},"excerpt":{"rendered":"<p>L\u2019escola Les M\u00e8lies va sorgir com un annexa de l\u2019escola Sol i Vent de Vilafant el setembre de 1998 amb tres grups d\u2019educaci\u00f3 infantil, p3, p4 i p5, fins que\u00a0 el curs 2000-2001\u00a0 es va constituir com a escola. Va ser en el 2004-2005 quan&hellip;  <a href=\"https:\/\/agora.xtec.cat\/escolalesmelies\/lescola\/historia\/\" title=\"Read Hist\u00f2ria\">Llegeix m\u00e9s\u00bb<\/a><\/p>\n","protected":false},"author":1,"featured_media":0,"parent":22,"menu_order":20,"comment_status":"closed","ping_status":"closed","template":"page-templates\/side-menu.php","meta":{"_bbp_topic_count":0,"_bbp_reply_count":0,"_bbp_total_topic_count":0,"_bbp_total_reply_count":0,"_bbp_voice_count":0,"_bbp_anonymous_reply_count":0,"_bbp_topic_count_hidden":0,"_bbp_reply_count_hidden":0,"_bbp_forum_subforum_count":0,"footnotes":""},"class_list":["post-26","page","type-page","status-publish","hentry"],"post_mailing_queue_ids":[],"_links":{"self":[{"href":"https:\/\/agora.xtec.cat\/escolalesmelies\/wp-json\/wp\/v2\/pages\/26","targetHints":{"allow":["GET"]}}],"collection":[{"href":"https:\/\/agora.xtec.cat\/escolalesmelies\/wp-json\/wp\/v2\/pages"}],"about":[{"href":"https:\/\/agora.xtec.cat\/escolalesmelies\/wp-json\/wp\/v2\/types\/page"}],"author":[{"embeddable":true,"href":"https:\/\/agora.xtec.cat\/escolalesmelies\/wp-json\/wp\/v2\/users\/1"}],"replies":[{"embeddable":true,"href":"https:\/\/agora.xtec.cat\/escolalesmelies\/wp-json\/wp\/v2\/comments?post=26"}],"version-history":[{"count":3,"href":"https:\/\/agora.xtec.cat\/escolalesmelies\/wp-json\/wp\/v2\/pages\/26\/revisions"}],"predecessor-version":[{"id":615,"href":"https:\/\/agora.xtec.cat\/escolalesmelies\/wp-json\/wp\/v2\/pages\/26\/revisions\/615"}],"up":[{"embeddable":true,"href":"https:\/\/agora.xtec.cat\/escolalesmelies\/wp-json\/wp\/v2\/pages\/22"}],"wp:attachment":[{"href":"https:\/\/agora.xtec.cat\/escolalesmelies\/wp-json\/wp\/v2\/media?parent=26"}],"curies":[{"name":"wp","href":"https:\/\/api.w.org\/{rel}","templated":true}]}}