{"id":2131,"date":"2022-01-25T13:08:49","date_gmt":"2022-01-25T12:08:49","guid":{"rendered":"https:\/\/agora.xtec.cat\/escolalesmelies\/?page_id=2131"},"modified":"2026-01-19T21:54:22","modified_gmt":"2026-01-19T20:54:22","slug":"projecte-etwinning","status":"publish","type":"page","link":"https:\/\/agora.xtec.cat\/escolalesmelies\/projecte-etwinning\/","title":{"rendered":"Projecte eTwinning"},"content":{"rendered":"<p><a href=\"https:\/\/agora.xtec.cat\/escolalesmelies\/wp-content\/uploads\/usu2179\/2022\/01\/logetwinning.jpg\"><img loading=\"lazy\" decoding=\"async\" class=\"aligncenter size-medium wp-image-2136\" src=\"https:\/\/agora.xtec.cat\/escolalesmelies\/wp-content\/uploads\/usu2179\/2022\/01\/logetwinning-300x152.jpg\" alt=\"\" width=\"300\" height=\"152\" srcset=\"https:\/\/agora.xtec.cat\/escolalesmelies\/wp-content\/uploads\/usu2179\/2022\/01\/logetwinning-300x152.jpg 300w, https:\/\/agora.xtec.cat\/escolalesmelies\/wp-content\/uploads\/usu2179\/2022\/01\/logetwinning.jpg 630w\" sizes=\"auto, (max-width: 300px) 100vw, 300px\" \/><\/a><\/p>\n<p>&nbsp;<\/p>\n<p>El programa\u00a0<i>eTwinning<\/i>\u00a0\u00e9s una iniciativa de la Comissi\u00f3 Europea, que forma part del conegut programa\u00a0<i>Erasmus+<\/i>.\u00a0<i>eTwinning<\/i>\u00a0<wbr \/>t\u00e9 com a objectiu afavorir agermanaments escolars i\u00a0projectes\u00a0col\u00b7laboratius entre centres de diferents pa\u00efsos a trav\u00e9s de la seva plataforma digital.<\/p>\n<p>Els projectes\u00a0<i>eTwinning<\/i>\u00a0s\u00f3n treballs col\u00b7laboratius entre dos o m\u00e9s centres educatius europeus a trav\u00e9s d\u2019una plataforma en l\u00ednia anomenada\u00a0<i>TwinSpace<\/i>\u00a0i l&#8217;\u00fas de les noves Tecnologies de l&#8217;Informaci\u00f3 i la Comunicaci\u00f3 (TIC). Es tracta que els alumnes utilitzin la llengua anglesa i realitzin un intercanvi cultural a trav\u00e9s de diferents activitats: textos, v\u00eddeos, fotos, videoconfer\u00e8ncies, f\u00f2rums, jocs, etc.<\/p>\n<p>Des de la nostra escola, s\u2019ha elaborat el projecte\u00a0<i>eTwinning<\/i>\u00a0\u201c<b><i>Colors &amp; Words for our Planet<\/i><\/b>\u201d que es portar\u00e0 a terme juntament amb el centre\u00a0<span style=\"font-family: arial, sans-serif;\"><i>3rd Primary School of Amaliada<\/i>\u00a0de Gr\u00e8cia.<\/span><\/p>\n<div dir=\"auto\">Aquest projecte t\u00e9 com a objectius principals:<\/div>\n<div dir=\"auto\"><\/div>\n<div dir=\"auto\">&#8211; Promoure contextos comunicatius reals per l&#8217;aprenentatge i l&#8217;\u00fas significatiu de la llengua anglesa.<\/div>\n<div dir=\"auto\"><\/div>\n<p>&#8211; Utilitzar les TIC com a mitj\u00e0 de comunicaci\u00f3.<\/p>\n<p>&#8211; Fomentar les metodologies actives en l&#8217;aprenentatge d&#8217;una llengua estrangera.<\/p>\n<p>&#8211; Con\u00e8ixer, valorar i respectar trets culturals d\u2019altres pa\u00efsos.<\/p>\n<p>&#8211; Conscienciar sobre la import\u00e0ncia d&#8217;adquirir h\u00e0bits que promouen la conservaci\u00f3 del medi ambient.<\/p>\n<p><span style=\"font-family: inherit; font-size: 1em;\">Volem destacar que la mestra d&#8217;angl\u00e8s, Ruth de la Fuente, va estar guardonada amb el segell de qualitat eTwinning pel projecte &#8220;English Without Borders&#8221; que va portar a terme el curs 21-22.<\/span><\/p>\n<p>Aqu\u00ed podeu visualitzar el certificat del segell de qualitat <a href=\"https:\/\/agora.xtec.cat\/escolalesmelies\/wp-content\/uploads\/usu2179\/2024\/02\/projecte-etwinning-1.pdf\">projecte-etwinning<\/a><\/p>\n","protected":false},"excerpt":{"rendered":"<p><a href=\"https:\/\/agora.xtec.cat\/escolalesmelies\/wp-content\/uploads\/usu2179\/2022\/01\/logetwinning.jpg\"><\/a><br \/>\n&nbsp;<br \/>\nEl programa\u00a0eTwinning\u00a0\u00e9s una iniciativa de la Comissi\u00f3 Europea, que forma part del conegut programa\u00a0Erasmus+.\u00a0eTwinning\u00a0t\u00e9 com a objectiu afavorir agermanaments escolars i\u00a0projectes\u00a0col\u00b7laboratius entre centres de diferents pa\u00efsos a trav\u00e9s de la seva plataforma digital.<br \/>\nEls projectes\u00a0eTwinning\u00a0s\u00f3n treballs col\u00b7laboratius entre dos o m\u00e9s centres educatius europeus a&hellip;  <a href=\"https:\/\/agora.xtec.cat\/escolalesmelies\/projecte-etwinning\/\" title=\"Read Projecte eTwinning\">Llegeix m\u00e9s\u00bb<\/a><\/p>\n","protected":false},"author":1,"featured_media":0,"parent":0,"menu_order":0,"comment_status":"closed","ping_status":"closed","template":"","meta":{"_bbp_topic_count":0,"_bbp_reply_count":0,"_bbp_total_topic_count":0,"_bbp_total_reply_count":0,"_bbp_voice_count":0,"_bbp_anonymous_reply_count":0,"_bbp_topic_count_hidden":0,"_bbp_reply_count_hidden":0,"_bbp_forum_subforum_count":0,"footnotes":""},"class_list":["post-2131","page","type-page","status-publish","hentry"],"post_mailing_queue_ids":[],"_links":{"self":[{"href":"https:\/\/agora.xtec.cat\/escolalesmelies\/wp-json\/wp\/v2\/pages\/2131","targetHints":{"allow":["GET"]}}],"collection":[{"href":"https:\/\/agora.xtec.cat\/escolalesmelies\/wp-json\/wp\/v2\/pages"}],"about":[{"href":"https:\/\/agora.xtec.cat\/escolalesmelies\/wp-json\/wp\/v2\/types\/page"}],"author":[{"embeddable":true,"href":"https:\/\/agora.xtec.cat\/escolalesmelies\/wp-json\/wp\/v2\/users\/1"}],"replies":[{"embeddable":true,"href":"https:\/\/agora.xtec.cat\/escolalesmelies\/wp-json\/wp\/v2\/comments?post=2131"}],"version-history":[{"count":6,"href":"https:\/\/agora.xtec.cat\/escolalesmelies\/wp-json\/wp\/v2\/pages\/2131\/revisions"}],"predecessor-version":[{"id":3683,"href":"https:\/\/agora.xtec.cat\/escolalesmelies\/wp-json\/wp\/v2\/pages\/2131\/revisions\/3683"}],"wp:attachment":[{"href":"https:\/\/agora.xtec.cat\/escolalesmelies\/wp-json\/wp\/v2\/media?parent=2131"}],"curies":[{"name":"wp","href":"https:\/\/api.w.org\/{rel}","templated":true}]}}