{"id":639,"date":"2019-09-24T00:52:05","date_gmt":"2019-09-23T22:52:05","guid":{"rendered":"https:\/\/agora.xtec.cat\/escolalesllisses\/?page_id=639"},"modified":"2026-04-15T13:54:58","modified_gmt":"2026-04-15T11:54:58","slug":"documents-i-autoritzacions","status":"publish","type":"page","link":"https:\/\/agora.xtec.cat\/escolalesllisses\/atencio-families\/documents-i-autoritzacions\/","title":{"rendered":"Autoritzacions"},"content":{"rendered":"<p><strong>Des d\u2019aquesta p\u00e0gina podeu descarregar-vos diferents tipus de documents:<\/strong><\/p>\n<ul style=\"list-style-type: square;\">\n<li style=\"text-align: left;\"><a href=\"https:\/\/agora.xtec.cat\/escolalesllisses\/wp-content\/uploads\/usu2000\/2022\/09\/CARTA-COMPROMIS-EDUCATIUdoc.pdf\">Carta de comprom\u00eds educatiu\u00a0<\/a><\/li>\n<li style=\"text-align: left;\"><a href=\"https:\/\/agora.xtec.cat\/escolalesllisses\/wp-content\/uploads\/usu2000\/2020\/09\/SORTIDA-DEL-CENTRE-CI.pdf\">Autoritzaci\u00f3 sortir sols del centre<\/a><\/li>\n<li style=\"text-align: left;\"><a href=\"https:\/\/agora.xtec.cat\/escolalesllisses\/wp-content\/uploads\/usu2000\/2020\/10\/Justificant-abs\u00e8ncies-20-21.pdf\" target=\"_blank\" rel=\"noopener noreferrer\">Justificant d&#8217;abs\u00e8ncies<\/a>. Cal imprimir el document, omplir-lo i fer-lo arribar al tutor\/a del vostre fill\/a.<\/li>\n<li style=\"text-align: left;\"><a href=\"https:\/\/agora.xtec.cat\/escolalesllisses\/wp-content\/uploads\/usu2000\/2020\/11\/2019-2020-NOVA-AUTORITZACIO-DE-INICI-DE-CURS.-PELS-ALUMNES-VELL.pdf\">Autoritzaci\u00f3: sortides pel poble, al\u00b7l\u00e8gies i intoler\u00e0ncies, administraci\u00f3 de paracetamol.<\/a><\/li>\n<li style=\"text-align: left;\"><a href=\"https:\/\/documentcloud.adobe.com\/gsuiteintegration\/index.html?state=%7B%22ids%22%3A%5B%221x1Sl2z37C1LuRCDCPp_3gg_uiUPH3hJ8%22%5D%2C%22action%22%3A%22open%22%2C%22userId%22%3A%22102208103517659588807%22%2C%22resourceKeys%22%3A%7B%7D%7D\">Administraci\u00f3 de medicaments<\/a><\/li>\n<li style=\"text-align: left;\"><a href=\"https:\/\/agora.xtec.cat\/escolalesllisses\/wp-content\/uploads\/usu2000\/2020\/09\/Religi\u00f3.pdf\">Declaraci\u00f3 sobre l\u2019opci\u00f3 de cursar l\u2019\u00e0rea d\u2019educaci\u00f3 en valors socials i c\u00edvics o l\u2019\u00e0rea de religi\u00f3 ( abans del 12 de setembre)<\/a><\/li>\n<li style=\"text-align: left;\"><a href=\"https:\/\/agora.xtec.cat\/escolalesllisses\/wp-content\/uploads\/usu2000\/2020\/09\/20200910101334.pdf\">Autoritzaci\u00f3 \u00fas de recursos digitals amb domini @escolalesllisses.cat<\/a><\/li>\n<li><a href=\"https:\/\/agora.xtec.cat\/escolalesllisses\/wp-content\/uploads\/usu2000\/2022\/09\/Autoritzacio-recollida-alumnes-CURS-2022-23.pdf\">Autoritzaci\u00f3 recollida d&#8217;alumnes dies espor\u00e0dics o durant el curs<\/a>.<\/li>\n<\/ul>\n<p><span style=\"text-decoration: underline;\"><strong>SERVEI DE MENJADOR<\/strong><\/span><\/p>\n<ul>\n<li>Sol\u00b7licitud d&#8217;\u00fas del servei de menjador<\/li>\n<li><a href=\"https:\/\/agora.xtec.cat\/escolalesllisses\/wp-content\/uploads\/usu2000\/2020\/09\/MOD-Ordre-SEPA-2019.pdf\">Full de domiciliaci\u00f3 banc\u00e0ria\/SEPA<\/a><\/li>\n<li><a href=\"https:\/\/agora.xtec.cat\/escolalesllisses\/wp-content\/uploads\/usu2000\/2020\/09\/MOD-DRETS-IMATGE-LLEURE.pdf\">Autoritzaci\u00f3 de drets d&#8217;imatge empresa de menjador.<\/a><\/li>\n<\/ul>\n<div id=\"3E53FA2C_2733_E72F_D92E_BA2716F0EB47\"><\/div>\n","protected":false},"excerpt":{"rendered":"<p>Des d\u2019aquesta p\u00e0gina podeu descarregar-vos diferents tipus de documents: Carta de comprom\u00eds educatiu\u00a0 Autoritzaci\u00f3 sortir sols del centre Justificant d&#8217;abs\u00e8ncies. Cal imprimir el document, omplir-lo i fer-lo arribar al tutor\/a del vostre fill\/a. Autoritzaci\u00f3: sortides pel poble, al\u00b7l\u00e8gies i intoler\u00e0ncies, administraci\u00f3 de paracetamol. Administraci\u00f3 de medicaments Declaraci\u00f3 sobre l\u2019opci\u00f3 de cursar l\u2019\u00e0rea d\u2019educaci\u00f3 en valors [&hellip;]<\/p>\n","protected":false},"author":1,"featured_media":0,"parent":1780,"menu_order":7,"comment_status":"closed","ping_status":"closed","template":"","meta":{"_bbp_topic_count":0,"_bbp_reply_count":0,"_bbp_total_topic_count":0,"_bbp_total_reply_count":0,"_bbp_voice_count":0,"_bbp_anonymous_reply_count":0,"_bbp_topic_count_hidden":0,"_bbp_reply_count_hidden":0,"_bbp_forum_subforum_count":0,"site-sidebar-layout":"default","site-content-layout":"","ast-site-content-layout":"default","site-content-style":"default","site-sidebar-style":"default","ast-global-header-display":"","ast-banner-title-visibility":"","ast-main-header-display":"","ast-hfb-above-header-display":"","ast-hfb-below-header-display":"","ast-hfb-mobile-header-display":"","site-post-title":"","ast-breadcrumbs-content":"","ast-featured-img":"","footer-sml-layout":"","theme-transparent-header-meta":"","adv-header-id-meta":"","stick-header-meta":"","header-above-stick-meta":"","header-main-stick-meta":"","header-below-stick-meta":"","astra-migrate-meta-layouts":"set","ast-page-background-enabled":"default","ast-page-background-meta":{"desktop":{"background-color":"var(--ast-global-color-4)","background-image":"","background-repeat":"repeat","background-position":"center center","background-size":"auto","background-attachment":"scroll","background-type":"","background-media":"","overlay-type":"","overlay-color":"","overlay-opacity":"","overlay-gradient":""},"tablet":{"background-color":"","background-image":"","background-repeat":"repeat","background-position":"center center","background-size":"auto","background-attachment":"scroll","background-type":"","background-media":"","overlay-type":"","overlay-color":"","overlay-opacity":"","overlay-gradient":""},"mobile":{"background-color":"","background-image":"","background-repeat":"repeat","background-position":"center center","background-size":"auto","background-attachment":"scroll","background-type":"","background-media":"","overlay-type":"","overlay-color":"","overlay-opacity":"","overlay-gradient":""}},"ast-content-background-meta":{"desktop":{"background-color":"var(--ast-global-color-5)","background-image":"","background-repeat":"repeat","background-position":"center center","background-size":"auto","background-attachment":"scroll","background-type":"","background-media":"","overlay-type":"","overlay-color":"","overlay-opacity":"","overlay-gradient":""},"tablet":{"background-color":"var(--ast-global-color-5)","background-image":"","background-repeat":"repeat","background-position":"center center","background-size":"auto","background-attachment":"scroll","background-type":"","background-media":"","overlay-type":"","overlay-color":"","overlay-opacity":"","overlay-gradient":""},"mobile":{"background-color":"var(--ast-global-color-5)","background-image":"","background-repeat":"repeat","background-position":"center center","background-size":"auto","background-attachment":"scroll","background-type":"","background-media":"","overlay-type":"","overlay-color":"","overlay-opacity":"","overlay-gradient":""}},"footnotes":""},"class_list":["post-639","page","type-page","status-publish","hentry"],"post_mailing_queue_ids":[],"_links":{"self":[{"href":"https:\/\/agora.xtec.cat\/escolalesllisses\/wp-json\/wp\/v2\/pages\/639","targetHints":{"allow":["GET"]}}],"collection":[{"href":"https:\/\/agora.xtec.cat\/escolalesllisses\/wp-json\/wp\/v2\/pages"}],"about":[{"href":"https:\/\/agora.xtec.cat\/escolalesllisses\/wp-json\/wp\/v2\/types\/page"}],"author":[{"embeddable":true,"href":"https:\/\/agora.xtec.cat\/escolalesllisses\/wp-json\/wp\/v2\/users\/1"}],"replies":[{"embeddable":true,"href":"https:\/\/agora.xtec.cat\/escolalesllisses\/wp-json\/wp\/v2\/comments?post=639"}],"version-history":[{"count":6,"href":"https:\/\/agora.xtec.cat\/escolalesllisses\/wp-json\/wp\/v2\/pages\/639\/revisions"}],"predecessor-version":[{"id":5577,"href":"https:\/\/agora.xtec.cat\/escolalesllisses\/wp-json\/wp\/v2\/pages\/639\/revisions\/5577"}],"up":[{"embeddable":true,"href":"https:\/\/agora.xtec.cat\/escolalesllisses\/wp-json\/wp\/v2\/pages\/1780"}],"wp:attachment":[{"href":"https:\/\/agora.xtec.cat\/escolalesllisses\/wp-json\/wp\/v2\/media?parent=639"}],"curies":[{"name":"wp","href":"https:\/\/api.w.org\/{rel}","templated":true}]}}