{"id":3427,"date":"2022-03-09T22:46:47","date_gmt":"2022-03-09T21:46:47","guid":{"rendered":"https:\/\/agora.xtec.cat\/escolalesllisses\/?page_id=3427"},"modified":"2022-03-09T22:52:56","modified_gmt":"2022-03-09T21:52:56","slug":"projecte-aprenentatge-basat-en-projectes","status":"publish","type":"page","link":"https:\/\/agora.xtec.cat\/escolalesllisses\/lescola\/projectes-pedagogics\/projecte-aprenentatge-basat-en-projectes\/","title":{"rendered":"Projecte Aprenentatge Basat en Projectes"},"content":{"rendered":"<p>Des de P3 comencem a treballar per projectes. Quan comencen un projecte nou tots ens posem en funcionament: qu\u00e8 sabem, qu\u00e8 volem saber, on podem trobar la informaci\u00f3, qui ens pot ajudar, \u2026 Si es pot, acabem fent una sortida relacionada amb les nostres descobertes.<\/p>\n<p>Aquesta metodologia es basa en oferir canals que puguin ajudar als nens i nenes a pensar per ells mateixos, a investigar, a aprendre dels seus errors i dels seus encerts i d\u2019aquesta manera tamb\u00e9 aprendre a ser cr\u00edtics. Aquests projectes tenen aplicaci\u00f3 en el m\u00f3n real m\u00e9s enll\u00e0 de l\u2019aula i busquen crear una educaci\u00f3 interdisciplin\u00e0ria amb un significat.<\/p>\n<p>El\/la mestre\/a guia l\u2019alumnat en la seva descoberta. Estimula els infants i propicia situacions d\u2019aprenentatge que permeten a l\u2019alumnat avan\u00e7ar i enriquir-se. Proporciona els recursos necess\u00e0ris perqu\u00e8 siguin ells els que construeixin de manera aut\u00f2noma els propis aprenentatges.<\/p>\n<p><img loading=\"lazy\" decoding=\"async\" class=\"alignnone size-large wp-image-3463\" src=\"https:\/\/agora.xtec.cat\/escolalesllisses\/wp-content\/uploads\/usu2000\/2022\/03\/13-1024x307.png\" alt=\"\" width=\"1024\" height=\"307\" srcset=\"https:\/\/agora.xtec.cat\/escolalesllisses\/wp-content\/uploads\/usu2000\/2022\/03\/13-1024x307.png 1024w, https:\/\/agora.xtec.cat\/escolalesllisses\/wp-content\/uploads\/usu2000\/2022\/03\/13-300x90.png 300w, https:\/\/agora.xtec.cat\/escolalesllisses\/wp-content\/uploads\/usu2000\/2022\/03\/13-768x230.png 768w, https:\/\/agora.xtec.cat\/escolalesllisses\/wp-content\/uploads\/usu2000\/2022\/03\/13.png 1181w\" sizes=\"auto, (max-width: 1024px) 100vw, 1024px\" \/> <img loading=\"lazy\" decoding=\"async\" class=\"alignnone size-large wp-image-3464\" src=\"https:\/\/agora.xtec.cat\/escolalesllisses\/wp-content\/uploads\/usu2000\/2022\/03\/14-1024x388.png\" alt=\"\" width=\"1024\" height=\"388\" srcset=\"https:\/\/agora.xtec.cat\/escolalesllisses\/wp-content\/uploads\/usu2000\/2022\/03\/14-1024x388.png 1024w, https:\/\/agora.xtec.cat\/escolalesllisses\/wp-content\/uploads\/usu2000\/2022\/03\/14-300x114.png 300w, https:\/\/agora.xtec.cat\/escolalesllisses\/wp-content\/uploads\/usu2000\/2022\/03\/14-768x291.png 768w, https:\/\/agora.xtec.cat\/escolalesllisses\/wp-content\/uploads\/usu2000\/2022\/03\/14.png 1181w\" sizes=\"auto, (max-width: 1024px) 100vw, 1024px\" \/><\/p>\n","protected":false},"excerpt":{"rendered":"<p>Des de P3 comencem a treballar per projectes. Quan comencen un projecte nou tots ens posem en funcionament: qu\u00e8 sabem, qu\u00e8 volem saber, on podem trobar la informaci\u00f3, qui ens pot ajudar, \u2026 Si es pot, acabem fent una sortida relacionada amb les nostres descobertes. Aquesta metodologia es basa en oferir canals que puguin ajudar [&hellip;]<\/p>\n","protected":false},"author":1,"featured_media":0,"parent":28,"menu_order":3,"comment_status":"closed","ping_status":"closed","template":"page-templates\/side-menu.php","meta":{"_bbp_topic_count":0,"_bbp_reply_count":0,"_bbp_total_topic_count":0,"_bbp_total_reply_count":0,"_bbp_voice_count":0,"_bbp_anonymous_reply_count":0,"_bbp_topic_count_hidden":0,"_bbp_reply_count_hidden":0,"_bbp_forum_subforum_count":0,"site-sidebar-layout":"default","site-content-layout":"","ast-site-content-layout":"","site-content-style":"default","site-sidebar-style":"default","ast-global-header-display":"","ast-banner-title-visibility":"","ast-main-header-display":"","ast-hfb-above-header-display":"","ast-hfb-below-header-display":"","ast-hfb-mobile-header-display":"","site-post-title":"","ast-breadcrumbs-content":"","ast-featured-img":"","footer-sml-layout":"","theme-transparent-header-meta":"","adv-header-id-meta":"","stick-header-meta":"","header-above-stick-meta":"","header-main-stick-meta":"","header-below-stick-meta":"","astra-migrate-meta-layouts":"default","ast-page-background-enabled":"default","ast-page-background-meta":{"desktop":{"background-color":"var(--ast-global-color-4)","background-image":"","background-repeat":"repeat","background-position":"center center","background-size":"auto","background-attachment":"scroll","background-type":"","background-media":"","overlay-type":"","overlay-color":"","overlay-opacity":"","overlay-gradient":""},"tablet":{"background-color":"","background-image":"","background-repeat":"repeat","background-position":"center center","background-size":"auto","background-attachment":"scroll","background-type":"","background-media":"","overlay-type":"","overlay-color":"","overlay-opacity":"","overlay-gradient":""},"mobile":{"background-color":"","background-image":"","background-repeat":"repeat","background-position":"center center","background-size":"auto","background-attachment":"scroll","background-type":"","background-media":"","overlay-type":"","overlay-color":"","overlay-opacity":"","overlay-gradient":""}},"ast-content-background-meta":{"desktop":{"background-color":"var(--ast-global-color-5)","background-image":"","background-repeat":"repeat","background-position":"center center","background-size":"auto","background-attachment":"scroll","background-type":"","background-media":"","overlay-type":"","overlay-color":"","overlay-opacity":"","overlay-gradient":""},"tablet":{"background-color":"var(--ast-global-color-5)","background-image":"","background-repeat":"repeat","background-position":"center center","background-size":"auto","background-attachment":"scroll","background-type":"","background-media":"","overlay-type":"","overlay-color":"","overlay-opacity":"","overlay-gradient":""},"mobile":{"background-color":"var(--ast-global-color-5)","background-image":"","background-repeat":"repeat","background-position":"center center","background-size":"auto","background-attachment":"scroll","background-type":"","background-media":"","overlay-type":"","overlay-color":"","overlay-opacity":"","overlay-gradient":""}},"footnotes":""},"class_list":["post-3427","page","type-page","status-publish","hentry"],"post_mailing_queue_ids":[],"_links":{"self":[{"href":"https:\/\/agora.xtec.cat\/escolalesllisses\/wp-json\/wp\/v2\/pages\/3427","targetHints":{"allow":["GET"]}}],"collection":[{"href":"https:\/\/agora.xtec.cat\/escolalesllisses\/wp-json\/wp\/v2\/pages"}],"about":[{"href":"https:\/\/agora.xtec.cat\/escolalesllisses\/wp-json\/wp\/v2\/types\/page"}],"author":[{"embeddable":true,"href":"https:\/\/agora.xtec.cat\/escolalesllisses\/wp-json\/wp\/v2\/users\/1"}],"replies":[{"embeddable":true,"href":"https:\/\/agora.xtec.cat\/escolalesllisses\/wp-json\/wp\/v2\/comments?post=3427"}],"version-history":[{"count":2,"href":"https:\/\/agora.xtec.cat\/escolalesllisses\/wp-json\/wp\/v2\/pages\/3427\/revisions"}],"predecessor-version":[{"id":5391,"href":"https:\/\/agora.xtec.cat\/escolalesllisses\/wp-json\/wp\/v2\/pages\/3427\/revisions\/5391"}],"up":[{"embeddable":true,"href":"https:\/\/agora.xtec.cat\/escolalesllisses\/wp-json\/wp\/v2\/pages\/28"}],"wp:attachment":[{"href":"https:\/\/agora.xtec.cat\/escolalesllisses\/wp-json\/wp\/v2\/media?parent=3427"}],"curies":[{"name":"wp","href":"https:\/\/api.w.org\/{rel}","templated":true}]}}