{"id":3417,"date":"2022-03-09T22:22:47","date_gmt":"2022-03-09T21:22:47","guid":{"rendered":"https:\/\/agora.xtec.cat\/escolalesllisses\/?page_id=3417"},"modified":"2022-03-09T22:56:10","modified_gmt":"2022-03-09T21:56:10","slug":"matematiques-oaoa","status":"publish","type":"page","link":"https:\/\/agora.xtec.cat\/escolalesllisses\/lescola\/projectes-pedagogics\/matematiques-oaoa\/","title":{"rendered":"Matem\u00e0tiques OAOA"},"content":{"rendered":"<p>A l\u2019escola hem comen\u00e7at a treballar les matem\u00e0tiques seguint les directrius del moviment OAOA que significa \u00abotros algoritmos para las operaciones aritm\u00e9ticas\u00bb.<\/p>\n<p>El moviment OAOA engloba tots els aspectes que tenen a veure amb aquesta disciplina; numeraci\u00f3, c\u00e0lcul, mesura, geometria, estad\u00edstica, atzar i probabilitat, resoluci\u00f3 de problemes,\u2026<\/p>\n<p><b>La metodologia es basa en\u00a0<\/b>:<\/p>\n<p>\u2013 L\u2019aprenentatge passa per tres fases:\u00a0<b>vivencial\u00a0 i manipulativa, representaci\u00f3 gr\u00e0fica i finalment la representaci\u00f3 simb\u00f2lica.<\/b><\/p>\n<p>\u2013 Es parteix de la\u00a0<b>manipulaci\u00f3<\/b>\u00a0per tal de comprendre el concepte de quantitat, la relaci\u00f3 entre els nombres\u2026 amb les regletes de M\u00aa Ant\u00f2nia Canals, calculadora, panell num\u00e8ric, rectes num\u00e8riques, jocs matem\u00e0tics, etc.<\/p>\n<p>\u2013 Es plantegen\u00a0<b>situacions properes\u00a0<\/b>a l\u2019alumnat, contextos reals\u2026<\/p>\n<p>\u2013 Se\u2019ls convida a<b>\u00a0pensar\u00a0<\/b>oferint-los\u00a0<b>reptes<\/b>\u00a0que els porten a\u00a0 reflexionar,\u00a0<b>buscar estrat\u00e8gies<\/b>,\u00a0 argumentar les seves respostes i a compartir-les.<\/p>\n<p>\u2013<b>\u00a0L\u2019alumne\/a \u00e9s el protagonista del seu propi progr\u00e9s<\/b>, n\u2019\u00e9s conscient i s\u2019hi implica m\u00e9s.<\/p>\n<p>\u2013 Utilitza\u00a0<b>l\u2019error com a font d\u2019aprenentatge,<\/b>\u00a0per tal de refor\u00e7ar el pensament cr\u00edtic i millorar l\u2019autoestima.<\/p>\n<p>\u2013 Potencia l<b>\u2019autonomia personal i treball cooperatiu<\/b>.<\/p>\n<div class=\"ast-oembed-container \" style=\"height: 100%;\"><iframe loading=\"lazy\" title=\"Mates OAOA\" width=\"500\" height=\"375\" src=\"https:\/\/www.youtube.com\/embed\/B7Xk45hgj-Q?feature=oembed\" frameborder=\"0\" allow=\"accelerometer; autoplay; clipboard-write; encrypted-media; gyroscope; picture-in-picture; web-share\" referrerpolicy=\"strict-origin-when-cross-origin\" allowfullscreen><\/iframe><\/div>\n<p>&nbsp;<\/p>\n<p><span style=\"text-decoration: underline;\"><strong>MAT\u00c8MATICA MANIPULATIVA<\/strong><\/span><\/p>\n<p>Aprendre a trav\u00e9s del joc, de forma significativa i donant sentit als aprenentatges. Aquesta eina pedag\u00f2gica permet facilitar la comprensi\u00f3 de les matem\u00e0tiques als nostres alumnes i fer que la seva capacitat d\u2019abstracci\u00f3 augmenti progressivament,l sense que gaireb\u00e9 se n\u2019adonin.<\/p>\n","protected":false},"excerpt":{"rendered":"<p>A l\u2019escola hem comen\u00e7at a treballar les matem\u00e0tiques seguint les directrius del moviment OAOA que significa \u00abotros algoritmos para las operaciones aritm\u00e9ticas\u00bb. El moviment OAOA engloba tots els aspectes que tenen a veure amb aquesta disciplina; numeraci\u00f3, c\u00e0lcul, mesura, geometria, estad\u00edstica, atzar i probabilitat, resoluci\u00f3 de problemes,\u2026 La metodologia es basa en\u00a0: \u2013 L\u2019aprenentatge passa [&hellip;]<\/p>\n","protected":false},"author":1,"featured_media":0,"parent":28,"menu_order":2,"comment_status":"closed","ping_status":"closed","template":"page-templates\/side-menu.php","meta":{"_bbp_topic_count":0,"_bbp_reply_count":0,"_bbp_total_topic_count":0,"_bbp_total_reply_count":0,"_bbp_voice_count":0,"_bbp_anonymous_reply_count":0,"_bbp_topic_count_hidden":0,"_bbp_reply_count_hidden":0,"_bbp_forum_subforum_count":0,"site-sidebar-layout":"default","site-content-layout":"","ast-site-content-layout":"","site-content-style":"default","site-sidebar-style":"default","ast-global-header-display":"","ast-banner-title-visibility":"","ast-main-header-display":"","ast-hfb-above-header-display":"","ast-hfb-below-header-display":"","ast-hfb-mobile-header-display":"","site-post-title":"","ast-breadcrumbs-content":"","ast-featured-img":"","footer-sml-layout":"","theme-transparent-header-meta":"","adv-header-id-meta":"","stick-header-meta":"","header-above-stick-meta":"","header-main-stick-meta":"","header-below-stick-meta":"","astra-migrate-meta-layouts":"default","ast-page-background-enabled":"default","ast-page-background-meta":{"desktop":{"background-color":"var(--ast-global-color-4)","background-image":"","background-repeat":"repeat","background-position":"center center","background-size":"auto","background-attachment":"scroll","background-type":"","background-media":"","overlay-type":"","overlay-color":"","overlay-opacity":"","overlay-gradient":""},"tablet":{"background-color":"","background-image":"","background-repeat":"repeat","background-position":"center center","background-size":"auto","background-attachment":"scroll","background-type":"","background-media":"","overlay-type":"","overlay-color":"","overlay-opacity":"","overlay-gradient":""},"mobile":{"background-color":"","background-image":"","background-repeat":"repeat","background-position":"center center","background-size":"auto","background-attachment":"scroll","background-type":"","background-media":"","overlay-type":"","overlay-color":"","overlay-opacity":"","overlay-gradient":""}},"ast-content-background-meta":{"desktop":{"background-color":"var(--ast-global-color-5)","background-image":"","background-repeat":"repeat","background-position":"center center","background-size":"auto","background-attachment":"scroll","background-type":"","background-media":"","overlay-type":"","overlay-color":"","overlay-opacity":"","overlay-gradient":""},"tablet":{"background-color":"var(--ast-global-color-5)","background-image":"","background-repeat":"repeat","background-position":"center center","background-size":"auto","background-attachment":"scroll","background-type":"","background-media":"","overlay-type":"","overlay-color":"","overlay-opacity":"","overlay-gradient":""},"mobile":{"background-color":"var(--ast-global-color-5)","background-image":"","background-repeat":"repeat","background-position":"center center","background-size":"auto","background-attachment":"scroll","background-type":"","background-media":"","overlay-type":"","overlay-color":"","overlay-opacity":"","overlay-gradient":""}},"footnotes":""},"class_list":["post-3417","page","type-page","status-publish","hentry"],"post_mailing_queue_ids":[],"_links":{"self":[{"href":"https:\/\/agora.xtec.cat\/escolalesllisses\/wp-json\/wp\/v2\/pages\/3417","targetHints":{"allow":["GET"]}}],"collection":[{"href":"https:\/\/agora.xtec.cat\/escolalesllisses\/wp-json\/wp\/v2\/pages"}],"about":[{"href":"https:\/\/agora.xtec.cat\/escolalesllisses\/wp-json\/wp\/v2\/types\/page"}],"author":[{"embeddable":true,"href":"https:\/\/agora.xtec.cat\/escolalesllisses\/wp-json\/wp\/v2\/users\/1"}],"replies":[{"embeddable":true,"href":"https:\/\/agora.xtec.cat\/escolalesllisses\/wp-json\/wp\/v2\/comments?post=3417"}],"version-history":[{"count":3,"href":"https:\/\/agora.xtec.cat\/escolalesllisses\/wp-json\/wp\/v2\/pages\/3417\/revisions"}],"predecessor-version":[{"id":3458,"href":"https:\/\/agora.xtec.cat\/escolalesllisses\/wp-json\/wp\/v2\/pages\/3417\/revisions\/3458"}],"up":[{"embeddable":true,"href":"https:\/\/agora.xtec.cat\/escolalesllisses\/wp-json\/wp\/v2\/pages\/28"}],"wp:attachment":[{"href":"https:\/\/agora.xtec.cat\/escolalesllisses\/wp-json\/wp\/v2\/media?parent=3417"}],"curies":[{"name":"wp","href":"https:\/\/api.w.org\/{rel}","templated":true}]}}