{"id":2912,"date":"2021-09-02T20:00:21","date_gmt":"2021-09-02T18:00:21","guid":{"rendered":"https:\/\/agora.xtec.cat\/escolalesllisses\/?page_id=2912"},"modified":"2025-09-14T11:34:51","modified_gmt":"2025-09-14T09:34:51","slug":"tpv-escola","status":"publish","type":"page","link":"https:\/\/agora.xtec.cat\/escolalesllisses\/atencio-families\/tpv-escola\/","title":{"rendered":"TPV ESCOLA"},"content":{"rendered":"<p>L&#8217;escola utilitza un sistema de registre d\u2019autoritzacions i de pagaments mitjan\u00e7ant la plataforma virtual TPV Escola.<\/p>\n<p>Es pot accedir a la plataforma a trav\u00e9s de la seva p\u00e0gina web: <a href=\"http:\/\/www.tpvescola.com\/\">http:\/\/www.tpvescola.com<\/a>; o a trav\u00e9s del vostre tel\u00e8fon m\u00f2bil, per l\u2019App TPVESCOLA, que us podreu descarregar de forma gratu\u00efta.<\/p>\n<p>Per accedir-hi necessitareu un codi d\u2019usuari i una contrasenya que us facilitarem des del centre.<\/p>\n<p><img loading=\"lazy\" decoding=\"async\" class=\"wp-image-2916 aligncenter\" src=\"https:\/\/agora.xtec.cat\/escolalesllisses\/wp-content\/uploads\/usu2000\/2021\/09\/wapp-copy-517.png\" alt=\"\" width=\"419\" height=\"281\" srcset=\"https:\/\/agora.xtec.cat\/escolalesllisses\/wp-content\/uploads\/usu2000\/2021\/09\/wapp-copy-517.png 517w, https:\/\/agora.xtec.cat\/escolalesllisses\/wp-content\/uploads\/usu2000\/2021\/09\/wapp-copy-517-300x201.png 300w\" sizes=\"auto, (max-width: 419px) 100vw, 419px\" \/><\/p>\n<p>Tot seguit trobareu informaci\u00f3 important per familiaritzar-vos amb la nova plataforma.<\/p>\n<p><a href=\"https:\/\/www.tpvescola.com\/default.aspx?eid=247\" data-saferedirecturl=\"https:\/\/www.google.com\/url?q=https:\/\/www.tpvescola.com\/default.aspx?eid%3D247&amp;source=gmail&amp;ust=1630601157250000&amp;usg=AFQjCNG9vQPbQlR8h8axCqBOeQ9Cvl7nXQ\">INFORMACI\u00d3 GENERAL i ACC\u00c9S A LA PLATAFORMA<\/a><\/p>\n<p><a href=\"https:\/\/drive.google.com\/file\/d\/1GvJamEqX-mieC0N9GBvl6UUYstAEpmtJ\/view?usp=sharing\" data-saferedirecturl=\"https:\/\/www.google.com\/url?q=https:\/\/drive.google.com\/file\/d\/1GvJamEqX-mieC0N9GBvl6UUYstAEpmtJ\/view?usp%3Dsharing&amp;source=gmail&amp;ust=1630601157250000&amp;usg=AFQjCNH68U0O0sRBN3vWLzJxecxABP_ZRg\">ACC\u00c9S AL MANUAL D\u2019\u00daS PER LES FAM\u00cdLIES<\/a> (molt recomanable)<\/p>\n<p><iframe loading=\"lazy\" title=\"YouTube video player\" src=\"https:\/\/www.youtube.com\/embed\/8H48TrocMR4\" width=\"560\" height=\"315\" frameborder=\"0\" allowfullscreen=\"allowfullscreen\"><\/iframe><\/p>\n<p>&nbsp;<\/p>\n<p><strong><u>PREGUNTES FREQ\u00dcENTS: <\/u><\/strong><\/p>\n<p><strong>QUIN \u00c9S EL MEU USUARI?<\/strong><\/p>\n<p>Rebreu\u00a0un mail de l&#8217;escola Les Llisses\u00a0amb l&#8217;usuari i contrasenya.<\/p>\n<p>&nbsp;<\/p>\n<p><strong>COM ES POT GARANTIR QUE LA MEVA CONTRASENYA NOM\u00c9S LA CONEC JO?<\/strong><\/p>\n<p>La contrasenya s&#8217;ha de canviar el primer cop que entreu, des de l&#8217;apartat el Meu Compte.<\/p>\n<p>&nbsp;<\/p>\n<p><strong>QUIN \u00c9S EL PRIMER PAS QUE HE DE FER A L&#8217;APP?\u00a0<\/strong><\/p>\n<p>Registrar la teva signatura.<\/p>\n<p><u>Com ho faig?<\/u><\/p>\n<ol>\n<li>OBRIR l\u2019APLICACI\u00d3<\/li>\n<li>Clicar a MI CUENTA\/EL MEU COMPTE<\/li>\n<li>Clicar FIRMA\/SIGNATURA<\/li>\n<li>Signar el REQUADRE amb el dit<\/li>\n<li>Omplir DADES DE SIGNATURA.<\/li>\n<\/ol>\n<p>Ara ja tenim la signatura registrada i podem signar qualsevol document\/autoritzaci\u00f3.<\/p>\n<p><img loading=\"lazy\" decoding=\"async\" class=\"wp-image-2918 aligncenter\" src=\"https:\/\/agora.xtec.cat\/escolalesllisses\/wp-content\/uploads\/usu2000\/2021\/09\/signatura.png\" alt=\"\" width=\"593\" height=\"261\" srcset=\"https:\/\/agora.xtec.cat\/escolalesllisses\/wp-content\/uploads\/usu2000\/2021\/09\/signatura.png 647w, https:\/\/agora.xtec.cat\/escolalesllisses\/wp-content\/uploads\/usu2000\/2021\/09\/signatura-300x132.png 300w\" sizes=\"auto, (max-width: 593px) 100vw, 593px\" \/><\/p>\n<p>Cada vegada\u00a0que signeu un document us demanar\u00e0 un codi de seguretat per assegurar que sou vosaltres els que signeu i no una altra persona. Aquest codi arriba mitjan\u00e7ant un\u00a0 missatge al m\u00f2bil o al mail associat.<\/p>\n<p><strong>\u00a0<\/strong><\/p>\n<p><strong>COM SABREM QUE HEM DE FER UN PAGAMENT?\u00a0<\/strong><\/p>\n<p>Quan obriu l&#8217;APP us sortir\u00e0 un missatge\u00a0 amb els pagaments pendents.<\/p>\n<p><img loading=\"lazy\" decoding=\"async\" class=\"wp-image-2919 aligncenter\" src=\"https:\/\/agora.xtec.cat\/escolalesllisses\/wp-content\/uploads\/usu2000\/2021\/09\/pasted-image-417.png\" alt=\"\" width=\"357\" height=\"491\" srcset=\"https:\/\/agora.xtec.cat\/escolalesllisses\/wp-content\/uploads\/usu2000\/2021\/09\/pasted-image-417.png 417w, https:\/\/agora.xtec.cat\/escolalesllisses\/wp-content\/uploads\/usu2000\/2021\/09\/pasted-image-417-218x300.png 218w\" sizes=\"auto, (max-width: 357px) 100vw, 357px\" \/><\/p>\n<p><strong>AMB\u00a0 EL NOU SISTEMA DE PAGAMENT, QUINES SERAN LES DATES DE LES QUOTES?<\/strong><\/p>\n<p>Els pagaments es realitzen en\u00a0<strong>tres quotes<\/strong> els mesos de setembre, octubre i novembre. Els pagaments s\u2019activen de l\u20191 al 5 de setembre, octubre i novembre. La data m\u00e0xima per efectuar el pagament \u00e9s el dia 30 del mes en curs.<\/p>\n<p>Els alumnes becats tindran la quantitat a pagar assignada en el seu pagament, i quan obrin l&#8217;APP podran abonar-la\u00a0com a m\u00e0xim el mes de novembre.<\/p>\n<p><strong> <img loading=\"lazy\" decoding=\"async\" class=\"wp-image-2920 aligncenter\" src=\"https:\/\/agora.xtec.cat\/escolalesllisses\/wp-content\/uploads\/usu2000\/2021\/09\/PAGAMENTS.png\" alt=\"\" width=\"565\" height=\"104\" srcset=\"https:\/\/agora.xtec.cat\/escolalesllisses\/wp-content\/uploads\/usu2000\/2021\/09\/PAGAMENTS.png 799w, https:\/\/agora.xtec.cat\/escolalesllisses\/wp-content\/uploads\/usu2000\/2021\/09\/PAGAMENTS-300x55.png 300w, https:\/\/agora.xtec.cat\/escolalesllisses\/wp-content\/uploads\/usu2000\/2021\/09\/PAGAMENTS-768x141.png 768w\" sizes=\"auto, (max-width: 565px) 100vw, 565px\" \/><\/strong><\/p>\n<p><strong>COM SABREM SI TINC UNA AUTORITZACI\u00d3 PER SIGNAR?<\/strong><\/p>\n<p>Quan obriu l&#8217;APP hi haur\u00e0 un missatge amb les autoritzacions\/comunicacions pendents.<\/p>\n<p>&nbsp;<\/p>\n<p>Si teniu qualsevol dubte, us podeu comunicar amb la secret\u00e0ria del centre al correu : a8019824@xtec.cat o al tel\u00e8fon 93 843 97 50.<\/p>\n<div id=\"3E53FA2C_2733_E72F_D92E_BA2716F0EB47\"><\/div>\n","protected":false},"excerpt":{"rendered":"<p>L&#8217;escola utilitza un sistema de registre d\u2019autoritzacions i de pagaments mitjan\u00e7ant la plataforma virtual TPV Escola. Es pot accedir a la plataforma a trav\u00e9s de la seva p\u00e0gina web: http:\/\/www.tpvescola.com; o a trav\u00e9s del vostre tel\u00e8fon m\u00f2bil, per l\u2019App TPVESCOLA, que us podreu descarregar de forma gratu\u00efta. Per accedir-hi necessitareu un codi d\u2019usuari i una [&hellip;]<\/p>\n","protected":false},"author":1,"featured_media":0,"parent":1780,"menu_order":5,"comment_status":"closed","ping_status":"closed","template":"page-templates\/side-menu.php","meta":{"_bbp_topic_count":0,"_bbp_reply_count":0,"_bbp_total_topic_count":0,"_bbp_total_reply_count":0,"_bbp_voice_count":0,"_bbp_anonymous_reply_count":0,"_bbp_topic_count_hidden":0,"_bbp_reply_count_hidden":0,"_bbp_forum_subforum_count":0,"site-sidebar-layout":"default","site-content-layout":"","ast-site-content-layout":"","site-content-style":"default","site-sidebar-style":"default","ast-global-header-display":"","ast-banner-title-visibility":"","ast-main-header-display":"","ast-hfb-above-header-display":"","ast-hfb-below-header-display":"","ast-hfb-mobile-header-display":"","site-post-title":"","ast-breadcrumbs-content":"","ast-featured-img":"","footer-sml-layout":"","theme-transparent-header-meta":"","adv-header-id-meta":"","stick-header-meta":"","header-above-stick-meta":"","header-main-stick-meta":"","header-below-stick-meta":"","astra-migrate-meta-layouts":"default","ast-page-background-enabled":"default","ast-page-background-meta":{"desktop":{"background-color":"var(--ast-global-color-4)","background-image":"","background-repeat":"repeat","background-position":"center center","background-size":"auto","background-attachment":"scroll","background-type":"","background-media":"","overlay-type":"","overlay-color":"","overlay-opacity":"","overlay-gradient":""},"tablet":{"background-color":"","background-image":"","background-repeat":"repeat","background-position":"center center","background-size":"auto","background-attachment":"scroll","background-type":"","background-media":"","overlay-type":"","overlay-color":"","overlay-opacity":"","overlay-gradient":""},"mobile":{"background-color":"","background-image":"","background-repeat":"repeat","background-position":"center center","background-size":"auto","background-attachment":"scroll","background-type":"","background-media":"","overlay-type":"","overlay-color":"","overlay-opacity":"","overlay-gradient":""}},"ast-content-background-meta":{"desktop":{"background-color":"var(--ast-global-color-5)","background-image":"","background-repeat":"repeat","background-position":"center center","background-size":"auto","background-attachment":"scroll","background-type":"","background-media":"","overlay-type":"","overlay-color":"","overlay-opacity":"","overlay-gradient":""},"tablet":{"background-color":"var(--ast-global-color-5)","background-image":"","background-repeat":"repeat","background-position":"center center","background-size":"auto","background-attachment":"scroll","background-type":"","background-media":"","overlay-type":"","overlay-color":"","overlay-opacity":"","overlay-gradient":""},"mobile":{"background-color":"var(--ast-global-color-5)","background-image":"","background-repeat":"repeat","background-position":"center center","background-size":"auto","background-attachment":"scroll","background-type":"","background-media":"","overlay-type":"","overlay-color":"","overlay-opacity":"","overlay-gradient":""}},"footnotes":""},"class_list":["post-2912","page","type-page","status-publish","hentry"],"post_mailing_queue_ids":[],"_links":{"self":[{"href":"https:\/\/agora.xtec.cat\/escolalesllisses\/wp-json\/wp\/v2\/pages\/2912","targetHints":{"allow":["GET"]}}],"collection":[{"href":"https:\/\/agora.xtec.cat\/escolalesllisses\/wp-json\/wp\/v2\/pages"}],"about":[{"href":"https:\/\/agora.xtec.cat\/escolalesllisses\/wp-json\/wp\/v2\/types\/page"}],"author":[{"embeddable":true,"href":"https:\/\/agora.xtec.cat\/escolalesllisses\/wp-json\/wp\/v2\/users\/1"}],"replies":[{"embeddable":true,"href":"https:\/\/agora.xtec.cat\/escolalesllisses\/wp-json\/wp\/v2\/comments?post=2912"}],"version-history":[{"count":5,"href":"https:\/\/agora.xtec.cat\/escolalesllisses\/wp-json\/wp\/v2\/pages\/2912\/revisions"}],"predecessor-version":[{"id":5196,"href":"https:\/\/agora.xtec.cat\/escolalesllisses\/wp-json\/wp\/v2\/pages\/2912\/revisions\/5196"}],"up":[{"embeddable":true,"href":"https:\/\/agora.xtec.cat\/escolalesllisses\/wp-json\/wp\/v2\/pages\/1780"}],"wp:attachment":[{"href":"https:\/\/agora.xtec.cat\/escolalesllisses\/wp-json\/wp\/v2\/media?parent=2912"}],"curies":[{"name":"wp","href":"https:\/\/api.w.org\/{rel}","templated":true}]}}