{"id":28,"date":"2014-09-18T12:29:35","date_gmt":"2014-09-18T10:29:35","guid":{"rendered":"http:\/\/agora.xtec.cat\/escolalesllisses\/?page_id=28"},"modified":"2026-01-28T13:30:39","modified_gmt":"2026-01-28T12:30:39","slug":"projectes-pedagogics","status":"publish","type":"page","link":"https:\/\/agora.xtec.cat\/escolalesllisses\/lescola\/projectes-pedagogics\/","title":{"rendered":"Els nostres Projectes Pedag\u00f2gics"},"content":{"rendered":"<p><img loading=\"lazy\" decoding=\"async\" class=\"wp-image-3484 alignright\" src=\"https:\/\/agora.xtec.cat\/escolalesllisses\/wp-content\/uploads\/usu2000\/2022\/03\/1536475.png\" alt=\"\" width=\"237\" height=\"237\" srcset=\"https:\/\/agora.xtec.cat\/escolalesllisses\/wp-content\/uploads\/usu2000\/2022\/03\/1536475.png 512w, https:\/\/agora.xtec.cat\/escolalesllisses\/wp-content\/uploads\/usu2000\/2022\/03\/1536475-300x300.png 300w, https:\/\/agora.xtec.cat\/escolalesllisses\/wp-content\/uploads\/usu2000\/2022\/03\/1536475-150x150.png 150w\" sizes=\"auto, (max-width: 237px) 100vw, 237px\" \/>A la nostra escola portem a terme diversos <strong>PROJECTES PEDAG\u00d2GICS<\/strong> que ens identifiquen i que entre tots ens fan \u00fanics.<\/p>\n<p><em><span style=\"text-decoration: underline;\"><strong>Per con\u00e8ixer millor cada projecte, cliqueu al damunt:<\/strong><\/span><\/em><\/p>\n<p><a href=\"https:\/\/agora.xtec.cat\/escolalesllisses\/lescola\/projectes-pedagogics\/estrategia-digital-de-centre\/\" target=\"_blank\" rel=\"noopener\"><strong>Estrat\u00e8gia digital de centre<\/strong><\/a><\/p>\n<p><strong><a href=\"https:\/\/agora.xtec.cat\/escolalesllisses\/general\/programa-florence\/\">Programa Florence<\/a><\/strong><\/p>\n<p><a href=\"https:\/\/agora.xtec.cat\/escolalesllisses\/lescola\/projectes-pedagogics\/matematiques-oaoa\/\" target=\"_blank\" rel=\"noopener\"><strong>Projecte Matem\u00e0tiques OAOA<\/strong><\/a><\/p>\n<ul>\n<li>Matem\u00e0tiques manipulatives<\/li>\n<\/ul>\n<p><a href=\"https:\/\/agora.xtec.cat\/escolalesllisses\/lescola\/projectes-pedagogics\/projecte-aprenentatge-basat-en-projectes\/\" target=\"_blank\" rel=\"noopener\"><strong>Projecte Aprenentatge basat en projectes<\/strong><\/a><\/p>\n<p><a href=\"https:\/\/agora.xtec.cat\/escolalesllisses\/lescola\/projectes-pedagogics\/projecte-aprendre-en-lambient-racons-ed-infantil\/\" target=\"_blank\" rel=\"noopener\"><strong>Projecte Espais d&#8217;Aprenentatge d&#8217;Ed.Infantil)<\/strong><\/a><\/p>\n<p><a href=\"https:\/\/agora.xtec.cat\/escolalesllisses\/lescola\/projectes-pedagogics\/projecte-emocions\/\" target=\"_blank\" rel=\"noopener\"><strong>Projecte Emocions<\/strong><\/a><\/p>\n<p><a href=\"https:\/\/agora.xtec.cat\/escolalesllisses\/lescola\/projectes-pedagogics\/projecte-de-robotica\/\" target=\"_blank\" rel=\"noopener\"><strong>Projecte Rob\u00f2tica<\/strong><\/a><\/p>\n<p><a href=\"https:\/\/agora.xtec.cat\/escolalesllisses\/lescola\/projectes-pedagogics\/projecte-pla-dimpuls-a-la-lectura\/\" target=\"_blank\" rel=\"noopener\"><b>Projectes Pla d&#8217;Impuls a la lectura<\/b><\/a><\/p>\n<ul>\n<li><span style=\"font-family: inherit; font-size: 1em;\">Projecte Padrins de lectura<\/span><\/li>\n<li>Projecte Redissenyem la Biblioteca escolar<\/li>\n<\/ul>\n<p><a href=\"https:\/\/agora.xtec.cat\/escolalesllisses\/lescola\/projectes-pedagogics\/projecte-escola-verda\/\" target=\"_blank\" rel=\"noopener\"><strong>Projectes d&#8217;Escola Verda<\/strong><\/a><\/p>\n<ul>\n<li>Oliklak<\/li>\n<li>Apilo XII<\/li>\n<li>Projecte Apadrinament de reciclatge<\/li>\n<li>Projecte Alimentaci\u00f3 saludable<\/li>\n<\/ul>\n<p><a href=\"https:\/\/agora.xtec.cat\/escolalesllisses\/lescola\/projectes-pedagogics\/projecte-hort-i-experimentacio\/\" target=\"_blank\" rel=\"noopener\"><strong>Projecte Hort i experimentaci\u00f3<\/strong><\/a><\/p>\n<p><a href=\"https:\/\/agora.xtec.cat\/escolalesllisses\/lescola\/projectes-pedagogics\/projecte-gep-aprendre-llengues-estrangeres-a-traves-de-les-materies\/\" target=\"_blank\" rel=\"noopener\"><strong>Projecte GEP: Aprendre lleng\u00fces estrangeres a trav\u00e9s de les mat\u00e8ries!\u00a0<\/strong><\/a><\/p>\n<ul>\n<li>Arts and Science in english<\/li>\n<li>Projecte de segona llengua estrangera: franc\u00e8s<\/li>\n<\/ul>\n<p><a href=\"https:\/\/agora.xtec.cat\/escolalesllisses\/lescola\/projectes-pedagogics\/projecte-artistic\/\" target=\"_blank\" rel=\"noopener\"><strong>Projecte art\u00edstic<\/strong><\/a><\/p>\n<p><img loading=\"lazy\" decoding=\"async\" class=\"size-full wp-image-3241 aligncenter\" src=\"https:\/\/agora.xtec.cat\/escolalesllisses\/wp-content\/uploads\/usu2000\/2022\/01\/images.png\" alt=\"\" width=\"288\" height=\"59\" \/><\/p>\n<h3>Amb aquesta presentaci\u00f3, resumim molt b\u00e9 la nostra identitat:<\/h3>\n<div style=\"width: 100%; text-align: center;\">\n<div style=\"position: relative; padding-bottom: 56.25%; padding-top: 0; height: 0;\"><iframe loading=\"lazy\" src=\"https:\/\/view.genial.ly\/5e6faea14b44a00fb79b6231\" width=\"1200\" height=\"675\" frameborder=\"0\"><\/iframe><\/div>\n<\/div>\n","protected":false},"excerpt":{"rendered":"<p>A la nostra escola portem a terme diversos PROJECTES PEDAG\u00d2GICS que ens identifiquen i que entre tots ens fan \u00fanics. Per con\u00e8ixer millor cada projecte, cliqueu al damunt: Estrat\u00e8gia digital de centre Programa Florence Projecte Matem\u00e0tiques OAOA Matem\u00e0tiques manipulatives Projecte Aprenentatge basat en projectes Projecte Espais d&#8217;Aprenentatge d&#8217;Ed.Infantil) Projecte Emocions Projecte Rob\u00f2tica Projectes Pla d&#8217;Impuls [&hellip;]<\/p>\n","protected":false},"author":1,"featured_media":0,"parent":22,"menu_order":30,"comment_status":"closed","ping_status":"closed","template":"","meta":{"_bbp_topic_count":0,"_bbp_reply_count":0,"_bbp_total_topic_count":0,"_bbp_total_reply_count":0,"_bbp_voice_count":0,"_bbp_anonymous_reply_count":0,"_bbp_topic_count_hidden":0,"_bbp_reply_count_hidden":0,"_bbp_forum_subforum_count":0,"site-sidebar-layout":"default","site-content-layout":"","ast-site-content-layout":"default","site-content-style":"default","site-sidebar-style":"default","ast-global-header-display":"","ast-banner-title-visibility":"","ast-main-header-display":"","ast-hfb-above-header-display":"","ast-hfb-below-header-display":"","ast-hfb-mobile-header-display":"","site-post-title":"","ast-breadcrumbs-content":"","ast-featured-img":"","footer-sml-layout":"","theme-transparent-header-meta":"","adv-header-id-meta":"","stick-header-meta":"","header-above-stick-meta":"","header-main-stick-meta":"","header-below-stick-meta":"","astra-migrate-meta-layouts":"set","ast-page-background-enabled":"default","ast-page-background-meta":{"desktop":{"background-color":"var(--ast-global-color-4)","background-image":"","background-repeat":"repeat","background-position":"center center","background-size":"auto","background-attachment":"scroll","background-type":"","background-media":"","overlay-type":"","overlay-color":"","overlay-opacity":"","overlay-gradient":""},"tablet":{"background-color":"","background-image":"","background-repeat":"repeat","background-position":"center center","background-size":"auto","background-attachment":"scroll","background-type":"","background-media":"","overlay-type":"","overlay-color":"","overlay-opacity":"","overlay-gradient":""},"mobile":{"background-color":"","background-image":"","background-repeat":"repeat","background-position":"center center","background-size":"auto","background-attachment":"scroll","background-type":"","background-media":"","overlay-type":"","overlay-color":"","overlay-opacity":"","overlay-gradient":""}},"ast-content-background-meta":{"desktop":{"background-color":"var(--ast-global-color-5)","background-image":"","background-repeat":"repeat","background-position":"center center","background-size":"auto","background-attachment":"scroll","background-type":"","background-media":"","overlay-type":"","overlay-color":"","overlay-opacity":"","overlay-gradient":""},"tablet":{"background-color":"var(--ast-global-color-5)","background-image":"","background-repeat":"repeat","background-position":"center center","background-size":"auto","background-attachment":"scroll","background-type":"","background-media":"","overlay-type":"","overlay-color":"","overlay-opacity":"","overlay-gradient":""},"mobile":{"background-color":"var(--ast-global-color-5)","background-image":"","background-repeat":"repeat","background-position":"center center","background-size":"auto","background-attachment":"scroll","background-type":"","background-media":"","overlay-type":"","overlay-color":"","overlay-opacity":"","overlay-gradient":""}},"footnotes":""},"class_list":["post-28","page","type-page","status-publish","hentry"],"post_mailing_queue_ids":[],"_links":{"self":[{"href":"https:\/\/agora.xtec.cat\/escolalesllisses\/wp-json\/wp\/v2\/pages\/28","targetHints":{"allow":["GET"]}}],"collection":[{"href":"https:\/\/agora.xtec.cat\/escolalesllisses\/wp-json\/wp\/v2\/pages"}],"about":[{"href":"https:\/\/agora.xtec.cat\/escolalesllisses\/wp-json\/wp\/v2\/types\/page"}],"author":[{"embeddable":true,"href":"https:\/\/agora.xtec.cat\/escolalesllisses\/wp-json\/wp\/v2\/users\/1"}],"replies":[{"embeddable":true,"href":"https:\/\/agora.xtec.cat\/escolalesllisses\/wp-json\/wp\/v2\/comments?post=28"}],"version-history":[{"count":3,"href":"https:\/\/agora.xtec.cat\/escolalesllisses\/wp-json\/wp\/v2\/pages\/28\/revisions"}],"predecessor-version":[{"id":5413,"href":"https:\/\/agora.xtec.cat\/escolalesllisses\/wp-json\/wp\/v2\/pages\/28\/revisions\/5413"}],"up":[{"embeddable":true,"href":"https:\/\/agora.xtec.cat\/escolalesllisses\/wp-json\/wp\/v2\/pages\/22"}],"wp:attachment":[{"href":"https:\/\/agora.xtec.cat\/escolalesllisses\/wp-json\/wp\/v2\/media?parent=28"}],"curies":[{"name":"wp","href":"https:\/\/api.w.org\/{rel}","templated":true}]}}