{"id":1875,"date":"2020-11-13T17:35:35","date_gmt":"2020-11-13T16:35:35","guid":{"rendered":"https:\/\/agora.xtec.cat\/escolalesllisses\/?page_id=1875"},"modified":"2026-02-05T15:45:26","modified_gmt":"2026-02-05T14:45:26","slug":"la-nostra-identitat","status":"publish","type":"page","link":"https:\/\/agora.xtec.cat\/escolalesllisses\/la-nostra-identitat\/","title":{"rendered":"La nostra identitat"},"content":{"rendered":"<h1><strong>Voleu con\u00e8ixer la nostra escola, els nostres projectes, el nostre dia a dia&#8230;?<\/strong><\/h1>\n<p>Clica al damunt de la fletxa de la dreta de la presentaci\u00f3!<\/p>\n<p><iframe class=\"wp-embedded-content\" sandbox=\"allow-scripts\" security=\"restricted\" title=\"2025-26- LA NOSTRA ESCOLA\" frameborder='0' width='1200' height='675' src='https:\/\/view.genially.com\/696f488df5f95ab6ac638165#?secret=PYH6Qasue3' data-secret='PYH6Qasue3' scrolling='yes'><\/iframe><\/p>\n<p>Esperem que aquesta presentaci\u00f3 us hagi ajudat a con\u00e8ixer una mica m\u00e9s la nostra escola!<\/p>\n<div style=\"width: 100%;\">\n<div><\/div>\n<\/div>\n<p><img loading=\"lazy\" decoding=\"async\" class=\" wp-image-1971 aligncenter\" src=\"https:\/\/agora.xtec.cat\/escolalesllisses\/wp-content\/uploads\/usu2000\/2020\/11\/Socialitzaci\u00f3-de-llibres-1024x512.png\" alt=\"\" width=\"587\" height=\"294\" srcset=\"https:\/\/agora.xtec.cat\/escolalesllisses\/wp-content\/uploads\/usu2000\/2020\/11\/Socialitzaci\u00f3-de-llibres-1024x512.png 1024w, https:\/\/agora.xtec.cat\/escolalesllisses\/wp-content\/uploads\/usu2000\/2020\/11\/Socialitzaci\u00f3-de-llibres-300x150.png 300w, https:\/\/agora.xtec.cat\/escolalesllisses\/wp-content\/uploads\/usu2000\/2020\/11\/Socialitzaci\u00f3-de-llibres-768x384.png 768w, https:\/\/agora.xtec.cat\/escolalesllisses\/wp-content\/uploads\/usu2000\/2020\/11\/Socialitzaci\u00f3-de-llibres.png 1181w\" sizes=\"auto, (max-width: 587px) 100vw, 587px\" \/><\/p>\n","protected":false},"excerpt":{"rendered":"<p>Voleu con\u00e8ixer la nostra escola, els nostres projectes, el nostre dia a dia&#8230;? Clica al damunt de la fletxa de la dreta de la presentaci\u00f3! Esperem que aquesta presentaci\u00f3 us hagi ajudat a con\u00e8ixer una mica m\u00e9s la nostra escola!<\/p>\n","protected":false},"author":1,"featured_media":0,"parent":0,"menu_order":1,"comment_status":"open","ping_status":"closed","template":"","meta":{"_bbp_topic_count":0,"_bbp_reply_count":0,"_bbp_total_topic_count":0,"_bbp_total_reply_count":0,"_bbp_voice_count":0,"_bbp_anonymous_reply_count":0,"_bbp_topic_count_hidden":0,"_bbp_reply_count_hidden":0,"_bbp_forum_subforum_count":0,"site-sidebar-layout":"default","site-content-layout":"","ast-site-content-layout":"default","site-content-style":"default","site-sidebar-style":"default","ast-global-header-display":"","ast-banner-title-visibility":"","ast-main-header-display":"","ast-hfb-above-header-display":"","ast-hfb-below-header-display":"","ast-hfb-mobile-header-display":"","site-post-title":"","ast-breadcrumbs-content":"","ast-featured-img":"","footer-sml-layout":"","theme-transparent-header-meta":"","adv-header-id-meta":"","stick-header-meta":"","header-above-stick-meta":"","header-main-stick-meta":"","header-below-stick-meta":"","astra-migrate-meta-layouts":"set","ast-page-background-enabled":"default","ast-page-background-meta":{"desktop":{"background-color":"var(--ast-global-color-4)","background-image":"","background-repeat":"repeat","background-position":"center center","background-size":"auto","background-attachment":"scroll","background-type":"","background-media":"","overlay-type":"","overlay-color":"","overlay-opacity":"","overlay-gradient":""},"tablet":{"background-color":"","background-image":"","background-repeat":"repeat","background-position":"center center","background-size":"auto","background-attachment":"scroll","background-type":"","background-media":"","overlay-type":"","overlay-color":"","overlay-opacity":"","overlay-gradient":""},"mobile":{"background-color":"","background-image":"","background-repeat":"repeat","background-position":"center center","background-size":"auto","background-attachment":"scroll","background-type":"","background-media":"","overlay-type":"","overlay-color":"","overlay-opacity":"","overlay-gradient":""}},"ast-content-background-meta":{"desktop":{"background-color":"var(--ast-global-color-5)","background-image":"","background-repeat":"repeat","background-position":"center center","background-size":"auto","background-attachment":"scroll","background-type":"","background-media":"","overlay-type":"","overlay-color":"","overlay-opacity":"","overlay-gradient":""},"tablet":{"background-color":"var(--ast-global-color-5)","background-image":"","background-repeat":"repeat","background-position":"center center","background-size":"auto","background-attachment":"scroll","background-type":"","background-media":"","overlay-type":"","overlay-color":"","overlay-opacity":"","overlay-gradient":""},"mobile":{"background-color":"var(--ast-global-color-5)","background-image":"","background-repeat":"repeat","background-position":"center center","background-size":"auto","background-attachment":"scroll","background-type":"","background-media":"","overlay-type":"","overlay-color":"","overlay-opacity":"","overlay-gradient":""}},"footnotes":""},"class_list":["post-1875","page","type-page","status-publish","hentry"],"post_mailing_queue_ids":[],"_links":{"self":[{"href":"https:\/\/agora.xtec.cat\/escolalesllisses\/wp-json\/wp\/v2\/pages\/1875","targetHints":{"allow":["GET"]}}],"collection":[{"href":"https:\/\/agora.xtec.cat\/escolalesllisses\/wp-json\/wp\/v2\/pages"}],"about":[{"href":"https:\/\/agora.xtec.cat\/escolalesllisses\/wp-json\/wp\/v2\/types\/page"}],"author":[{"embeddable":true,"href":"https:\/\/agora.xtec.cat\/escolalesllisses\/wp-json\/wp\/v2\/users\/1"}],"replies":[{"embeddable":true,"href":"https:\/\/agora.xtec.cat\/escolalesllisses\/wp-json\/wp\/v2\/comments?post=1875"}],"version-history":[{"count":4,"href":"https:\/\/agora.xtec.cat\/escolalesllisses\/wp-json\/wp\/v2\/pages\/1875\/revisions"}],"predecessor-version":[{"id":5454,"href":"https:\/\/agora.xtec.cat\/escolalesllisses\/wp-json\/wp\/v2\/pages\/1875\/revisions\/5454"}],"wp:attachment":[{"href":"https:\/\/agora.xtec.cat\/escolalesllisses\/wp-json\/wp\/v2\/media?parent=1875"}],"curies":[{"name":"wp","href":"https:\/\/api.w.org\/{rel}","templated":true}]}}