{"id":1808,"date":"2020-11-13T14:29:11","date_gmt":"2020-11-13T13:29:11","guid":{"rendered":"https:\/\/agora.xtec.cat\/escolalesllisses\/?page_id=1808"},"modified":"2026-02-05T15:42:22","modified_gmt":"2026-02-05T14:42:22","slug":"portes-obertes","status":"publish","type":"page","link":"https:\/\/agora.xtec.cat\/escolalesllisses\/portes-obertes\/","title":{"rendered":"PREINSCRIPCI\u00d3 I MATR\u00cdCULA 26-27"},"content":{"rendered":"<h1><\/h1>\n<h1><strong>Benvingudes fam\u00edlies!<\/strong><\/h1>\n<p>D&#8217;entrada us volem donar la benvinguda a l\u2019Escola Les Llisses!<\/p>\n<p>Us agra\u00efm molt el vostre inter\u00e8s en con\u00e8ixer la nostra escola, el nostre projecte educatiu i en definitiva la nostra identitat!<\/p>\n<p>Esperem que tota la informaci\u00f3 que us oferim en aquest espai web us pugui servir per saber com treballem, com \u00e9s el nostre dia a dia, la metodologia que apliquem, els projectes concrets que portem a terme&#8230;<\/p>\n<p>Si despr\u00e9s de fer un cop d\u2019ull als diferents apartats que us compartim, voleu m\u00e9s informaci\u00f3 o teniu dubtes i inquietuds, no ho dubteu, poseu-vos en contacte amb nosaltres i us resoldrem qualsevol consulta.<\/p>\n<h1><strong>Voleu venir a les nostres portes obertes?<\/strong><\/h1>\n<p>En aquest <a href=\"https:\/\/agora.xtec.cat\/escolalesllisses\/portes-obertes\/portes-obertes-2026\/\">enlla\u00e7<\/a> hi trobareu tota la informaci\u00f3.<\/p>\n<h1><strong>Voleu inscriure al vostre fill o filla a la nostra escola?<\/strong><\/h1>\n<p>Aqu\u00ed teniu les instruccions de com fer-ho:<\/p>\n<p><img loading=\"lazy\" decoding=\"async\" class=\"wp-image-1971 aligncenter\" src=\"https:\/\/agora.xtec.cat\/escolalesllisses\/wp-content\/uploads\/usu2000\/2020\/11\/Socialitzaci\u00f3-de-llibres-1024x512.png\" alt=\"\" width=\"655\" height=\"328\" srcset=\"https:\/\/agora.xtec.cat\/escolalesllisses\/wp-content\/uploads\/usu2000\/2020\/11\/Socialitzaci\u00f3-de-llibres-1024x512.png 1024w, https:\/\/agora.xtec.cat\/escolalesllisses\/wp-content\/uploads\/usu2000\/2020\/11\/Socialitzaci\u00f3-de-llibres-300x150.png 300w, https:\/\/agora.xtec.cat\/escolalesllisses\/wp-content\/uploads\/usu2000\/2020\/11\/Socialitzaci\u00f3-de-llibres-768x384.png 768w, https:\/\/agora.xtec.cat\/escolalesllisses\/wp-content\/uploads\/usu2000\/2020\/11\/Socialitzaci\u00f3-de-llibres.png 1181w\" sizes=\"auto, (max-width: 655px) 100vw, 655px\" \/><\/p>\n<p><strong>A continuaci\u00f3 us deixem un document amb alguns consells que us poden servir per triar l&#8217;escola dels vostres fills i filles:<\/strong><\/p>\n<p><a href=\"https:\/\/agora.xtec.cat\/escolalesllisses\/wp-content\/uploads\/usu2000\/2021\/01\/Consells-per-triar-escola-families.pdf\"><img loading=\"lazy\" decoding=\"async\" class=\"wp-image-2281 aligncenter\" src=\"https:\/\/agora.xtec.cat\/escolalesllisses\/wp-content\/uploads\/usu2000\/2021\/01\/TRIAR-ESCOLA.png\" alt=\"\" width=\"269\" height=\"285\" srcset=\"https:\/\/agora.xtec.cat\/escolalesllisses\/wp-content\/uploads\/usu2000\/2021\/01\/TRIAR-ESCOLA.png 725w, https:\/\/agora.xtec.cat\/escolalesllisses\/wp-content\/uploads\/usu2000\/2021\/01\/TRIAR-ESCOLA-283x300.png 283w\" sizes=\"auto, (max-width: 269px) 100vw, 269px\" \/><\/a><\/p>\n","protected":false},"excerpt":{"rendered":"<p>Benvingudes fam\u00edlies! D&#8217;entrada us volem donar la benvinguda a l\u2019Escola Les Llisses! Us agra\u00efm molt el vostre inter\u00e8s en con\u00e8ixer la nostra escola, el nostre projecte educatiu i en definitiva la nostra identitat! Esperem que tota la informaci\u00f3 que us oferim en aquest espai web us pugui servir per saber com treballem, com \u00e9s el [&hellip;]<\/p>\n","protected":false},"author":1,"featured_media":0,"parent":0,"menu_order":0,"comment_status":"closed","ping_status":"closed","template":"","meta":{"_bbp_topic_count":0,"_bbp_reply_count":0,"_bbp_total_topic_count":0,"_bbp_total_reply_count":0,"_bbp_voice_count":0,"_bbp_anonymous_reply_count":0,"_bbp_topic_count_hidden":0,"_bbp_reply_count_hidden":0,"_bbp_forum_subforum_count":0,"site-sidebar-layout":"default","site-content-layout":"","ast-site-content-layout":"default","site-content-style":"default","site-sidebar-style":"default","ast-global-header-display":"","ast-banner-title-visibility":"","ast-main-header-display":"","ast-hfb-above-header-display":"","ast-hfb-below-header-display":"","ast-hfb-mobile-header-display":"","site-post-title":"","ast-breadcrumbs-content":"","ast-featured-img":"","footer-sml-layout":"","theme-transparent-header-meta":"","adv-header-id-meta":"","stick-header-meta":"","header-above-stick-meta":"","header-main-stick-meta":"","header-below-stick-meta":"","astra-migrate-meta-layouts":"set","ast-page-background-enabled":"default","ast-page-background-meta":{"desktop":{"background-color":"var(--ast-global-color-4)","background-image":"","background-repeat":"repeat","background-position":"center center","background-size":"auto","background-attachment":"scroll","background-type":"","background-media":"","overlay-type":"","overlay-color":"","overlay-opacity":"","overlay-gradient":""},"tablet":{"background-color":"","background-image":"","background-repeat":"repeat","background-position":"center center","background-size":"auto","background-attachment":"scroll","background-type":"","background-media":"","overlay-type":"","overlay-color":"","overlay-opacity":"","overlay-gradient":""},"mobile":{"background-color":"","background-image":"","background-repeat":"repeat","background-position":"center center","background-size":"auto","background-attachment":"scroll","background-type":"","background-media":"","overlay-type":"","overlay-color":"","overlay-opacity":"","overlay-gradient":""}},"ast-content-background-meta":{"desktop":{"background-color":"var(--ast-global-color-5)","background-image":"","background-repeat":"repeat","background-position":"center center","background-size":"auto","background-attachment":"scroll","background-type":"","background-media":"","overlay-type":"","overlay-color":"","overlay-opacity":"","overlay-gradient":""},"tablet":{"background-color":"var(--ast-global-color-5)","background-image":"","background-repeat":"repeat","background-position":"center center","background-size":"auto","background-attachment":"scroll","background-type":"","background-media":"","overlay-type":"","overlay-color":"","overlay-opacity":"","overlay-gradient":""},"mobile":{"background-color":"var(--ast-global-color-5)","background-image":"","background-repeat":"repeat","background-position":"center center","background-size":"auto","background-attachment":"scroll","background-type":"","background-media":"","overlay-type":"","overlay-color":"","overlay-opacity":"","overlay-gradient":""}},"footnotes":""},"class_list":["post-1808","page","type-page","status-publish","hentry"],"post_mailing_queue_ids":[],"_links":{"self":[{"href":"https:\/\/agora.xtec.cat\/escolalesllisses\/wp-json\/wp\/v2\/pages\/1808","targetHints":{"allow":["GET"]}}],"collection":[{"href":"https:\/\/agora.xtec.cat\/escolalesllisses\/wp-json\/wp\/v2\/pages"}],"about":[{"href":"https:\/\/agora.xtec.cat\/escolalesllisses\/wp-json\/wp\/v2\/types\/page"}],"author":[{"embeddable":true,"href":"https:\/\/agora.xtec.cat\/escolalesllisses\/wp-json\/wp\/v2\/users\/1"}],"replies":[{"embeddable":true,"href":"https:\/\/agora.xtec.cat\/escolalesllisses\/wp-json\/wp\/v2\/comments?post=1808"}],"version-history":[{"count":6,"href":"https:\/\/agora.xtec.cat\/escolalesllisses\/wp-json\/wp\/v2\/pages\/1808\/revisions"}],"predecessor-version":[{"id":5484,"href":"https:\/\/agora.xtec.cat\/escolalesllisses\/wp-json\/wp\/v2\/pages\/1808\/revisions\/5484"}],"wp:attachment":[{"href":"https:\/\/agora.xtec.cat\/escolalesllisses\/wp-json\/wp\/v2\/media?parent=1808"}],"curies":[{"name":"wp","href":"https:\/\/api.w.org\/{rel}","templated":true}]}}