{"id":1806,"date":"2020-11-13T14:29:01","date_gmt":"2020-11-13T13:29:01","guid":{"rendered":"https:\/\/agora.xtec.cat\/escolalesllisses\/?page_id=1806"},"modified":"2025-03-07T10:16:57","modified_gmt":"2025-03-07T09:16:57","slug":"activitats-culturals-2020-21","status":"publish","type":"page","link":"https:\/\/agora.xtec.cat\/escolalesllisses\/atencio-families\/activitats-culturals-2020-21\/","title":{"rendered":"Activitats culturals 2024-25"},"content":{"rendered":"<p>Aqu\u00ed podreu trobar les activitats culturals (teatre, cinema i m\u00fasica) programades per a aquest curs 2024-2025:<\/p>\n<p><img loading=\"lazy\" decoding=\"async\" class=\"wp-image-2004 aligncenter\" src=\"https:\/\/agora.xtec.cat\/escolalesllisses\/wp-content\/uploads\/usu2000\/2020\/11\/97.jpg\" alt=\"\" width=\"417\" height=\"224\" srcset=\"https:\/\/agora.xtec.cat\/escolalesllisses\/wp-content\/uploads\/usu2000\/2020\/11\/97.jpg 644w, https:\/\/agora.xtec.cat\/escolalesllisses\/wp-content\/uploads\/usu2000\/2020\/11\/97-300x161.jpg 300w\" sizes=\"auto, (max-width: 417px) 100vw, 417px\" \/><\/p>\n<ul>\n<li>EDUCACI\u00d3 INFANTIL<\/li>\n<\/ul>\n<table style=\"width: 100%; height: 62px;\">\n<tbody>\n<tr style=\"height: 32px;\">\n<td style=\"text-align: center; width: 20.5818%; height: 32px;\">Data aproximada<\/td>\n<td style=\"text-align: center; width: 17.8507%; height: 32px;\">G\u00e8nere<\/td>\n<td style=\"text-align: center; width: 31.254%; height: 32px;\">Espectacle<\/td>\n<td style=\"text-align: center; width: 28.8249%; height: 32px;\">Informaci\u00f3<\/td>\n<\/tr>\n<tr style=\"height: 32px;\">\n<td style=\"width: 20.5818%; height: 10px;\">Desembre<\/td>\n<td style=\"width: 17.8507%; height: 10px;\">Titelles<\/td>\n<td style=\"width: 31.254%; height: 10px;\">El somni<\/td>\n<td style=\"width: 28.8249%; height: 10px;\">CIA. Merc\u00e8 Framis<\/td>\n<\/tr>\n<tr style=\"height: 48px;\">\n<td style=\"width: 20.5818%; height: 10px;\">Febrer<\/td>\n<td style=\"width: 17.8507%; height: 10px;\">Teatre<\/td>\n<td style=\"width: 31.254%; height: 10px;\">Mans<\/td>\n<td style=\"width: 28.8249%; height: 10px;\">CIA. Fes-t&#8217;ho com vulguis<\/td>\n<\/tr>\n<tr style=\"height: 69px;\">\n<td style=\"width: 20.5818%; height: 10px;\">Abril<\/td>\n<td style=\"width: 17.8507%; height: 10px;\">Titelles<\/td>\n<td style=\"width: 31.254%; height: 10px;\">El cargol i l&#8217;herba de Poniol<\/td>\n<td style=\"width: 28.8249%; height: 10px;\">CIA. Sgratta<\/td>\n<\/tr>\n<\/tbody>\n<\/table>\n<ul>\n<li>CICLE INICIAL<\/li>\n<\/ul>\n<table style=\"height: 69px; width: 99.9145%;\">\n<tbody>\n<tr style=\"height: 39px;\">\n<td style=\"text-align: center; height: 39px; width: 22.4655%;\">Data aproximada<\/td>\n<td style=\"text-align: center; height: 39px; width: 20.6037%;\">G\u00e8nere<\/td>\n<td style=\"text-align: center; height: 39px; width: 27.5504%;\">Espectacle<\/td>\n<td style=\"text-align: center; height: 39px; width: 79.7794%;\">Informaci\u00f3<\/td>\n<\/tr>\n<tr style=\"height: 74px;\">\n<td style=\"height: 10px; width: 22.4655%;\">Gener<\/td>\n<td style=\"width: 20.6037%; height: 10px;\">Titelles<\/td>\n<td style=\"width: 27.5504%; height: 10px;\">Beee!<\/td>\n<td style=\"width: 79.7794%; height: 10px;\">CIA.<\/td>\n<\/tr>\n<tr style=\"height: 74px;\">\n<td style=\"height: 10px; width: 22.4655%;\">Mar\u00e7<\/td>\n<td style=\"height: 10px; width: 20.6037%;\">Teatre en angl\u00e8s<\/td>\n<td style=\"height: 10px; width: 27.5504%;\">The Tin Soldier<\/td>\n<td style=\"height: 10px; width: 79.7794%;\">CIA. Theatre 4 Schools<\/td>\n<\/tr>\n<tr style=\"height: 74px;\">\n<td style=\"height: 10px; width: 22.4655%;\">Maig<\/td>\n<td style=\"height: 10px; width: 20.6037%;\">M\u00fasica<\/td>\n<td style=\"height: 10px; width: 27.5504%;\">Surime<\/td>\n<td style=\"height: 10px; width: 79.7794%;\">CIA. Pentina el gat<\/td>\n<\/tr>\n<\/tbody>\n<\/table>\n<ul>\n<li>CICLE MITJ\u00c0<\/li>\n<\/ul>\n<table style=\"width: 98.4396%; height: 92px;\">\n<tbody>\n<tr style=\"height: 32px;\">\n<td style=\"text-align: center; width: 23.3696%; height: 32px;\">Data aproximada<\/td>\n<td style=\"text-align: center; width: 17.6884%; height: 32px;\">G\u00e8nere<\/td>\n<td style=\"text-align: center; width: 31.4805%; height: 32px;\">Espectacle<\/td>\n<td style=\"text-align: center; width: 123.408%; height: 32px;\">Informaci\u00f3<\/td>\n<\/tr>\n<tr style=\"height: 32px;\">\n<td style=\"width: 23.3696%; height: 32px;\">Novembre<\/td>\n<td style=\"width: 17.6884%; height: 32px;\">Dansa<\/td>\n<td style=\"width: 31.4805%; height: 32px;\">Esberlar<\/td>\n<td style=\"width: 123.408%; height: 32px;\">CIA. L&#8217;atape\u00efda<\/td>\n<\/tr>\n<tr style=\"height: 10px;\">\n<td style=\"height: 10px; width: 23.3696%;\">Mar\u00e7<\/td>\n<td style=\"height: 10px; width: 17.6884%;\">Teatre en angl\u00e8s<\/td>\n<td style=\"height: 10px; width: 31.4805%;\">The Tin Soldier (3r)<\/td>\n<td style=\"height: 10px; width: 123.408%;\">CIA. Theatre 4 Schools<\/td>\n<\/tr>\n<tr style=\"height: 18px;\">\n<td style=\"height: 18px; width: 23.3696%;\">Mar\u00e7<\/td>\n<td style=\"height: 18px; width: 17.6884%;\">Teatre en angl\u00e8s<\/td>\n<td style=\"height: 18px; width: 31.4805%;\">The Emperor&#8217;s New Suit (4t)<\/td>\n<td style=\"height: 18px; width: 123.408%;\">CIA. Theatre 4 Schools<\/td>\n<\/tr>\n<tr>\n<td style=\"width: 23.3696%;\">Abril<\/td>\n<td style=\"width: 17.6884%;\">M\u00fasica<\/td>\n<td style=\"width: 31.4805%;\">El pony menut<\/td>\n<td style=\"width: 123.408%;\">CIA. El pony pisador<\/td>\n<\/tr>\n<\/tbody>\n<\/table>\n<ul>\n<li>CICLE SUPERIOR<\/li>\n<\/ul>\n<table style=\"width: 97.2358%; height: 106px;\">\n<tbody>\n<tr style=\"height: 32px;\">\n<td style=\"text-align: center; width: 23.9514%; height: 32px;\">Data aproximada<\/td>\n<td style=\"text-align: center; width: 17.6941%; height: 32px;\">G\u00e8nere<\/td>\n<td style=\"text-align: center; width: 33.5098%; height: 32px;\">Espectacle<\/td>\n<td style=\"text-align: center; width: 118.357%; height: 32px;\">Informaci\u00f3<\/td>\n<\/tr>\n<tr style=\"height: 32px;\">\n<td style=\"width: 23.9514%; height: 32px;\">Novembre<\/td>\n<td style=\"width: 17.6941%; height: 32px;\">Dansa<\/td>\n<td style=\"width: 33.5098%; height: 32px;\">Esberlar<\/td>\n<td style=\"width: 118.357%; height: 32px;\">CIA. L&#8217;atape\u00efda<\/td>\n<\/tr>\n<tr style=\"height: 10px;\">\n<td style=\"height: 10px; width: 23.9514%;\">Mar\u00e7<\/td>\n<td style=\"height: 10px; width: 17.6941%;\">Teatre en angl\u00e8s<\/td>\n<td style=\"height: 10px; width: 33.5098%;\">The Emperor&#8217;s New Suit<\/td>\n<td style=\"height: 10px; width: 118.357%;\">CIA. Theatre 4 Schools<\/td>\n<\/tr>\n<tr style=\"height: 32px;\">\n<td style=\"width: 23.9514%; height: 32px;\">Abril<\/td>\n<td style=\"width: 17.6941%; height: 32px;\">M\u00fasica<\/td>\n<td style=\"width: 33.5098%; height: 32px;\">Afaitasons, m\u00fasiques de barberia<\/td>\n<td style=\"width: 118.357%; height: 32px;\">CIA. Metropolotan Union<\/td>\n<\/tr>\n<\/tbody>\n<\/table>\n","protected":false},"excerpt":{"rendered":"<p>Aqu\u00ed podreu trobar les activitats culturals (teatre, cinema i m\u00fasica) programades per a aquest curs 2024-2025: EDUCACI\u00d3 INFANTIL Data aproximada G\u00e8nere Espectacle Informaci\u00f3 Desembre Titelles El somni CIA. Merc\u00e8 Framis Febrer Teatre Mans CIA. Fes-t&#8217;ho com vulguis Abril Titelles El cargol i l&#8217;herba de Poniol CIA. Sgratta CICLE INICIAL Data aproximada G\u00e8nere Espectacle Informaci\u00f3 Gener [&hellip;]<\/p>\n","protected":false},"author":1,"featured_media":0,"parent":1780,"menu_order":10,"comment_status":"closed","ping_status":"closed","template":"page-templates\/side-menu.php","meta":{"_bbp_topic_count":0,"_bbp_reply_count":0,"_bbp_total_topic_count":0,"_bbp_total_reply_count":0,"_bbp_voice_count":0,"_bbp_anonymous_reply_count":0,"_bbp_topic_count_hidden":0,"_bbp_reply_count_hidden":0,"_bbp_forum_subforum_count":0,"site-sidebar-layout":"default","site-content-layout":"","ast-site-content-layout":"","site-content-style":"default","site-sidebar-style":"default","ast-global-header-display":"","ast-banner-title-visibility":"","ast-main-header-display":"","ast-hfb-above-header-display":"","ast-hfb-below-header-display":"","ast-hfb-mobile-header-display":"","site-post-title":"","ast-breadcrumbs-content":"","ast-featured-img":"","footer-sml-layout":"","theme-transparent-header-meta":"","adv-header-id-meta":"","stick-header-meta":"","header-above-stick-meta":"","header-main-stick-meta":"","header-below-stick-meta":"","astra-migrate-meta-layouts":"default","ast-page-background-enabled":"default","ast-page-background-meta":{"desktop":{"background-color":"var(--ast-global-color-4)","background-image":"","background-repeat":"repeat","background-position":"center center","background-size":"auto","background-attachment":"scroll","background-type":"","background-media":"","overlay-type":"","overlay-color":"","overlay-opacity":"","overlay-gradient":""},"tablet":{"background-color":"","background-image":"","background-repeat":"repeat","background-position":"center center","background-size":"auto","background-attachment":"scroll","background-type":"","background-media":"","overlay-type":"","overlay-color":"","overlay-opacity":"","overlay-gradient":""},"mobile":{"background-color":"","background-image":"","background-repeat":"repeat","background-position":"center center","background-size":"auto","background-attachment":"scroll","background-type":"","background-media":"","overlay-type":"","overlay-color":"","overlay-opacity":"","overlay-gradient":""}},"ast-content-background-meta":{"desktop":{"background-color":"var(--ast-global-color-5)","background-image":"","background-repeat":"repeat","background-position":"center center","background-size":"auto","background-attachment":"scroll","background-type":"","background-media":"","overlay-type":"","overlay-color":"","overlay-opacity":"","overlay-gradient":""},"tablet":{"background-color":"var(--ast-global-color-5)","background-image":"","background-repeat":"repeat","background-position":"center center","background-size":"auto","background-attachment":"scroll","background-type":"","background-media":"","overlay-type":"","overlay-color":"","overlay-opacity":"","overlay-gradient":""},"mobile":{"background-color":"var(--ast-global-color-5)","background-image":"","background-repeat":"repeat","background-position":"center center","background-size":"auto","background-attachment":"scroll","background-type":"","background-media":"","overlay-type":"","overlay-color":"","overlay-opacity":"","overlay-gradient":""}},"footnotes":""},"class_list":["post-1806","page","type-page","status-publish","hentry"],"post_mailing_queue_ids":[],"_links":{"self":[{"href":"https:\/\/agora.xtec.cat\/escolalesllisses\/wp-json\/wp\/v2\/pages\/1806","targetHints":{"allow":["GET"]}}],"collection":[{"href":"https:\/\/agora.xtec.cat\/escolalesllisses\/wp-json\/wp\/v2\/pages"}],"about":[{"href":"https:\/\/agora.xtec.cat\/escolalesllisses\/wp-json\/wp\/v2\/types\/page"}],"author":[{"embeddable":true,"href":"https:\/\/agora.xtec.cat\/escolalesllisses\/wp-json\/wp\/v2\/users\/1"}],"replies":[{"embeddable":true,"href":"https:\/\/agora.xtec.cat\/escolalesllisses\/wp-json\/wp\/v2\/comments?post=1806"}],"version-history":[{"count":5,"href":"https:\/\/agora.xtec.cat\/escolalesllisses\/wp-json\/wp\/v2\/pages\/1806\/revisions"}],"predecessor-version":[{"id":4953,"href":"https:\/\/agora.xtec.cat\/escolalesllisses\/wp-json\/wp\/v2\/pages\/1806\/revisions\/4953"}],"up":[{"embeddable":true,"href":"https:\/\/agora.xtec.cat\/escolalesllisses\/wp-json\/wp\/v2\/pages\/1780"}],"wp:attachment":[{"href":"https:\/\/agora.xtec.cat\/escolalesllisses\/wp-json\/wp\/v2\/media?parent=1806"}],"curies":[{"name":"wp","href":"https:\/\/api.w.org\/{rel}","templated":true}]}}